{"id":43031,"date":"2025-03-01T22:13:07","date_gmt":"2025-03-01T21:13:07","guid":{"rendered":"https:\/\/www.altei.cz\/hifi\/?post_type=product&#038;p=43031"},"modified":"2025-03-03T15:13:45","modified_gmt":"2025-03-03T14:13:45","slug":"me-geithain-me-100","status":"publish","type":"product","link":"https:\/\/www.altei.cz\/hifi\/produkt\/me-geithain-me-100\/","title":{"rendered":"ME Geithain ME-100"},"content":{"rendered":"<p><b>Geithain ME-100 kompaktn\u00ed pasivn\u00ed reprosoustava<br \/>\n<\/b><\/p>\n<p>Dvoup\u00e1smov\u00e1 koaxi\u00e1ln\u00ed reprosoustava dostala do v\u00ednku 6,5palcov\u00fd woofer a 1palcov\u00fd tweeter, kter\u00e9 jsou integrov\u00e1ny do sk\u0159\u00edn\u011b s basreflexem a vyzna\u010duje se vynikaj\u00edc\u00ed linearitou. Vlastnosti Geithain ME-100 v oblasti st\u0159edn\u00edch a vysok\u00fdch t\u00f3n\u016f jsou vysoce nez\u00e1visl\u00e9 na vlastnostech m\u00edstnosti, co\u017e p\u0159isp\u00edv\u00e1 k nekomplikovan\u00e9mu prostorov\u00e9mu um\u00edst\u011bn\u00ed reproduktoru. Zvl\u00e1\u0161tn\u00ed vyza\u0159ovac\u00ed charakteristiky umo\u017e\u0148uj\u00ed vyv\u00e1\u017een\u00fd poslech pro \u0161\u00ed\u0159ku z\u00e1kladny mezi 1,50 a 3 metry.<\/p>\n<p>Geithain ME-100 se velmi dob\u0159e osv\u011bd\u010duje jako p\u0159edn\u00ed a efektov\u00fd reproduktor v surroundov\u00fdch syst\u00e9mech. Jako st\u0159edov\u00fd reproduktor byl navr\u017een model ME-100C, kter\u00fd je d\u00edky sv\u00e9 men\u0161\u00ed v\u00fd\u0161ce l\u00e9pe integrovateln\u00fd. Reproduktor je nav\u00edc mo\u017en\u00e9 naklonit a\u017e o 15\u00b0 sm\u011brem nahoru pomoc\u00ed v\u00fd\u0161kov\u011b nastaviteln\u00fdch no\u017ei\u010dek ve spodn\u00ed \u010d\u00e1sti sk\u0159\u00edn\u011b. Proto je mo\u017en\u00e9 dokonal\u00e9 vyrovn\u00e1n\u00ed s poslechov\u00fdm m\u00edstem. Centr\u00e1ln\u00ed reproduktor nezaost\u00e1v\u00e1 za modelem ME 100, pokud jde o akustick\u00e9 a technick\u00e9 parametry. Ve spojen\u00ed s vhodn\u00fdm AV reciverem lze prostorov\u00fd syst\u00e9m doplnit ME Geithain subwoofery \u0159ady BASIS.<\/p>\n<p>Voliteln\u011b je k dispozici p\u0159\u00edplatkov\u00fd stojan v odpov\u00eddaj\u00edc\u00ed d\u00fdze nebo barv\u011b s integrovan\u00fdm kabelov\u00fdm kan\u00e1lem.<\/p>\n<p>Celkov\u00e1 koncepce pasivn\u00edch dvoup\u00e1smov\u00fdch koaxi\u00e1ln\u00edch reproduktor\u016f ME 100 a ME 100C nab\u00edz\u00ed vysokou zvukovou kompatibilitu s modelovou \u0159adou aktivn\u00edch reproduktor\u016f RL a p\u0159esv\u011bd\u010duje fenomen\u00e1ln\u00edm prostorov\u00fdm zobrazen\u00edm a neutralitou. Monitory nav\u00edc vynikaj\u00ed vyv\u00e1\u017een\u00fdm zvukov\u00fdm obrazem s n\u00edzk\u00fdm zkreslen\u00edm a vysok\u00fdmi dynamick\u00fdmi vlastnostmi.<\/p>\n<p>&nbsp;<\/p>\n<p>V\u00fdrobce nab\u00edz\u00ed \u0161irok\u00e9 spektrum povrchov\u00fdch \u00faprav od v\u00fdb\u011bru d\u00fdhov\u00e1n\u00ed a\u017e po matn\u00e9 a leskl\u00e9 laky v odst\u00ednech RAL.<\/p>\n<p>Cena za kus v standardn\u00edm proveden\u00ed \u010dern\u00e1 jasanov\u00e1 d\u00fdha<\/p>\n<p>Obr\u00e1zky pouze orienta\u010dn\u00ed. Vyobrazen\u00e9 proveden\u00ed m\u016f\u017ee obsahovat p\u0159\u00edplatkov\u00e9 proveden\u00ed nebo v\u00fdbavu.<\/p>\n<p>&nbsp;<\/p>\n<p>&nbsp;<\/p>\n","protected":false},"excerpt":{"rendered":"<p>Pasivn\u00ed koaxi\u00e1ln\u00ed reprosoustava<\/p>\n","protected":false},"featured_media":43032,"comment_status":"closed","ping_status":"closed","template":"","meta":[],"pwb-brand":[539],"product_brand":[],"product_cat":[540,411],"product_tag":[455,572,84,573],"class_list":{"0":"post-43031","1":"product","2":"type-product","3":"status-publish","4":"has-post-thumbnail","6":"pwb-brand-me-geithain","7":"product_cat-geithain","8":"product_cat-reprosoustavy-2","9":"product_tag-dvoupasmova","10":"product_tag-pasivni","11":"product_tag-reprosoustavy","12":"product_tag-surround","14":"first","15":"onbackorder","16":"taxable","17":"shipping-taxable","18":"purchasable","19":"product-type-simple"},"aioseo_notices":[],"jetpack_sharing_enabled":true,"brands":[{"id":539,"name":"ME Geithain","slug":"me-geithain"}],"_links":{"self":[{"href":"https:\/\/www.altei.cz\/hifi\/wp-json\/wp\/v2\/product\/43031","targetHints":{"allow":["GET"]}}],"collection":[{"href":"https:\/\/www.altei.cz\/hifi\/wp-json\/wp\/v2\/product"}],"about":[{"href":"https:\/\/www.altei.cz\/hifi\/wp-json\/wp\/v2\/types\/product"}],"replies":[{"embeddable":true,"href":"https:\/\/www.altei.cz\/hifi\/wp-json\/wp\/v2\/comments?post=43031"}],"wp:featuredmedia":[{"embeddable":true,"href":"https:\/\/www.altei.cz\/hifi\/wp-json\/wp\/v2\/media\/43032"}],"wp:attachment":[{"href":"https:\/\/www.altei.cz\/hifi\/wp-json\/wp\/v2\/media?parent=43031"}],"wp:term":[{"taxonomy":"pwb-brand","embeddable":true,"href":"https:\/\/www.altei.cz\/hifi\/wp-json\/wp\/v2\/pwb-brand?post=43031"},{"taxonomy":"product_brand","embeddable":true,"href":"https:\/\/www.altei.cz\/hifi\/wp-json\/wp\/v2\/product_brand?post=43031"},{"taxonomy":"product_cat","embeddable":true,"href":"https:\/\/www.altei.cz\/hifi\/wp-json\/wp\/v2\/product_cat?post=43031"},{"taxonomy":"product_tag","embeddable":true,"href":"https:\/\/www.altei.cz\/hifi\/wp-json\/wp\/v2\/product_tag?post=43031"}],"curies":[{"name":"wp","href":"https:\/\/api.w.org\/{rel}","templated":true}]}}