{"id":43045,"date":"2025-03-01T23:10:42","date_gmt":"2025-03-01T22:10:42","guid":{"rendered":"https:\/\/www.altei.cz\/hifi\/?post_type=product&#038;p=43045"},"modified":"2025-03-04T10:15:01","modified_gmt":"2025-03-04T09:15:01","slug":"me-geithain-basis-13k","status":"publish","type":"product","link":"https:\/\/www.altei.cz\/hifi\/produkt\/me-geithain-basis-13k\/","title":{"rendered":"ME Geithain BASIS 13K"},"content":{"rendered":"<p><b>Geithain BASIS 13K<br \/>\n<\/b><\/p>\n<p>Aktivn\u00ed basov\u00fd reproduktor BASIS 13K slou\u017e\u00ed jako dopln\u011bk pro spodn\u00ed okt\u00e1vy GEITHAIN aktivn\u00edch studiov\u00fdch monitor\u016f a jako centr\u00e1ln\u00ed basov\u00e1 jednotka p\u0159i stereofonn\u00ed reprodukci. Voliteln\u011b lze model BASIS integrovat tak\u00e9 do prostorov\u00fdch reproduktorov\u00fdch soustav s ME GEITHAIN v\u00edcekan\u00e1lov\u00fdm basov\u00fdm procesorem BCU7.1. Krom\u011b toho lze subwoofer provozovat s vhodn\u00fdmi AV p\u0159ij\u00edma\u010di, kter\u00e9 umo\u017e\u0148uj\u00ed tak\u00e9 optim\u00e1ln\u00ed spolupr\u00e1ci s pasivn\u00edmi \u0161pi\u010dkov\u00fdmi reproduktory.<\/p>\n<p>Pro BASIS 13K aktivn\u00ed basovou reprosoustavu byl vyvinut speci\u00e1ln\u00ed basov\u00fd syst\u00e9m s dlouh\u00fdm zdvihem, kter\u00fd zaji\u0161\u0165uje reprodukci s n\u00edzk\u00fdm zkreslen\u00edm. Reproduktory BASIS 13K maj\u00ed kardioidn\u00ed vyza\u0159ovac\u00ed charakteristiku pro minimalizaci zadn\u00edch odraz\u016f v m\u00edstnosti. Takzvan\u00e1 technologie K, kterou ji\u017e \u0159adu let ME Geithain \u00fasp\u011b\u0161n\u011b pou\u017e\u00edvaj\u00ed v\u00a0 3p\u00e1smov\u00fdch a 4p\u00e1smov\u00fdch aktivn\u00edch reprosoustav\u00e1ch, se vyzna\u010duje \u00fatlumem sm\u011brem dozadu v\u011bt\u0161\u00edm ne\u017e 10 dB. D\u00edky tomu lze dos\u00e1hnout vynikaj\u00edc\u00edch v\u00fdsledk\u016f v oblasti frekven\u010dn\u00ed odezvy v z\u00e1vislosti na m\u00edstnosti, a to i v m\u00edstnostech s obt\u00ed\u017en\u00fdmi akustick\u00fdmi podm\u00ednkami. Tento konstruk\u010dn\u00ed princip v\u00fdrazn\u011b zjednodu\u0161uje um\u00edst\u011bn\u00ed basov\u00e9ho reproduktoru v poslechov\u00e9 m\u00edstnosti.<\/p>\n<p>V\u00fdkonov\u00fd zesilova\u010d je vybaven v\u00fdkonov\u00fdm modulem PWM o v\u00fdkonu 1000 W. Elektronick\u00fd omezova\u010d slou\u017e\u00ed jako ochrann\u00e9 za\u0159\u00edzen\u00ed a chr\u00e1n\u00ed basov\u00fd reproduktor p\u0159ed p\u0159et\u00ed\u017een\u00edm. LED dioda na zadn\u00ed stran\u011b signalizuje aktivaci ochrann\u00e9ho za\u0159\u00edzen\u00ed a provozn\u00ed stav basov\u00e9ho reproduktoru. Vzd\u00e1lenost mezi p\u0159edn\u00edm reproduktorem a basov\u00fdm reproduktorem m\u016f\u017ee b\u00fdt 0 a\u017e 1 m. V tomto rozsahu je mo\u017en\u00e1 f\u00e1zov\u00e1 korekce. Pomoc\u00ed aktivovateln\u00e9ho vysokofrekven\u010dn\u00edho filtru lze zv\u00fd\u0161it prahovou frekvenci na 40 Hz. Mezn\u00ed frekvenci lze plynule nastavit v rozmez\u00ed 60 a\u017e 80 Hz. P\u0159enosov\u00fd rozsah kan\u00e1lu LFE kon\u010d\u00ed na 120 Hz. Cel\u00e1 \u0159\u00eddic\u00ed a v\u00fdkonov\u00e1 elektronika v\u010detn\u011b v\u0161ech p\u0159ipojovac\u00edch a ovl\u00e1dac\u00edch prvk\u016f je integrov\u00e1na do zadn\u00ed strany sk\u0159\u00edn\u011b.<\/p>\n<p>Basov\u00e9 reproduktory jsou voliteln\u011b k dispozici s kryc\u00ed m\u0159\u00ed\u017ekou. V\u00fdstup na subwooferu umo\u017e\u0148uje provoz pasivn\u00edho basov\u00e9ho reproduktoru BASIS 13KP. Toto roz\u0161\u00ed\u0159en\u00ed poskytuje zdvojn\u00e1soben\u00ed v\u00fdkonu a \u010din\u00ed v\u00fdb\u011br um\u00edst\u011bn\u00ed m\u00e9n\u011b kritick\u00fdm. Syst\u00e9m lze tak\u00e9 p\u0159epnout do re\u017eimu bypassu pomoc\u00ed kabelov\u00e9ho d\u00e1lkov\u00e9ho ovl\u00e1d\u00e1n\u00ed. V\u0161echny v\u00fdstupn\u00ed kan\u00e1ly jsou p\u0159\u00edmo propojeny se vstupn\u00edmi kan\u00e1ly &#8211; basov\u00fd kan\u00e1l je deaktivov\u00e1n, kan\u00e1l LFE z\u016fst\u00e1v\u00e1 aktivov\u00e1n.<\/p>\n<p>&nbsp;<\/p>\n<p>&nbsp;<\/p>\n<p>V\u00fdrobce nab\u00edz\u00ed \u0161irok\u00e9 spektrum povrchov\u00fdch \u00faprav od v\u00fdb\u011bru d\u00fdhov\u00e1n\u00ed a\u017e po matn\u00e9 a leskl\u00e9 laky v odst\u00ednech RAL.<\/p>\n<p>Cena za kus v standardn\u00edm proveden\u00ed \u010dern\u00e1 jasanov\u00e1 d\u00fdha<\/p>\n<p>Obr\u00e1zky pouze orienta\u010dn\u00ed. Vyobrazen\u00e9 proveden\u00ed m\u016f\u017ee obsahovat p\u0159\u00edplatkov\u00e9 proveden\u00ed nebo v\u00fdbavu.<\/p>\n<p>&nbsp;<\/p>\n<p>&nbsp;<\/p>\n","protected":false},"excerpt":{"rendered":"<p>Aktivn\u00ed subwoofer<\/p>\n","protected":false},"featured_media":43046,"comment_status":"closed","ping_status":"closed","template":"","meta":[],"pwb-brand":[539],"product_brand":[],"product_cat":[540,411,574],"product_tag":[113,84,457],"class_list":{"0":"post-43045","1":"product","2":"type-product","3":"status-publish","4":"has-post-thumbnail","6":"pwb-brand-me-geithain","7":"product_cat-geithain","8":"product_cat-reprosoustavy-2","9":"product_cat-subwoofer","10":"product_tag-aktivni","11":"product_tag-reprosoustavy","12":"product_tag-subwoofer","14":"first","15":"onbackorder","16":"taxable","17":"shipping-taxable","18":"purchasable","19":"product-type-simple"},"aioseo_notices":[],"jetpack_sharing_enabled":true,"brands":[{"id":539,"name":"ME Geithain","slug":"me-geithain"}],"_links":{"self":[{"href":"https:\/\/www.altei.cz\/hifi\/wp-json\/wp\/v2\/product\/43045","targetHints":{"allow":["GET"]}}],"collection":[{"href":"https:\/\/www.altei.cz\/hifi\/wp-json\/wp\/v2\/product"}],"about":[{"href":"https:\/\/www.altei.cz\/hifi\/wp-json\/wp\/v2\/types\/product"}],"replies":[{"embeddable":true,"href":"https:\/\/www.altei.cz\/hifi\/wp-json\/wp\/v2\/comments?post=43045"}],"wp:featuredmedia":[{"embeddable":true,"href":"https:\/\/www.altei.cz\/hifi\/wp-json\/wp\/v2\/media\/43046"}],"wp:attachment":[{"href":"https:\/\/www.altei.cz\/hifi\/wp-json\/wp\/v2\/media?parent=43045"}],"wp:term":[{"taxonomy":"pwb-brand","embeddable":true,"href":"https:\/\/www.altei.cz\/hifi\/wp-json\/wp\/v2\/pwb-brand?post=43045"},{"taxonomy":"product_brand","embeddable":true,"href":"https:\/\/www.altei.cz\/hifi\/wp-json\/wp\/v2\/product_brand?post=43045"},{"taxonomy":"product_cat","embeddable":true,"href":"https:\/\/www.altei.cz\/hifi\/wp-json\/wp\/v2\/product_cat?post=43045"},{"taxonomy":"product_tag","embeddable":true,"href":"https:\/\/www.altei.cz\/hifi\/wp-json\/wp\/v2\/product_tag?post=43045"}],"curies":[{"name":"wp","href":"https:\/\/api.w.org\/{rel}","templated":true}]}}