{"id":43205,"date":"2025-04-02T12:24:44","date_gmt":"2025-04-02T10:24:44","guid":{"rendered":"https:\/\/www.altei.cz\/hifi\/?post_type=product&#038;p=43205"},"modified":"2026-03-18T20:36:40","modified_gmt":"2026-03-18T19:36:40","slug":"sorane-phono-cable-ssac","status":"publish","type":"product","link":"https:\/\/www.altei.cz\/hifi\/produkt\/sorane-phono-cable-ssac\/","title":{"rendered":"Sorane phono cable SSAC"},"content":{"rendered":"<p>SORANE phono cable SSAC je kabel pro p\u0159ipojen\u00ed gramofonov\u00e9 p\u0159enosky\/ramene s konektorem DIN (rovn\u00fd) a RCA Cinch plus zemn\u00edc\u00ed vidlice.<\/p>\n","protected":false},"excerpt":{"rendered":"<h4>Kabel pro p\u0159ipojen\u00ed ramene<\/h4>\n","protected":false},"featured_media":43206,"comment_status":"closed","ping_status":"closed","template":"","meta":[],"pwb-brand":[335],"product_brand":[],"product_cat":[236,232,75,307],"product_tag":[308,238,309],"class_list":{"0":"post-43205","1":"product","2":"type-product","3":"status-publish","4":"has-post-thumbnail","6":"pwb-brand-sorane","7":"product_cat-gramofonova-ramena","8":"product_cat-gramofony-prislusenstvi","9":"product_cat-kabely-a-redukce","10":"product_cat-sorane","11":"product_tag-abis","12":"product_tag-gramofonove-rameno","13":"product_tag-sorane","14":"product_shipping_class-z-1-kg","16":"first","17":"instock","18":"taxable","19":"shipping-taxable","20":"purchasable","21":"product-type-simple"},"aioseo_notices":[],"jetpack_sharing_enabled":true,"brands":[{"id":335,"name":"Sorane","slug":"sorane"}],"_links":{"self":[{"href":"https:\/\/www.altei.cz\/hifi\/wp-json\/wp\/v2\/product\/43205","targetHints":{"allow":["GET"]}}],"collection":[{"href":"https:\/\/www.altei.cz\/hifi\/wp-json\/wp\/v2\/product"}],"about":[{"href":"https:\/\/www.altei.cz\/hifi\/wp-json\/wp\/v2\/types\/product"}],"replies":[{"embeddable":true,"href":"https:\/\/www.altei.cz\/hifi\/wp-json\/wp\/v2\/comments?post=43205"}],"wp:featuredmedia":[{"embeddable":true,"href":"https:\/\/www.altei.cz\/hifi\/wp-json\/wp\/v2\/media\/43206"}],"wp:attachment":[{"href":"https:\/\/www.altei.cz\/hifi\/wp-json\/wp\/v2\/media?parent=43205"}],"wp:term":[{"taxonomy":"pwb-brand","embeddable":true,"href":"https:\/\/www.altei.cz\/hifi\/wp-json\/wp\/v2\/pwb-brand?post=43205"},{"taxonomy":"product_brand","embeddable":true,"href":"https:\/\/www.altei.cz\/hifi\/wp-json\/wp\/v2\/product_brand?post=43205"},{"taxonomy":"product_cat","embeddable":true,"href":"https:\/\/www.altei.cz\/hifi\/wp-json\/wp\/v2\/product_cat?post=43205"},{"taxonomy":"product_tag","embeddable":true,"href":"https:\/\/www.altei.cz\/hifi\/wp-json\/wp\/v2\/product_tag?post=43205"}],"curies":[{"name":"wp","href":"https:\/\/api.w.org\/{rel}","templated":true}]}}