{"id":43247,"date":"2025-04-30T08:36:19","date_gmt":"2025-04-30T06:36:19","guid":{"rendered":"https:\/\/www.altei.cz\/hifi\/?post_type=product&#038;p=43247"},"modified":"2025-04-30T08:52:19","modified_gmt":"2025-04-30T06:52:19","slug":"reed-2b-g","status":"publish","type":"product","link":"https:\/\/www.altei.cz\/hifi\/produkt\/reed-2b-g\/","title":{"rendered":"REED 2B-G"},"content":{"rendered":"<p>Reed 2B-G\u00a0 je gramofonov\u00e9 p\u0159\u00edm\u00e9 rameno, s v\u00fdm\u011bnnou hlavi\u010dkou pro p\u0159enosky s 1\/2&#8243; uchycen\u00edm, t\u011b\u017ek\u00fdm protiz\u00e1va\u017e\u00edm, efektivn\u00ed d\u00e9lka 9,5&#8243; a\u017e 12&#8243;, v barevn\u00e9m proveden\u00ed zlat\u00fd mat, \u010dern\u00e1 a st\u0159\u00edbrn\u00e1. S konektorem DIN.<\/p>\n<p><strong>Rameno v z\u00e1kladn\u00edm proveden\u00ed:<\/strong><\/p>\n<ul>\n<li>D\u00e9lka: 9,5\u201d<\/li>\n<li>Povrchov\u00e1 \u00faprava: Zlat\u00fd mat, \u010dern\u00e1 a st\u0159\u00edbrn\u00e1<\/li>\n<li>Trubka ramena: Wenge (\u010derven\u00fd cedr)<\/li>\n<li>V\u00fdm\u011bnn\u00e1 hlavi\u010dka: Standard<\/li>\n<li>Standardn\u00ed p\u0159ipojen\u00ed: Cardas M DIN 5 pin konektor<\/li>\n<\/ul>\n<p>&nbsp;<\/p>\n<p>Reed 2B-G je model ramene, kter\u00fd umo\u017e\u0148uje pou\u017eit\u00ed p\u0159enosek s hmotnost\u00ed a\u017e 35 g.<\/p>\n<p>Reed 2B-G se velmi snadno nastavuje a lze jej namontovat prakticky na jak\u00fdkoli gramofon s adapt\u00e9rem nebo bez n\u011bj.<\/p>\n<p>Stejn\u011b jako ostatn\u00ed ramena <a href=\"http:\/\/www.reed.lt\" target=\"_blank\" rel=\"noopener\">Reed<\/a> je i Reed 2B vybaveno p\u0159esn\u00fdm nastaven\u00edm VTA o 0,2 mm a v\u00fd\u0161ku ramene lze nastavit v rozmez\u00ed od 28 mm do 48 mm.<\/p>\n<p>Gramofonov\u00e9 rameno m\u00e1 kardanov\u00fd syst\u00e9m keramick\u00fdch lo\u017eisek s n\u00edzk\u00fdm t\u0159en\u00edm . Takov\u00e1 konstrukce lo\u017eisek eliminuje jejich kmit\u00e1n\u00ed, kter\u00e9 m\u00e1 velk\u00fd vliv na kvalitu zvuku.<\/p>\n<p>V\u0161echna ramena Reed 2B-G maj\u00ed unik\u00e1tn\u00ed syst\u00e9m nastaven\u00ed azimutu, kter\u00fd umo\u017e\u0148uje realizovat rameno s vym\u011bnitelnou trubkou (za p\u0159\u00edplatek) . Funkce vym\u011bniteln\u00e9 trubky umo\u017e\u0148uje bez probl\u00e9m\u016f m\u011bnit efektivn\u00ed d\u00e9lku a efektivn\u00ed hmotnost ramene. K propojen\u00ed trubky a t\u011bla ramene se pou\u017e\u00edv\u00e1 vysoce kvalitn\u00ed konektor LEMO.<\/p>\n<p>Stejn\u011b jako v\u0161echna ramena Reed m\u00e1 i Reed 2B-G v\u00fdm\u011bnn\u00e9 hlavi\u010dky.<\/p>\n<p>Reed 2B lze zapojit kabelem Finewire C37 nebo 5pinov\u00fdm konektorem DIN pro vlastn\u00ed \u0159e\u0161en\u00ed kabel\u00e1\u017ee.<\/p>\n<p>Antiskating ramene je magnetick\u00fd a jeho s\u00edlu je mo\u017en\u00e9 m\u011bnit v pr\u016fb\u011bhu p\u0159ehr\u00e1v\u00e1n\u00ed.<\/p>\n<p><a href=\"https:\/\/www.hifiroom.cz\/post250978.html#p250978\" target=\"_blank\" rel=\"noopener\">Recenze HIFIROOM.CZ<\/a><\/p>\n<p>&nbsp;<\/p>\n<div  class='avia-button-wrap av-p4e96j-5d05f323d0cab6ccac8a415530523e3b-wrap avia-button-center  avia-builder-el-0  avia-builder-el-no-sibling '><a href='https:\/\/www.altei.cz\/hifi\/reed\/'  class='avia-button av-p4e96j-5d05f323d0cab6ccac8a415530523e3b av-link-btn avia-icon_select-no avia-size-small avia-position-center avia-color-theme-color'   aria-label=\"V\u00edce\"><span class='avia_iconbox_title' >V\u00edce<\/span><\/a><\/div>\n","protected":false},"excerpt":{"rendered":"<h4>Gramofonov\u00e9 rameno p\u0159\u00edm\u00e9<\/h4>\n","protected":false},"featured_media":43249,"comment_status":"closed","ping_status":"closed","template":"","meta":[],"pwb-brand":[328],"product_brand":[],"product_cat":[236,22,282],"product_tag":[238],"class_list":{"0":"post-43247","1":"product","2":"type-product","3":"status-publish","4":"has-post-thumbnail","6":"pwb-brand-reed","7":"product_cat-gramofonova-ramena","8":"product_cat-high-end-audio","9":"product_cat-reed","10":"product_tag-gramofonove-rameno","12":"first","13":"instock","14":"taxable","15":"shipping-taxable","16":"purchasable","17":"product-type-simple"},"aioseo_notices":[],"jetpack_sharing_enabled":true,"brands":[{"id":328,"name":"Reed","slug":"reed"}],"_links":{"self":[{"href":"https:\/\/www.altei.cz\/hifi\/wp-json\/wp\/v2\/product\/43247","targetHints":{"allow":["GET"]}}],"collection":[{"href":"https:\/\/www.altei.cz\/hifi\/wp-json\/wp\/v2\/product"}],"about":[{"href":"https:\/\/www.altei.cz\/hifi\/wp-json\/wp\/v2\/types\/product"}],"replies":[{"embeddable":true,"href":"https:\/\/www.altei.cz\/hifi\/wp-json\/wp\/v2\/comments?post=43247"}],"wp:featuredmedia":[{"embeddable":true,"href":"https:\/\/www.altei.cz\/hifi\/wp-json\/wp\/v2\/media\/43249"}],"wp:attachment":[{"href":"https:\/\/www.altei.cz\/hifi\/wp-json\/wp\/v2\/media?parent=43247"}],"wp:term":[{"taxonomy":"pwb-brand","embeddable":true,"href":"https:\/\/www.altei.cz\/hifi\/wp-json\/wp\/v2\/pwb-brand?post=43247"},{"taxonomy":"product_brand","embeddable":true,"href":"https:\/\/www.altei.cz\/hifi\/wp-json\/wp\/v2\/product_brand?post=43247"},{"taxonomy":"product_cat","embeddable":true,"href":"https:\/\/www.altei.cz\/hifi\/wp-json\/wp\/v2\/product_cat?post=43247"},{"taxonomy":"product_tag","embeddable":true,"href":"https:\/\/www.altei.cz\/hifi\/wp-json\/wp\/v2\/product_tag?post=43247"}],"curies":[{"name":"wp","href":"https:\/\/api.w.org\/{rel}","templated":true}]}}