{"id":43298,"date":"2025-05-13T16:35:18","date_gmt":"2025-05-13T14:35:18","guid":{"rendered":"https:\/\/www.altei.cz\/hifi\/?post_type=product&#038;p=43298"},"modified":"2026-03-18T21:51:41","modified_gmt":"2026-03-18T20:51:41","slug":"reed-eq-w","status":"publish","type":"product","link":"https:\/\/www.altei.cz\/hifi\/produkt\/reed-eq-w\/","title":{"rendered":"REED EQ W"},"content":{"rendered":"<p>REED EQ je speci\u00e1ln\u00ed p\u0159edzesilova\u010d pro optickou gramofonovou p\u0159enosku <a title=\"REED SF\" href=\"https:\/\/www.altei.cz\/hifi\/produkt\/reed-sf\/\" target=\"_blank\" rel=\"noopener\">REED SF<\/a> vyvinutou ve spolupr\u00e1ci s renomovanou japonskou spole\u010dnost\u00ed DS Audio. Sou\u010d\u00e1st\u00ed dod\u00e1vky je bateriov\u00fd nap\u00e1jec\u00ed zdroj REED PS. Barva b\u00edl\u00e1 Seashell White.<\/p>\n<p>P\u0159edzesilova\u010d pro optickou gramofonovou p\u0159enosku Reed EQ je navr\u017een pro spolupr\u00e1ci s optickou p\u0159enoskou Reed SF a podobn\u00fdmi sn\u00edma\u010di tak zajistil optim\u00e1ln\u00ed v\u00fdkon. Technici <a href=\"https:\/\/www.reed.lt\/product\/reed-eq\" target=\"_blank\" rel=\"noopener\">Reed<\/a> vytvo\u0159ili ekvaliz\u00e9r, kter\u00fd odr\u00e1\u017e\u00ed hlubok\u00e9 znalosti princip\u016f a technik konstrukce \u0161pi\u010dkov\u00fdch zvukov\u00fdch za\u0159\u00edzen\u00ed. V\u00fdsledkem je zvukov\u00fd z\u00e1\u017eitek, kter\u00fd p\u0159in\u00e1\u0161\u00ed bezkonkuren\u010dn\u00ed kvalitu, \u010distotu a pohlt\u00ed v\u00e1s na prvn\u00ed poslech. Nab\u00edz\u00ed jedine\u010dn\u00e9 v\u00fdhody, kter\u00e9 m\u016f\u017ee poskytnout pouze optick\u00e1 p\u0159enoska, kter\u00e1 je zcela bez magnetick\u00e9ho odporu a vyzna\u010duje se mimo\u0159\u00e1dn\u011b n\u00edzkou pohyblivou hmotnost\u00ed d\u00edky n\u00ed\u017e se se hrot pohybuje s pozoruhodnou hladkost\u00ed a p\u0159esnost\u00ed.<\/p>\n<p>Ne\u017e se pono\u0159\u00edte do poslechu va\u0161ich obl\u00edben\u00fdch skladeb na vynilu je t\u0159eba se sezn\u00e1mit se za\u0159\u00edzen\u00edm. Reed EQ Ekvaliz\u00e9r i jeho nap\u00e1jec\u00ed zdroj Reed PS \u2013 dv\u011b neodd\u011bliteln\u00e9 sou\u010d\u00e1sti produktu &#8211; jsou vyrobeny z hlin\u00edkov\u00e9ho bloku. Jejich zna\u010dn\u00e1 hmotnost a pevn\u00e1 konstrukce poskytuj\u00ed prvot\u0159\u00eddn\u00ed pocit, zat\u00edmco eloxovan\u00fd povrch nab\u00edz\u00ed ochranu p\u0159ed po\u0161kozen\u00edm. Mo\u017enost volby mezi b\u00edl\u00fdm (Seashell White) a \u010dern\u00fdm proveden\u00edm zaji\u0161\u0165uje bezprobl\u00e9mov\u00e9 slad\u011bn\u00ed s va\u0161\u00edm dal\u0161\u00edm audio vybaven\u00edm.<\/p>\n<p>Ve spole\u010dnosti Reed se \u0159\u00edd\u00ed se odli\u0161nou filozofi\u00ed n\u00e1vrhu elektroniky, kterou pe\u010dliv\u011b implementovali do v\u0161ech v\u00fdrobk\u016f. Jedn\u00e1 se o p\u0159esv\u011bd\u010deni, \u017ee integrita sign\u00e1lu, symetrie kan\u00e1l\u016f a redukce \u0161umu jsou z\u00e1sadn\u00edmi faktory p\u0159i n\u00e1vrhu zesilova\u010de. Aby zajistili nejvy\u0161\u0161\u00ed v\u00fdkon, pou\u017e\u00edvaj\u00ed pro zpracov\u00e1n\u00ed sign\u00e1lu pouze ty nejkvalitn\u011bj\u0161\u00ed komponenty. Jednou z kl\u00ed\u010dov\u00fdch komponent je nap\u0159\u00edklad diskr\u00e9tn\u00ed audio opera\u010dn\u00ed zesilova\u010d, kter\u00fd t\u011b\u017e\u00ed z ni\u017e\u0161\u00edho zkreslen\u00ed d\u00edky minim\u00e1ln\u00ed tepeln\u00e9 vazb\u011b mezi sou\u010d\u00e1stkami a zaji\u0161\u0165uje tak v\u00fdstupn\u00ed stupe\u0148 t\u0159\u00eddy A. Pou\u017eit\u00ed vysoce kvalitn\u00edch c\u00edvek v pasivn\u00edm vyrovn\u00e1vac\u00edm obvodu nav\u00edc p\u0159isp\u00edv\u00e1 k lep\u0161\u00ed stabilit\u011b, konzistenci, line\u00e1rn\u011bj\u0161\u00ed f\u00e1zov\u00e9 odezv\u011b a ni\u017e\u0161\u00edm ztr\u00e1t\u00e1m. Desky plo\u0161n\u00fdch spoj\u016f sign\u00e1lov\u00e9 cesty jsou pozlaceny, aby se zlep\u0161ila p\u00e1jitelnost a zabr\u00e1nilo se oxidaci.<\/p>\n<p>REED EQ je vybaven vstupn\u00edmi a v\u00fdstupn\u00edmi konektory RCA (nesymetrick\u00e9) a v\u00fdstupn\u00edmi konektory XLR (symetrick\u00e9). Na ovl\u00e1dac\u00edm panelu najdete n\u00e1sleduj\u00edc\u00ed prvky:<\/p>\n<p>P\u0159ep\u00edna\u010d Mute &#8211; odstra\u0148uje sign\u00e1l z v\u00fdstupu, co\u017e je u\u017eite\u010dn\u00e9 p\u0159i mont\u00e1\u017ei nebo nastavov\u00e1n\u00ed p\u0159enosky.<br \/>\nP\u0159ep\u00edna\u010d filtru (30 Hz\/50 Hz) &#8211; Vyb\u00edr\u00e1 mezn\u00ed frekvenci horn\u00ed propusti filtru, co\u017e umo\u017e\u0148uje lep\u0161\u00ed kompatibilitu s r\u016fzn\u00fdmi parametry gramofonov\u00e9ho ramena.<br \/>\nP\u0159ep\u00edna\u010d Line\/Phono &#8211; P\u0159ep\u00edn\u00e1 mezi linkov\u00fdm a sluch\u00e1tkov\u00fdm v\u00fdstupem.<\/p>\n<p>Pro p\u0159\u00edpady, kdy nen\u00ed mo\u017en\u00e9 poslouchat p\u0159es reproduktory byl p\u0159\u00edstroj roz\u0161\u00ed\u0159en o sluch\u00e1tkov\u00fd zesilova\u010d s v\u00fdstupn\u00edm konektorem 6,35 mm.<\/p>\n<p>Nap\u00e1jec\u00ed zdroj Reed PS tvo\u0159\u00ed samostatnou jednotku a je rovn\u011b\u017e vybaven n\u011bkolika jedine\u010dn\u00fdmi inovacemi. Jednou z nich je pou\u017eit\u00ed bateri\u00ed pro nap\u00e1jen\u00ed LED diod p\u0159enosky. Nap\u00e1jen\u00ed LED diod je tak pln\u011b izolov\u00e1no od zbytku syst\u00e9mu, co\u017e zaji\u0161\u0165uje co nejni\u017e\u0161\u00ed \u00farove\u0148 ru\u0161iv\u00fdch \u0161um\u016f. Baterie se nab\u00edjej\u00ed samostatn\u011b, bez z\u00e1sahu u\u017eivatele, a poskytuj\u00ed nep\u0159eru\u0161ovan\u00fd z\u00e1\u017eitek. Jedna sada bateri\u00ed se v\u017edy nab\u00edj\u00ed, zat\u00edmco druh\u00e1 nap\u00e1j\u00ed diody LED a to s bezprobl\u00e9mov\u00fdm automatick\u00fdm p\u0159ep\u00edn\u00e1n\u00edm. Nap\u00e1jec\u00ed zdroj tak\u00e9 obsahuje t\u0159i samostatn\u00e9 nap\u00e1jec\u00ed transform\u00e1tory pro nap\u00e1jen\u00ed r\u016fzn\u00fdch modul\u016f, kter\u00e9 d\u00e1le izoluj\u00ed elektronick\u00e9 obvody, aby se minimalizovalo jak\u00e9koliv ru\u0161en\u00ed.<\/p>\n<p><a href=\"https:\/\/www.altei.cz\/hifi\/produkt\/reed-sf\" target=\"_blank\" rel=\"noopener\">Reed SF<\/a> a <a href=\"https:\/\/www.altei.cz\/hifi\/produkt\/reed-eq\/\" target=\"_blank\" rel=\"noopener\">Reed EQ<\/a> jsou pln\u011b kompatibiln\u00ed se v\u0161emi produkty DS Audio i s dal\u0161\u00edmi za\u0159\u00edzen\u00edmi kompatibiln\u00edmi s optick\u00fdmi p\u0159enoskami.<\/p>\n<p><a href=\"https:\/\/www.hifi-voice.com\/testy-a-recenze\/phono-predzesilovace\/6608-reed-sf-eq\"><b>Hi-Fi Voice recenze Reed SF &amp; EQ<\/b><\/a><\/p>\n<p>&nbsp;<\/p>\n<p>&nbsp;<\/p>\n<p>&nbsp;<\/p>\n","protected":false},"excerpt":{"rendered":"<h4>P\u0159edzesilova\u010d pro optickou p\u0159enosku s nap\u00e1jec\u00edm zdrojem<\/h4>\n","protected":false},"featured_media":43299,"comment_status":"closed","ping_status":"closed","template":"","meta":[],"pwb-brand":[328],"product_brand":[],"product_cat":[234],"product_tag":[272,103,235,161,468,578,159,298,577],"class_list":{"0":"post-43298","1":"product","2":"type-product","3":"status-publish","4":"has-post-thumbnail","6":"pwb-brand-reed","7":"product_cat-gramofonove-predzesilovace","8":"product_tag-eq","9":"product_tag-gramofon","10":"product_tag-gramofonovy-predzesilovac","11":"product_tag-micro-ridge","12":"product_tag-napajeci-zdroj","13":"product_tag-opticka","14":"product_tag-prenoska","15":"product_tag-riaa","16":"product_tag-stereo","18":"first","19":"onbackorder","20":"featured","21":"taxable","22":"shipping-taxable","23":"purchasable","24":"product-type-simple"},"aioseo_notices":[],"jetpack_sharing_enabled":true,"brands":[{"id":328,"name":"Reed","slug":"reed"}],"_links":{"self":[{"href":"https:\/\/www.altei.cz\/hifi\/wp-json\/wp\/v2\/product\/43298","targetHints":{"allow":["GET"]}}],"collection":[{"href":"https:\/\/www.altei.cz\/hifi\/wp-json\/wp\/v2\/product"}],"about":[{"href":"https:\/\/www.altei.cz\/hifi\/wp-json\/wp\/v2\/types\/product"}],"replies":[{"embeddable":true,"href":"https:\/\/www.altei.cz\/hifi\/wp-json\/wp\/v2\/comments?post=43298"}],"wp:featuredmedia":[{"embeddable":true,"href":"https:\/\/www.altei.cz\/hifi\/wp-json\/wp\/v2\/media\/43299"}],"wp:attachment":[{"href":"https:\/\/www.altei.cz\/hifi\/wp-json\/wp\/v2\/media?parent=43298"}],"wp:term":[{"taxonomy":"pwb-brand","embeddable":true,"href":"https:\/\/www.altei.cz\/hifi\/wp-json\/wp\/v2\/pwb-brand?post=43298"},{"taxonomy":"product_brand","embeddable":true,"href":"https:\/\/www.altei.cz\/hifi\/wp-json\/wp\/v2\/product_brand?post=43298"},{"taxonomy":"product_cat","embeddable":true,"href":"https:\/\/www.altei.cz\/hifi\/wp-json\/wp\/v2\/product_cat?post=43298"},{"taxonomy":"product_tag","embeddable":true,"href":"https:\/\/www.altei.cz\/hifi\/wp-json\/wp\/v2\/product_tag?post=43298"}],"curies":[{"name":"wp","href":"https:\/\/api.w.org\/{rel}","templated":true}]}}