{"id":43333,"date":"2025-06-06T16:16:10","date_gmt":"2025-06-06T14:16:10","guid":{"rendered":"https:\/\/www.altei.cz\/hifi\/?post_type=product&#038;p=43333"},"modified":"2026-04-14T16:48:44","modified_gmt":"2026-04-14T14:48:44","slug":"rtm-r09307-box","status":"publish","type":"product","link":"https:\/\/www.altei.cz\/hifi\/produkt\/rtm-r09307-box\/","title":{"rendered":"RTM R09307 BOX"},"content":{"rendered":"<p>RTM R09307 Pr\u00e1zdn\u00fd archiva\u010dn\u00ed box na 10,5&#8243; (26,5 cm) 1\/4&#8243; p\u00e1s. Cena za 1 kus<\/p>\n","protected":false},"excerpt":{"rendered":"<p>RTM hinged box<\/p>\n","protected":false},"featured_media":43334,"comment_status":"closed","ping_status":"closed","template":"","meta":[],"pwb-brand":[349],"product_brand":[],"product_cat":[352,350,366],"product_tag":[579],"class_list":{"0":"post-43333","1":"product","2":"type-product","3":"status-publish","4":"has-post-thumbnail","6":"pwb-brand-rtm","7":"product_cat-mgf-pas","8":"product_cat-mgf-pasy","9":"product_cat-rtm","10":"product_tag-box","11":"product_shipping_class-z-2-kg","13":"first","14":"outofstock","15":"taxable","16":"shipping-taxable","17":"purchasable","18":"product-type-simple"},"aioseo_notices":[],"jetpack_sharing_enabled":true,"brands":[{"id":349,"name":"RTM","slug":"rtm"}],"_links":{"self":[{"href":"https:\/\/www.altei.cz\/hifi\/wp-json\/wp\/v2\/product\/43333","targetHints":{"allow":["GET"]}}],"collection":[{"href":"https:\/\/www.altei.cz\/hifi\/wp-json\/wp\/v2\/product"}],"about":[{"href":"https:\/\/www.altei.cz\/hifi\/wp-json\/wp\/v2\/types\/product"}],"replies":[{"embeddable":true,"href":"https:\/\/www.altei.cz\/hifi\/wp-json\/wp\/v2\/comments?post=43333"}],"wp:featuredmedia":[{"embeddable":true,"href":"https:\/\/www.altei.cz\/hifi\/wp-json\/wp\/v2\/media\/43334"}],"wp:attachment":[{"href":"https:\/\/www.altei.cz\/hifi\/wp-json\/wp\/v2\/media?parent=43333"}],"wp:term":[{"taxonomy":"pwb-brand","embeddable":true,"href":"https:\/\/www.altei.cz\/hifi\/wp-json\/wp\/v2\/pwb-brand?post=43333"},{"taxonomy":"product_brand","embeddable":true,"href":"https:\/\/www.altei.cz\/hifi\/wp-json\/wp\/v2\/product_brand?post=43333"},{"taxonomy":"product_cat","embeddable":true,"href":"https:\/\/www.altei.cz\/hifi\/wp-json\/wp\/v2\/product_cat?post=43333"},{"taxonomy":"product_tag","embeddable":true,"href":"https:\/\/www.altei.cz\/hifi\/wp-json\/wp\/v2\/product_tag?post=43333"}],"curies":[{"name":"wp","href":"https:\/\/api.w.org\/{rel}","templated":true}]}}