{"id":43374,"date":"2025-06-25T12:06:02","date_gmt":"2025-06-25T10:06:02","guid":{"rendered":"https:\/\/www.altei.cz\/hifi\/?post_type=product&#038;p=43374"},"modified":"2025-08-21T14:41:09","modified_gmt":"2025-08-21T12:41:09","slug":"celexon-100-mwht","status":"publish","type":"product","link":"https:\/\/www.altei.cz\/hifi\/produkt\/celexon-100-mwht\/","title":{"rendered":"Celexon 100 MWHT"},"content":{"rendered":"<p><strong>Celexon 100 MWHT<\/strong><\/p>\n<p>Projek\u010dn\u00ed plocha motorizovan\u00e1 MWHT &#8211; matt white Home Cinema 16:9 s \u00fahlop\u0159\u00ed\u010dkou 100&#8243; (254 cm) a \u010dern\u00fdm maskovac\u00edm okrajem a vyp\u00edn\u00e1n\u00edm. Mont\u00e1\u017e na strop nebo na st\u011bnu Barva boxu b\u00edl\u00e1.<\/p>\n<p>Viditeln\u00e1 projek\u010dn\u00ed plocha: 220 x 124 cm (100&#8243;) Form\u00e1t 16:9<br \/>\nPodlo\u017eka ze sklen\u011bn\u00fdch vl\u00e1ken s PVC povlakem a jemnou povrchovou strukturou, vhodn\u00e1 pro rozli\u0161en\u00ed 4k<br \/>\nTyp projek\u010dn\u00ed tkaniny: D (dif\u00fazn\u00ed odraz), matn\u00e1 b\u00edl\u00e1 (MWHT)<br \/>\nKoeficient zes\u00edlen\u00ed 0. 9, pozorovac\u00ed \u00fahel 150\u00b0 s 5 cm \u010dern\u00e9 masky kolem pro sledov\u00e1n\u00ed bez \u00fanavy<br \/>\n30 cm \u010dern\u00e9 veden\u00ed v horn\u00ed \u010d\u00e1sti &#8211; veden\u00ed p\u0159izp\u016fsoben\u00e9 form\u00e1tu<br \/>\n\u010cern\u00e1 zadn\u00ed strana minimalizuje mo\u017en\u00e9 dopad\u00e1n\u00ed sv\u011btla zezadu<br \/>\nSyst\u00e9m nap\u00edn\u00e1n\u00ed nap\u00ednac\u00edho kabelu \u00fa\u010dinn\u011b zabra\u0148uje \u201eps\u00edm u\u0161\u00edm\u201c v projek\u010dn\u00ed plo\u0161e<br \/>\nIntegrovan\u00e9 nastavovac\u00ed \u0161rouby v z\u00e1va\u017e\u00ed pro op\u011btovn\u00e9 nap\u00edn\u00e1n\u00ed syst\u00e9mu nap\u00ednac\u00edho kabelu podle pot\u0159eby<br \/>\nStabiln\u00ed spir\u00e1lov\u00fd v\u00e1lec s velk\u00fdm pr\u016fm\u011brem pro optim\u00e1ln\u00ed rovinnost a bez pruh\u016f<br \/>\nB\u00edl\u00fd hlin\u00edkov\u00fd kryt v elegantn\u00edm designu, s b\u00edl\u00fdmi bo\u010dn\u00edmi krytkami<br \/>\nDr\u017e\u00e1k pro mont\u00e1\u017e na st\u011bnu\/strop, flexibiln\u011b polohovateln\u00fd<br \/>\ninteligentn\u00ed bo\u010dn\u00ed krytka d\u00edky integrovan\u00e9 \u0159\u00eddic\u00ed jednotce s r\u016fzn\u00fdmi mo\u017enostmi ovl\u00e1d\u00e1n\u00ed<br \/>\nTich\u00fd trubkov\u00fd motor s vysok\u00fdm to\u010div\u00fdm momentem: odoln\u00fd a tich\u00fd<\/p>\n","protected":false},"excerpt":{"rendered":"<h4>Motorov\u00e9 projek\u010dn\u00ed pl\u00e1tno s vyp\u00edn\u00e1n\u00edm 100&#8243;<\/h4>\n","protected":false},"featured_media":43375,"comment_status":"closed","ping_status":"closed","template":"","meta":[],"pwb-brand":[576],"product_brand":[],"product_cat":[581,424,515],"product_tag":[507,580,442,435,516],"class_list":{"0":"post-43374","1":"product","2":"type-product","3":"status-publish","4":"has-post-thumbnail","6":"pwb-brand-celexon","7":"product_cat-celexon","8":"product_cat-high-end-video","9":"product_cat-projekcni-plocha","10":"product_tag-4k","11":"product_tag-celexon","12":"product_tag-home-cinema","13":"product_tag-laser","14":"product_tag-projekcni-platno","16":"first","17":"instock","18":"taxable","19":"shipping-taxable","20":"purchasable","21":"product-type-simple"},"aioseo_notices":[],"jetpack_sharing_enabled":true,"brands":[{"id":576,"name":"Celexon","slug":"celexon"}],"_links":{"self":[{"href":"https:\/\/www.altei.cz\/hifi\/wp-json\/wp\/v2\/product\/43374","targetHints":{"allow":["GET"]}}],"collection":[{"href":"https:\/\/www.altei.cz\/hifi\/wp-json\/wp\/v2\/product"}],"about":[{"href":"https:\/\/www.altei.cz\/hifi\/wp-json\/wp\/v2\/types\/product"}],"replies":[{"embeddable":true,"href":"https:\/\/www.altei.cz\/hifi\/wp-json\/wp\/v2\/comments?post=43374"}],"wp:featuredmedia":[{"embeddable":true,"href":"https:\/\/www.altei.cz\/hifi\/wp-json\/wp\/v2\/media\/43375"}],"wp:attachment":[{"href":"https:\/\/www.altei.cz\/hifi\/wp-json\/wp\/v2\/media?parent=43374"}],"wp:term":[{"taxonomy":"pwb-brand","embeddable":true,"href":"https:\/\/www.altei.cz\/hifi\/wp-json\/wp\/v2\/pwb-brand?post=43374"},{"taxonomy":"product_brand","embeddable":true,"href":"https:\/\/www.altei.cz\/hifi\/wp-json\/wp\/v2\/product_brand?post=43374"},{"taxonomy":"product_cat","embeddable":true,"href":"https:\/\/www.altei.cz\/hifi\/wp-json\/wp\/v2\/product_cat?post=43374"},{"taxonomy":"product_tag","embeddable":true,"href":"https:\/\/www.altei.cz\/hifi\/wp-json\/wp\/v2\/product_tag?post=43374"}],"curies":[{"name":"wp","href":"https:\/\/api.w.org\/{rel}","templated":true}]}}