{"id":43391,"date":"2025-06-26T09:34:13","date_gmt":"2025-06-26T07:34:13","guid":{"rendered":"https:\/\/www.altei.cz\/hifi\/?post_type=product&#038;p=43391"},"modified":"2025-06-26T10:14:32","modified_gmt":"2025-06-26T08:14:32","slug":"celexon-120-ust-w","status":"publish","type":"product","link":"https:\/\/www.altei.cz\/hifi\/produkt\/celexon-120-ust-w\/","title":{"rendered":"Celexon 120 UST W"},"content":{"rendered":"<p><strong>Celexon 120 UST W<\/strong><\/p>\n<p>Projek\u010dn\u00ed plocha motorizovan\u00e1 Daylight screen UST Home Cinema Plus 16:9 s \u00fahlop\u0159\u00ed\u010dkou 120&#8243; (304,5 cm) ur\u010den\u00e1 p\u0159edev\u0161\u00edm pro short throw TV projektor <a title=\"LEICA CINE 1-120\" href=\"https:\/\/www.altei.cz\/hifi\/produkt\/leica-cine-1-120\/\" target=\"_blank\" rel=\"noopener\">LEICA CINE 1 120<\/a>. Barva boxu b\u00edl\u00e1.<\/p>\n","protected":false},"excerpt":{"rendered":"<h4>Motorov\u00e9 pl\u00e1tno pro 4K laser TV 120&#8243;<\/h4>\n","protected":false},"featured_media":41312,"comment_status":"closed","ping_status":"closed","template":"","meta":[],"pwb-brand":[576,504],"product_brand":[],"product_cat":[581,424,509,515],"product_tag":[507,580,442,435,505,516,437],"class_list":{"0":"post-43391","1":"product","2":"type-product","3":"status-publish","4":"has-post-thumbnail","6":"pwb-brand-celexon","7":"pwb-brand-leica","8":"product_cat-celexon","9":"product_cat-high-end-video","10":"product_cat-leica","11":"product_cat-projekcni-plocha","12":"product_tag-4k","13":"product_tag-celexon","14":"product_tag-home-cinema","15":"product_tag-laser","16":"product_tag-leica","17":"product_tag-projekcni-platno","18":"product_tag-short-throw","20":"first","21":"instock","22":"taxable","23":"shipping-taxable","24":"purchasable","25":"product-type-simple"},"aioseo_notices":[],"jetpack_sharing_enabled":true,"brands":[{"id":576,"name":"Celexon","slug":"celexon"},{"id":504,"name":"Leica","slug":"leica"}],"_links":{"self":[{"href":"https:\/\/www.altei.cz\/hifi\/wp-json\/wp\/v2\/product\/43391","targetHints":{"allow":["GET"]}}],"collection":[{"href":"https:\/\/www.altei.cz\/hifi\/wp-json\/wp\/v2\/product"}],"about":[{"href":"https:\/\/www.altei.cz\/hifi\/wp-json\/wp\/v2\/types\/product"}],"replies":[{"embeddable":true,"href":"https:\/\/www.altei.cz\/hifi\/wp-json\/wp\/v2\/comments?post=43391"}],"wp:featuredmedia":[{"embeddable":true,"href":"https:\/\/www.altei.cz\/hifi\/wp-json\/wp\/v2\/media\/41312"}],"wp:attachment":[{"href":"https:\/\/www.altei.cz\/hifi\/wp-json\/wp\/v2\/media?parent=43391"}],"wp:term":[{"taxonomy":"pwb-brand","embeddable":true,"href":"https:\/\/www.altei.cz\/hifi\/wp-json\/wp\/v2\/pwb-brand?post=43391"},{"taxonomy":"product_brand","embeddable":true,"href":"https:\/\/www.altei.cz\/hifi\/wp-json\/wp\/v2\/product_brand?post=43391"},{"taxonomy":"product_cat","embeddable":true,"href":"https:\/\/www.altei.cz\/hifi\/wp-json\/wp\/v2\/product_cat?post=43391"},{"taxonomy":"product_tag","embeddable":true,"href":"https:\/\/www.altei.cz\/hifi\/wp-json\/wp\/v2\/product_tag?post=43391"}],"curies":[{"name":"wp","href":"https:\/\/api.w.org\/{rel}","templated":true}]}}