{"id":43421,"date":"2025-06-30T18:11:51","date_gmt":"2025-06-30T16:11:51","guid":{"rendered":"https:\/\/www.altei.cz\/hifi\/?post_type=product&#038;p=43421"},"modified":"2026-01-16T08:31:02","modified_gmt":"2026-01-16T07:31:02","slug":"zyx-vrt-12-turntable-sheet","status":"publish","type":"product","link":"https:\/\/www.altei.cz\/hifi\/produkt\/zyx-vrt-12-turntable-sheet\/","title":{"rendered":"ZYX VRT-12 Tutntable -Sheet"},"content":{"rendered":"<p><a href=\"https:\/\/www.altei.cz\/hifi\/zyx\/\">ZYX<\/a> VRT-12 Antivibra\u010dn\u00ed v\u00edcevrstv\u00e1 VNR podlo\u017eka na tal\u00ed\u0159 gramofonu, pr\u016fm\u011br 300 mm.<\/p>\n<p><strong>Vlastnosti<\/strong><\/p>\n<p>Gramofonov\u00e1 podlo\u017eka ZYX VNR je v\u00fdsledkem rozs\u00e1hl\u00e9ho v\u00fdzkumu a v\u00fdvoje, kter\u00e9mu vd\u011b\u010d\u00ed za nejvhodn\u011bj\u0161\u00ed design t\u011bch nejoptim\u00e1ln\u011bj\u0161\u00edch materi\u00e1l\u016f.<\/p>\n<p>Jak je zn\u00e1zorn\u011bno na obr\u00e1zku, horn\u00ed povrch je vyroben ze speci\u00e1ln\u00ed pry\u017eov\u00e9 sm\u011bsi, kter\u00e1 eliminuje cel\u00e9 frekven\u010dn\u00ed p\u00e1smo zvukov\u00e9ho \u0161umu. Po povrchu je radi\u00e1ln\u011b rozm\u00edst\u011bn\u00fdch 24 paprsk\u016f, kter\u00e9 rovnom\u011brn\u011b podp\u00edraj\u00ed desku po cel\u00e9m jej\u00edm povrchu. Tlou\u0161\u0165ka t\u011bchto pry\u017eov\u00fdch pruh\u016f \u010din\u00ed 0,6 mm, jejich\u017e prost\u0159ednictv\u00edm je okam\u017eit\u011b odstran\u011bn jak\u00fdkoli \u0161um\/vibrace a sou\u010dasn\u011b je deska udr\u017eov\u00e1na ve zcela stabiln\u00ed poloze.<br \/>\nSpodn\u00ed povrch tvo\u0159\u00ed tvrd\u00fd plastov\u00fd disk o pr\u016fm\u011bru 30 cm a tlou\u0161\u0165ce 2 mm. V r\u00e1mci podrobn\u00e9ho testov\u00e1n\u00ed se uk\u00e1zalo, \u017ee pr\u00e1v\u011b 2 mm jsou optim\u00e1ln\u00ed tlou\u0161\u0165kou pro potla\u010den\u00ed v\u0161ech typ\u016f t\u0159ec\u00edch vibrac\u00ed generovan\u00fdch pohonem gramofonu. Tyto t\u0159ec\u00ed vibrace jsou pohlcov\u00e1ny elasticitou plastov\u00fdch materi\u00e1l\u016f, proto\u017ee maj\u00ed navzdory sv\u00fdm slabin\u00e1m vysokofrekven\u010dn\u00ed pulzn\u00ed charakter.<\/p>\n<p>Tlum\u00edc\u00ed prvek vy\u010dn\u00edv\u00e1 0,4 mm ze sv\u00e9 plastov\u00e9 z\u00e1kladny, do kter\u00e9 je v hloubce 0,2 mm zapu\u0161t\u011bn.<\/p>\n<p>VRN je v\u016fbec prvn\u00ed tlum\u00edc\u00ed podlo\u017eka na sv\u011bt\u011b, kter\u00e1 konstruk\u010dn\u011b vyu\u017e\u00edv\u00e1 kombinaci dvou vrstev. Odstran\u011bn\u00edm vibrac\u00ed pomoc\u00ed syst\u00e9mu VNR, lze zvukov\u00fd sign\u00e1l z desky sn\u00edmat s naprostou stabilitou a p\u0159esnost\u00ed. V\u00fdsledkem je nov\u00fd z\u00e1\u017eitek z poslechu, kter\u00fd se projevuje plynulost\u00ed, dynamikou a detaily, kter\u00e9 byly d\u0159\u00edve maskov\u00e1ny ne\u017e\u00e1douc\u00edmi vibracemi. Poprv\u00e9 budete moci za\u017e\u00edt skute\u010dnou kvalitu sv\u00fdch analogov\u00fdch desek.<\/p>\n","protected":false},"excerpt":{"rendered":"<h4>Antivibra\u010dn\u00ed v\u00edcevrstv\u00e1 VNR podlo\u017eka<\/h4>\n","protected":false},"featured_media":43423,"comment_status":"closed","ping_status":"closed","template":"","meta":[],"pwb-brand":[156],"product_brand":[],"product_cat":[232,158],"product_tag":[103,66,131],"class_list":{"0":"post-43421","1":"product","2":"type-product","3":"status-publish","4":"has-post-thumbnail","6":"pwb-brand-zyx","7":"product_cat-gramofony-prislusenstvi","8":"product_cat-zyx","9":"product_tag-gramofon","10":"product_tag-hi-fi","11":"product_tag-prislusenstvi","12":"product_shipping_class-z-1-kg","14":"first","15":"instock","16":"taxable","17":"shipping-taxable","18":"purchasable","19":"product-type-simple"},"aioseo_notices":[],"jetpack_sharing_enabled":true,"brands":[{"id":156,"name":"ZYX","slug":"zyx"}],"_links":{"self":[{"href":"https:\/\/www.altei.cz\/hifi\/wp-json\/wp\/v2\/product\/43421","targetHints":{"allow":["GET"]}}],"collection":[{"href":"https:\/\/www.altei.cz\/hifi\/wp-json\/wp\/v2\/product"}],"about":[{"href":"https:\/\/www.altei.cz\/hifi\/wp-json\/wp\/v2\/types\/product"}],"replies":[{"embeddable":true,"href":"https:\/\/www.altei.cz\/hifi\/wp-json\/wp\/v2\/comments?post=43421"}],"wp:featuredmedia":[{"embeddable":true,"href":"https:\/\/www.altei.cz\/hifi\/wp-json\/wp\/v2\/media\/43423"}],"wp:attachment":[{"href":"https:\/\/www.altei.cz\/hifi\/wp-json\/wp\/v2\/media?parent=43421"}],"wp:term":[{"taxonomy":"pwb-brand","embeddable":true,"href":"https:\/\/www.altei.cz\/hifi\/wp-json\/wp\/v2\/pwb-brand?post=43421"},{"taxonomy":"product_brand","embeddable":true,"href":"https:\/\/www.altei.cz\/hifi\/wp-json\/wp\/v2\/product_brand?post=43421"},{"taxonomy":"product_cat","embeddable":true,"href":"https:\/\/www.altei.cz\/hifi\/wp-json\/wp\/v2\/product_cat?post=43421"},{"taxonomy":"product_tag","embeddable":true,"href":"https:\/\/www.altei.cz\/hifi\/wp-json\/wp\/v2\/product_tag?post=43421"}],"curies":[{"name":"wp","href":"https:\/\/api.w.org\/{rel}","templated":true}]}}