{"id":43601,"date":"2025-10-19T20:43:34","date_gmt":"2025-10-19T18:43:34","guid":{"rendered":"https:\/\/www.altei.cz\/hifi\/?post_type=product&#038;p=43601"},"modified":"2026-02-17T17:08:42","modified_gmt":"2026-02-17T16:08:42","slug":"revox-t700-pro-studiomaster","status":"publish","type":"product","link":"https:\/\/www.altei.cz\/hifi\/produkt\/revox-t700-pro-studiomaster\/","title":{"rendered":"REVOX T700 PRO STUDIOMASTER"},"content":{"rendered":"<p><strong>Revox T700 PRO Studiomaster gramofon<br \/>\n<\/strong><\/p>\n<p>STUDIOMASTER T700 Pro je \u0161pi\u010dkov\u00fd gramofon s jedine\u010dn\u00fdm integrovan\u00fdm p\u0159edzesilova\u010dem MC. Integrace p\u0159edzesilova\u010de umo\u017e\u0148uje nejlep\u0161\u00ed a nejkrat\u0161\u00ed spojen\u00ed mezi sn\u00edma\u010dem a p\u0159edzesilova\u010dem, \u010d\u00edm\u017e zaji\u0161\u0165uje nejvy\u0161\u0161\u00ed kvalitu sign\u00e1lu. Pro zaji\u0161t\u011bn\u00ed nejlep\u0161\u00ed kvality zvuku je nezbytn\u00e1 absolutn\u00ed p\u0159esnost rychlosti. Za t\u00edmto \u00fa\u010delem je T700 PRO vybaven vysoce p\u0159esn\u00fdm elektronick\u00fdm syst\u00e9mem \u0159\u00edzen\u00ed rychlosti PLL pomoc\u00ed bezkontaktn\u00edho optick\u00e9ho senzoru.<\/p>\n<p>Rameno gramofonu je vyrobeno z vysoce kvalitn\u00edch kov\u016f a trubka ramene je vyrobena z uhl\u00edkov\u00fdch vl\u00e1ken. Vodi\u010d ramene je p\u0159ipojen p\u0159\u00edmo k p\u0159edzesilova\u010di pomoc\u00ed ru\u010dn\u00edho p\u00e1jen\u00ed. P\u0159edem namontovan\u00e1 p\u0159enoska Ortofon Quintet Black S\u00a0 MC (Moving Coil)\u00a0 dotv\u00e1\u0159\u00ed tento vysoce kvalitn\u00ed produkt.<\/p>\n<p>Verze T700 Pro je vybavena symetrick\u00fdm v\u00fdstupem s konektory XLR a jsou dod\u00e1v\u00e1ny redukce na RCA<\/p>\n<p>&nbsp;<\/p>\n<p><strong>V\u00fdhody T700 PRO<\/strong><br \/>\n<strong>Audiofilsk\u00fd gramofon<\/strong><br \/>\n<strong>Skute\u010dn\u00e1 studiov\u00e1 kvalita zvuku<\/strong><br \/>\n<strong>Velmi unik\u00e1tn\u00ed MC phono p\u0159edzesilova\u010d<\/strong><br \/>\n<strong>Elektronick\u00e1 regulace rychlosti pomoc\u00ed bezkontaktn\u00ed LED zp\u011btn\u00e9 vazby<\/strong><br \/>\n<strong>Ortofon Quintet Black S MC p\u0159enoska<\/strong><br \/>\n<strong>Rameno z kovu, trubka ramene z uhl\u00edkov\u00fdch vl\u00e1ken<\/strong><br \/>\n<strong>Ru\u010dn\u011b ovl\u00e1dan\u00e9 zved\u00e1n\u00ed ramena s olejov\u00fdm tlumen\u00edm<br class=\"avia-permanent-lb\" \/>Symetrick\u00fd v\u00fdstup XLR<br class=\"avia-permanent-lb\" \/>Snadn\u00e9 ovl\u00e1d\u00e1n\u00ed dotykem na sklen\u011bn\u00e9\u00a0 desce<\/strong><br \/>\n<strong>Pevn\u00fd ochrann\u00fd kryt z akryl\u00e1tov\u00e9ho skla<\/strong><br \/>\n<strong>Vyrobeno v N\u011bmecku<\/strong><\/p>\n<p>&nbsp;<\/p>\n","protected":false},"excerpt":{"rendered":"<p>Gramofon s p\u0159enoskou Ortofon Black S<\/p>\n","protected":false},"featured_media":43597,"comment_status":"open","ping_status":"closed","template":"","meta":[],"pwb-brand":[490],"product_brand":[],"product_cat":[102,584],"product_tag":[103,235,66],"class_list":{"0":"post-43601","1":"product","2":"type-product","3":"status-publish","4":"has-post-thumbnail","6":"pwb-brand-revox","7":"product_cat-gramofony","8":"product_cat-revox","9":"product_tag-gramofon","10":"product_tag-gramofonovy-predzesilovac","11":"product_tag-hi-fi","13":"first","14":"onbackorder","15":"taxable","16":"shipping-taxable","17":"purchasable","18":"product-type-simple"},"aioseo_notices":[],"jetpack_sharing_enabled":true,"brands":[{"id":490,"name":"REVOX","slug":"revox"}],"_links":{"self":[{"href":"https:\/\/www.altei.cz\/hifi\/wp-json\/wp\/v2\/product\/43601","targetHints":{"allow":["GET"]}}],"collection":[{"href":"https:\/\/www.altei.cz\/hifi\/wp-json\/wp\/v2\/product"}],"about":[{"href":"https:\/\/www.altei.cz\/hifi\/wp-json\/wp\/v2\/types\/product"}],"replies":[{"embeddable":true,"href":"https:\/\/www.altei.cz\/hifi\/wp-json\/wp\/v2\/comments?post=43601"}],"wp:featuredmedia":[{"embeddable":true,"href":"https:\/\/www.altei.cz\/hifi\/wp-json\/wp\/v2\/media\/43597"}],"wp:attachment":[{"href":"https:\/\/www.altei.cz\/hifi\/wp-json\/wp\/v2\/media?parent=43601"}],"wp:term":[{"taxonomy":"pwb-brand","embeddable":true,"href":"https:\/\/www.altei.cz\/hifi\/wp-json\/wp\/v2\/pwb-brand?post=43601"},{"taxonomy":"product_brand","embeddable":true,"href":"https:\/\/www.altei.cz\/hifi\/wp-json\/wp\/v2\/product_brand?post=43601"},{"taxonomy":"product_cat","embeddable":true,"href":"https:\/\/www.altei.cz\/hifi\/wp-json\/wp\/v2\/product_cat?post=43601"},{"taxonomy":"product_tag","embeddable":true,"href":"https:\/\/www.altei.cz\/hifi\/wp-json\/wp\/v2\/product_tag?post=43601"}],"curies":[{"name":"wp","href":"https:\/\/api.w.org\/{rel}","templated":true}]}}