{"id":43607,"date":"2025-10-20T11:29:45","date_gmt":"2025-10-20T09:29:45","guid":{"rendered":"https:\/\/www.altei.cz\/hifi\/?post_type=product&#038;p=43607"},"modified":"2026-02-13T00:29:33","modified_gmt":"2026-02-12T23:29:33","slug":"revox-t77-alice-cooper","status":"publish","type":"product","link":"https:\/\/www.altei.cz\/hifi\/produkt\/revox-t77-alice-cooper\/","title":{"rendered":"REVOX T77 Alice Cooper"},"content":{"rendered":"<p><strong>Revox T77 Alice Cooper Limited Edition gramofon<br \/>\n<\/strong><\/p>\n<p>Ve speci\u00e1ln\u00ed spolupr\u00e1ci s Alicem Cooperem navrhl Revox pades\u00e1t kus\u016f mimo\u0159\u00e1dn\u00fdch gramofon\u016f T77 s jedine\u010dn\u00fdm designem Alice Cooper pro tuto edici. Ka\u017ed\u00fd exempl\u00e1\u0159 je ru\u010dn\u011b podeps\u00e1n a o\u010d\u00edslov\u00e1n samotn\u00fdm Alicem Cooperem. Vzru\u0161uj\u00edc\u00ed a fascinuj\u00edc\u00ed z\u00e1rove\u0148, v kombinaci s vynikaj\u00edc\u00ed a renomovanou ton\u00e1ln\u00ed a technickou jedine\u010dnost\u00ed gramofon\u016f Revox.<\/p>\n<p>Ka\u017ed\u00fd detail tohoto gramofonu T77 z edice Alice Cooper p\u0159in\u00e1\u0161\u00ed nesrovnateln\u00fd zvukov\u00fd z\u00e1\u017eitek a je tak\u00e9 jedine\u010dn\u00fdm vizu\u00e1ln\u00edm vrcholem!<\/p>\n<p>Bal\u00ed\u010dek obsahuje exkluzivn\u00ed Master Vinyl EP Alice Cooper (45 RPM): The Sound of A. (Nen\u00ed k dispozici samostatn\u011b!) Tato vinylov\u00e1 deska nab\u00edz\u00ed tu nejlep\u0161\u00ed audiofiln\u00ed kvalitu a mnohem detailn\u011bj\u0161\u00ed zvuk ne\u017e b\u011b\u017en\u00e1 deska.<\/p>\n<p>Obsahuje tak\u00e9 speci\u00e1ln\u011b navr\u017een\u00e9 z\u00e1va\u017e\u00ed na vinylovou desku ve tvaru adapt\u00e9ru NAB a adapt\u00e9r Neutrik XLR\/RCA.<\/p>\n<p>Jako unik\u00e1tn\u00ed bonus budou m\u00edt majitel\u00e9 limitovan\u00e9 edice T77 tak\u00e9 jedine\u010dnou p\u0159\u00edle\u017eitost z\u00fa\u010dastnit se velmi exkluzivn\u00edho MEET &amp; GREET s Alice Cooperem a setkat se s n\u00edm osobn\u011b. Na konci roku 2025 budou k dispozici dva term\u00edny: jeden v Mnichov\u011b a jeden v USA. Upozorn\u011bn\u00ed: n\u00e1kup limitovan\u00e9 edice mus\u00ed b\u00fdt proveden do <strong>31. \u0159\u00edjna 2025<\/strong>.<\/p>\n<p>T77 \u0161pi\u010dkov\u00fd gramofon s \u0159em\u00ednkov\u00fdm pohonem a jedine\u010dn\u00fdm integrovan\u00fdm p\u0159edzesilova\u010dem pro MC p\u0159enosky. Integrace p\u0159edzesilova\u010de umo\u017e\u0148uje nejlep\u0161\u00ed a nejkrat\u0161\u00ed spojen\u00ed mezi sn\u00edma\u010dem a p\u0159edzesilova\u010dem, \u010d\u00edm\u017e zaji\u0161\u0165uje nejvy\u0161\u0161\u00ed kvalitu sign\u00e1lu. Pro zaji\u0161t\u011bn\u00ed nejlep\u0161\u00ed kvality zvuku je nezbytn\u00e1 absolutn\u00ed p\u0159esnost rychlosti. Za t\u00edmto \u00fa\u010delem je T77\u00a0 vybaven vysoce p\u0159esn\u00fdm elektronick\u00fdm syst\u00e9mem \u0159\u00edzen\u00ed rychlosti PLL pomoc\u00ed bezkontaktn\u00edho optick\u00e9ho senzoru.<\/p>\n<p>Rameno gramofonu je vyrobeno z vysoce kvalitn\u00edch kov\u016f a trubka ramene je vyrobena z uhl\u00edkov\u00fdch vl\u00e1ken. Vodi\u010d ramene je p\u0159ipojen p\u0159\u00edmo k p\u0159edzesilova\u010di pomoc\u00ed ru\u010dn\u00edho p\u00e1jen\u00ed.<\/p>\n<p>T77 je dod\u00e1v\u00e1n s vysoce kvalitn\u00ed moving coil (MC) p\u0159enoskou Ortofon Quintet Black S vybavenou hrotem z p\u0159\u00edrodn\u00edho diamantu s v\u00fdbrusem Shibata a saf\u00edrovou chv\u011bjkou, kter\u00fd je pova\u017eov\u00e1n za jeden z nejlep\u0161\u00edch dostupn\u00fdch profil\u016f hrot\u016f. \u0160t\u00edhl\u00fd, vysoce le\u0161t\u011bn\u00fd profil Shibata umo\u017e\u0148uje extr\u00e9mn\u011b \u0161irokou kontaktn\u00ed plochu se st\u011bnami dr\u00e1\u017eky, co\u017e zaji\u0161\u0165uje detailn\u00ed a \u010distou reprodukci v cel\u00e9m spektru, v\u010detn\u011b vysokofrekven\u010dn\u00edch informac\u00ed dr\u00e1\u017eky vinylu.<\/p>\n<p>Intuitivn\u00ed ovl\u00e1d\u00e1n\u00ed pomoc\u00ed exkluzivn\u011b navr\u017een\u00fdch a podsv\u00edcen\u00fdch kovov\u00fdch tla\u010d\u00edtek p\u0159\u00edmo na sklen\u011bn\u00e9 desce gramofonu.<\/p>\n<p>Tal\u00ed\u0159 gramofonu T77 je vyroben z \u010dern\u00e9ho POM (polyoxymethylenu), tak\u017ee nen\u00ed nutn\u00e1 \u017e\u00e1dn\u00e1 dal\u0161\u00ed podlo\u017eka.<\/p>\n<p>T77\u00a0 je vybaven symetrick\u00fdm v\u00fdstupem s konektory XLR a dod\u00e1vanou redukc\u00ed na RCA Cinch.<\/p>\n<p>Sou\u010d\u00e1st\u00ed dod\u00e1vky je i pr\u016fhledn\u00fd protiprachov\u00fd kryt z pevn\u00e9ho akryl\u00e1tov\u00e9ho skla, kter\u00fd chr\u00e1n\u00ed gramofon a lze jej tak\u00e9 snadno zcela sejmout.<\/p>\n<p>Pro ty, kte\u0159\u00ed hledaj\u00ed to nejlep\u0161\u00ed z obou sv\u011bt\u016f a n\u011bco skute\u010dn\u011b jedine\u010dn\u00e9ho \u2013 nesrovnatelnou kvalitu zvuku Revoxu a hudebn\u00ed kouzlo Alice Coopera \u2013 je Alice Cooper Limited Edition tou nejlep\u0161\u00ed volbou.<\/p>\n<p><strong>V\u00fdhody T77 Alice Cooper<\/strong><br \/>\n<strong>Audiofilsk\u00fd gramofon <br class=\"avia-permanent-lb\" \/>Exkluzivn\u00ed design <br class=\"avia-permanent-lb\" \/>Limitovan\u00e1 \u010d\u00edslovan\u00e1 edice 50 kus\u016f <br class=\"avia-permanent-lb\" \/>Podepsan\u00fd Alice Cooperem <br class=\"avia-permanent-lb\" \/>Setk\u00e1n\u00ed s Alice Cooperem<br class=\"avia-permanent-lb\" \/>\u0158em\u00ednkov\u00fd pohon<\/strong><br \/>\n<strong>Skute\u010dn\u00e1 studiov\u00e1 kvalita zvuku<\/strong><br \/>\n<strong>Velmi unik\u00e1tn\u00ed MC phono p\u0159edzesilova\u010d<\/strong><br \/>\n<strong>Elektronick\u00e1 regulace rychlosti pomoc\u00ed bezkontaktn\u00ed LED zp\u011btn\u00e9 vazby<\/strong><br \/>\n<strong>Ortofon Quintet Black S MC p\u0159enoska<\/strong><br \/>\n<strong>Rameno z kovu, trubka ramene z uhl\u00edkov\u00fdch vl\u00e1ken<\/strong><br \/>\n<strong>Ru\u010dn\u011b ovl\u00e1dan\u00e9 zved\u00e1n\u00ed ramena s olejov\u00fdmi tlumi\u010di <br class=\"avia-permanent-lb\" \/>Snadn\u00e9 ovl\u00e1d\u00e1n\u00ed kovov\u00fdmi tla\u010d\u00edtky<br class=\"avia-permanent-lb\" \/>Symetrick\u00fd v\u00fdstup XLR<\/strong><br \/>\n<strong>Pevn\u00fd ochrann\u00fd kryt z akryl\u00e1tov\u00e9ho skla<\/strong><br \/>\n<strong>Vyrobeno v N\u011bmecku<\/strong><\/p>\n<p>&nbsp;<\/p>\n","protected":false},"excerpt":{"rendered":"<p>Limitovan\u00e1 edice gramofonu Revox<\/p>\n","protected":false},"featured_media":43608,"comment_status":"open","ping_status":"closed","template":"","meta":[],"pwb-brand":[490],"product_brand":[],"product_cat":[102,584],"product_tag":[103,235,66],"class_list":{"0":"post-43607","1":"product","2":"type-product","3":"status-publish","4":"has-post-thumbnail","6":"pwb-brand-revox","7":"product_cat-gramofony","8":"product_cat-revox","9":"product_tag-gramofon","10":"product_tag-gramofonovy-predzesilovac","11":"product_tag-hi-fi","13":"first","14":"onbackorder","15":"taxable","16":"shipping-taxable","17":"purchasable","18":"product-type-simple"},"aioseo_notices":[],"jetpack_sharing_enabled":true,"brands":[{"id":490,"name":"REVOX","slug":"revox"}],"_links":{"self":[{"href":"https:\/\/www.altei.cz\/hifi\/wp-json\/wp\/v2\/product\/43607","targetHints":{"allow":["GET"]}}],"collection":[{"href":"https:\/\/www.altei.cz\/hifi\/wp-json\/wp\/v2\/product"}],"about":[{"href":"https:\/\/www.altei.cz\/hifi\/wp-json\/wp\/v2\/types\/product"}],"replies":[{"embeddable":true,"href":"https:\/\/www.altei.cz\/hifi\/wp-json\/wp\/v2\/comments?post=43607"}],"wp:featuredmedia":[{"embeddable":true,"href":"https:\/\/www.altei.cz\/hifi\/wp-json\/wp\/v2\/media\/43608"}],"wp:attachment":[{"href":"https:\/\/www.altei.cz\/hifi\/wp-json\/wp\/v2\/media?parent=43607"}],"wp:term":[{"taxonomy":"pwb-brand","embeddable":true,"href":"https:\/\/www.altei.cz\/hifi\/wp-json\/wp\/v2\/pwb-brand?post=43607"},{"taxonomy":"product_brand","embeddable":true,"href":"https:\/\/www.altei.cz\/hifi\/wp-json\/wp\/v2\/product_brand?post=43607"},{"taxonomy":"product_cat","embeddable":true,"href":"https:\/\/www.altei.cz\/hifi\/wp-json\/wp\/v2\/product_cat?post=43607"},{"taxonomy":"product_tag","embeddable":true,"href":"https:\/\/www.altei.cz\/hifi\/wp-json\/wp\/v2\/product_tag?post=43607"}],"curies":[{"name":"wp","href":"https:\/\/api.w.org\/{rel}","templated":true}]}}