{"id":43616,"date":"2025-10-20T11:50:54","date_gmt":"2025-10-20T09:50:54","guid":{"rendered":"https:\/\/www.altei.cz\/hifi\/?post_type=product&#038;p=43616"},"modified":"2026-04-01T15:47:50","modified_gmt":"2026-04-01T13:47:50","slug":"revox-b77-mkiii-alice-cooper","status":"publish","type":"product","link":"https:\/\/www.altei.cz\/hifi\/produkt\/revox-b77-mkiii-alice-cooper\/","title":{"rendered":"REVOX B77 MKIII Alice Cooper"},"content":{"rendered":"<p><strong>Nov\u00fd Revox B77 MKIII Alice Cooper Limited Edition tape recorder<br \/>\n<\/strong><\/p>\n<p>Ve speci\u00e1ln\u00ed spolupr\u00e1ci s Alicem Cooperem vyrobil Revox 25 mimo\u0159\u00e1dn\u00fdch p\u0159\u00edstroj\u016f B77 MK III v jedine\u010dn\u00e9m designu Alice Cooper. Ka\u017ed\u00fd kus je podeps\u00e1n a o\u010d\u00edslov\u00e1n samotn\u00fdm Alicem. V\u00fdjime\u010dn\u00fd design v kombinaci s vynikaj\u00edc\u00ed a oslavovanou zvukovou a technickou jedine\u010dnost\u00ed Revox B77 MK III.<\/p>\n<p>Exkluzivita t\u00e9to limitovan\u00e9 edice Alice Cooper B77 kombinuje zvukov\u00fd z\u00e1\u017eitek a estetick\u00fd dojem.<\/p>\n<p>Bal\u00ed\u010dek obsahuje exkluzivn\u00ed master p\u00e1s v nejvy\u0161\u0161\u00ed audiofiln\u00ed zvukov\u00e9 kvalit\u011b EP Alice Cooper: \u201eThe Sound of A\u201c (nen\u00ed k dispozici samostatn\u011b!), v\u010detn\u011b dosud nepublikovan\u00fdch fotografi\u00ed a odpov\u00eddaj\u00edc\u00ed pr\u00e1zdn\u00e9 c\u00edvky v designu The Sound of A. Sou\u010d\u00e1st\u00ed balen\u00ed jsou tak\u00e9 exkluzivn\u011b navr\u017een\u00e9 adapt\u00e9ry NAB.<\/p>\n<p>&nbsp;<\/p>\n<p>Pro ty, kte\u0159\u00ed hledaj\u00ed to nejlep\u0161\u00ed z obou sv\u011bt\u016f a n\u011bco skute\u010dn\u011b jedine\u010dn\u00e9ho \u2013 nesrovnatelnou kvalitu zvuku Revox a hudebn\u00ed kouzlo Alice Coopera \u2013 je limitovan\u00e1 edice Alice Cooper tou nejlep\u0161\u00ed volbou.<\/p>\n<p>S nov\u00fdm stereofonn\u00edm magnetofonem B77 MK III t\u00fdm v\u00fdvoj\u00e1\u0159\u016f spole\u010dnosti Revox p\u0159epracoval ikonick\u00fd produkt B77 a vylep\u0161il jej z\u00e1sadn\u00edmi inovacemi. Cel\u00e1 elektronika byla optimalizov\u00e1na s vyu\u017eit\u00edm sou\u010dasn\u00fdch komponent\u016f a simula\u010dn\u00edch mo\u017enost\u00ed, kter\u00e9 jsou dnes k dispozici. Osv\u011bd\u010den\u00e9 komponenty jsou i nad\u00e1le pou\u017e\u00edv\u00e1ny, jako nap\u0159\u00edklad vylep\u0161en\u00e9 origin\u00e1ln\u00ed zvukov\u00e9 hlavy Revox s v\u00fdrazn\u011b prodlou\u017eenou \u017eivotnost\u00ed a jedine\u010dn\u00e9 motory Revox. V\u0161echny nov\u00e9 detaily, jako nov\u00e9 zvukov\u00e9 obvody pro je\u0161t\u011b lep\u0161\u00ed reprodukci zvuku a kvalitu nahr\u00e1v\u00e1n\u00ed,<br \/>\nprecizn\u011b vyroben\u00e9, vysoce kvalitn\u00ed zvukov\u00e9 hlavy, p\u0159\u00edtla\u010dn\u00fd v\u00e1le\u010dek, digit\u00e1ln\u00ed po\u010d\u00edtadlo, mo\u017enost p\u0159ehr\u00e1v\u00e1n\u00ed v\u0161ech b\u011b\u017en\u00fdch standard\u016f magnetick\u00fdch p\u00e1s\u016f, XLR symetrick\u00fd vstup\/v\u00fdstup a rozmanit\u00e9 mo\u017enosti p\u0159ipojen\u00ed i voliteln\u00e9 mo\u017enosti roz\u0161\u00ed\u0159en\u00ed byly zdokonaleny\u00a0 v\u00fdvoj\u00e1\u0159i, techniky a design\u00e9ry Revox. <a href=\"https:\/\/revox.com\/europe\/tape-recorder\/285\/b77-mk-iii-stereo-tape-recorder?c=254\" target=\"_blank\" rel=\"noopener\">B77 MK III<\/a> se vyr\u00e1b\u00ed v tov\u00e1rn\u011b Revox v n\u011bmeck\u00e9m Villingenu.<\/p>\n<p><strong>Vyrobeno pro v\u011b\u010dnost<\/strong><\/p>\n<p>Stejn\u011b jako jeho p\u0159edch\u016fdci je i nov\u00fd model B77 MK III vyroben podle nejvy\u0161\u0161\u00edch standard\u016f kvality jako audiofiln\u00ed mistrovsk\u00e9 d\u00edlo a vizu\u00e1ln\u00ed um\u011bleck\u00fd p\u0159edm\u011bt a jako \u017e\u00e1dn\u00fd jin\u00fd audio produkt se vyzna\u010duje prokazatelnou udr\u017eitelnost\u00ed. Vysok\u00e1 \u00farove\u0148 v\u00fdroby a kontroly kvality vy\u017eadovan\u00e1 pro model B77 MK III znamen\u00e1, \u017ee za m\u011bs\u00edc lze vyrobit maxim\u00e1ln\u011b 20 kus\u016f.<\/p>\n<p>Revox B77 je skute\u010dnou ikonou ve sv\u011bt\u011b audio techniky. Je zn\u00e1m\u00fd a oce\u0148ovan\u00fd pro svou vynikaj\u00edc\u00ed reprodukci zvuku a vysoce kvalitn\u00ed, odolnou konstrukci a stanovuje standardy pro analogovou audiofilskou dokonalost. Jako produkt Revox reprodukuje hudbu p\u0159esn\u011b tak, jak ji um\u011blci nahr\u00e1li ve studiu.<\/p>\n<p><strong>V\u00fdhody B77 MKIII<\/strong><br \/>\n<strong>Studiov\u00e1 zvukov\u00e1 kvalita<\/strong><br \/>\n<strong>Origin\u00e1ln\u00ed Revox motory<\/strong><br \/>\n<strong>Speci\u00e1ln\u00ed t\u00f3nov\u00e1 osa a nov\u00e1 p\u0159\u00edtla\u010dn\u00e1 kladka s dvojit\u00fdm kuli\u010dkov\u00fdm lo\u017eiskem<\/strong><br \/>\n<strong>Vylep\u0161en\u00e9 origin\u00e1ln\u00ed magnetofonov\u00e9 hlavy Revox<\/strong><br \/>\n<strong>Analogov\u00fd z\u00e1\u017eitek z hudby<\/strong><br \/>\n<strong>Digit\u00e1ln\u00ed po\u010d\u00edtadlo<\/strong><br \/>\n<strong>P\u0159ep\u00edn\u00e1n\u00ed CCIR\/NAB ekvalizace<\/strong><br \/>\n<strong>Symetrick\u00fd vstup\/v\u00fdstup XLR<\/strong><br \/>\n<strong>Mo\u017enost zm\u011bny z\u00e1znamov\u00e9ho toku a p\u0159edmagnetizace b\u011bhem nahr\u00e1v\u00e1n\u00ed<\/strong><br \/>\n<strong>P\u0159ipojen\u00ed sluch\u00e1tek s DC vazbou, bipol\u00e1rn\u00ed<\/strong><br \/>\n<strong>\u010cist\u011b logick\u00e9 ovl\u00e1d\u00e1n\u00ed bez po\u010d\u00edta\u010d\u016f, softwaru nebo dotykov\u00e9 obrazovky zaru\u010duje udr\u017eitelnost a des\u00edtky let servisovatelnosti<\/strong><\/p>\n<p><strong>Vytvo\u0159eno pro v\u00fdjime\u010dn\u00e9<\/strong><\/p>\n<p>S modelem B77 MK III v\u00fdvojov\u00fd t\u00fdm Revox op\u011bt v\u00fdrazn\u011b posunul hranice mo\u017enost\u00ed analogov\u00e9 audio technologie.<\/p>\n<p>Nov\u00fd Revox B77 je proto jedine\u010dn\u00fd a vytvo\u0159en\u00fd pro ty, kte\u0159\u00ed hledaj\u00ed to nejlep\u0161\u00ed a spol\u00e9haj\u00ed se proto na nesrovnatelnou kvalitu zvuku a zpracov\u00e1n\u00ed Revox!<\/p>\n<p>Jedine\u010dn\u00fd hudebn\u00ed z\u00e1\u017eitek je d\u00edky perfektn\u011b slad\u011bn\u00e9mu modelu B77 MK III a analogov\u00fdm master p\u00e1s\u016fm Revox pov\u00fd\u0161en na zcela novou \u00farove\u0148.<\/p>\n<p>Nezbytnost pro ka\u017ed\u00e9ho milovn\u00edka hudby, kter\u00fd chce za\u017e\u00edt nejlep\u0161\u00ed mo\u017enou kvalitu hudby doma.<\/p>\n<p>Na za\u0159\u00edzen\u00ed se vztahuje 2let\u00e1 z\u00e1ruka.<\/p>\n<p>Dod\u00e1v\u00e1 se v po\u0159ad\u00ed, v jak\u00e9m byly objedn\u00e1vky p\u0159ijaty.<\/p>\n<p>Na produktov\u00fdch foto je obsa\u017eena p\u0159\u00edplatkov\u00e1 v\u00fdbava (\u010dern\u00e9 <a title=\"RVX-NAB-B\" href=\"https:\/\/www.altei.cz\/hifi\/produkt\/rvx-nab-b\/\" target=\"_blank\" rel=\"noopener\">REVOX kotou\u010de<\/a> a <a title=\"RVX-NAB-PRO\" href=\"https:\/\/www.altei.cz\/hifi\/produkt\/rvx-nab-pro\/\" target=\"_blank\" rel=\"noopener\">NAB profi adapt\u00e9ry<\/a>), kter\u00e1 je k dispozici za p\u0159\u00edplatek. (nen\u00ed sou\u010d\u00e1st\u00ed dod\u00e1vky)<\/p>\n<p><strong>Dokonal\u00e1 souhra<\/strong><\/p>\n<p>Revox p\u0159edstavuje nov\u00fd model Revox B77 MK III a z\u00e1rove\u0148 svou novou vlastn\u00ed kolekci analogov\u00fdch master p\u00e1s\u016f Revox Analog Master Tapes Collection.<\/p>\n","protected":false},"excerpt":{"rendered":"<p>Limitovan\u00e1 edice magnetofonu REVOX<\/p>\n","protected":false},"featured_media":43617,"comment_status":"open","ping_status":"closed","template":"","meta":[],"pwb-brand":[490],"product_brand":[],"product_cat":[585,584],"product_tag":[66,586,587,588],"class_list":{"0":"post-43616","1":"product","2":"type-product","3":"status-publish","4":"has-post-thumbnail","6":"pwb-brand-revox","7":"product_cat-magnetofon","8":"product_cat-revox","9":"product_tag-hi-fi","10":"product_tag-magnetofon","11":"product_tag-mgf-1-4","12":"product_tag-tape-deck","14":"first","15":"onbackorder","16":"taxable","17":"shipping-taxable","18":"purchasable","19":"product-type-simple"},"aioseo_notices":[],"jetpack_sharing_enabled":true,"brands":[{"id":490,"name":"REVOX","slug":"revox"}],"_links":{"self":[{"href":"https:\/\/www.altei.cz\/hifi\/wp-json\/wp\/v2\/product\/43616","targetHints":{"allow":["GET"]}}],"collection":[{"href":"https:\/\/www.altei.cz\/hifi\/wp-json\/wp\/v2\/product"}],"about":[{"href":"https:\/\/www.altei.cz\/hifi\/wp-json\/wp\/v2\/types\/product"}],"replies":[{"embeddable":true,"href":"https:\/\/www.altei.cz\/hifi\/wp-json\/wp\/v2\/comments?post=43616"}],"wp:featuredmedia":[{"embeddable":true,"href":"https:\/\/www.altei.cz\/hifi\/wp-json\/wp\/v2\/media\/43617"}],"wp:attachment":[{"href":"https:\/\/www.altei.cz\/hifi\/wp-json\/wp\/v2\/media?parent=43616"}],"wp:term":[{"taxonomy":"pwb-brand","embeddable":true,"href":"https:\/\/www.altei.cz\/hifi\/wp-json\/wp\/v2\/pwb-brand?post=43616"},{"taxonomy":"product_brand","embeddable":true,"href":"https:\/\/www.altei.cz\/hifi\/wp-json\/wp\/v2\/product_brand?post=43616"},{"taxonomy":"product_cat","embeddable":true,"href":"https:\/\/www.altei.cz\/hifi\/wp-json\/wp\/v2\/product_cat?post=43616"},{"taxonomy":"product_tag","embeddable":true,"href":"https:\/\/www.altei.cz\/hifi\/wp-json\/wp\/v2\/product_tag?post=43616"}],"curies":[{"name":"wp","href":"https:\/\/api.w.org\/{rel}","templated":true}]}}