{"id":43643,"date":"2025-10-21T11:39:51","date_gmt":"2025-10-21T09:39:51","guid":{"rendered":"https:\/\/www.altei.cz\/hifi\/?post_type=product&#038;p=43643"},"modified":"2025-12-05T17:43:39","modified_gmt":"2025-12-05T16:43:39","slug":"revox-a200-studiomaster-black","status":"publish","type":"product","link":"https:\/\/www.altei.cz\/hifi\/produkt\/revox-a200-studiomaster-black\/","title":{"rendered":"Revox A200 Studiomaster"},"content":{"rendered":"<p>Revox A200 Studiomaster aktivn\u00ed reprosoustava s integrovanou technologi\u00ed bass reflex. Jednoduch\u00e9 ovl\u00e1d\u00e1n\u00ed na p\u0159\u00edmo na p\u0159\u00edstroji a prost\u0159ednictv\u00edm aplikace Revox Multiuser. Mo\u017en\u00fd provoz na baterie i ze s\u00edt\u011b. Se softwarem Multiuser 3.0. Barva \u010dern\u00e1.<\/p>\n<p>&nbsp;<\/p>\n<p>Nov\u00fd STUDIOMASTER A200 nab\u00edz\u00ed skute\u010dnou studiovou kvalitu zvuku pro p\u016fsobiv\u00fd poslechov\u00fd z\u00e1\u017eitek. D\u00edky integrovan\u00e9 technologii bass reflexu zaujme tak\u00e9 bohat\u00fdm zvukem v n\u00edzkofrekven\u010dn\u00edm rozsahu.<br \/>\nSnadn\u00e9 ovl\u00e1d\u00e1n\u00ed \u2013 p\u0159\u00edmo na za\u0159\u00edzen\u00ed i p\u0159es aplikaci Revox. Ovl\u00e1dac\u00ed panel a integrovan\u00fd displej umo\u017e\u0148uj\u00ed kdykoli ovl\u00e1dat a p\u0159istupovat k r\u016fzn\u00fdm zdroj\u016fm hudby a osobn\u00edm obl\u00edben\u00fdm polo\u017ek\u00e1m.<br \/>\nReproduktor lze pou\u017e\u00edvat v bateriov\u00e9m nebo s\u00ed\u0165ov\u00e9m provozu. Je vybaven softwarem Revox Multiuser 3.0, a proto jej lze integrovat do \u0159e\u0161en\u00ed multiuser | multiroom audio pro n\u011bkolik m\u00edstnost\u00ed \u2013 jednodu\u0161e p\u0159es LAN nebo WiFi.<\/p>\n<p><strong>Kompaktn\u00ed aktivn\u00ed reproduktor pro interi\u00e9r i na cesty<\/strong><br \/>\n<strong>Skute\u010dn\u00e1 studiov\u00e1 kvalita zvuku<\/strong><br \/>\n<strong>Streamov\u00e1n\u00ed p\u0159es WiFi, Bluetooth, LAN a AirPlay 2<\/strong><br \/>\n<strong>Snadn\u00e9 ovl\u00e1d\u00e1n\u00ed na za\u0159\u00edzen\u00ed nebo p\u0159es aplikaci Revox<\/strong><br \/>\n<strong>Integrovan\u00fd displej<\/strong><br \/>\n<strong>Rychl\u00fd p\u0159\u00edstup a snadn\u00e9 ovl\u00e1d\u00e1n\u00ed hudebn\u00edch zdroj\u016f na za\u0159\u00edzen\u00ed<\/strong><br \/>\n<strong>Stereo \u0159e\u0161en\u00ed s dal\u0161\u00edm A200 nebo STUDIOART P100<\/strong><br \/>\n<strong>Integrace do audio \u0159e\u0161en\u00ed pro v\u00edce u\u017eivatel\u016f 3.0<\/strong><br \/>\n<strong>Mo\u017enost provozu na baterii i ze s\u00edt\u011b<\/strong><\/p>\n<p><strong>\u00a0<\/strong><\/p>\n","protected":false},"excerpt":{"rendered":"<p>Aktivn\u00ed streamovac\u00ed reprosoustava<\/p>\n","protected":false},"featured_media":43647,"comment_status":"open","ping_status":"closed","template":"","meta":[],"pwb-brand":[490],"product_brand":[],"product_cat":[465,22,584,25],"product_tag":[46,66,69],"class_list":{"0":"post-43643","1":"product","2":"type-product","3":"status-publish","4":"has-post-thumbnail","6":"pwb-brand-revox","7":"product_cat-bluetooth","8":"product_cat-high-end-audio","9":"product_cat-revox","10":"product_cat-streamovaci-prehravace","11":"product_tag-bluetooth","12":"product_tag-hi-fi","13":"product_tag-zesilovac","15":"first","16":"instock","17":"taxable","18":"shipping-taxable","19":"purchasable","20":"product-type-simple"},"aioseo_notices":[],"jetpack_sharing_enabled":true,"brands":[{"id":490,"name":"REVOX","slug":"revox"}],"_links":{"self":[{"href":"https:\/\/www.altei.cz\/hifi\/wp-json\/wp\/v2\/product\/43643","targetHints":{"allow":["GET"]}}],"collection":[{"href":"https:\/\/www.altei.cz\/hifi\/wp-json\/wp\/v2\/product"}],"about":[{"href":"https:\/\/www.altei.cz\/hifi\/wp-json\/wp\/v2\/types\/product"}],"replies":[{"embeddable":true,"href":"https:\/\/www.altei.cz\/hifi\/wp-json\/wp\/v2\/comments?post=43643"}],"wp:featuredmedia":[{"embeddable":true,"href":"https:\/\/www.altei.cz\/hifi\/wp-json\/wp\/v2\/media\/43647"}],"wp:attachment":[{"href":"https:\/\/www.altei.cz\/hifi\/wp-json\/wp\/v2\/media?parent=43643"}],"wp:term":[{"taxonomy":"pwb-brand","embeddable":true,"href":"https:\/\/www.altei.cz\/hifi\/wp-json\/wp\/v2\/pwb-brand?post=43643"},{"taxonomy":"product_brand","embeddable":true,"href":"https:\/\/www.altei.cz\/hifi\/wp-json\/wp\/v2\/product_brand?post=43643"},{"taxonomy":"product_cat","embeddable":true,"href":"https:\/\/www.altei.cz\/hifi\/wp-json\/wp\/v2\/product_cat?post=43643"},{"taxonomy":"product_tag","embeddable":true,"href":"https:\/\/www.altei.cz\/hifi\/wp-json\/wp\/v2\/product_tag?post=43643"}],"curies":[{"name":"wp","href":"https:\/\/api.w.org\/{rel}","templated":true}]}}