{"id":43716,"date":"2025-12-05T17:43:51","date_gmt":"2025-12-05T16:43:51","guid":{"rendered":"https:\/\/www.altei.cz\/hifi\/?post_type=product&#038;p=43716"},"modified":"2025-12-05T17:48:46","modified_gmt":"2025-12-05T16:48:46","slug":"revox-p100-studioart-cerna","status":"publish","type":"product","link":"https:\/\/www.altei.cz\/hifi\/produkt\/revox-p100-studioart-cerna\/","title":{"rendered":"Revox P100 Studioart \u010dern\u00e1"},"content":{"rendered":"<p><strong>Revox P100 Studioart Speaker<\/strong><br \/>\nPasivn\u00ed reproduktor ur\u010den\u00fd pro spolupr\u00e1ci s REVOX A200 a A100 aktivn\u00edmi syst\u00e9my. Barva \u010dern\u00e1<\/p>\n<p>&nbsp;<\/p>\n<p><strong>Pro prvot\u0159\u00eddn\u00ed stereofonn\u00ed zvuk<\/strong><\/p>\n<p>Reproduktor P100 Room Speaker je na m\u00edru \u0161it\u00fdm a kabelov\u00fdm dopl\u0148kem k aktivn\u00edm reproduktor\u016fm Revox A200 nebo A100 (lze provozovat pouze ve spojen\u00ed s t\u011bmito reproduktory). Jako vynikaj\u00edc\u00ed pasivn\u00ed reproduktor STUDIOART P100 r\u00e1d hraje nahlas a obohacuje v\u00e1\u0161 zvukov\u00fd sv\u011bt o dokonal\u00fd stereofonn\u00ed z\u00e1\u017eitek. Samoz\u0159ejm\u011b ve stejn\u00e9m elegantn\u00edm designu a ve stejn\u00e9 kvalit\u011b zpracov\u00e1n\u00ed jako modely A200 a A100.<\/p>\n<p>&nbsp;<\/p>\n<p><strong>Kompaktn\u00ed pasivn\u00ed reproduktor<\/strong><\/p>\n<p><strong>\u00a0<\/strong><\/p>\n","protected":false},"excerpt":{"rendered":"<p>Pasivn\u00ed reprosoustava<\/p>\n","protected":false},"featured_media":43717,"comment_status":"open","ping_status":"closed","template":"","meta":[],"pwb-brand":[490],"product_brand":[],"product_cat":[465,22,82,584,25],"product_tag":[264],"class_list":{"0":"post-43716","1":"product","2":"type-product","3":"status-publish","4":"has-post-thumbnail","6":"pwb-brand-revox","7":"product_cat-bluetooth","8":"product_cat-high-end-audio","9":"product_cat-reprosoustavy","10":"product_cat-revox","11":"product_cat-streamovaci-prehravace","12":"product_tag-reprosoustava","13":"product_shipping_class-z-5-kg","15":"first","16":"instock","17":"taxable","18":"shipping-taxable","19":"purchasable","20":"product-type-simple"},"aioseo_notices":[],"jetpack_sharing_enabled":true,"brands":[{"id":490,"name":"REVOX","slug":"revox"}],"_links":{"self":[{"href":"https:\/\/www.altei.cz\/hifi\/wp-json\/wp\/v2\/product\/43716","targetHints":{"allow":["GET"]}}],"collection":[{"href":"https:\/\/www.altei.cz\/hifi\/wp-json\/wp\/v2\/product"}],"about":[{"href":"https:\/\/www.altei.cz\/hifi\/wp-json\/wp\/v2\/types\/product"}],"replies":[{"embeddable":true,"href":"https:\/\/www.altei.cz\/hifi\/wp-json\/wp\/v2\/comments?post=43716"}],"wp:featuredmedia":[{"embeddable":true,"href":"https:\/\/www.altei.cz\/hifi\/wp-json\/wp\/v2\/media\/43717"}],"wp:attachment":[{"href":"https:\/\/www.altei.cz\/hifi\/wp-json\/wp\/v2\/media?parent=43716"}],"wp:term":[{"taxonomy":"pwb-brand","embeddable":true,"href":"https:\/\/www.altei.cz\/hifi\/wp-json\/wp\/v2\/pwb-brand?post=43716"},{"taxonomy":"product_brand","embeddable":true,"href":"https:\/\/www.altei.cz\/hifi\/wp-json\/wp\/v2\/product_brand?post=43716"},{"taxonomy":"product_cat","embeddable":true,"href":"https:\/\/www.altei.cz\/hifi\/wp-json\/wp\/v2\/product_cat?post=43716"},{"taxonomy":"product_tag","embeddable":true,"href":"https:\/\/www.altei.cz\/hifi\/wp-json\/wp\/v2\/product_tag?post=43716"}],"curies":[{"name":"wp","href":"https:\/\/api.w.org\/{rel}","templated":true}]}}