{"id":43789,"date":"2026-01-16T09:23:36","date_gmt":"2026-01-16T08:23:36","guid":{"rendered":"https:\/\/www.altei.cz\/hifi\/?post_type=product&#038;p=43789"},"modified":"2026-01-16T10:39:38","modified_gmt":"2026-01-16T09:39:38","slug":"r50-bloom-vx-h","status":"publish","type":"product","link":"https:\/\/www.altei.cz\/hifi\/produkt\/r50-bloom-vx-h\/","title":{"rendered":"R50 BLOOM VX H"},"content":{"rendered":"<p>ZYX R50 Bloom VX MC (Moving Coil) p\u0159enoska s vysokou v\u00fdstupn\u00ed \u00farovn\u00ed je sice z\u00e1kladn\u00edm modelem ZYX, ale jej\u00ed v\u00fdkon je v\u0161echno, jen ne z\u00e1kladn\u00ed. Tato \u00fa\u017easn\u00e1 gramofonov\u00e1 p\u0159enoska se zam\u011b\u0159uje na muzik\u00e1lnost. Je neutr\u00e1ln\u00ed, ale m\u00e1 skute\u010dnou autoritu bas\u016f se spoustou textur a informac\u00ed na n\u00edzk\u00fdch \u00farovn\u00edch a nab\u00eddne velkou expanzivn\u00ed zvukovou sc\u00e9nu plnou detail\u016f. Je tak\u00e9 pozoruhodn\u011b kultivovan\u00e1 a hladk\u00e1 ve sv\u00e9m pod\u00e1n\u00ed, zejm\u00e9na na vy\u0161\u0161\u00edch frekvenc\u00edch, kde mnoho jin\u00fdch zv\u00fdraz\u0148uje sv\u00e9 nedostatky. Prost\u011b \u0161pi\u010dkov\u00e1 MC p\u0159enoska ve sv\u00e9 cenov\u00e9 kategorii.<\/p>\n<p><strong>Speci\u00e1ln\u00ed tuh\u00e1 \u010dern\u00e1 AlMg chv\u011bjka<\/strong><br \/>\nZa norm\u00e1ln\u00edch okolnost\u00ed je zvuk hlin\u00edku velmi p\u0159irozen\u00fd, ale nedok\u00e1\u017ee dokonale p\u0159en\u00e1\u0161et vysok\u00e9 frekvence. Aby bylo dosa\u017eeno jak charakteristick\u00e9ho p\u0159irozen\u00e9ho zvuku, tak reprodukce v \u0161irok\u00e9m rozsahu, je model R50 Bloom VX poprv\u00e9 vybaven nov\u011b vyvinutou tuhou hlin\u00edkovou chv\u011bjkou ze slitiny AlMg5.<\/p>\n<p><strong>T\u011blo p\u0159enosky pro REAL STEREO<\/strong><br \/>\nKonstrukce gramofonov\u00e9 p\u0159enosky klade velmi komplexn\u00ed n\u00e1roky na elektrick\u00e9 vlastnosti t\u011bla. Nekovov\u00e9 t\u011blo je nezbytn\u00e9 k dosa\u017een\u00ed t\u011bchto vlastnost\u00ed a k zabr\u00e1n\u011bn\u00ed vlivu vn\u011bj\u0161\u00edch ru\u0161iv\u00fdch vliv\u016f na syst\u00e9m gener\u00e1toru a tak\u00e9 zabra\u0148uje tomu, aby v\u00ed\u0159iv\u00e9 proudy v t\u011ble p\u0159enosky ovliv\u0148ovaly v\u00fdstupn\u00ed sign\u00e1l gener\u00e1toru. P\u0159i objedn\u00e1vce je mo\u017eno vybavit desti\u010dkami TB (c\u00edn) nebo SB (st\u0159\u00edbro) a upravit tak celkovou hmotnost a dal\u0161\u00ed vlastnosti p\u0159enosky.<\/p>\n<p><strong>Hrot<\/strong><br \/>\nHrot pou\u017eit\u00fd v R50 Bloom VX se vyzna\u010duje line\u00e1rn\u00edm kontaktem, kter\u00fd dok\u00e1\u017ee p\u0159ehr\u00e1vat frekvence vy\u0161\u0161\u00ed ne\u017e 40 kHz. Hrot m\u00e1 hrany diamantov\u00e9ho d\u0159\u00edku nastaven\u00e9 rovnob\u011b\u017en\u011b s boky p\u0159enosky. P\u0159i pou\u017eit\u00ed tohoto typu hrotu je nejtvrd\u0161\u00ed osa krystalu zarovn\u00e1na tak, aby fungovala jako kontaktn\u00ed bod s dr\u00e1\u017ekou z\u00e1znamu. To zaji\u0161\u0165uje stabiln\u00ed a hladk\u00fd kontakt s vinylem a produkuje velmi jemn\u00fd zvuk a je\u0161t\u011b se t\u00edm prodlu\u017euje \u017eivotnost hrotu.<\/p>\n<p><strong>Ultimate VX engine<\/strong><br \/>\nSuperrychl\u00fd reproduk\u010dn\u00ed zdroj (magnetick\u00fd obvod). Tento obvod je speci\u00e1ln\u011b navr\u017een, aby anuloval magnetick\u00fd odpor v magnetick\u00e9 meze\u0159e a umo\u017enil vysokorychlostn\u00ed generov\u00e1n\u00ed sign\u00e1lu v cel\u00e9 \u0161\u00ed\u0159ce p\u00e1sma bez \u010dasov\u00e9ho zpo\u017ed\u011bn\u00ed. Ultimate VX engine unik\u00e1tn\u00edm zp\u016fsobem eliminuje v\u00ed\u0159iv\u00e9 magnetick\u00e9 proudy, kter\u00e9 zp\u016fsobuj\u00ed prim\u00e1rn\u00ed zkreslen\u00ed v magnetick\u00fdch obvodech MC p\u0159enosek.<\/p>\n","protected":false},"excerpt":{"rendered":"<h4>&#8222;Real Stereo&#8220; syst\u00e9m, Ultimate VX Engine, diamantov\u00fd line\u00e1rn\u00ed hrot, v\u00fdstupn\u00ed \u00farove\u0148 0,48mV<\/h4>\n","protected":false},"featured_media":43536,"comment_status":"closed","ping_status":"closed","template":"","meta":[],"pwb-brand":[156],"product_brand":[],"product_cat":[157,158],"product_tag":[103,66,160,159],"class_list":{"0":"post-43789","1":"product","2":"type-product","3":"status-publish","4":"has-post-thumbnail","6":"pwb-brand-zyx","7":"product_cat-gramofonove-prenosky","8":"product_cat-zyx","9":"product_tag-gramofon","10":"product_tag-hi-fi","11":"product_tag-mc-prenoska","12":"product_tag-prenoska","14":"first","15":"onbackorder","16":"taxable","17":"shipping-taxable","18":"purchasable","19":"product-type-simple"},"aioseo_notices":[],"jetpack_sharing_enabled":true,"brands":[{"id":156,"name":"ZYX","slug":"zyx"}],"_links":{"self":[{"href":"https:\/\/www.altei.cz\/hifi\/wp-json\/wp\/v2\/product\/43789","targetHints":{"allow":["GET"]}}],"collection":[{"href":"https:\/\/www.altei.cz\/hifi\/wp-json\/wp\/v2\/product"}],"about":[{"href":"https:\/\/www.altei.cz\/hifi\/wp-json\/wp\/v2\/types\/product"}],"replies":[{"embeddable":true,"href":"https:\/\/www.altei.cz\/hifi\/wp-json\/wp\/v2\/comments?post=43789"}],"wp:featuredmedia":[{"embeddable":true,"href":"https:\/\/www.altei.cz\/hifi\/wp-json\/wp\/v2\/media\/43536"}],"wp:attachment":[{"href":"https:\/\/www.altei.cz\/hifi\/wp-json\/wp\/v2\/media?parent=43789"}],"wp:term":[{"taxonomy":"pwb-brand","embeddable":true,"href":"https:\/\/www.altei.cz\/hifi\/wp-json\/wp\/v2\/pwb-brand?post=43789"},{"taxonomy":"product_brand","embeddable":true,"href":"https:\/\/www.altei.cz\/hifi\/wp-json\/wp\/v2\/product_brand?post=43789"},{"taxonomy":"product_cat","embeddable":true,"href":"https:\/\/www.altei.cz\/hifi\/wp-json\/wp\/v2\/product_cat?post=43789"},{"taxonomy":"product_tag","embeddable":true,"href":"https:\/\/www.altei.cz\/hifi\/wp-json\/wp\/v2\/product_tag?post=43789"}],"curies":[{"name":"wp","href":"https:\/\/api.w.org\/{rel}","templated":true}]}}