{"id":43814,"date":"2026-01-16T20:04:43","date_gmt":"2026-01-16T19:04:43","guid":{"rendered":"https:\/\/www.altei.cz\/hifi\/?post_type=product&#038;p=43814"},"modified":"2026-02-17T20:15:24","modified_gmt":"2026-02-17T19:15:24","slug":"zyx-ultimate-vx-omega-xx","status":"publish","type":"product","link":"https:\/\/www.altei.cz\/hifi\/produkt\/zyx-ultimate-vx-omega-xx\/","title":{"rendered":"ZYX ULTIMATE VX OMEGA XX"},"content":{"rendered":"<p>ZYX ULTIMATE VX OMEGA XX je MC &#8222;Real Stereo&#8220; syst\u00e9m Ultimate VX engine (eliminace v\u00ed\u0159\u00edv\u00fdch magnetick\u00fdch proud\u016f), chv\u011bjka z uhl\u00edkov\u00fdch vl\u00e1ken, dvojit\u00e9 pouzdro pro potla\u010den\u00ed rezonanc\u00ed, diamantov\u00fd line\u00e1rn\u00ed hrot &#8222;Micro Ridge&#8220; 3 x 60 \u00b5m s dlouhou \u017eivotnost\u00ed, vinut\u00ed z \u010dist\u00e9 5N m\u011bdi, v\u00fdstupn\u00ed \u00farove\u0148 0,24mV (L)<\/p>\n<p><strong>Ultimate VX engine<br \/>\n<\/strong>Superrychl\u00fd reproduk\u010dn\u00ed zdroj (magnetick\u00fd obvod). Tento obvod je speci\u00e1ln\u011b navr\u017een, aby anuloval magnetick\u00fd odpor v magnetick\u00e9 meze\u0159e a umo\u017enil vysokorychlostn\u00ed generov\u00e1n\u00ed sign\u00e1lu v cel\u00e9 \u0161\u00ed\u0159ce p\u00e1sma bez \u010dasov\u00e9ho zpo\u017ed\u011bn\u00ed. Ultimate VX engine unik\u00e1tn\u00edm zp\u016fsobem eliminuje v\u00ed\u0159iv\u00e9 magnetick\u00e9 proudy, kter\u00e9 zp\u016fsobuj\u00ed prim\u00e1rn\u00ed zkreslen\u00ed v magnetick\u00fdch obvodech MC p\u0159enosek.<\/p>\n<div class=\"\">Zjednodu\u0161en\u011b lze gramop\u0159enosku popsat jako druh za\u0159\u00edzen\u00ed, kter\u00e9 p\u0159ev\u00e1d\u00ed energii z jedn\u00e9 formy na jinou. Indukuje proud, kter\u00fd je \u00fam\u011brn\u00fd rychlosti vibrac\u00ed v c\u00edvce. Ta je uspo\u0159\u00e1d\u00e1na ve sm\u011bru kolm\u00e9m (nastaven\u00e9m na 90 stup\u0148\u016f) k linii magnetick\u00e9ho pole mechanick\u00fdmi pohyby, kter\u00e9 vytv\u00e1\u0159\u00ed hrot sleduj\u00edc\u00ed dr\u00e1\u017eku gramofonov\u00e9 desky. T\u00edm se vytv\u00e1\u0159\u00ed a p\u0159en\u00e1\u0161\u00ed zvukov\u00fd sign\u00e1l. Lze ji tedy nazvat m\u011bni\u010dem.<\/div>\n<div class=\"\">Pro v\u011brnou a kvalitn\u00ed reprodukci je nesm\u00edrn\u011b d\u016fle\u017eit\u00e9, aby hustota magnetick\u00e9ho toku v magnetick\u00e9m poli (v m\u00edst\u011b, kde se nach\u00e1z\u00ed c\u00edvka) byla rovnom\u011brn\u00e1.<\/div>\n<div class=\"\">V p\u0159\u00edpad\u011b MC p\u0159enosek s pohyblivou c\u00edvkou, kter\u00e9 se v sou\u010dasn\u00e9 dob\u011b hojn\u011b pou\u017e\u00edvaj\u00ed, je c\u00edvka vyrobena z materi\u00e1lu, kter\u00fd m\u00e1 vysokou magnetickou propustnost a dobr\u00e9 vysokofrekven\u010dn\u00ed vlastnosti. To znamen\u00e1, \u017ee c\u00edvka je vysoce citliv\u00e1 a reaguje na p\u016fsob\u00edc\u00ed magnetick\u00e9 pole. V\u00fdsledkem je, \u017ee tento typ c\u00edvky poskytuje \u0161estkr\u00e1t vy\u0161\u0161\u00ed sign\u00e1l ne\u017e nemagnetick\u00e1 c\u00edvka. Proto lze sn\u00ed\u017eit po\u010det z\u00e1vit\u016f c\u00edvky a sn\u00ed\u017eit celkovou hmotnost vibra\u010dn\u00edho syst\u00e9mu, co\u017e umo\u017e\u0148uje \u0161irokop\u00e1smovou reprodukci.<\/div>\n<div class=\"\">Je t\u0159eba poznamenat, \u017ee p\u0159i pou\u017eit\u00ed magnetick\u00e9 c\u00edvky m\u016f\u017ee b\u00fdt magnetick\u00e9 pole a hustota magnetick\u00e9ho toku, kter\u00e9 by m\u011bly b\u00fdt rovnom\u011brn\u00e9, naru\u0161eny vlastn\u00edmi vibracemi c\u00edvky. Je to proto, \u017ee dv\u011b c\u00edvky pou\u017eit\u00e9 pro stereofonn\u00ed reprodukci generuj\u00ed sign\u00e1ly lev\u00e9ho a prav\u00e9ho kan\u00e1lu v naru\u0161en\u00e9m magnetick\u00e9m poli. Proto\u017ee jsou c\u00edvky lev\u00e9ho a prav\u00e9ho kan\u00e1lu uspo\u0159\u00e1d\u00e1ny tak, \u017ee vinut\u00ed jsou posunuta o 45 stup\u0148\u016f od svisl\u00e9 osy, jsou polohy zemn\u00edc\u00edch svorek t\u011bchto c\u00edvek um\u00edst\u011bny v r\u016fzn\u00fdch bodech, odd\u011blen\u00fdch d\u00e9lkou c\u00edvky. V d\u016fsledku t\u00e9to podm\u00ednky jsou lev\u00fd a prav\u00fd zvukov\u00fd sign\u00e1l generov\u00e1ny ve dvou r\u016fzn\u00fdch naru\u0161en\u00fdch magnetick\u00fdch pol\u00edch.<\/div>\n<div class=\"\">Pro odstran\u011bn\u00ed tohoto jevu je nutn\u00e9 um\u00edstit levou i pravou zemnic\u00ed svorku do stejn\u00e9ho magnetick\u00e9ho pole. V\u00fdsledkem je, \u017ee lev\u00e1 a prav\u00e1 c\u00edvka budou generovat elektrickou energii ve stejn\u00e9m magnetick\u00e9m poli, i kdy\u017e je toto magnetick\u00e9 pole naru\u0161eno.<\/div>\n<div class=\"\">Spole\u010dnost ZYX je prvn\u00edm v\u00fdrobcem p\u0159enosek, kter\u00fd vyvinul a zavedl tento jedine\u010dn\u00fd syst\u00e9m &#8222;jednobodov\u00e9 zemnic\u00ed svorky, du\u00e1ln\u00ed v\u00fdstup&#8220;, a proto je schopna tento probl\u00e9m zcela vy\u0159e\u0161it.<\/div>\n<div class=\"\">Tento nov\u00fd syst\u00e9m byl implementov\u00e1n do v\u0161ech nov\u00fdch model\u016f \u0159ady Ultimate Exceed v\u010detn\u011b ZYX ULTIMATE VX OMEGA XX.<\/div>\n<div class=\"\">Nyn\u00ed m\u016f\u017eeme d\u00edky vyu\u017eit\u00ed t\u00e9to technologie okam\u017eit\u011b a jasn\u011b sly\u0161et v\u00fdhody homogenn\u00ed reprodukce zvuku lev\u00e9ho a prav\u00e9ho kan\u00e1lu, kter\u00e9 byly vytvo\u0159eny ve stejn\u00e9m magnetick\u00e9m poli. M\u00e1me k dispozici p\u0159irozen\u00fd, smyslupln\u00fd zvuk se skute\u010dn\u011b skvostnou analogovou reprodukc\u00ed. Jedn\u00e1 se o dosa\u017een\u00ed skute\u010dn\u00e9ho analogov\u00e9ho emocion\u00e1ln\u00edho p\u0159enosu, o kter\u00fd jsme usilovali. \u00dadern\u00e9, intenzivn\u00ed tranzienty, ostr\u00e1 definice a lokalizace, dokonce m\u016f\u017eeme &#8222;c\u00edtit&#8220; k\u016f\u017ei velk\u00e9ho bubnu, kter\u00fd rezonuje, jako by \u0161lo o \u017eiv\u00e9 vystoupen\u00ed. Modely Ultimate Exceed n\u00e1s je\u0161t\u011b v\u00edce p\u0159ibli\u017euj\u00ed skute\u010dn\u00e9, \u017eiv\u00e9 hudebn\u00ed ud\u00e1losti.<\/div>\n<p><strong>Sv\u011btov\u011b prvn\u00ed MC p\u0159enoska s C-1000 karbonovou chv\u011bjkou<\/strong><br \/>\nV \u0159ad\u011b ZYX Ultimate (100, Airy, 4D, OMEGA a DYNAMIC) je v\u016fbec poprv\u00e9 v MC p\u0159enosce s pohyblivou c\u00edvkou pou\u017eita karbonov\u00e1 chv\u011bjka. Uhl\u00edkov\u00e1 ty\u010dka chv\u011bjky je vyrobena z 1000 kus\u016f kompozitn\u00edch uhl\u00edkov\u00fdch vl\u00e1ken, odtud n\u00e1zev C-1000 carbon cantilever.<br \/>\nTato kompozitn\u00ed uhl\u00edkov\u00e1 vl\u00e1kna jsou pevn\u011bj\u0161\u00ed ne\u017e hlin\u00edk, \u017eelezo i titan. Nav\u00edc je jeho m\u011brn\u00e1 hmotnost jen polovi\u010dn\u00ed ve srovn\u00e1n\u00ed s b\u00f3rem. Proto si m\u016f\u017eeme b\u00fdt jisti, \u017ee karbonov\u00e1 chv\u011bjka z C-1000 vyu\u017e\u00edv\u00e1 dokonal\u00fd a ide\u00e1ln\u00ed materi\u00e1l pro p\u0159ehr\u00e1v\u00e1n\u00ed analogov\u00fdch z\u00e1znam\u016f.<br \/>\nUhl\u00edkov\u00e1 chv\u011bjka n\u00e1m poskytuje nej\u0161ir\u0161\u00ed frekven\u010dn\u00ed rozsah a vynikaj\u00edc\u00ed tracking. Dal\u0161\u00ed v\u00fdznamnou v\u00fdhodou je, \u017ee mechanick\u00fd zvukov\u00fd sign\u00e1l zachycen\u00fd na hrotu p\u0159enosky se m\u016f\u017ee \u0161\u00ed\u0159it sm\u011brem k c\u00edvce p\u0159\u00edm\u00fdm a bezprost\u0159edn\u00edm zp\u016fsobem prost\u0159ednictv\u00edm t\u011bchto 1000 kus\u016f mechanick\u00fdch uhl\u00edkov\u00fdch vl\u00e1ken. T\u00edm je zaji\u0161t\u011bno, \u017ee odra\u017een\u00e9, opakovan\u00e9 nebo modulovan\u00e9 zvukov\u00e9 sign\u00e1ly jsou zcela vylou\u010deny. Celkov\u00fdm v\u00fdsledkem je, \u017ee si vychutn\u00e1te ten nejjemn\u011bj\u0161\u00ed, nejp\u0159irozen\u011bj\u0161\u00ed, nejdynami\u010dt\u011bj\u0161\u00ed a nejv\u011brn\u011bj\u0161\u00ed zvuk, jak\u00fd jste kdy za\u017eili.<\/p>\n<p><strong>T\u011blo s dvojitou strukturou<\/strong><br \/>\nD\u00edky kombinaci nekovov\u00fdch materi\u00e1l\u016f vyu\u017eit\u00fdch p\u0159i konstrukci t\u011bla p\u0159enosky je vylou\u010deno, aby rezonance vznikaj\u00edc\u00ed na povrchu ovliv\u0148ovaly vnit\u0159n\u00ed syst\u00e9m gener\u00e1toru. Lazuritov\u00e1 vyva\u017eovac\u00ed kuli\u010dka. Dal\u0161\u00ed v\u00fdhodou je, \u017ee tato konstrukce je lehk\u00e1 a z\u00e1rove\u0148 tuh\u00e1.<\/p>\n<p><strong>High Speed magnetick\u00fd obvod<\/strong><br \/>\nTento obvod je speci\u00e1ln\u011b navr\u017een tak, aby nuloval magnetick\u00fd odpor v magnetick\u00e9 meze\u0159e, a umo\u017e\u0148uje vysokorychlostn\u00ed generov\u00e1n\u00ed v\u00fdkonu proti sign\u00e1l\u016fm v cel\u00e9 \u0161\u00ed\u0159ce p\u00e1sma rovnou bez \u010dasov\u00e9ho zpo\u017ed\u011bn\u00ed.<\/p>\n<p><strong>Micro Ridge hrot<\/strong><br \/>\nPou\u017eit\u00fd hrot \u0159ady Ultimate m\u00e1 hrany diamantov\u00e9ho d\u0159\u00edku nastaven\u00e9 rovnob\u011b\u017en\u011b se stranami konzoly. P\u0159i pou\u017eit\u00ed tohoto typu hrotu je nejtvrd\u0161\u00ed osa krystalu zarovn\u00e1na tak, aby fungovala jako kontaktn\u00ed bod s dr\u00e1\u017ekou desky. To zaji\u0161\u0165uje stabiln\u00ed a hladk\u00e9 veden\u00ed v dr\u00e1\u017ece a velmi jemn\u00fd zvuk, p\u0159i\u010dem\u017e dal\u0161\u00ed v\u00fdhodou je prodlou\u017een\u00e1 \u017eivotnost hrotu na a\u017e 2000 hodin. Hrot je typu Micro-ridge, kter\u00fd je p\u016fvodn\u00edm japonsk\u00fdm v\u00fdvojem nab\u00edzej\u00edc\u00ed nejvy\u0161\u0161\u00ed kvalitu p\u0159enosu. Polom\u011br kontaktu je v\u017edy 3 \u03bcm u h\u0159ebenu o tlou\u0161\u0165ce 6 \u03bcm.<\/p>\n<p>Na v\u00fdb\u011br ze t\u0159\u00ed materi\u00e1l\u016f vinut\u00ed:<\/p>\n<p><strong>ZYX ULTIMATE EX OMEGA X &#8211; C\u00edvky gener\u00e1toru z dr\u00e1t\u016f z \u010dist\u00e9 5N OFC krystalick\u00e9 m\u011bdi<\/strong><br \/>\nTento dokonal\u00fd dr\u00e1t z 5N OFC m\u011b\u010fi s velk\u00fdmi krystaly se vyr\u00e1b\u00ed speci\u00e1ln\u00edm postupem, aby bylo dosa\u017eeno rovnom\u011brn\u00e9ho vyv\u00e1\u017een\u00ed zvuku v cel\u00e9m sly\u0161iteln\u00e9m rozsahu.<\/p>\n<p>&nbsp;<\/p>\n","protected":false},"excerpt":{"rendered":"<h4>&#8222;Real Stereo&#8220; syst\u00e9m, chv\u011bjka z uhl\u00edkov\u00fdch vl\u00e1ken, diamantov\u00fd line\u00e1rn\u00ed hrot &#8222;Micro Ridge&#8220;, v\u00fdstupn\u00ed \u00farove\u0148 0,24mV<\/h4>\n","protected":false},"featured_media":43812,"comment_status":"closed","ping_status":"closed","template":"","meta":[],"pwb-brand":[156],"product_brand":[],"product_cat":[157,158],"product_tag":[66,160,159],"class_list":{"0":"post-43814","1":"product","2":"type-product","3":"status-publish","4":"has-post-thumbnail","6":"pwb-brand-zyx","7":"product_cat-gramofonove-prenosky","8":"product_cat-zyx","9":"product_tag-hi-fi","10":"product_tag-mc-prenoska","11":"product_tag-prenoska","12":"product_shipping_class-z-1-kg","14":"first","15":"onbackorder","16":"taxable","17":"shipping-taxable","18":"purchasable","19":"product-type-simple"},"aioseo_notices":[],"jetpack_sharing_enabled":true,"brands":[{"id":156,"name":"ZYX","slug":"zyx"}],"_links":{"self":[{"href":"https:\/\/www.altei.cz\/hifi\/wp-json\/wp\/v2\/product\/43814","targetHints":{"allow":["GET"]}}],"collection":[{"href":"https:\/\/www.altei.cz\/hifi\/wp-json\/wp\/v2\/product"}],"about":[{"href":"https:\/\/www.altei.cz\/hifi\/wp-json\/wp\/v2\/types\/product"}],"replies":[{"embeddable":true,"href":"https:\/\/www.altei.cz\/hifi\/wp-json\/wp\/v2\/comments?post=43814"}],"wp:featuredmedia":[{"embeddable":true,"href":"https:\/\/www.altei.cz\/hifi\/wp-json\/wp\/v2\/media\/43812"}],"wp:attachment":[{"href":"https:\/\/www.altei.cz\/hifi\/wp-json\/wp\/v2\/media?parent=43814"}],"wp:term":[{"taxonomy":"pwb-brand","embeddable":true,"href":"https:\/\/www.altei.cz\/hifi\/wp-json\/wp\/v2\/pwb-brand?post=43814"},{"taxonomy":"product_brand","embeddable":true,"href":"https:\/\/www.altei.cz\/hifi\/wp-json\/wp\/v2\/product_brand?post=43814"},{"taxonomy":"product_cat","embeddable":true,"href":"https:\/\/www.altei.cz\/hifi\/wp-json\/wp\/v2\/product_cat?post=43814"},{"taxonomy":"product_tag","embeddable":true,"href":"https:\/\/www.altei.cz\/hifi\/wp-json\/wp\/v2\/product_tag?post=43814"}],"curies":[{"name":"wp","href":"https:\/\/api.w.org\/{rel}","templated":true}]}}