{"id":43821,"date":"2026-01-16T23:06:22","date_gmt":"2026-01-16T22:06:22","guid":{"rendered":"https:\/\/www.altei.cz\/hifi\/?post_type=product&#038;p=43821"},"modified":"2026-02-17T20:15:24","modified_gmt":"2026-02-17T19:15:24","slug":"zyx-ultimate-vx-astro-x","status":"publish","type":"product","link":"https:\/\/www.altei.cz\/hifi\/produkt\/zyx-ultimate-vx-astro-x\/","title":{"rendered":"ZYX ULTIMATE VX ASTRO X"},"content":{"rendered":"<p>ZYX ULTIMATE VX ASTRO X pou\u017e\u00edv\u00e1 Ultimate VX engine (eliminace v\u00ed\u0159\u00edv\u00fdch magnetick\u00fdch proud\u016f) MC &#8222;Real Stereo&#8220; syste\u0301m, chv\u011bjka z uhl\u00edkov\u00fdch vl\u00e1ken C1000, nov\u00e9 pouzdro s \u00fa\u010dinn\u011bj\u0161\u00edm potla\u010den\u00edm rezonanc\u00ed s lazuritovou vyva\u017eovac\u00ed kuli\u010dkou, diamantovy\u0301 linea\u0301rni\u0301 hrot &#8222;Micro Ridge&#8220; 3 x 60 \u03bcm s dlouhou z\u030civotnosti\u0301, vinuti\u0301 z c\u030ciste\u0301 me\u030cdi, impedance 4 Ohmy, vy\u0301stupni\u0301 u\u0301roven\u030c 0,24mV, rozd\u00edl mezi kan\u00e1ly &lt;0,5dB, frekvenc\u030cni\u0301 rozsah 10Hz az\u030c 100kHz, separace mezi kana\u0301ly &gt;30dB. Referen\u010dn\u00ed p\u0159enoska pro nejn\u00e1ro\u010dn\u011bj\u0161\u00ed audiofily.<\/p>\n<p>&nbsp;<\/p>\n","protected":false},"excerpt":{"rendered":"<h4>&#8222;Real Stereo&#8220; syst\u00e9m, chv\u011bjka z uhl\u00edkov\u00fdch vl\u00e1ken, diamantov\u00fd line\u00e1rn\u00ed hrot &#8222;Micro Ridge&#8220;, v\u00fdstupn\u00ed \u00farove\u0148 0,24mV<\/h4>\n","protected":false},"featured_media":43822,"comment_status":"closed","ping_status":"closed","template":"","meta":[],"pwb-brand":[156],"product_brand":[],"product_cat":[157,158],"product_tag":[66,160,159],"class_list":{"0":"post-43821","1":"product","2":"type-product","3":"status-publish","4":"has-post-thumbnail","6":"pwb-brand-zyx","7":"product_cat-gramofonove-prenosky","8":"product_cat-zyx","9":"product_tag-hi-fi","10":"product_tag-mc-prenoska","11":"product_tag-prenoska","12":"product_shipping_class-z-1-kg","14":"first","15":"onbackorder","16":"taxable","17":"shipping-taxable","18":"purchasable","19":"product-type-simple"},"aioseo_notices":[],"jetpack_sharing_enabled":true,"brands":[{"id":156,"name":"ZYX","slug":"zyx"}],"_links":{"self":[{"href":"https:\/\/www.altei.cz\/hifi\/wp-json\/wp\/v2\/product\/43821","targetHints":{"allow":["GET"]}}],"collection":[{"href":"https:\/\/www.altei.cz\/hifi\/wp-json\/wp\/v2\/product"}],"about":[{"href":"https:\/\/www.altei.cz\/hifi\/wp-json\/wp\/v2\/types\/product"}],"replies":[{"embeddable":true,"href":"https:\/\/www.altei.cz\/hifi\/wp-json\/wp\/v2\/comments?post=43821"}],"wp:featuredmedia":[{"embeddable":true,"href":"https:\/\/www.altei.cz\/hifi\/wp-json\/wp\/v2\/media\/43822"}],"wp:attachment":[{"href":"https:\/\/www.altei.cz\/hifi\/wp-json\/wp\/v2\/media?parent=43821"}],"wp:term":[{"taxonomy":"pwb-brand","embeddable":true,"href":"https:\/\/www.altei.cz\/hifi\/wp-json\/wp\/v2\/pwb-brand?post=43821"},{"taxonomy":"product_brand","embeddable":true,"href":"https:\/\/www.altei.cz\/hifi\/wp-json\/wp\/v2\/product_brand?post=43821"},{"taxonomy":"product_cat","embeddable":true,"href":"https:\/\/www.altei.cz\/hifi\/wp-json\/wp\/v2\/product_cat?post=43821"},{"taxonomy":"product_tag","embeddable":true,"href":"https:\/\/www.altei.cz\/hifi\/wp-json\/wp\/v2\/product_tag?post=43821"}],"curies":[{"name":"wp","href":"https:\/\/api.w.org\/{rel}","templated":true}]}}