{"id":43825,"date":"2026-01-18T18:59:33","date_gmt":"2026-01-18T17:59:33","guid":{"rendered":"https:\/\/www.altei.cz\/hifi\/?post_type=product&#038;p=43825"},"modified":"2026-02-17T20:14:15","modified_gmt":"2026-02-17T19:14:15","slug":"zyx-ultimate-vx-diamond-xx","status":"publish","type":"product","link":"https:\/\/www.altei.cz\/hifi\/produkt\/zyx-ultimate-vx-diamond-xx\/","title":{"rendered":"ZYX ULTIMATE VX DIAMOND XX"},"content":{"rendered":"<p>ZYX ULTIMATE VX DIAMOND XX je MC\u00a0 &#8222;Real Stereo&#8220; syst\u00e9m syst\u00e9m Ultimate VX engine (eliminace v\u00ed\u0159\u00edv\u00fdch magnetick\u00fdch proud\u016f), chv\u011bjka z p\u0159\u00edrodn\u00edho diamantu, dvojit\u00e9 pouzdro pro potla\u010den\u00ed rezonanc\u00ed, diamantov\u00fd line\u00e1rn\u00ed hrot &#8222;Micro Ridge&#8220; 3 x 60 \u00b5m s dlouhou \u017eivotnost\u00ed, vinut\u00ed z \u010dist\u00e9 6N m\u011bdi, v\u00fdstupn\u00ed \u00farove\u0148 0,24mV (L)<\/p>\n<p><strong>Ultimate VX engine<br \/>\n<\/strong>Superrychl\u00fd reproduk\u010dn\u00ed zdroj (magnetick\u00fd obvod). Tento obvod je speci\u00e1ln\u011b navr\u017een, aby anuloval magnetick\u00fd odpor v magnetick\u00e9 meze\u0159e a umo\u017enil vysokorychlostn\u00ed generov\u00e1n\u00ed sign\u00e1lu v cel\u00e9 \u0161\u00ed\u0159ce p\u00e1sma bez \u010dasov\u00e9ho zpo\u017ed\u011bn\u00ed. Ultimate VX engine unik\u00e1tn\u00edm zp\u016fsobem eliminuje v\u00ed\u0159iv\u00e9 magnetick\u00e9 proudy, kter\u00e9 zp\u016fsobuj\u00ed prim\u00e1rn\u00ed zkreslen\u00ed v magnetick\u00fdch obvodech MC p\u0159enosek.<\/p>\n<div class=\"\">Zjednodu\u0161en\u011b lze gramop\u0159enosku popsat jako druh za\u0159\u00edzen\u00ed, kter\u00e9 p\u0159ev\u00e1d\u00ed energii z jedn\u00e9 formy na jinou. Indukuje proud, kter\u00fd je \u00fam\u011brn\u00fd rychlosti vibrac\u00ed v c\u00edvce. Ta je uspo\u0159\u00e1d\u00e1na ve sm\u011bru kolm\u00e9m (nastaven\u00e9m na 90 stup\u0148\u016f) k linii magnetick\u00e9ho pole mechanick\u00fdmi pohyby, kter\u00e9 vytv\u00e1\u0159\u00ed hrot sleduj\u00edc\u00ed dr\u00e1\u017eku gramofonov\u00e9 desky. T\u00edm se vytv\u00e1\u0159\u00ed a p\u0159en\u00e1\u0161\u00ed zvukov\u00fd sign\u00e1l. Lze ji tedy nazvat m\u011bni\u010dem.<\/div>\n<div class=\"\">Pro v\u011brnou a kvalitn\u00ed reprodukci je nesm\u00edrn\u011b d\u016fle\u017eit\u00e9, aby hustota magnetick\u00e9ho toku v magnetick\u00e9m poli (v m\u00edst\u011b, kde se nach\u00e1z\u00ed c\u00edvka) byla rovnom\u011brn\u00e1.<\/div>\n<div class=\"\">V p\u0159\u00edpad\u011b MC p\u0159enosek s pohyblivou c\u00edvkou, kter\u00e9 se v sou\u010dasn\u00e9 dob\u011b hojn\u011b pou\u017e\u00edvaj\u00ed, je c\u00edvka vyrobena z materi\u00e1lu, kter\u00fd m\u00e1 vysokou magnetickou propustnost a dobr\u00e9 vysokofrekven\u010dn\u00ed vlastnosti. To znamen\u00e1, \u017ee c\u00edvka je vysoce citliv\u00e1 a reaguje na p\u016fsob\u00edc\u00ed magnetick\u00e9 pole. V\u00fdsledkem je, \u017ee tento typ c\u00edvky poskytuje \u0161estkr\u00e1t vy\u0161\u0161\u00ed sign\u00e1l ne\u017e nemagnetick\u00e1 c\u00edvka. Proto lze sn\u00ed\u017eit po\u010det z\u00e1vit\u016f c\u00edvky a sn\u00ed\u017eit celkovou hmotnost vibra\u010dn\u00edho syst\u00e9mu, co\u017e umo\u017e\u0148uje \u0161irokop\u00e1smovou reprodukci.<\/div>\n<div class=\"\">Je t\u0159eba poznamenat, \u017ee p\u0159i pou\u017eit\u00ed magnetick\u00e9 c\u00edvky m\u016f\u017ee b\u00fdt magnetick\u00e9 pole a hustota magnetick\u00e9ho toku, kter\u00e9 by m\u011bly b\u00fdt rovnom\u011brn\u00e9, naru\u0161eny vlastn\u00edmi vibracemi c\u00edvky. Je to proto, \u017ee dv\u011b c\u00edvky pou\u017eit\u00e9 pro stereofonn\u00ed reprodukci generuj\u00ed sign\u00e1ly lev\u00e9ho a prav\u00e9ho kan\u00e1lu v naru\u0161en\u00e9m magnetick\u00e9m poli. Proto\u017ee jsou c\u00edvky lev\u00e9ho a prav\u00e9ho kan\u00e1lu uspo\u0159\u00e1d\u00e1ny tak, \u017ee vinut\u00ed jsou posunuta o 45 stup\u0148\u016f od svisl\u00e9 osy, jsou polohy zemn\u00edc\u00edch svorek t\u011bchto c\u00edvek um\u00edst\u011bny v r\u016fzn\u00fdch bodech, odd\u011blen\u00fdch d\u00e9lkou c\u00edvky. V d\u016fsledku t\u00e9to podm\u00ednky jsou lev\u00fd a prav\u00fd zvukov\u00fd sign\u00e1l generov\u00e1ny ve dvou r\u016fzn\u00fdch naru\u0161en\u00fdch magnetick\u00fdch pol\u00edch.<\/div>\n<div class=\"\">Pro odstran\u011bn\u00ed tohoto jevu je nutn\u00e9 um\u00edstit levou i pravou zemnic\u00ed svorku do stejn\u00e9ho magnetick\u00e9ho pole. V\u00fdsledkem je, \u017ee lev\u00e1 a prav\u00e1 c\u00edvka budou generovat elektrickou energii ve stejn\u00e9m magnetick\u00e9m poli, i kdy\u017e je toto magnetick\u00e9 pole naru\u0161eno.<\/div>\n<div class=\"\">Japonsk\u00e1 spole\u010dnost <a href=\"https:\/\/www.altei.cz\/hifi\/zyx\/\" target=\"_blank\" rel=\"noopener\">ZYX<\/a> je prvn\u00edm v\u00fdrobcem p\u0159enosek, kter\u00fd vyvinul a zavedl tento jedine\u010dn\u00fd syst\u00e9m &#8222;jednobodov\u00e9 zemnic\u00ed svorky, du\u00e1ln\u00ed v\u00fdstup&#8220;, a proto je schopna tento probl\u00e9m zcela vy\u0159e\u0161it.<\/div>\n<div class=\"\">Tento nov\u00fd syst\u00e9m byl implementov\u00e1n do v\u0161ech nov\u00fdch model\u016f \u0159ady Ultimate Exceed v\u010detn\u011b ZYX ULTIMATE VX DIAMOND XX.<\/div>\n<div class=\"\">Nyn\u00ed m\u016f\u017eeme d\u00edky vyu\u017eit\u00ed t\u00e9to technologie okam\u017eit\u011b a jasn\u011b sly\u0161et v\u00fdhody homogenn\u00ed reprodukce zvuku lev\u00e9ho a prav\u00e9ho kan\u00e1lu, kter\u00e9 byly vytvo\u0159eny ve stejn\u00e9m magnetick\u00e9m poli. M\u00e1me k dispozici p\u0159irozen\u00fd, smyslupln\u00fd zvuk se skute\u010dn\u011b skvostnou analogovou reprodukc\u00ed. Jedn\u00e1 se o dosa\u017een\u00ed skute\u010dn\u00e9ho analogov\u00e9ho emocion\u00e1ln\u00edho p\u0159enosu, o kter\u00fd jsme usilovali. \u00dadern\u00e9, intenzivn\u00ed tranzienty, ostr\u00e1 definice a lokalizace, dokonce m\u016f\u017eeme &#8222;c\u00edtit&#8220; k\u016f\u017ei velk\u00e9ho bubnu, kter\u00fd rezonuje, jako by \u0161lo o \u017eiv\u00e9 vystoupen\u00ed. Modely Ultimate Exceed n\u00e1s je\u0161t\u011b v\u00edce p\u0159ibli\u017euj\u00ed skute\u010dn\u00e9, \u017eiv\u00e9 hudebn\u00ed ud\u00e1losti.<\/div>\n<p><strong>Sv\u011btov\u011b prvn\u00ed MC p\u0159enoska s diamantovou chv\u011bjkou<\/strong><br \/>\nUltimate DIAMOND vyu\u017e\u00edv\u00e1 nejmodern\u011bj\u0161\u00ed konstrukci chv\u011bjky s diamantovou ty\u010dinkou \u010dtvercov\u00e9ho pr\u016f\u0159ezu (\u25a10,22 mm). D\u00edky tomu vznik\u00e1 chv\u011bjka s n\u00edzkou hmotnost\u00ed, nejvy\u0161\u0161\u00ed tuhost\u00ed a vynikaj\u00edc\u00edm tlumen\u00edm, kter\u00e1 umo\u017e\u0148uje modelu ZYX ULTIMATE VX DIAMOND XX sledovat a reagovat na nejdynami\u010dt\u011bj\u0161\u00ed pas\u00e1\u017ee s extr\u00e9mn\u00ed p\u0159esnost\u00ed a ultra n\u00edzkou rezonanc\u00ed. Tato lehk\u00e1 a tuh\u00e1 diamantov\u00e1 chv\u011bjka nav\u00edc poskytuje nejrychlej\u0161\u00ed p\u0159enos zvuku ze v\u0161ech materi\u00e1l\u016f, co\u017e umo\u017e\u0148uje nejrychlej\u0161\u00ed \u010dasovou odezvu magnetick\u00e9ho obvodu.<\/p>\n<p><strong>T\u011blo s dvojitou strukturou<\/strong><br \/>\nD\u00edky kombinaci nekovov\u00fdch materi\u00e1l\u016f vyu\u017eit\u00fdch p\u0159i konstrukci t\u011bla p\u0159enosky je vylou\u010deno, aby rezonance vznikaj\u00edc\u00ed na povrchu ovliv\u0148ovaly vnit\u0159n\u00ed syst\u00e9m gener\u00e1toru. Dal\u0161\u00ed v\u00fdhodou je, \u017ee tato konstrukce je lehk\u00e1 a z\u00e1rove\u0148 tuh\u00e1.<\/p>\n<p><strong>High Speed magnetick\u00fd obvod<\/strong><br \/>\nTento obvod je speci\u00e1ln\u011b navr\u017een tak, aby nuloval magnetick\u00fd odpor v magnetick\u00e9 meze\u0159e, a umo\u017e\u0148uje vysokorychlostn\u00ed generov\u00e1n\u00ed v\u00fdkonu proti sign\u00e1l\u016fm v cel\u00e9 \u0161\u00ed\u0159ce p\u00e1sma rovnou bez \u010dasov\u00e9ho zpo\u017ed\u011bn\u00ed.<\/p>\n<p><strong>Micro Ridge hrot<\/strong><br \/>\nPou\u017eit\u00fd hrot \u0159ady Ultimate m\u00e1 hrany diamantov\u00e9ho d\u0159\u00edku nastaven\u00e9 rovnob\u011b\u017en\u011b se stranami konzoly. P\u0159i pou\u017eit\u00ed tohoto typu hrotu je nejtvrd\u0161\u00ed osa krystalu zarovn\u00e1na tak, aby fungovala jako kontaktn\u00ed bod s dr\u00e1\u017ekou desky. To zaji\u0161\u0165uje stabiln\u00ed a hladk\u00e9 veden\u00ed v dr\u00e1\u017ece a velmi jemn\u00fd zvuk, p\u0159i\u010dem\u017e dal\u0161\u00ed v\u00fdhodou je prodlou\u017een\u00e1 \u017eivotnost hrotu na a\u017e 2000 hodin. Hrot je typu Micro-ridge, kter\u00fd je p\u016fvodn\u00edm japonsk\u00fdm v\u00fdvojem nab\u00edzej\u00edc\u00ed nejvy\u0161\u0161\u00ed kvalitu p\u0159enosu. Polom\u011br kontaktu je v\u017edy 3 \u03bcm u h\u0159ebenu o tlou\u0161\u0165ce 6 \u03bcm.<\/p>\n<p>Na v\u00fdb\u011br ze t\u0159\u00ed materi\u00e1l\u016f vinut\u00ed:<\/p>\n<p><strong>ZYX ULTIMATE VX DIAMOND XX &#8211; C\u00edvky gener\u00e1toru z dr\u00e1t\u016f z \u010dist\u00e9 5N OFC krystalick\u00e9 m\u011bdi<\/strong><br \/>\nTento dokonal\u00fd krystalick\u00fd m\u011bd\u011bn\u00fd dr\u00e1t se vyr\u00e1b\u00ed speci\u00e1ln\u00edm postupem, aby bylo dosa\u017eeno rovnom\u011brn\u00e9ho vyv\u00e1\u017een\u00ed zvuku v cel\u00e9m sly\u0161iteln\u00e9m rozsahu.<\/p>\n<p>&nbsp;<\/p>\n","protected":false},"excerpt":{"rendered":"<h4>&#8222;Real Stereo&#8220; syst\u00e9m, Diamantov\u00e1 chv\u011bjka, diamantov\u00fd line\u00e1rn\u00ed hrot &#8222;Micro Ridge&#8220;, v\u00fdstupn\u00ed \u00farove\u0148 0,24mV<\/h4>\n","protected":false},"featured_media":43819,"comment_status":"closed","ping_status":"closed","template":"","meta":[],"pwb-brand":[156],"product_brand":[],"product_cat":[157,158],"product_tag":[531,66,160,159],"class_list":{"0":"post-43825","1":"product","2":"type-product","3":"status-publish","4":"has-post-thumbnail","6":"pwb-brand-zyx","7":"product_cat-gramofonove-prenosky","8":"product_cat-zyx","9":"product_tag-diamantova-chvejka","10":"product_tag-hi-fi","11":"product_tag-mc-prenoska","12":"product_tag-prenoska","13":"product_shipping_class-z-1-kg","15":"first","16":"onbackorder","17":"taxable","18":"shipping-taxable","19":"purchasable","20":"product-type-simple"},"aioseo_notices":[],"jetpack_sharing_enabled":true,"brands":[{"id":156,"name":"ZYX","slug":"zyx"}],"_links":{"self":[{"href":"https:\/\/www.altei.cz\/hifi\/wp-json\/wp\/v2\/product\/43825","targetHints":{"allow":["GET"]}}],"collection":[{"href":"https:\/\/www.altei.cz\/hifi\/wp-json\/wp\/v2\/product"}],"about":[{"href":"https:\/\/www.altei.cz\/hifi\/wp-json\/wp\/v2\/types\/product"}],"replies":[{"embeddable":true,"href":"https:\/\/www.altei.cz\/hifi\/wp-json\/wp\/v2\/comments?post=43825"}],"wp:featuredmedia":[{"embeddable":true,"href":"https:\/\/www.altei.cz\/hifi\/wp-json\/wp\/v2\/media\/43819"}],"wp:attachment":[{"href":"https:\/\/www.altei.cz\/hifi\/wp-json\/wp\/v2\/media?parent=43825"}],"wp:term":[{"taxonomy":"pwb-brand","embeddable":true,"href":"https:\/\/www.altei.cz\/hifi\/wp-json\/wp\/v2\/pwb-brand?post=43825"},{"taxonomy":"product_brand","embeddable":true,"href":"https:\/\/www.altei.cz\/hifi\/wp-json\/wp\/v2\/product_brand?post=43825"},{"taxonomy":"product_cat","embeddable":true,"href":"https:\/\/www.altei.cz\/hifi\/wp-json\/wp\/v2\/product_cat?post=43825"},{"taxonomy":"product_tag","embeddable":true,"href":"https:\/\/www.altei.cz\/hifi\/wp-json\/wp\/v2\/product_tag?post=43825"}],"curies":[{"name":"wp","href":"https:\/\/api.w.org\/{rel}","templated":true}]}}