{"id":43961,"date":"2026-03-18T23:10:23","date_gmt":"2026-03-18T22:10:23","guid":{"rendered":"https:\/\/www.altei.cz\/hifi\/?post_type=product&#038;p=43961"},"modified":"2026-03-19T06:59:25","modified_gmt":"2026-03-19T05:59:25","slug":"stax-sr-009d","status":"publish","type":"product","link":"https:\/\/www.altei.cz\/hifi\/produkt\/stax-sr-009d\/","title":{"rendered":"STAX SR-009D"},"content":{"rendered":"<p>Model SR-009, p\u016fvodce sou\u010dasn\u00fdch high-endov\u00fdch model\u016f STAX, se triumf\u00e1ln\u011b vr\u00e1til. Pot\u00e9, co jeho v\u00fdroba skon\u010dila s p\u0159\u00edchodem nov\u00e9 vlajkov\u00e9 lodi, se nespo\u010det \u017e\u00e1dost\u00ed fanou\u0161k\u016f z cel\u00e9ho sv\u011bta sna\u017eilo tento legend\u00e1rn\u00ed model sluch\u00e1tek vr\u00e1tit zp\u011bt. SR-009D je reinkarnac\u00ed ikonick\u00e9ho modelu, kter\u00fd dlouho vedl kulturu high-endov\u00fdch sluch\u00e1tek a nyn\u00ed je k dispozici za dostupn\u011bj\u0161\u00ed cenu se zlep\u0161en\u00fdmi vlastnostmi. To z n\u011bj \u010din\u00ed perfektn\u00ed vstupn\u00ed br\u00e1nu do sv\u011bta opravdov\u00e9ho high-end elektrostatick\u00e9ho audia.<\/p>\n<p>&nbsp;<\/p>\n<p><strong>Pokro\u010dil\u00e1 technologie pro bezkonkuren\u010dn\u00ed zvuk<\/strong><br \/>\nJ\u00e1drem SR-009D je technologie MLER (Multi-Layer-Electrode), pr\u016flomov\u00e1 inovace, kter\u00e1 vznikla pr\u00e1v\u011b u SR-009. Tato technologie vyu\u017e\u00edv\u00e1 pevnou elektrodu vytvo\u0159enou spojen\u00edm t\u0159\u00ed desek z nerezov\u00e9 oceli na atom\u00e1rn\u00ed \u00farovni pomoc\u00ed tepeln\u011b difuzn\u00edho technologie bez pou\u017eit\u00ed jak\u00fdchkoli lepidel. Tento proces umo\u017e\u0148uje vyrobit v\u00fdjime\u010dn\u011b rovinnou pevnou elektrodu s velmi potla\u010den\u00fdmi vlastn\u00edmi rezonancemi a s vysoce kvalitn\u00edm p\u0159enosem zvukov\u00fdch vln. V\u00fdsledkem je neuv\u011b\u0159iteln\u011b detailn\u00ed a transparentn\u00ed zvuk a \u0159e\u0161en\u00ed tak nastavuje nov\u00fd standard pro reprodukci zvuku.<\/p>\n<p>&nbsp;<\/p>\n<p><strong>Vy\u0161\u0161\u00ed u\u017eivatelsk\u00fd komfort a modern\u00ed design<\/strong><br \/>\nSluch\u00e1tka SR-009D se konstruk\u010dn\u011b vyzna\u010duj\u00ed odn\u00edmateln\u00fdm, a tedy snadno v\u00fdm\u011bnn\u00fdm p\u0159\u00edvodn\u00edm kabelem, co\u017e se postupn\u011b stalo u produkt\u016f STAX standardem. To u\u017eivateli p\u0159ina\u0161\u00ed mo\u017enost snadn\u00fdch upgrad\u016f a snadnou \u00fadr\u017ebu. Nov\u011b vyvinut\u00e9 vst\u0159ikovan\u00e9 pouzdro (mu\u0161le) sni\u017euje celkovou hmotnost sluch\u00e1tek a zaji\u0161\u0165uje pohodln\u00fd poslechov\u00fd z\u00e1\u017eitek i p\u0159i dlouhodob\u00e9m poslechu. Hlavov\u00e1 \u010d\u00e1st je vybavena mechanismem s 10 stup\u0148ovou aretac\u00ed co\u017e umo\u017e\u0148uje perfektn\u00ed p\u0159izp\u016fsoben\u00ed \u0161irok\u00e9 \u0161k\u00e1le tvar\u016f hlavy. Barva t\u011bla, materi\u00e1l kabelu a pouzdro (mu\u0161le) sluch\u00e1tek byly oproti p\u016fvodn\u00edmu modelu tak\u00e9 modernizov\u00e1ny a kombinuj\u00ed legend\u00e1rn\u00ed zvukov\u00e9 vlastnosti s modern\u00edm pohodl\u00edm.<\/p>\n<p>&nbsp;<\/p>\n","protected":false},"excerpt":{"rendered":"<h4>Referen\u010dn\u00ed model otev\u0159en\u00fdch sluch\u00e1tek STAX pro n\u00e1ro\u010dn\u00e9<\/h4>\n","protected":false},"featured_media":43962,"comment_status":"closed","ping_status":"closed","template":"","meta":[],"pwb-brand":[330],"product_brand":[],"product_cat":[117,275],"product_tag":[276,108,119,277],"class_list":{"0":"post-43961","1":"product","2":"type-product","3":"status-publish","4":"has-post-thumbnail","6":"pwb-brand-stax","7":"product_cat-sluchatka","8":"product_cat-stax","9":"product_tag-elektrostaticka-sluchatka","10":"product_tag-referencni","11":"product_tag-sluchatka","12":"product_tag-stax","13":"product_shipping_class-z-5-kg","15":"first","16":"onbackorder","17":"taxable","18":"shipping-taxable","19":"purchasable","20":"product-type-simple"},"aioseo_notices":[],"jetpack_sharing_enabled":true,"brands":[{"id":330,"name":"STAX","slug":"stax"}],"_links":{"self":[{"href":"https:\/\/www.altei.cz\/hifi\/wp-json\/wp\/v2\/product\/43961","targetHints":{"allow":["GET"]}}],"collection":[{"href":"https:\/\/www.altei.cz\/hifi\/wp-json\/wp\/v2\/product"}],"about":[{"href":"https:\/\/www.altei.cz\/hifi\/wp-json\/wp\/v2\/types\/product"}],"replies":[{"embeddable":true,"href":"https:\/\/www.altei.cz\/hifi\/wp-json\/wp\/v2\/comments?post=43961"}],"wp:featuredmedia":[{"embeddable":true,"href":"https:\/\/www.altei.cz\/hifi\/wp-json\/wp\/v2\/media\/43962"}],"wp:attachment":[{"href":"https:\/\/www.altei.cz\/hifi\/wp-json\/wp\/v2\/media?parent=43961"}],"wp:term":[{"taxonomy":"pwb-brand","embeddable":true,"href":"https:\/\/www.altei.cz\/hifi\/wp-json\/wp\/v2\/pwb-brand?post=43961"},{"taxonomy":"product_brand","embeddable":true,"href":"https:\/\/www.altei.cz\/hifi\/wp-json\/wp\/v2\/product_brand?post=43961"},{"taxonomy":"product_cat","embeddable":true,"href":"https:\/\/www.altei.cz\/hifi\/wp-json\/wp\/v2\/product_cat?post=43961"},{"taxonomy":"product_tag","embeddable":true,"href":"https:\/\/www.altei.cz\/hifi\/wp-json\/wp\/v2\/product_tag?post=43961"}],"curies":[{"name":"wp","href":"https:\/\/api.w.org\/{rel}","templated":true}]}}