{"id":43965,"date":"2026-03-31T15:12:01","date_gmt":"2026-03-31T13:12:01","guid":{"rendered":"https:\/\/www.altei.cz\/hifi\/?post_type=product&#038;p=43965"},"modified":"2026-03-31T15:25:14","modified_gmt":"2026-03-31T13:25:14","slug":"rvx-nab-b","status":"publish","type":"product","link":"https:\/\/www.altei.cz\/hifi\/produkt\/rvx-nab-b\/","title":{"rendered":"RVX-NAB-B"},"content":{"rendered":"<p><strong>RVX-NAB-B<br \/>\n<\/strong><\/p>\n<p>NAB pr\u00e1zdn\u00e1 standardni kovov\u00e1 c\u00edvka REVOX na 1\/4&#8243; p\u00e1s\u00a0 26,5 cm barva \u010den\u00e1 spolu s klimatick\u00fdm archiva\u010dn\u00edm boxem v b\u00edl\u00e9 barv\u011b<\/p>\n<p>&nbsp;<\/p>\n","protected":false},"excerpt":{"rendered":"<p>REVOX NAB-REEL- standard<\/p>\n","protected":false},"featured_media":43966,"comment_status":"open","ping_status":"closed","template":"","meta":[],"pwb-brand":[490],"product_brand":[],"product_cat":[350,221,584,590],"product_tag":[66,356],"class_list":{"0":"post-43965","1":"product","2":"type-product","3":"status-publish","4":"has-post-thumbnail","6":"pwb-brand-revox","7":"product_cat-mgf-pasy","8":"product_cat-prislusenstvi","9":"product_cat-revox","10":"product_cat-revox-master-tape","11":"product_tag-hi-fi","12":"product_tag-nab-reel","13":"product_shipping_class-z-5-kg","15":"first","16":"onbackorder","17":"taxable","18":"shipping-taxable","19":"purchasable","20":"product-type-simple"},"aioseo_notices":[],"jetpack_sharing_enabled":true,"brands":[{"id":490,"name":"REVOX","slug":"revox"}],"_links":{"self":[{"href":"https:\/\/www.altei.cz\/hifi\/wp-json\/wp\/v2\/product\/43965","targetHints":{"allow":["GET"]}}],"collection":[{"href":"https:\/\/www.altei.cz\/hifi\/wp-json\/wp\/v2\/product"}],"about":[{"href":"https:\/\/www.altei.cz\/hifi\/wp-json\/wp\/v2\/types\/product"}],"replies":[{"embeddable":true,"href":"https:\/\/www.altei.cz\/hifi\/wp-json\/wp\/v2\/comments?post=43965"}],"wp:featuredmedia":[{"embeddable":true,"href":"https:\/\/www.altei.cz\/hifi\/wp-json\/wp\/v2\/media\/43966"}],"wp:attachment":[{"href":"https:\/\/www.altei.cz\/hifi\/wp-json\/wp\/v2\/media?parent=43965"}],"wp:term":[{"taxonomy":"pwb-brand","embeddable":true,"href":"https:\/\/www.altei.cz\/hifi\/wp-json\/wp\/v2\/pwb-brand?post=43965"},{"taxonomy":"product_brand","embeddable":true,"href":"https:\/\/www.altei.cz\/hifi\/wp-json\/wp\/v2\/product_brand?post=43965"},{"taxonomy":"product_cat","embeddable":true,"href":"https:\/\/www.altei.cz\/hifi\/wp-json\/wp\/v2\/product_cat?post=43965"},{"taxonomy":"product_tag","embeddable":true,"href":"https:\/\/www.altei.cz\/hifi\/wp-json\/wp\/v2\/product_tag?post=43965"}],"curies":[{"name":"wp","href":"https:\/\/api.w.org\/{rel}","templated":true}]}}