{"id":43967,"date":"2026-03-31T15:25:23","date_gmt":"2026-03-31T13:25:23","guid":{"rendered":"https:\/\/www.altei.cz\/hifi\/?post_type=product&#038;p=43967"},"modified":"2026-04-25T11:25:37","modified_gmt":"2026-04-25T09:25:37","slug":"rvx-nab-pro","status":"publish","type":"product","link":"https:\/\/www.altei.cz\/hifi\/produkt\/rvx-nab-pro\/","title":{"rendered":"RVX-NAB-PRO"},"content":{"rendered":"<p><strong>RVX-NAB-PRO<br \/>\n<\/strong><\/p>\n<p>NAB profesion\u00e1ln\u00ed adapt\u00e9r REVOX ur\u010den\u00fd pro magnetofon B77MKIII a podobn\u00e9 &#8211; 000045010 sada 2 ks st\u0159\u00edbrn\u00fd proveden\u00ed matn\u00fd elox. Adapt\u00e9r pro mont\u00e1\u017e NAB c\u00edvek na magnetofony REVOX 1\/4&#8243; .<\/p>\n<p>&nbsp;<\/p>\n","protected":false},"excerpt":{"rendered":"<p>REVOX NAB-adapter-profi<\/p>\n","protected":false},"featured_media":43968,"comment_status":"open","ping_status":"closed","template":"","meta":[],"pwb-brand":[490],"product_brand":[],"product_cat":[350,221,584],"product_tag":[66,502],"class_list":{"0":"post-43967","1":"product","2":"type-product","3":"status-publish","4":"has-post-thumbnail","6":"pwb-brand-revox","7":"product_cat-mgf-pasy","8":"product_cat-prislusenstvi","9":"product_cat-revox","10":"product_tag-hi-fi","11":"product_tag-nab-adapter","12":"product_shipping_class-z-5-kg","14":"first","15":"onbackorder","16":"taxable","17":"shipping-taxable","18":"purchasable","19":"product-type-simple"},"aioseo_notices":[],"jetpack_sharing_enabled":true,"brands":[{"id":490,"name":"REVOX","slug":"revox"}],"_links":{"self":[{"href":"https:\/\/www.altei.cz\/hifi\/wp-json\/wp\/v2\/product\/43967","targetHints":{"allow":["GET"]}}],"collection":[{"href":"https:\/\/www.altei.cz\/hifi\/wp-json\/wp\/v2\/product"}],"about":[{"href":"https:\/\/www.altei.cz\/hifi\/wp-json\/wp\/v2\/types\/product"}],"replies":[{"embeddable":true,"href":"https:\/\/www.altei.cz\/hifi\/wp-json\/wp\/v2\/comments?post=43967"}],"wp:featuredmedia":[{"embeddable":true,"href":"https:\/\/www.altei.cz\/hifi\/wp-json\/wp\/v2\/media\/43968"}],"wp:attachment":[{"href":"https:\/\/www.altei.cz\/hifi\/wp-json\/wp\/v2\/media?parent=43967"}],"wp:term":[{"taxonomy":"pwb-brand","embeddable":true,"href":"https:\/\/www.altei.cz\/hifi\/wp-json\/wp\/v2\/pwb-brand?post=43967"},{"taxonomy":"product_brand","embeddable":true,"href":"https:\/\/www.altei.cz\/hifi\/wp-json\/wp\/v2\/product_brand?post=43967"},{"taxonomy":"product_cat","embeddable":true,"href":"https:\/\/www.altei.cz\/hifi\/wp-json\/wp\/v2\/product_cat?post=43967"},{"taxonomy":"product_tag","embeddable":true,"href":"https:\/\/www.altei.cz\/hifi\/wp-json\/wp\/v2\/product_tag?post=43967"}],"curies":[{"name":"wp","href":"https:\/\/api.w.org\/{rel}","templated":true}]}}