{"id":43991,"date":"2026-04-22T22:38:52","date_gmt":"2026-04-22T20:38:52","guid":{"rendered":"https:\/\/www.altei.cz\/hifi\/?post_type=product&#038;p=43991"},"modified":"2026-04-22T22:50:20","modified_gmt":"2026-04-22T20:50:20","slug":"sony-vpl-xw6100-w","status":"publish","type":"product","link":"https:\/\/www.altei.cz\/hifi\/produkt\/sony-vpl-xw6100-w\/","title":{"rendered":"SONY VPL-XW6100\/W"},"content":{"rendered":"<p>SONY VPL-XW6100 je BRAVIA projektor pro dom\u00e1c\u00ed kino s rozli\u0161en\u00edm Native 4K. Laserov\u00fd sv\u011bteln\u00fd zdroj. ACF 4K objektiv s motorick\u00fdm ovl\u00e1d\u00e1n\u00edm. Obrazov\u00fd procesor XR. Technologie SXRD (HFR), XR Dynamic Tone Mapping, rozli\u0161en\u00ed 3x 3840 x 2.160, sv\u011bteln\u00fd tok 2.700 lm, dynamick\u00fd kontrast vy\u0161\u0161\u00ed ne\u017e 1.000.000 : 1, rozhran\u00ed 2x HDMI 18 GBps, LAN \/ RJ-45, RS-232, USB, 3 roky z\u00e1ruka, barva b\u00edl\u00e1.<\/p>\n<p>&nbsp;<\/p>\n<p>&nbsp;<\/p>\n<p>&nbsp;<\/p>\n","protected":false},"excerpt":{"rendered":"<h4>True 4K laserov\u00fd projektor pro dom\u00e1c\u00ed kino<\/h4>\n","protected":false},"featured_media":43993,"comment_status":"closed","ping_status":"closed","template":"","meta":[],"pwb-brand":[461],"product_brand":[],"product_cat":[423,189,425],"product_tag":[450,430,427,428,178,429,431,602],"class_list":{"0":"post-43991","1":"product","2":"type-product","3":"status-publish","4":"has-post-thumbnail","6":"pwb-brand-sony-home-cinema","7":"product_cat-digitalni-projektor","8":"product_cat-sony","9":"product_cat-sony-home-cinema","10":"product_tag-18gbps","11":"product_tag-hdr","12":"product_tag-hfr","13":"product_tag-projektor","14":"product_tag-sony","15":"product_tag-sxrd","16":"product_tag-true-4k","17":"product_tag-xr-procesor","19":"first","20":"onbackorder","21":"taxable","22":"shipping-taxable","23":"purchasable","24":"product-type-simple"},"aioseo_notices":[],"jetpack_sharing_enabled":true,"brands":[{"id":461,"name":"SONY Home Cinema","slug":"sony-home-cinema"}],"_links":{"self":[{"href":"https:\/\/www.altei.cz\/hifi\/wp-json\/wp\/v2\/product\/43991","targetHints":{"allow":["GET"]}}],"collection":[{"href":"https:\/\/www.altei.cz\/hifi\/wp-json\/wp\/v2\/product"}],"about":[{"href":"https:\/\/www.altei.cz\/hifi\/wp-json\/wp\/v2\/types\/product"}],"replies":[{"embeddable":true,"href":"https:\/\/www.altei.cz\/hifi\/wp-json\/wp\/v2\/comments?post=43991"}],"wp:featuredmedia":[{"embeddable":true,"href":"https:\/\/www.altei.cz\/hifi\/wp-json\/wp\/v2\/media\/43993"}],"wp:attachment":[{"href":"https:\/\/www.altei.cz\/hifi\/wp-json\/wp\/v2\/media?parent=43991"}],"wp:term":[{"taxonomy":"pwb-brand","embeddable":true,"href":"https:\/\/www.altei.cz\/hifi\/wp-json\/wp\/v2\/pwb-brand?post=43991"},{"taxonomy":"product_brand","embeddable":true,"href":"https:\/\/www.altei.cz\/hifi\/wp-json\/wp\/v2\/product_brand?post=43991"},{"taxonomy":"product_cat","embeddable":true,"href":"https:\/\/www.altei.cz\/hifi\/wp-json\/wp\/v2\/product_cat?post=43991"},{"taxonomy":"product_tag","embeddable":true,"href":"https:\/\/www.altei.cz\/hifi\/wp-json\/wp\/v2\/product_tag?post=43991"}],"curies":[{"name":"wp","href":"https:\/\/api.w.org\/{rel}","templated":true}]}}