{"id":43996,"date":"2026-04-22T23:02:47","date_gmt":"2026-04-22T21:02:47","guid":{"rendered":"https:\/\/www.altei.cz\/hifi\/?post_type=product&#038;p=43996"},"modified":"2026-04-23T17:16:27","modified_gmt":"2026-04-23T15:16:27","slug":"sony-vpl-xw8100-w","status":"publish","type":"product","link":"https:\/\/www.altei.cz\/hifi\/produkt\/sony-vpl-xw8100-w\/","title":{"rendered":"SONY VPL-XW8100\/W"},"content":{"rendered":"<p>SONY VPL-XW8100 je BRAVIA Projektor 9 pro dom\u00e1c\u00ed kino s rozli\u0161en\u00edm Native 4K. Laserov\u00fd sv\u011bteln\u00fd zdroj. ACF 4K objektiv s motorick\u00fdm ovl\u00e1d\u00e1n\u00edm. Obrazov\u00fd procesor XR. Technologie SXRD (HFR), HDR Enhancer, XR Dynamic Tone Mapping, rozli\u0161en\u00ed 3x 3840 x 2.160, sv\u011bteln\u00fd tok 3.400 lm, dynamick\u00fd kontrast vy\u0161\u0161\u00ed ne\u017e 1.000.000 : 1, rozhran\u00ed 2x HDMI 18 GBps, LAN \/ RJ-45, RS-232, USB, 3 roky z\u00e1ruka, barva b\u00edl\u00e1.<\/p>\n<p>&nbsp;<\/p>\n<div class=\"fusion-layout-column fusion_builder_column fusion-builder-column-9 fusion_builder_column_3_5 3_5 fusion-flex-column\">\n<div class=\"fusion-column-wrapper fusion-column-has-shadow fusion-flex-justify-content-flex-start fusion-content-layout-column\">\n<div class=\"fusion-content-tb fusion-content-tb-1\">\n<p>SONY VPL-XW8100 v\u00e1m nab\u00edz\u00ed profesion\u00e1ln\u00ed filmov\u00fd HDR z\u00e1\u017eitek: Laserov\u00fd projektor pro dom\u00e1c\u00ed kino s nativn\u00edm rozli\u0161en\u00edm 4K SXRD (3 400 lm) a procesorem XR\u2122.<\/p>\n<p>SONY VPL-XW8100 jako v\u0161echny nejnov\u011bj\u0161\u00ed laserov\u00e9 projektory s nativn\u00edm rozli\u0161en\u00edm 4K. BRAVIA Projector 9 posouv\u00e1 dom\u00e1c\u00ed z\u00e1bavu na novou \u00farove\u0148 a vyu\u017e\u00edv\u00e1 \u0161pi\u010dkov\u00e9 technologie zpracov\u00e1n\u00ed obrazu vyvinut\u00e9 spole\u010dnost\u00ed Sony, kter\u00e9 vyu\u017e\u00edvaj\u00ed kognitivn\u00ed inteligenci pro dosud nejrealisti\u010dt\u011bj\u0161\u00ed a emocemi nabit\u00fd obraz.<\/p>\n<p>Nejnov\u011bj\u0161\u00ed procesor XR pro projektory \u010derp\u00e1 z uzn\u00e1van\u00fdch technologi\u00ed Sony pro televizory BRAVIA a vyu\u017e\u00edv\u00e1 pokro\u010dil\u00e9 zpracov\u00e1n\u00ed dat pro optimalizaci jednotliv\u00fdch objekt\u016f na obrazovce v re\u00e1ln\u00e9m \u010dase. Odm\u011bn\u00ed v\u00e1s \u00fa\u017easn\u00fdm obrazem v rozli\u0161en\u00ed 4K HDR s kontrastem a realismem.<\/p>\n<p>N\u00edzk\u00e1 latence<\/p>\n<p>P\u0159ipojte kompatibiln\u00ed hern\u00ed konzoli p\u0159es rozhran\u00ed HDMI 2.1 a projektor se p\u0159epne do re\u017eimu Auto Low Latency Mode, kter\u00fd zaji\u0161\u0165uje plynul\u00e9 a rychl\u00e9 hern\u00ed z\u00e1\u017eitky d\u00edky sn\u00ed\u017een\u00e9 latenci (zpo\u017ed\u011bn\u00ed vstupu).<\/p>\n<\/div>\n<\/div>\n<\/div>\n<p>&nbsp;<\/p>\n","protected":false},"excerpt":{"rendered":"<h4>True 4K laserov\u00fd projektor pro dom\u00e1c\u00ed kino<\/h4>\n","protected":false},"featured_media":43993,"comment_status":"closed","ping_status":"closed","template":"","meta":[],"pwb-brand":[461],"product_brand":[],"product_cat":[423,189,425],"product_tag":[450,603,430,427,428,178,429,431,602],"class_list":{"0":"post-43996","1":"product","2":"type-product","3":"status-publish","4":"has-post-thumbnail","6":"pwb-brand-sony-home-cinema","7":"product_cat-digitalni-projektor","8":"product_cat-sony","9":"product_cat-sony-home-cinema","10":"product_tag-18gbps","11":"product_tag-bravia","12":"product_tag-hdr","13":"product_tag-hfr","14":"product_tag-projektor","15":"product_tag-sony","16":"product_tag-sxrd","17":"product_tag-true-4k","18":"product_tag-xr-procesor","20":"first","21":"onbackorder","22":"taxable","23":"shipping-taxable","24":"purchasable","25":"product-type-simple"},"aioseo_notices":[],"jetpack_sharing_enabled":true,"brands":[{"id":461,"name":"SONY Home Cinema","slug":"sony-home-cinema"}],"_links":{"self":[{"href":"https:\/\/www.altei.cz\/hifi\/wp-json\/wp\/v2\/product\/43996","targetHints":{"allow":["GET"]}}],"collection":[{"href":"https:\/\/www.altei.cz\/hifi\/wp-json\/wp\/v2\/product"}],"about":[{"href":"https:\/\/www.altei.cz\/hifi\/wp-json\/wp\/v2\/types\/product"}],"replies":[{"embeddable":true,"href":"https:\/\/www.altei.cz\/hifi\/wp-json\/wp\/v2\/comments?post=43996"}],"wp:featuredmedia":[{"embeddable":true,"href":"https:\/\/www.altei.cz\/hifi\/wp-json\/wp\/v2\/media\/43993"}],"wp:attachment":[{"href":"https:\/\/www.altei.cz\/hifi\/wp-json\/wp\/v2\/media?parent=43996"}],"wp:term":[{"taxonomy":"pwb-brand","embeddable":true,"href":"https:\/\/www.altei.cz\/hifi\/wp-json\/wp\/v2\/pwb-brand?post=43996"},{"taxonomy":"product_brand","embeddable":true,"href":"https:\/\/www.altei.cz\/hifi\/wp-json\/wp\/v2\/product_brand?post=43996"},{"taxonomy":"product_cat","embeddable":true,"href":"https:\/\/www.altei.cz\/hifi\/wp-json\/wp\/v2\/product_cat?post=43996"},{"taxonomy":"product_tag","embeddable":true,"href":"https:\/\/www.altei.cz\/hifi\/wp-json\/wp\/v2\/product_tag?post=43996"}],"curies":[{"name":"wp","href":"https:\/\/api.w.org\/{rel}","templated":true}]}}