{"id":43998,"date":"2026-04-24T21:25:24","date_gmt":"2026-04-24T19:25:24","guid":{"rendered":"https:\/\/www.altei.cz\/hifi\/?post_type=product&#038;p=43998"},"modified":"2026-04-24T21:35:54","modified_gmt":"2026-04-24T19:35:54","slug":"nab-reel-revox-s","status":"publish","type":"product","link":"https:\/\/www.altei.cz\/hifi\/produkt\/nab-reel-revox-s\/","title":{"rendered":"NAB-REEL-REVOX-S"},"content":{"rendered":"<p><strong>NAB-REEL-REVOX-S<\/strong><\/p>\n<p>NAB pr\u00e1zdn\u00e1 studiov\u00e1 kovov\u00e1 c\u00edvka REVOX na 1\/4&#8243; p\u00e1s REVOX\u00a0 HORCH HOUSE\u00a0 26,5 cm barva st\u0159\u00edbrn\u00e1 spolu s klimatick\u00fdm archiva\u010dn\u00edm boxem v b\u00edl\u00e9 barv\u011b<\/p>\n<p>&nbsp;<\/p>\n","protected":false},"excerpt":{"rendered":"<p>REVOX NAB-REEL<\/p>\n","protected":false},"featured_media":44000,"comment_status":"open","ping_status":"closed","template":"","meta":[],"pwb-brand":[490],"product_brand":[],"product_cat":[350,584,590],"product_tag":[66,356],"class_list":{"0":"post-43998","1":"product","2":"type-product","3":"status-publish","4":"has-post-thumbnail","6":"pwb-brand-revox","7":"product_cat-mgf-pasy","8":"product_cat-revox","9":"product_cat-revox-master-tape","10":"product_tag-hi-fi","11":"product_tag-nab-reel","12":"product_shipping_class-z-5-kg","14":"first","15":"onbackorder","16":"taxable","17":"shipping-taxable","18":"purchasable","19":"product-type-simple"},"aioseo_notices":[],"jetpack_sharing_enabled":true,"brands":[{"id":490,"name":"REVOX","slug":"revox"}],"_links":{"self":[{"href":"https:\/\/www.altei.cz\/hifi\/wp-json\/wp\/v2\/product\/43998","targetHints":{"allow":["GET"]}}],"collection":[{"href":"https:\/\/www.altei.cz\/hifi\/wp-json\/wp\/v2\/product"}],"about":[{"href":"https:\/\/www.altei.cz\/hifi\/wp-json\/wp\/v2\/types\/product"}],"replies":[{"embeddable":true,"href":"https:\/\/www.altei.cz\/hifi\/wp-json\/wp\/v2\/comments?post=43998"}],"wp:featuredmedia":[{"embeddable":true,"href":"https:\/\/www.altei.cz\/hifi\/wp-json\/wp\/v2\/media\/44000"}],"wp:attachment":[{"href":"https:\/\/www.altei.cz\/hifi\/wp-json\/wp\/v2\/media?parent=43998"}],"wp:term":[{"taxonomy":"pwb-brand","embeddable":true,"href":"https:\/\/www.altei.cz\/hifi\/wp-json\/wp\/v2\/pwb-brand?post=43998"},{"taxonomy":"product_brand","embeddable":true,"href":"https:\/\/www.altei.cz\/hifi\/wp-json\/wp\/v2\/product_brand?post=43998"},{"taxonomy":"product_cat","embeddable":true,"href":"https:\/\/www.altei.cz\/hifi\/wp-json\/wp\/v2\/product_cat?post=43998"},{"taxonomy":"product_tag","embeddable":true,"href":"https:\/\/www.altei.cz\/hifi\/wp-json\/wp\/v2\/product_tag?post=43998"}],"curies":[{"name":"wp","href":"https:\/\/api.w.org\/{rel}","templated":true}]}}