{"id":1023,"date":"2015-07-29T20:12:12","date_gmt":"2015-07-29T19:12:12","guid":{"rendered":"http:\/\/www.altei.cz\/wp_apogeedigital\/?page_id=1023"},"modified":"2018-09-18T13:38:55","modified_gmt":"2018-09-18T12:38:55","slug":"groove-specifikace","status":"publish","type":"page","link":"https:\/\/www.altei.cz\/wp_apogeedigital\/groove-specifikace\/","title":{"rendered":"Groove specifikace"},"content":{"rendered":"<div id='layer_slider_1'  class='avia-layerslider main_color avia-shadow  avia-builder-el-0  el_before_av_submenu  avia-builder-el-first  container_wrap sidebar_right'  style='height: 201px;'  ><\/div>\n<div class='clear'><\/div><div id='sub_menu1'  class='av-submenu-container av-av_submenu-fad83e9a5e3ea4bdd8aed121861b02e4 main_color  avia-builder-el-1  el_after_av_layerslider  el_before_av_one_full  av-sticky-submenu submenu-not-first container_wrap sidebar_right' style='z-index:301' ><div class='container av-menu-mobile-disabled av-submenu-pos-center'><ul id=\"menu-groove-submenu\" class=\"av-subnav-menu\"><li role=\"menuitem\" id=\"menu-item-983\" class=\"menu-item menu-item-type-post_type menu-item-object-page menu-item-top-level menu-item-top-level-1\"><a href=\"https:\/\/www.altei.cz\/wp_apogeedigital\/groove\/\" itemprop=\"url\" tabindex=\"0\"><span class=\"avia-bullet\"><\/span><span class=\"avia-menu-text\">P\u0159ehled<\/span><span class=\"avia-menu-fx\"><span class=\"avia-arrow-wrap\"><span class=\"avia-arrow\"><\/span><\/span><\/span><\/a><\/li>\n<li role=\"menuitem\" id=\"menu-item-1038\" class=\"menu-item menu-item-type-post_type menu-item-object-page menu-item-top-level menu-item-top-level-2\"><a href=\"https:\/\/www.altei.cz\/wp_apogeedigital\/groove-prohlidka\/\" itemprop=\"url\" tabindex=\"0\"><span class=\"avia-bullet\"><\/span><span class=\"avia-menu-text\">Prohl\u00eddka produktu<\/span><span class=\"avia-menu-fx\"><span class=\"avia-arrow-wrap\"><span class=\"avia-arrow\"><\/span><\/span><\/span><\/a><\/li>\n<li role=\"menuitem\" id=\"menu-item-1026\" class=\"menu-item menu-item-type-post_type menu-item-object-page menu-item-top-level menu-item-top-level-3\"><a href=\"https:\/\/www.altei.cz\/wp_apogeedigital\/groove-specifikace\/\" itemprop=\"url\" tabindex=\"0\"><span class=\"avia-bullet\"><\/span><span class=\"avia-menu-text\">Specifikace<\/span><span class=\"avia-menu-fx\"><span class=\"avia-arrow-wrap\"><span class=\"avia-arrow\"><\/span><\/span><\/span><\/a><\/li>\n<li role=\"menuitem\" id=\"menu-item-1027\" class=\"menu-item menu-item-type-post_type menu-item-object-page menu-item-top-level menu-item-top-level-4\"><a href=\"https:\/\/www.altei.cz\/wp_apogeedigital\/groove-galerie\/\" itemprop=\"url\" tabindex=\"0\"><span class=\"avia-bullet\"><\/span><span class=\"avia-menu-text\">Galerie<\/span><span class=\"avia-menu-fx\"><span class=\"avia-arrow-wrap\"><span class=\"avia-arrow\"><\/span><\/span><\/span><\/a><\/li>\n<li role=\"menuitem\" id=\"menu-item-2224\" class=\"menu-item menu-item-type-post_type menu-item-object-page menu-item-top-level menu-item-top-level-5\"><a href=\"https:\/\/www.altei.cz\/wp_apogeedigital\/groove-recenze\/\" itemprop=\"url\" tabindex=\"0\"><span class=\"avia-bullet\"><\/span><span class=\"avia-menu-text\">Recenze<\/span><span class=\"avia-menu-fx\"><span class=\"avia-arrow-wrap\"><span class=\"avia-arrow\"><\/span><\/span><\/span><\/a><\/li>\n<li role=\"menuitem\" id=\"menu-item-984\" class=\"menu-item menu-item-type-custom menu-item-object-custom av-menu-button av-menu-button-colored menu-item-top-level menu-item-top-level-6\"><a href=\"http:\/\/www.altei.cz\/altei-shop\/groove\/\" itemprop=\"url\" tabindex=\"0\"><span class=\"avia-bullet\"><\/span><span class=\"avia-menu-text\">Koupit<\/span><span class=\"avia-menu-fx\"><span class=\"avia-arrow-wrap\"><span class=\"avia-arrow\"><\/span><\/span><\/span><\/a><\/li>\n<\/ul><\/div><\/div><div class='sticky_placeholder'><\/div><div id='after_submenu_1'  class='main_color av_default_container_wrap container_wrap sidebar_right'  ><div class='container av-section-cont-open' ><div class='template-page content  av-content-small alpha units'><div class='post-entry post-entry-type-page post-entry-1023'><div class='entry-content-wrapper clearfix'>\n<div class='flex_column av-av_one_full-2a9015ff38129c418a3f2eafba3e9512 av_one_full  avia-builder-el-2  el_after_av_submenu  el_before_av_one_half  avia-builder-el-first  first flex_column_div '     ><style type=\"text\/css\" data-created_by=\"avia_inline_auto\" id=\"style-css-av-av_image-ad095697e36612330c01e965e7542420\">\n.avia-image-container.av-av_image-ad095697e36612330c01e965e7542420 img.avia_image{\nbox-shadow:none;\n}\n.avia-image-container.av-av_image-ad095697e36612330c01e965e7542420 .av-image-caption-overlay-center{\ncolor:#ffffff;\n}\n<\/style>\n<div  class='avia-image-container av-av_image-ad095697e36612330c01e965e7542420 av-styling- avia-align-center  avia-builder-el-3  avia-builder-el-no-sibling '   itemprop=\"image\" itemscope=\"itemscope\" itemtype=\"https:\/\/schema.org\/ImageObject\" ><div class=\"avia-image-container-inner\"><div class=\"avia-image-overlay-wrap\"><img fetchpriority=\"high\" decoding=\"async\" class='wp-image-1070 avia-img-lazy-loading-not-1070 avia_image ' src=\"https:\/\/www.altei.cz\/wp_apogeedigital\/wp-content\/uploads\/2015\/07\/Groove-Packaging-3qtr-300x300.png\" alt='' title='Groove-Packaging-3qtr-300x300'  height=\"300\" width=\"300\"  itemprop=\"thumbnailUrl\" srcset=\"https:\/\/www.altei.cz\/wp_apogeedigital\/wp-content\/uploads\/2015\/07\/Groove-Packaging-3qtr-300x300.png 300w, https:\/\/www.altei.cz\/wp_apogeedigital\/wp-content\/uploads\/2015\/07\/Groove-Packaging-3qtr-300x300-80x80.png 80w, https:\/\/www.altei.cz\/wp_apogeedigital\/wp-content\/uploads\/2015\/07\/Groove-Packaging-3qtr-300x300-36x36.png 36w, https:\/\/www.altei.cz\/wp_apogeedigital\/wp-content\/uploads\/2015\/07\/Groove-Packaging-3qtr-300x300-180x180.png 180w, https:\/\/www.altei.cz\/wp_apogeedigital\/wp-content\/uploads\/2015\/07\/Groove-Packaging-3qtr-300x300-120x120.png 120w\" sizes=\"(max-width: 300px) 100vw, 300px\" \/><\/div><\/div><\/div><\/div>\n<div class='flex_column av-av_one_half-2a9015ff38129c418a3f2eafba3e9512 av_one_half  avia-builder-el-4  el_after_av_one_full  el_before_av_one_half  first flex_column_div column-top-margin'     ><section  class='av_textblock_section av-av_textblock-2de302bf1aa3cf4c9157dbe6f50ac7eb'  itemscope=\"itemscope\" itemtype=\"https:\/\/schema.org\/CreativeWork\" ><div class='avia_textblock'  itemprop=\"text\" ><h3>Vlastnosti<\/h3>\n<ul>\n<li>USB 2 p\u0159ipojen\u00ed k\u00a0 Mac i\u00a0 PC<\/li>\n<li>Zpracov\u00e1n\u00ed audia a\u017e 24 bit \/ 192kHz<\/li>\n<li>DA p\u0159evodn\u00edky ESS Sabre<\/li>\n<li>Roz\u0161\u00ed\u0159\u00ed mo\u017enosti iTunes, Tidal, Spotify, Pandora\u00a0nebo dal\u0161\u00edch podobn\u00fdch slu\u017eeb<\/li>\n<li>Constant Current Drive\u2122 nab\u00edz\u00ed vyrovnanou\u00a0frekven\u010dn\u00ed charakteristiku se v\u0161emi sluch\u00e1tky<\/li>\n<li>Quad Sum DAC\u2122, 4 DA p\u0159evodn\u00edky na kan\u00e1l pro\u00a0vysok\u00fd d ynamick\u00fd rozsah\u00a0 a n\u00edzk\u00e9 zkreslen\u00ed<\/li>\n<li>Asynchronn\u00ed USB vstup<\/li>\n<li>V\u00edcebarevn\u00e9\u00a0 LED indikuj\u00ed stav a \u00farove\u0148<\/li>\n<li>Nap\u00e1jen\u00ed p\u0159es\u00a0 USB<\/li>\n<li>Ovl\u00e1d\u00e1n\u00ed hlasitosti a mute<\/li>\n<li>Kompaktn\u00ed a p\u0159enosn\u00fd\u00a0(95mm D\u00a0 x 30mm \u0160\u00a0 x 16mm H)<\/li>\n<li>Kovov\u00e9 hlin\u00edkov\u00e9 t\u011blo<\/li>\n<li>Vyrobeno v USA<\/li>\n<\/ul>\n<\/div><\/section><br \/>\n<section  class='av_textblock_section av-av_textblock-0366cc7376be6c9e82a3e9cc8987b64f'  itemscope=\"itemscope\" itemtype=\"https:\/\/schema.org\/CreativeWork\" ><div class='avia_textblock'  itemprop=\"text\" ><h3>D\/A P\u0159evodn\u00edk:<\/h3>\n<ul>\n<li>THD+N: -107 dB \/ 600 Ohm\u016f @ 16 dBu<\/li>\n<li>THD+N: -100dB \/30 Ohm\u016f @ 10.5 dBu<\/li>\n<li>Dynamick\u00fd rozsah: 117dB, A filtr<\/li>\n<li>Frekven\u010dn\u00ed rozsah: 10Hz &#8211; 20KHz +\/- 0.2dB<\/li>\n<li>Max v\u00fdstupn\u00ed \u00farove\u0148:\n<ul>\n<li>225mW do 30 Ohm\u016f<\/li>\n<li>40mW do 600 Ohm\u016f<\/li>\n<\/ul>\n<\/li>\n<li>8 kan\u00e1lov\u00fd ESS DAC (4 DA p\u0159evodn\u00edky na kan\u00e1l)<\/li>\n<\/ul>\n<h3><\/h3>\n<\/div><\/section><\/p><\/div>\n<style type=\"text\/css\" data-created_by=\"avia_inline_auto\" id=\"style-css-av-av_one_half-9c1d454dc06f7247226bc4e8f931daae\">\n.flex_column.av-av_one_half-9c1d454dc06f7247226bc4e8f931daae{\n-webkit-border-radius:0px 0px 0px 0px;\n-moz-border-radius:0px 0px 0px 0px;\nborder-radius:0px 0px 0px 0px;\npadding:0px 0px 0px 0px;\n}\n<\/style>\n<div class='flex_column av-av_one_half-9c1d454dc06f7247226bc4e8f931daae av_one_half  avia-builder-el-7  el_after_av_one_half  el_before_av_section  avia-builder-el-last  flex_column_div av-zero-column-padding column-top-margin'     ><section  class='av_textblock_section av-av_textblock-2de302bf1aa3cf4c9157dbe6f50ac7eb'  itemscope=\"itemscope\" itemtype=\"https:\/\/schema.org\/CreativeWork\" ><div class='avia_textblock'  itemprop=\"text\" ><h3>Syst\u00e9mov\u00e9 po\u017eadavky Mac OS<\/h3>\n<ul class=\"disc\">\n<li>Po\u010d\u00edta\u010d: Mac s Intel procesorem 1.5 GHz a vy\u0161\u0161\u00edm<\/li>\n<li>Pam\u011b\u0165: 2 GB minimum RAM, 4 GB doporu\u010deno<\/li>\n<li>OS: 10.8 nebo vy\u0161\u0161\u00ed<\/li>\n<li>P\u0159ipojen\u00ed: USB<\/li>\n<li>Nap\u00e1jen\u00ed: USB<\/li>\n<li>Ovlada\u010d: Mac Core Audio (nen\u00ed t\u0159eba instalace)<\/li>\n<\/ul>\n<h3><\/h3>\n<h3><\/h3>\n<\/div><\/section><br \/>\n\n<style type=\"text\/css\" data-created_by=\"avia_inline_auto\" id=\"style-css-av-av_image-ccafeaf98d7fcdbf1e402f3d64ccaa3a\">\n.avia-image-container.av-av_image-ccafeaf98d7fcdbf1e402f3d64ccaa3a img.avia_image{\nbox-shadow:none;\n}\n.avia-image-container.av-av_image-ccafeaf98d7fcdbf1e402f3d64ccaa3a .av-image-caption-overlay-center{\ncolor:#ffffff;\n}\n<\/style>\n<div  class='avia-image-container av-av_image-ccafeaf98d7fcdbf1e402f3d64ccaa3a av-styling- avia-align-left  avia-builder-el-9  el_after_av_textblock  el_before_av_textblock '   itemprop=\"image\" itemscope=\"itemscope\" itemtype=\"https:\/\/schema.org\/ImageObject\" ><div class=\"avia-image-container-inner\"><div class=\"avia-image-overlay-wrap\"><img decoding=\"async\" class='wp-image-968 avia-img-lazy-loading-not-968 avia_image ' src=\"https:\/\/www.altei.cz\/wp_apogeedigital\/wp-content\/uploads\/2015\/07\/mac-universal-logo.jpg\" alt='' title='mac-universal-logo'  height=\"88\" width=\"141\"  itemprop=\"thumbnailUrl\"  \/><\/div><\/div><\/div><br \/>\n<section  class='av_textblock_section av-av_textblock-2de302bf1aa3cf4c9157dbe6f50ac7eb'  itemscope=\"itemscope\" itemtype=\"https:\/\/schema.org\/CreativeWork\" ><div class='avia_textblock'  itemprop=\"text\" ><h3>Syst\u00e9mov\u00e9 po\u017eadavky Windows OS<\/h3>\n<ul class=\"disc\">\n<li>Po\u010d\u00edta\u010d:\u00a0desktop nebo notebook vyroben\u00fd po 1.1.2006<\/li>\n<li>Intel Core 2 1.6 GHz nebo AMD ekvivalent<\/li>\n<li>Pam\u011b\u0165: 1\u00a0GB minimum RAM<\/li>\n<li>OS: Windows 7 (32 a 64 bit),Windows 8\u00a0(32 a 64 bit),\u00a0Windows 10<\/li>\n<li>P\u0159ipojen\u00ed: USB<\/li>\n<li>Nap\u00e1jen\u00ed: USB<\/li>\n<li>Ovlada\u010d:\u00a0po registraci ke sta\u017een\u00ed na str\u00e1nk\u00e1ch Apogee<\/li>\n<\/ul>\n<h3><strong>Balen\u00ed obsahuje<\/strong><\/h3>\n<ul class=\"disc\">\n<li>Groove<\/li>\n<li>USB kabel<\/li>\n<li>Poutko na no\u0161en\u00ed<\/li>\n<li>Quick Start Guide<\/li>\n<li>Instrukce pro download\u00a0software<\/li>\n<\/ul>\n<\/div><\/section><\/p><\/div><\/p>\n<\/div><\/div><\/div><!-- close content main div --><\/div><\/div>\n<style type=\"text\/css\" data-created_by=\"avia_inline_auto\" id=\"style-css-av-av_section-dce8581cb2fdaa0a517fb3aa1bdf7de6\">\n.avia-section.av-av_section-dce8581cb2fdaa0a517fb3aa1bdf7de6{\nbackground-repeat:no-repeat;\nbackground-image:url(https:\/\/www.altei.cz\/wp_apogeedigital\/wp-content\/uploads\/2015\/07\/bkg-gradation-f2-1030x445.jpeg);\nbackground-position:50% 50%;\nbackground-attachment:scroll;\n}\n<\/style>\n<div id='av_section_1'  class='avia-section av-av_section-dce8581cb2fdaa0a517fb3aa1bdf7de6 main_color avia-section-large avia-no-shadow  avia-builder-el-11  el_after_av_one_half  el_before_av_section  avia-full-stretch avia-bg-style-scroll container_wrap sidebar_right'  data-section-bg-repeat='stretch'><div class='container av-section-cont-open' ><div class='template-page content  av-content-small alpha units'><div class='post-entry post-entry-type-page post-entry-1023'><div class='entry-content-wrapper clearfix'>\n<div class='flex_column av-av_one_fourth-2a9015ff38129c418a3f2eafba3e9512 av_one_fourth  avia-builder-el-12  el_before_av_one_fourth  avia-builder-el-first  first flex_column_div '     ><\/div><div class='flex_column av-av_one_fourth-f78fb3c186c5ceb3cf0bf54353219056 av_one_fourth  avia-builder-el-13  el_after_av_one_fourth  el_before_av_one_fourth  flex_column_div '     ><style type=\"text\/css\" data-created_by=\"avia_inline_auto\" id=\"style-css-av-av_image-b271d978af2379bb7f3dfade60b73b86\">\n.avia-image-container.av-av_image-b271d978af2379bb7f3dfade60b73b86 img.avia_image{\nbox-shadow:none;\n}\n.avia-image-container.av-av_image-b271d978af2379bb7f3dfade60b73b86 .av-image-caption-overlay-center{\ncolor:#ffffff;\n}\n<\/style>\n<div  class='avia-image-container av-av_image-b271d978af2379bb7f3dfade60b73b86 av-styling- avia-align-center  avia-builder-el-14  avia-builder-el-no-sibling '   itemprop=\"image\" itemscope=\"itemscope\" itemtype=\"https:\/\/schema.org\/ImageObject\" ><div class=\"avia-image-container-inner\"><div class=\"avia-image-overlay-wrap\"><img decoding=\"async\" class='wp-image-1007 avia-img-lazy-loading-not-1007 avia_image ' src=\"https:\/\/www.altei.cz\/wp_apogeedigital\/wp-content\/uploads\/2015\/07\/Groove-3-Quarters-Right-10001-103x300.png\" alt='' title='Groove-3-Quarters-Right-10001-103x300'  height=\"300\" width=\"103\"  itemprop=\"thumbnailUrl\"  \/><\/div><\/div><\/div><\/div><div class='flex_column av-av_one_fourth-f78fb3c186c5ceb3cf0bf54353219056 av_one_fourth  avia-builder-el-15  el_after_av_one_fourth  el_before_av_one_fourth  flex_column_div '     ><section  class='av_textblock_section av-av_textblock-0366cc7376be6c9e82a3e9cc8987b64f'  itemscope=\"itemscope\" itemtype=\"https:\/\/schema.org\/CreativeWork\" ><div class='avia_textblock'  itemprop=\"text\" ><h3>V\u00edce o Apogee Groove.<\/h3>\n<ul>\n<li><a href=\"http:\/\/www.altei.cz\/wp_apogeedigital\/groove\/\">P\u0159ehled<\/a><\/li>\n<li><a href=\"http:\/\/www.altei.cz\/wp_apogeedigital\/groove-prohlidka\/\">Prohl\u00eddka produktu<\/a><\/li>\n<li><a href=\"http:\/\/www.altei.cz\/wp_apogeedigital\/groove-specifikace\/\">Specifikace<\/a><\/li>\n<li>Videa<\/li>\n<li><a href=\"http:\/\/www.altei.cz\/wp_apogeedigital\/groove-galerie\/\">Galerie<\/a><\/li>\n<li>Um\u011blci<\/li>\n<li>Recenze<\/li>\n<\/ul>\n<\/div><\/section><\/div><div class='flex_column av-av_one_fourth-f78fb3c186c5ceb3cf0bf54353219056 av_one_fourth  avia-builder-el-17  el_after_av_one_fourth  avia-builder-el-last  flex_column_div '     ><\/div>\n\n<\/div><\/div><\/div><!-- close content main div --><\/div><\/div>\n<style type=\"text\/css\" data-created_by=\"avia_inline_auto\" id=\"style-css-av-av_section-dce8581cb2fdaa0a517fb3aa1bdf7de6\">\n.avia-section.av-av_section-dce8581cb2fdaa0a517fb3aa1bdf7de6{\nbackground-repeat:no-repeat;\nbackground-image:url(https:\/\/www.altei.cz\/wp_apogeedigital\/wp-content\/uploads\/2015\/07\/bkg-gradation-f2-1030x445.jpeg);\nbackground-position:50% 50%;\nbackground-attachment:scroll;\n}\n<\/style>\n<div id='av_section_2'  class='avia-section av-av_section-dce8581cb2fdaa0a517fb3aa1bdf7de6 main_color avia-section-large avia-no-shadow  avia-builder-el-18  el_after_av_section  avia-builder-el-last  avia-full-stretch avia-bg-style-scroll container_wrap sidebar_right'  data-section-bg-repeat='stretch'><div class='container av-section-cont-open' ><div class='template-page content  av-content-small alpha units'><div class='post-entry post-entry-type-page post-entry-1023'><div class='entry-content-wrapper clearfix'>\n<div class='flex_column av-av_one_fourth-2a9015ff38129c418a3f2eafba3e9512 av_one_fourth  avia-builder-el-19  el_before_av_one_fourth  avia-builder-el-first  first flex_column_div '     ><article  class='iconbox iconbox_top av-av_icon_box-b36386a972e03ff63c98d82cd5c85d28  avia-builder-el-20  avia-builder-el-no-sibling  main_color'  itemscope=\"itemscope\" itemtype=\"https:\/\/schema.org\/CreativeWork\" ><div class=\"iconbox_content\"><header class=\"entry-content-header\"><a href='http:\/\/www.apogeedigital.com\/knowledgebase\/' title='' target=\"_blank\" rel=\"noopener noreferrer\" class=\"iconbox_icon heading-color\" aria-hidden='true' data-av_icon='\ue81c' data-av_iconfont='entypo-fontello'><\/a><\/header><div class='iconbox_content_container '  itemprop=\"text\" ><p>Ot\u00e1zky a odpov\u011bdi (angl.)<\/p>\n<\/div><\/div><footer class=\"entry-footer\"><\/footer><\/article><\/div>\n<style type=\"text\/css\" data-created_by=\"avia_inline_auto\" id=\"style-css-av-av_one_fourth-9c1d454dc06f7247226bc4e8f931daae\">\n.flex_column.av-av_one_fourth-9c1d454dc06f7247226bc4e8f931daae{\n-webkit-border-radius:0px 0px 0px 0px;\n-moz-border-radius:0px 0px 0px 0px;\nborder-radius:0px 0px 0px 0px;\npadding:0px 0px 0px 0px;\n}\n<\/style>\n<div class='flex_column av-av_one_fourth-9c1d454dc06f7247226bc4e8f931daae av_one_fourth  avia-builder-el-21  el_after_av_one_fourth  el_before_av_one_fourth  flex_column_div av-zero-column-padding '     ><article  class='iconbox iconbox_top av-av_icon_box-43d84e0b1e230c0be8804d49e8aa295a  avia-builder-el-22  avia-builder-el-no-sibling  main_color'  itemscope=\"itemscope\" itemtype=\"https:\/\/schema.org\/CreativeWork\" ><div class=\"iconbox_content\"><header class=\"entry-content-header\"><a href='https:\/\/www.altei.cz\/wp_apogeedigital\/message\/' title=''  class=\"iconbox_icon heading-color\" aria-hidden='true' data-av_icon='\ue805' data-av_iconfont='entypo-fontello'><\/a><\/header><div class='iconbox_content_container '  itemprop=\"text\" ><p>M\u00e1te dotaz? Napi\u0161te n\u00e1m.<\/p>\n<\/div><\/div><footer class=\"entry-footer\"><\/footer><\/article><\/div>\n<style type=\"text\/css\" data-created_by=\"avia_inline_auto\" id=\"style-css-av-av_one_fourth-9c1d454dc06f7247226bc4e8f931daae\">\n.flex_column.av-av_one_fourth-9c1d454dc06f7247226bc4e8f931daae{\n-webkit-border-radius:0px 0px 0px 0px;\n-moz-border-radius:0px 0px 0px 0px;\nborder-radius:0px 0px 0px 0px;\npadding:0px 0px 0px 0px;\n}\n<\/style>\n<div class='flex_column av-av_one_fourth-9c1d454dc06f7247226bc4e8f931daae av_one_fourth  avia-builder-el-23  el_after_av_one_fourth  el_before_av_one_fourth  flex_column_div av-zero-column-padding '     ><article  class='iconbox iconbox_top av-av_icon_box-4d8b88e5da44c73ec7f1917647b17527  avia-builder-el-24  avia-builder-el-no-sibling  main_color'  itemscope=\"itemscope\" itemtype=\"https:\/\/schema.org\/CreativeWork\" ><div class=\"iconbox_content\"><header class=\"entry-content-header\"><a href='https:\/\/www.altei.cz\/wp_apogeedigital\/dealer-locator\/' title=''  target=\"_blank\"  rel=\"noopener noreferrer\" class=\"iconbox_icon heading-color\" aria-hidden='true' data-av_icon='\ue803' data-av_iconfont='entypo-fontello'><\/a><\/header><div class='iconbox_content_container '  itemprop=\"text\" ><p>Kde koupit ?<\/p>\n<\/div><\/div><footer class=\"entry-footer\"><\/footer><\/article><\/div>\n<style type=\"text\/css\" data-created_by=\"avia_inline_auto\" id=\"style-css-av-av_one_fourth-9c1d454dc06f7247226bc4e8f931daae\">\n.flex_column.av-av_one_fourth-9c1d454dc06f7247226bc4e8f931daae{\n-webkit-border-radius:0px 0px 0px 0px;\n-moz-border-radius:0px 0px 0px 0px;\nborder-radius:0px 0px 0px 0px;\npadding:0px 0px 0px 0px;\n}\n<\/style>\n<div class='flex_column av-av_one_fourth-9c1d454dc06f7247226bc4e8f931daae av_one_fourth  avia-builder-el-25  el_after_av_one_fourth  avia-builder-el-last  flex_column_div av-zero-column-padding '     ><article  class='iconbox iconbox_top av-av_icon_box-74e5e363f41078a97d00ffc4fbbb0b2d  avia-builder-el-26  avia-builder-el-no-sibling  main_color'  itemscope=\"itemscope\" itemtype=\"https:\/\/schema.org\/CreativeWork\" ><div class=\"iconbox_content\"><header class=\"entry-content-header\"><a href='http:\/\/www.altei.cz\/brand\/apogee\/' title=''  class=\"iconbox_icon heading-color\" aria-hidden='true' data-av_icon='\ue859' data-av_iconfont='entypo-fontello'><\/a><\/header><div class='iconbox_content_container '  itemprop=\"text\" ><p>Koupit Apogee produkty a p\u0159\u00edslu\u0161enstv\u00ed<\/p>\n<\/div><\/div><footer class=\"entry-footer\"><\/footer><\/article><\/div>\n<\/div><\/div><\/div><!-- close content main div --><\/div><\/div><div id='after_section_2'  class='main_color av_default_container_wrap container_wrap sidebar_right'  ><div class='container av-section-cont-open' ><div class='template-page content  av-content-small alpha units'><div class='post-entry post-entry-type-page post-entry-1023'><div class='entry-content-wrapper clearfix'>\n","protected":false},"excerpt":{"rendered":"","protected":false},"author":1,"featured_media":0,"parent":0,"menu_order":0,"comment_status":"closed","ping_status":"open","template":"","meta":{"_bbp_topic_count":0,"_bbp_reply_count":0,"_bbp_total_topic_count":0,"_bbp_total_reply_count":0,"_bbp_voice_count":0,"_bbp_anonymous_reply_count":0,"_bbp_topic_count_hidden":0,"_bbp_reply_count_hidden":0,"_bbp_forum_subforum_count":0,"om_disable_all_campaigns":false,"_monsterinsights_skip_tracking":false,"_monsterinsights_sitenote_active":false,"_monsterinsights_sitenote_note":"","_monsterinsights_sitenote_category":0,"_wp_rev_ctl_limit":""},"aioseo_notices":[],"_links":{"self":[{"href":"https:\/\/www.altei.cz\/wp_apogeedigital\/wp-json\/wp\/v2\/pages\/1023"}],"collection":[{"href":"https:\/\/www.altei.cz\/wp_apogeedigital\/wp-json\/wp\/v2\/pages"}],"about":[{"href":"https:\/\/www.altei.cz\/wp_apogeedigital\/wp-json\/wp\/v2\/types\/page"}],"author":[{"embeddable":true,"href":"https:\/\/www.altei.cz\/wp_apogeedigital\/wp-json\/wp\/v2\/users\/1"}],"replies":[{"embeddable":true,"href":"https:\/\/www.altei.cz\/wp_apogeedigital\/wp-json\/wp\/v2\/comments?post=1023"}],"version-history":[{"count":0,"href":"https:\/\/www.altei.cz\/wp_apogeedigital\/wp-json\/wp\/v2\/pages\/1023\/revisions"}],"wp:attachment":[{"href":"https:\/\/www.altei.cz\/wp_apogeedigital\/wp-json\/wp\/v2\/media?parent=1023"}],"curies":[{"name":"wp","href":"https:\/\/api.w.org\/{rel}","templated":true}]}}