{"id":1358,"date":"2015-08-03T16:51:10","date_gmt":"2015-08-03T15:51:10","guid":{"rendered":"http:\/\/www.altei.cz\/wp_apogeedigital\/?page_id=1358"},"modified":"2016-08-11T15:12:40","modified_gmt":"2016-08-11T14:12:40","slug":"mic-96k-prohlidka","status":"publish","type":"page","link":"https:\/\/www.altei.cz\/wp_apogeedigital\/mic-96k-prohlidka\/","title":{"rendered":"MIC 96K &#8211; prohl\u00eddka"},"content":{"rendered":"<div id='layer_slider_1'  class='avia-layerslider main_color avia-shadow  avia-builder-el-0  el_before_av_submenu  avia-builder-el-first  container_wrap sidebar_right'  style='height: 201px;'  ><\/div>\n<div class='clear'><\/div><div id='sub_menu1'  class='av-submenu-container av-av_submenu-b1581f014848a27c9b5daa4b2c7082e1 main_color  avia-builder-el-1  el_after_av_layerslider  el_before_av_hr  av-sticky-submenu submenu-not-first container_wrap sidebar_right' style='z-index:301' ><div class='container av-menu-mobile-disabled av-submenu-pos-center'><ul id=\"menu-mic96k-submenu\" class=\"av-subnav-menu\"><li role=\"menuitem\" id=\"menu-item-3105\" class=\"menu-item menu-item-type-post_type menu-item-object-page menu-item-top-level menu-item-top-level-1\"><a href=\"https:\/\/www.altei.cz\/wp_apogeedigital\/mic-96k\/\" itemprop=\"url\" tabindex=\"0\"><span class=\"avia-bullet\"><\/span><span class=\"avia-menu-text\">P\u0159ehled<\/span><span class=\"avia-menu-fx\"><span class=\"avia-arrow-wrap\"><span class=\"avia-arrow\"><\/span><\/span><\/span><\/a><\/li>\n<li role=\"menuitem\" id=\"menu-item-1378\" class=\"menu-item menu-item-type-post_type menu-item-object-page menu-item-top-level menu-item-top-level-2\"><a href=\"https:\/\/www.altei.cz\/wp_apogeedigital\/mic-96k-prohlidka\/\" itemprop=\"url\" tabindex=\"0\"><span class=\"avia-bullet\"><\/span><span class=\"avia-menu-text\">Prohl\u00eddka<\/span><span class=\"avia-menu-fx\"><span class=\"avia-arrow-wrap\"><span class=\"avia-arrow\"><\/span><\/span><\/span><\/a><\/li>\n<li role=\"menuitem\" id=\"menu-item-1392\" class=\"menu-item menu-item-type-post_type menu-item-object-page menu-item-top-level menu-item-top-level-3\"><a href=\"https:\/\/www.altei.cz\/wp_apogeedigital\/mic96k-specifikace\/\" itemprop=\"url\" tabindex=\"0\"><span class=\"avia-bullet\"><\/span><span class=\"avia-menu-text\">Specifikace<\/span><span class=\"avia-menu-fx\"><span class=\"avia-arrow-wrap\"><span class=\"avia-arrow\"><\/span><\/span><\/span><\/a><\/li>\n<li role=\"menuitem\" id=\"menu-item-1385\" class=\"menu-item menu-item-type-post_type menu-item-object-page menu-item-top-level menu-item-top-level-4\"><a href=\"https:\/\/www.altei.cz\/wp_apogeedigital\/mic-96k-galerie\/\" itemprop=\"url\" tabindex=\"0\"><span class=\"avia-bullet\"><\/span><span class=\"avia-menu-text\">Galerie<\/span><span class=\"avia-menu-fx\"><span class=\"avia-arrow-wrap\"><span class=\"avia-arrow\"><\/span><\/span><\/span><\/a><\/li>\n<li role=\"menuitem\" id=\"menu-item-1310\" class=\"menu-item menu-item-type-custom menu-item-object-custom av-menu-button av-menu-button-colored menu-item-top-level menu-item-top-level-5\"><a href=\"http:\/\/www.altei.cz\/produkt\/apogee-mic96k\/\" itemprop=\"url\" tabindex=\"0\"><span class=\"avia-bullet\"><\/span><span class=\"avia-menu-text\">Koupit<\/span><span class=\"avia-menu-fx\"><span class=\"avia-arrow-wrap\"><span class=\"avia-arrow\"><\/span><\/span><\/span><\/a><\/li>\n<\/ul><\/div><\/div><div class='sticky_placeholder'><\/div><div id='after_submenu_1'  class='main_color av_default_container_wrap container_wrap sidebar_right'  ><div class='container av-section-cont-open' ><div class='template-page content  av-content-small alpha units'><div class='post-entry post-entry-type-page post-entry-1358'><div class='entry-content-wrapper clearfix'>\n\n<style type=\"text\/css\" data-created_by=\"avia_inline_auto\" id=\"style-css-av-av_hr-0fdc95b3ad5cfae9e9fee816a369a2dd\">\n#top .hr.hr-invisible.av-av_hr-0fdc95b3ad5cfae9e9fee816a369a2dd{\nheight:30px;\n}\n<\/style>\n<div  class='hr av-av_hr-0fdc95b3ad5cfae9e9fee816a369a2dd hr-invisible  avia-builder-el-2  el_after_av_submenu  el_before_av_one_full  avia-builder-el-first '><span class='hr-inner '><span class=\"hr-inner-style\"><\/span><\/span><\/div>\n<div class='flex_column av-av_one_full-2a9015ff38129c418a3f2eafba3e9512 av_one_full  avia-builder-el-3  el_after_av_hr  el_before_av_section  avia-builder-el-last  first flex_column_div '     ><style type=\"text\/css\" data-created_by=\"avia_inline_auto\" id=\"style-css-av-av_image-78d90c9e7915b132924729affbe47c04\">\n.avia-image-container.av-av_image-78d90c9e7915b132924729affbe47c04 img.avia_image{\nbox-shadow:none;\n}\n.avia-image-container.av-av_image-78d90c9e7915b132924729affbe47c04 .av-image-caption-overlay-center{\ncolor:#ffffff;\n}\n<\/style>\n<div  class='avia-image-container av-av_image-78d90c9e7915b132924729affbe47c04 av-styling- avia-align-center  avia-builder-el-4  avia-builder-el-no-sibling '   itemprop=\"image\" itemscope=\"itemscope\" itemtype=\"https:\/\/schema.org\/ImageObject\" ><div class=\"avia-image-container-inner\"><div class=\"avia-image-overlay-wrap\"><img fetchpriority=\"high\" decoding=\"async\" class='wp-image-1334 avia-img-lazy-loading-not-1334 avia_image ' src=\"https:\/\/www.altei.cz\/wp_apogeedigital\/wp-content\/uploads\/2015\/08\/mic96k-product-tour.png\" alt='' title='mic96k-product-tour'  height=\"567\" width=\"880\"  itemprop=\"thumbnailUrl\" srcset=\"https:\/\/www.altei.cz\/wp_apogeedigital\/wp-content\/uploads\/2015\/08\/mic96k-product-tour.png 880w, https:\/\/www.altei.cz\/wp_apogeedigital\/wp-content\/uploads\/2015\/08\/mic96k-product-tour-300x193.png 300w, https:\/\/www.altei.cz\/wp_apogeedigital\/wp-content\/uploads\/2015\/08\/mic96k-product-tour-705x454.png 705w, https:\/\/www.altei.cz\/wp_apogeedigital\/wp-content\/uploads\/2015\/08\/mic96k-product-tour-450x290.png 450w\" sizes=\"(max-width: 880px) 100vw, 880px\" \/><\/div><\/div><\/div><\/div>\n<\/div><\/div><\/div><!-- close content main div --><\/div><\/div><div id='av_section_1'  class='avia-section av-av_section-d5a9e6ff7a7e2f8221d0433159a2280d main_color avia-section-default avia-no-shadow  avia-builder-el-5  el_after_av_one_full  el_before_av_section  avia-bg-style-scroll container_wrap sidebar_right'  ><div class='container av-section-cont-open' ><div class='template-page content  av-content-small alpha units'><div class='post-entry post-entry-type-page post-entry-1358'><div class='entry-content-wrapper clearfix'>\n\n<style type=\"text\/css\" data-created_by=\"avia_inline_auto\" id=\"style-css-av-av_heading-a2258406c650e244560b1583d5723b4f\">\n#top .av-special-heading.av-av_heading-a2258406c650e244560b1583d5723b4f{\npadding-bottom:38px;\nfont-size:50px;\n}\nbody .av-special-heading.av-av_heading-a2258406c650e244560b1583d5723b4f .av-special-heading-tag .heading-char{\nfont-size:25px;\n}\n#top #wrap_all .av-special-heading.av-av_heading-a2258406c650e244560b1583d5723b4f .av-special-heading-tag{\nfont-size:50px;\n}\n.av-special-heading.av-av_heading-a2258406c650e244560b1583d5723b4f .av-subheading{\nfont-size:15px;\n}\n\n@media only screen and (min-width: 480px) and (max-width: 767px){ \n#top #wrap_all .av-special-heading.av-av_heading-a2258406c650e244560b1583d5723b4f .av-special-heading-tag{\nfont-size:0.8em;\n}\n}\n\n@media only screen and (max-width: 479px){ \n#top #wrap_all .av-special-heading.av-av_heading-a2258406c650e244560b1583d5723b4f .av-special-heading-tag{\nfont-size:0.8em;\n}\n}\n<\/style>\n<div  class='av-special-heading av-av_heading-a2258406c650e244560b1583d5723b4f av-special-heading-h5 blockquote modern-quote modern-centered  avia-builder-el-6  el_before_av_one_third  avia-builder-el-first  av-inherit-size'><h5 class='av-special-heading-tag'  itemprop=\"headline\"  >MIC &#8211; MIC 96K srovn\u00e1n\u00ed<\/h5><div class=\"special-heading-border\"><div class=\"special-heading-inner-border\"><\/div><\/div><\/div>\n<div class='flex_column av-av_one_third-2a9015ff38129c418a3f2eafba3e9512 av_one_third  avia-builder-el-7  el_after_av_heading  el_before_av_one_third  first flex_column_div '     ><\/div><div class='flex_column av-av_one_third-f78fb3c186c5ceb3cf0bf54353219056 av_one_third  avia-builder-el-8  el_after_av_one_third  el_before_av_one_third  flex_column_div '     ><style type=\"text\/css\" data-created_by=\"avia_inline_auto\" id=\"style-css-av-av_image-ffdc0c07a15b783088a0288add0b72e9\">\n.avia-image-container.av-av_image-ffdc0c07a15b783088a0288add0b72e9 img.avia_image{\nbox-shadow:none;\n}\n.avia-image-container.av-av_image-ffdc0c07a15b783088a0288add0b72e9 .av-image-caption-overlay-center{\ncolor:#ffffff;\n}\n<\/style>\n<div  class='avia-image-container av-av_image-ffdc0c07a15b783088a0288add0b72e9 av-styling- avia-align-center  avia-builder-el-9  avia-builder-el-no-sibling '   itemprop=\"image\" itemscope=\"itemscope\" itemtype=\"https:\/\/schema.org\/ImageObject\" ><div class=\"avia-image-container-inner\"><div class=\"avia-image-overlay-wrap\"><img decoding=\"async\" class='wp-image-1335 avia-img-lazy-loading-not-1335 avia_image ' src=\"https:\/\/www.altei.cz\/wp_apogeedigital\/wp-content\/uploads\/2015\/08\/mic-3d-box-250.jpg\" alt='' title='mic-3d-box-250'  height=\"250\" width=\"166\"  itemprop=\"thumbnailUrl\"  \/><\/div><\/div><\/div><\/div><div class='flex_column av-av_one_third-f78fb3c186c5ceb3cf0bf54353219056 av_one_third  avia-builder-el-10  el_after_av_one_third  el_before_av_table  flex_column_div '     ><style type=\"text\/css\" data-created_by=\"avia_inline_auto\" id=\"style-css-av-av_image-8be685441a86bf4604d9b8ff7fb8f608\">\n.avia-image-container.av-av_image-8be685441a86bf4604d9b8ff7fb8f608 img.avia_image{\nbox-shadow:none;\n}\n.avia-image-container.av-av_image-8be685441a86bf4604d9b8ff7fb8f608 .av-image-caption-overlay-center{\ncolor:#ffffff;\n}\n<\/style>\n<div  class='avia-image-container av-av_image-8be685441a86bf4604d9b8ff7fb8f608 av-styling- avia-align-center  avia-builder-el-11  avia-builder-el-no-sibling '   itemprop=\"image\" itemscope=\"itemscope\" itemtype=\"https:\/\/schema.org\/ImageObject\" ><div class=\"avia-image-container-inner\"><div class=\"avia-image-overlay-wrap\"><img decoding=\"async\" class='wp-image-1336 avia-img-lazy-loading-not-1336 avia_image ' src=\"https:\/\/www.altei.cz\/wp_apogeedigital\/wp-content\/uploads\/2015\/08\/mic-96k-3d-box-250.jpg\" alt='' title='mic-96k-3d-box-250'  height=\"250\" width=\"172\"  itemprop=\"thumbnailUrl\"  \/><\/div><\/div><\/div><\/div><div class='avia-data-table-wrap av-av_table-2688e9a2447492468ddec62d22c68b84 avia_responsive_table avia-table-1'><table  class='avia-table avia-data-table avia_pricing_default  avia-builder-el-12  el_after_av_one_third  avia-builder-el-last '  itemscope=\"itemscope\" itemtype=\"https:\/\/schema.org\/Table\" ><tbody><tr class=''><td class='avia-highlight-col'>Zvukov\u00e1 kvalita<\/td><td class=''>Digit\u00e1ln\u00ed p\u0159ipojen\u00ed ve studiov\u00e9 kvalit\u011b<\/td><td class=''>\u2022 Digit\u00e1ln\u00ed p\u0159ipojen\u00ed ve studiov\u00e9 kvalit\u011b<\/p>\n<p>\u2022 Vy\u0161\u0161\u00ed vzorkovac\u00ed kmito\u010det nahr\u00e1v\u00e1n\u00ed<\/td><\/tr><tr class=''><td class='avia-highlight-col'>Nahr\u00e1vac\u00ed rozli\u0161en\u00ed a vzorkovac\u00ed frekvence<\/td><td class=''>24 bit a\u017e 48kHz nahr\u00e1v\u00e1n\u00ed<\/td><td class=''>24 bit a\u017e 96kHz nahr\u00e1v\u00e1n\u00ed<\/td><\/tr><tr class=''><td class='avia-highlight-col'>Vzhled<\/td><td class=''>stejn\u00fd<\/td><td class=''>stejn\u00fd<\/td><\/tr><tr class=''><td class='avia-highlight-col'>Balen\u00ed obsahuje<\/td><td class=''>\u2022 MIC<br \/>\n\u2022 30-pin iOS kabel<br \/>\n\u2022 USB Mac kabel<br \/>\n\u2022 Stoln\u00ed stoj\u00e1nek<br \/>\n\u2022 Quick start Guide<br \/>\nPozn\u00e1mka: Lightning iOS label je obsa\u017een v balen\u00ed po 1.8.2013<\/td><td class=''>\u2022 MIC 96K<br \/>\n\u2022 Lightning iOS kabel<br \/>\n\u2022 USB Mac kabel<br \/>\n\u2022 Stoln\u00ed stoj\u00e1nek<br \/>\n\u2022 Adapt\u00e9r pro mikrofonn\u00ed stojan<br \/>\n\u2022 Quick start Guide<br \/>\n<\/td><\/tr><\/tbody><\/table><\/div>\n\n<\/div><\/div><\/div><!-- close content main div --><\/div><\/div>\n<style type=\"text\/css\" data-created_by=\"avia_inline_auto\" id=\"style-css-av-av_section-dce8581cb2fdaa0a517fb3aa1bdf7de6\">\n.avia-section.av-av_section-dce8581cb2fdaa0a517fb3aa1bdf7de6{\nbackground-repeat:no-repeat;\nbackground-image:url(https:\/\/www.altei.cz\/wp_apogeedigital\/wp-content\/uploads\/2015\/07\/bkg-gradation-f2-1030x445.jpeg);\nbackground-position:50% 50%;\nbackground-attachment:scroll;\n}\n<\/style>\n<div id='av_section_2'  class='avia-section av-av_section-dce8581cb2fdaa0a517fb3aa1bdf7de6 main_color avia-section-large avia-no-shadow  avia-builder-el-13  el_after_av_section  el_before_av_section  avia-full-stretch avia-bg-style-scroll container_wrap sidebar_right'  data-section-bg-repeat='stretch'><div class='container av-section-cont-open' ><div class='template-page content  av-content-small alpha units'><div class='post-entry post-entry-type-page post-entry-1358'><div class='entry-content-wrapper clearfix'>\n<div class='flex_column av-av_one_fourth-2a9015ff38129c418a3f2eafba3e9512 av_one_fourth  avia-builder-el-14  el_before_av_one_fourth  avia-builder-el-first  first flex_column_div '     ><\/div><div class='flex_column av-av_one_fourth-f78fb3c186c5ceb3cf0bf54353219056 av_one_fourth  avia-builder-el-15  el_after_av_one_fourth  el_before_av_one_fourth  flex_column_div '     ><style type=\"text\/css\" data-created_by=\"avia_inline_auto\" id=\"style-css-av-av_image-59723598d66143c7fa146e9266f983eb\">\n.avia-image-container.av-av_image-59723598d66143c7fa146e9266f983eb img.avia_image{\nbox-shadow:none;\n}\n.avia-image-container.av-av_image-59723598d66143c7fa146e9266f983eb .av-image-caption-overlay-center{\ncolor:#ffffff;\n}\n<\/style>\n<div  class='avia-image-container av-av_image-59723598d66143c7fa146e9266f983eb av-styling- avia-align-center  avia-builder-el-16  avia-builder-el-no-sibling '   itemprop=\"image\" itemscope=\"itemscope\" itemtype=\"https:\/\/schema.org\/ImageObject\" ><div class=\"avia-image-container-inner\"><div class=\"avia-image-overlay-wrap\"><img loading=\"lazy\" decoding=\"async\" class='wp-image-1316 avia-img-lazy-loading-not-1316 avia_image ' src=\"https:\/\/www.altei.cz\/wp_apogeedigital\/wp-content\/uploads\/2015\/08\/mic-3qtr-standing-menu-132x300.png\" alt='' title='mic-3qtr-standing-menu'  height=\"300\" width=\"132\"  itemprop=\"thumbnailUrl\" srcset=\"https:\/\/www.altei.cz\/wp_apogeedigital\/wp-content\/uploads\/2015\/08\/mic-3qtr-standing-menu-132x300.png 132w, https:\/\/www.altei.cz\/wp_apogeedigital\/wp-content\/uploads\/2015\/08\/mic-3qtr-standing-menu.png 143w\" sizes=\"(max-width: 132px) 100vw, 132px\" \/><\/div><\/div><\/div><\/div><div class='flex_column av-av_one_fourth-f78fb3c186c5ceb3cf0bf54353219056 av_one_fourth  avia-builder-el-17  el_after_av_one_fourth  el_before_av_one_fourth  flex_column_div '     ><section  class='av_textblock_section av-av_textblock-0366cc7376be6c9e82a3e9cc8987b64f'  itemscope=\"itemscope\" itemtype=\"https:\/\/schema.org\/CreativeWork\" ><div class='avia_textblock'  itemprop=\"text\" ><h3>V\u00edce o Apogee MIC 96K.<\/h3>\n<ul>\n<li><a href=\"http:\/\/www.altei.cz\/wp_apogeedigital\/mic-96k\/\">P\u0159ehled<\/a><\/li>\n<li><a href=\"http:\/\/www.altei.cz\/wp_apogeedigital\/mic-96k-prohlidka\/\">Prohl\u00eddka produktu<\/a><\/li>\n<li><a href=\"http:\/\/www.altei.cz\/wp_apogeedigital\/duet-specifikace\/\">Specifikace<\/a><\/li>\n<li>Videa<\/li>\n<li><a href=\"http:\/\/www.altei.cz\/wp_apogeedigital\/mic-96k-galerie\/\">Galerie<\/a><\/li>\n<li>Um\u011blci<\/li>\n<li>Recenze<\/li>\n<\/ul>\n<\/div><\/section><\/div><div class='flex_column av-av_one_fourth-f78fb3c186c5ceb3cf0bf54353219056 av_one_fourth  avia-builder-el-19  el_after_av_one_fourth  avia-builder-el-last  flex_column_div '     ><\/div>\n\n<\/div><\/div><\/div><!-- close content main div --><\/div><\/div>\n<style type=\"text\/css\" data-created_by=\"avia_inline_auto\" id=\"style-css-av-av_section-dce8581cb2fdaa0a517fb3aa1bdf7de6\">\n.avia-section.av-av_section-dce8581cb2fdaa0a517fb3aa1bdf7de6{\nbackground-repeat:no-repeat;\nbackground-image:url(https:\/\/www.altei.cz\/wp_apogeedigital\/wp-content\/uploads\/2015\/07\/bkg-gradation-f2-1030x445.jpeg);\nbackground-position:50% 50%;\nbackground-attachment:scroll;\n}\n<\/style>\n<div id='av_section_3'  class='avia-section av-av_section-dce8581cb2fdaa0a517fb3aa1bdf7de6 main_color avia-section-large avia-no-shadow  avia-builder-el-20  el_after_av_section  avia-builder-el-last  avia-full-stretch avia-bg-style-scroll container_wrap sidebar_right'  data-section-bg-repeat='stretch'><div class='container av-section-cont-open' ><div class='template-page content  av-content-small alpha units'><div class='post-entry post-entry-type-page post-entry-1358'><div class='entry-content-wrapper clearfix'>\n<div class='flex_column av-av_one_fourth-2a9015ff38129c418a3f2eafba3e9512 av_one_fourth  avia-builder-el-21  el_before_av_one_fourth  avia-builder-el-first  first flex_column_div '     ><article  class='iconbox iconbox_top av-av_icon_box-b36386a972e03ff63c98d82cd5c85d28  avia-builder-el-22  avia-builder-el-no-sibling  main_color'  itemscope=\"itemscope\" itemtype=\"https:\/\/schema.org\/CreativeWork\" ><div class=\"iconbox_content\"><header class=\"entry-content-header\"><a href='http:\/\/www.apogeedigital.com\/knowledgebase\/' title='' target=\"_blank\" rel=\"noopener noreferrer\" class=\"iconbox_icon heading-color\" aria-hidden='true' data-av_icon='\ue81c' data-av_iconfont='entypo-fontello'><\/a><\/header><div class='iconbox_content_container '  itemprop=\"text\" ><p>Ot\u00e1zky a odpov\u011bdi (angl.)<\/p>\n<\/div><\/div><footer class=\"entry-footer\"><\/footer><\/article><\/div>\n<style type=\"text\/css\" data-created_by=\"avia_inline_auto\" id=\"style-css-av-av_one_fourth-9c1d454dc06f7247226bc4e8f931daae\">\n.flex_column.av-av_one_fourth-9c1d454dc06f7247226bc4e8f931daae{\n-webkit-border-radius:0px 0px 0px 0px;\n-moz-border-radius:0px 0px 0px 0px;\nborder-radius:0px 0px 0px 0px;\npadding:0px 0px 0px 0px;\n}\n<\/style>\n<div class='flex_column av-av_one_fourth-9c1d454dc06f7247226bc4e8f931daae av_one_fourth  avia-builder-el-23  el_after_av_one_fourth  el_before_av_one_fourth  flex_column_div av-zero-column-padding '     ><article  class='iconbox iconbox_top av-av_icon_box-43d84e0b1e230c0be8804d49e8aa295a  avia-builder-el-24  avia-builder-el-no-sibling  main_color'  itemscope=\"itemscope\" itemtype=\"https:\/\/schema.org\/CreativeWork\" ><div class=\"iconbox_content\"><header class=\"entry-content-header\"><a href='https:\/\/www.altei.cz\/wp_apogeedigital\/message\/' title=''  class=\"iconbox_icon heading-color\" aria-hidden='true' data-av_icon='\ue805' data-av_iconfont='entypo-fontello'><\/a><\/header><div class='iconbox_content_container '  itemprop=\"text\" ><p>M\u00e1te dotaz? Napi\u0161te n\u00e1m.<\/p>\n<\/div><\/div><footer class=\"entry-footer\"><\/footer><\/article><\/div>\n<style type=\"text\/css\" data-created_by=\"avia_inline_auto\" id=\"style-css-av-av_one_fourth-9c1d454dc06f7247226bc4e8f931daae\">\n.flex_column.av-av_one_fourth-9c1d454dc06f7247226bc4e8f931daae{\n-webkit-border-radius:0px 0px 0px 0px;\n-moz-border-radius:0px 0px 0px 0px;\nborder-radius:0px 0px 0px 0px;\npadding:0px 0px 0px 0px;\n}\n<\/style>\n<div class='flex_column av-av_one_fourth-9c1d454dc06f7247226bc4e8f931daae av_one_fourth  avia-builder-el-25  el_after_av_one_fourth  el_before_av_one_fourth  flex_column_div av-zero-column-padding '     ><article  class='iconbox iconbox_top av-av_icon_box-4d8b88e5da44c73ec7f1917647b17527  avia-builder-el-26  avia-builder-el-no-sibling  main_color'  itemscope=\"itemscope\" itemtype=\"https:\/\/schema.org\/CreativeWork\" ><div class=\"iconbox_content\"><header class=\"entry-content-header\"><a href='https:\/\/www.altei.cz\/wp_apogeedigital\/dealer-locator\/' title=''  target=\"_blank\"  rel=\"noopener noreferrer\" class=\"iconbox_icon heading-color\" aria-hidden='true' data-av_icon='\ue803' data-av_iconfont='entypo-fontello'><\/a><\/header><div class='iconbox_content_container '  itemprop=\"text\" ><p>Kde koupit ?<\/p>\n<\/div><\/div><footer class=\"entry-footer\"><\/footer><\/article><\/div>\n<style type=\"text\/css\" data-created_by=\"avia_inline_auto\" id=\"style-css-av-av_one_fourth-9c1d454dc06f7247226bc4e8f931daae\">\n.flex_column.av-av_one_fourth-9c1d454dc06f7247226bc4e8f931daae{\n-webkit-border-radius:0px 0px 0px 0px;\n-moz-border-radius:0px 0px 0px 0px;\nborder-radius:0px 0px 0px 0px;\npadding:0px 0px 0px 0px;\n}\n<\/style>\n<div class='flex_column av-av_one_fourth-9c1d454dc06f7247226bc4e8f931daae av_one_fourth  avia-builder-el-27  el_after_av_one_fourth  avia-builder-el-last  flex_column_div av-zero-column-padding '     ><article  class='iconbox iconbox_top av-av_icon_box-74e5e363f41078a97d00ffc4fbbb0b2d  avia-builder-el-28  avia-builder-el-no-sibling  main_color'  itemscope=\"itemscope\" itemtype=\"https:\/\/schema.org\/CreativeWork\" ><div class=\"iconbox_content\"><header class=\"entry-content-header\"><a href='http:\/\/www.altei.cz\/brand\/apogee\/' title=''  class=\"iconbox_icon heading-color\" aria-hidden='true' data-av_icon='\ue859' data-av_iconfont='entypo-fontello'><\/a><\/header><div class='iconbox_content_container '  itemprop=\"text\" ><p>Koupit Apogee produkty a p\u0159\u00edslu\u0161enstv\u00ed<\/p>\n<\/div><\/div><footer class=\"entry-footer\"><\/footer><\/article><\/div>\n<\/div><\/div><\/div><!-- close content main div --><\/div><\/div><div id='after_section_3'  class='main_color av_default_container_wrap container_wrap sidebar_right'  ><div class='container av-section-cont-open' ><div class='template-page content  av-content-small alpha units'><div class='post-entry post-entry-type-page post-entry-1358'><div class='entry-content-wrapper clearfix'>\n","protected":false},"excerpt":{"rendered":"","protected":false},"author":1,"featured_media":0,"parent":0,"menu_order":0,"comment_status":"closed","ping_status":"open","template":"","meta":{"_bbp_topic_count":0,"_bbp_reply_count":0,"_bbp_total_topic_count":0,"_bbp_total_reply_count":0,"_bbp_voice_count":0,"_bbp_anonymous_reply_count":0,"_bbp_topic_count_hidden":0,"_bbp_reply_count_hidden":0,"_bbp_forum_subforum_count":0,"om_disable_all_campaigns":false,"_monsterinsights_skip_tracking":false,"_monsterinsights_sitenote_active":false,"_monsterinsights_sitenote_note":"","_monsterinsights_sitenote_category":0,"_wp_rev_ctl_limit":""},"aioseo_notices":[],"_links":{"self":[{"href":"https:\/\/www.altei.cz\/wp_apogeedigital\/wp-json\/wp\/v2\/pages\/1358"}],"collection":[{"href":"https:\/\/www.altei.cz\/wp_apogeedigital\/wp-json\/wp\/v2\/pages"}],"about":[{"href":"https:\/\/www.altei.cz\/wp_apogeedigital\/wp-json\/wp\/v2\/types\/page"}],"author":[{"embeddable":true,"href":"https:\/\/www.altei.cz\/wp_apogeedigital\/wp-json\/wp\/v2\/users\/1"}],"replies":[{"embeddable":true,"href":"https:\/\/www.altei.cz\/wp_apogeedigital\/wp-json\/wp\/v2\/comments?post=1358"}],"version-history":[{"count":0,"href":"https:\/\/www.altei.cz\/wp_apogeedigital\/wp-json\/wp\/v2\/pages\/1358\/revisions"}],"wp:attachment":[{"href":"https:\/\/www.altei.cz\/wp_apogeedigital\/wp-json\/wp\/v2\/media?parent=1358"}],"curies":[{"name":"wp","href":"https:\/\/api.w.org\/{rel}","templated":true}]}}