{"id":1968,"date":"2015-08-19T16:36:42","date_gmt":"2015-08-19T15:36:42","guid":{"rendered":"http:\/\/www.altei.cz\/wp_apogeedigital\/?page_id=1968"},"modified":"2016-02-15T13:26:43","modified_gmt":"2016-02-15T12:26:43","slug":"dealer-locator","status":"publish","type":"page","link":"https:\/\/www.altei.cz\/wp_apogeedigital\/dealer-locator\/","title":{"rendered":"APOGEE &#8211; dealer"},"content":{"rendered":"<section  class='av_textblock_section av-av_textblock-0366cc7376be6c9e82a3e9cc8987b64f'  itemscope=\"itemscope\" itemtype=\"https:\/\/schema.org\/CreativeWork\" ><div class='avia_textblock'  itemprop=\"text\" ><p>Zadejte adresu nebo PS\u010c va\u0161\u00ed polohy, vyberte vzd\u00e1lenost a klikn\u011bte na tla\u010d\u00edtko <strong>najdi\u00a0prodejce<\/strong> Apogee<\/p>\n<\/div><\/section>\n\n<section  class='av_textblock_section av-av_textblock-0366cc7376be6c9e82a3e9cc8987b64f'  itemscope=\"itemscope\" itemtype=\"https:\/\/schema.org\/CreativeWork\" ><div class='avia_textblock'  itemprop=\"text\" ><div class=\"store_locator_plus enfold\"><div id=\"sl_div\"><form id=\"searchForm\" class=\"slp_search_form\" action=\"\" onsubmit='cslmap.searchLocations(); return false;'  ><div class=\"slp_search_container\"><div id=\"address_search\" class=\"slp search_box\">            <div id='addy_in_address' class='search_item'><label for='addressInput' class='text length_13'>Adresa \/ PS\u010c<\/label><input class='label_text length_13' type='text' id='addressInput' name='addressInput'  size='50' value='' \/><\/div>                                <div class=\"search_item\">        <div id='addy_in_radius'><label for='radiusSelect' class='text length_15'>Do vzd\u00e1lenosti<\/label><select id='radiusSelect'><option value='10' >10 km<\/option><option value='25' >25 km<\/option><option value='50' >50 km<\/option><option value='100' >100 km<\/option><option value='200'  selected='selected' >200 km<\/option><option value='500' >500 km<\/option><\/select><\/div>        <div id='radius_in_submit'><input type=\"submit\" class=\"slp_ui_button\" value='Find Locations' id='addressSubmit'\/><\/div>    <\/div>        <\/div><\/div><\/form><div class=\"slp_map missing_api_key\"><p>The Google Maps API key in Store Locator Plus\u00ae has not been set. Please <a href=\"https:\/\/docs.storelocatorplus.com\/getting-started\/\">add one<\/a> or use the <a href=\"https:\/\/storelocatorplus.com\">Store Locator Plus\u00ae SaaS Edition<\/a> to avoid the Google API license fees and headaches.<\/p><\/div><div id=\"map_sidebar\" class=\"slp_results_container\"><div class=\"text_below_map\">Napi\u0161te adresu nebo PS\u010c a stiskn\u011bte tla\u010d\u00edtko vyhledej prodejce<\/div><\/div><\/div><\/div>\n<\/div><\/section>\n","protected":false},"excerpt":{"rendered":"","protected":false},"author":1,"featured_media":0,"parent":0,"menu_order":0,"comment_status":"open","ping_status":"open","template":"","meta":{"_bbp_topic_count":0,"_bbp_reply_count":0,"_bbp_total_topic_count":0,"_bbp_total_reply_count":0,"_bbp_voice_count":0,"_bbp_anonymous_reply_count":0,"_bbp_topic_count_hidden":0,"_bbp_reply_count_hidden":0,"_bbp_forum_subforum_count":0,"om_disable_all_campaigns":false,"_monsterinsights_skip_tracking":false,"_monsterinsights_sitenote_active":false,"_monsterinsights_sitenote_note":"","_monsterinsights_sitenote_category":0,"_wp_rev_ctl_limit":""},"aioseo_notices":[],"_links":{"self":[{"href":"https:\/\/www.altei.cz\/wp_apogeedigital\/wp-json\/wp\/v2\/pages\/1968"}],"collection":[{"href":"https:\/\/www.altei.cz\/wp_apogeedigital\/wp-json\/wp\/v2\/pages"}],"about":[{"href":"https:\/\/www.altei.cz\/wp_apogeedigital\/wp-json\/wp\/v2\/types\/page"}],"author":[{"embeddable":true,"href":"https:\/\/www.altei.cz\/wp_apogeedigital\/wp-json\/wp\/v2\/users\/1"}],"replies":[{"embeddable":true,"href":"https:\/\/www.altei.cz\/wp_apogeedigital\/wp-json\/wp\/v2\/comments?post=1968"}],"version-history":[{"count":0,"href":"https:\/\/www.altei.cz\/wp_apogeedigital\/wp-json\/wp\/v2\/pages\/1968\/revisions"}],"wp:attachment":[{"href":"https:\/\/www.altei.cz\/wp_apogeedigital\/wp-json\/wp\/v2\/media?parent=1968"}],"curies":[{"name":"wp","href":"https:\/\/api.w.org\/{rel}","templated":true}]}}