{"id":2038,"date":"2015-08-26T14:27:08","date_gmt":"2015-08-26T13:27:08","guid":{"rendered":"http:\/\/www.altei.cz\/wp_apogeedigital\/?page_id=2038"},"modified":"2023-04-17T15:02:08","modified_gmt":"2023-04-17T14:02:08","slug":"apogee-historie-3","status":"publish","type":"page","link":"https:\/\/www.altei.cz\/wp_apogeedigital\/apogee-historie-3\/","title":{"rendered":"Apogee historie"},"content":{"rendered":"\n<style type=\"text\/css\" data-created_by=\"avia_inline_auto\" id=\"style-css-av-12amqti-db33196a104f60d52536c95c7bb341bd\">\n.avia-section.av-12amqti-db33196a104f60d52536c95c7bb341bd{\nbackground-repeat:no-repeat;\nbackground-image:url(https:\/\/www.altei.cz\/wp_apogeedigital\/wp-content\/uploads\/2015\/08\/apogee-bldg2-1500x430.jpg);\nbackground-position:50% 50%;\nbackground-attachment:scroll;\n}\n<\/style>\n<div id='av_section_1'  class='avia-section av-12amqti-db33196a104f60d52536c95c7bb341bd main_color avia-section-default avia-no-border-styling  avia-builder-el-0  el_before_av_heading  avia-builder-el-first  avia-full-stretch avia-bg-style-scroll av-minimum-height av-minimum-height-custom  container_wrap sidebar_right'  data-section-bg-repeat='stretch' data-av_minimum_height_px='200'><div class='container av-section-cont-open' style='height:200px'><main  role=\"main\" itemprop=\"mainContentOfPage\"  class='template-page content  av-content-small alpha units'><div class='post-entry post-entry-type-page post-entry-2038'><div class='entry-content-wrapper clearfix'><\/div><\/div><\/main><!-- close content main element --><\/div><\/div><div id='after_section_1'  class='main_color av_default_container_wrap container_wrap sidebar_right'  ><div class='container av-section-cont-open' ><div class='template-page content  av-content-small alpha units'><div class='post-entry post-entry-type-page post-entry-2038'><div class='entry-content-wrapper clearfix'>\n\n<style type=\"text\/css\" data-created_by=\"avia_inline_auto\" id=\"style-css-av-1167u9y-6fc16a130d9780b4ef905b2582fe4307\">\n#top .av-special-heading.av-1167u9y-6fc16a130d9780b4ef905b2582fe4307{\npadding-bottom:10px;\nfont-size:39px;\n}\nbody .av-special-heading.av-1167u9y-6fc16a130d9780b4ef905b2582fe4307 .av-special-heading-tag .heading-char{\nfont-size:25px;\n}\n#top #wrap_all .av-special-heading.av-1167u9y-6fc16a130d9780b4ef905b2582fe4307 .av-special-heading-tag{\nfont-size:39px;\n}\n.av-special-heading.av-1167u9y-6fc16a130d9780b4ef905b2582fe4307 .av-subheading{\nfont-size:15px;\n}\n\n@media only screen and (min-width: 480px) and (max-width: 767px){ \n#top #wrap_all .av-special-heading.av-1167u9y-6fc16a130d9780b4ef905b2582fe4307 .av-special-heading-tag{\nfont-size:0.8em;\n}\n}\n\n@media only screen and (max-width: 479px){ \n#top #wrap_all .av-special-heading.av-1167u9y-6fc16a130d9780b4ef905b2582fe4307 .av-special-heading-tag{\nfont-size:0.8em;\n}\n}\n<\/style>\n<div  class='av-special-heading av-1167u9y-6fc16a130d9780b4ef905b2582fe4307 av-special-heading-h3 blockquote modern-quote  avia-builder-el-1  el_after_av_section  el_before_av_textblock  avia-builder-el-first  av-inherit-size'><h3 class='av-special-heading-tag'  itemprop=\"headline\"  >Tohle je Apogee<\/h3><div class=\"special-heading-border\"><div class=\"special-heading-inner-border\"><\/div><\/div><\/div>\n<section  class='av_textblock_section av-ztmvba-4f1b77e1b7114981fd8015cc058ba873'  itemscope=\"itemscope\" itemtype=\"https:\/\/schema.org\/CreativeWork\" ><div class='avia_textblock'  itemprop=\"text\" ><h3>Je to jako v\u00e1\u0161e\u0148 &#8211; vyrobit co nejlep\u0161\u00ed za\u0159\u00edzen\u00ed pro digit\u00e1ln\u00ed audio z\u00e1znam.\u00a0Ka\u017ed\u00e1 nov\u00e1 verze je p\u0159\u00edle\u017eitost\u00ed k nov\u00fdm n\u00e1pad\u016fm, jak na\u0161im z\u00e1kazn\u00edk\u016fm pomoci\u00a0zachytit jejich hudbu. \u00dasil\u00ed inovovat a pokro\u010dit co nejd\u00e1le v um\u011bn\u00ed z\u00e1znamu hudby\u00a0\u010din\u00ed produkty Apogee unik\u00e1tn\u00ed.<\/h3>\n<\/div><\/section>\n<\/div><\/div><\/div><!-- close content main div --><\/div><\/div><div id='av_section_2'  class='avia-section av-x9mbrq-a42c15e581d70d73638cc69a772ef16b main_color avia-section-default avia-no-border-styling  avia-builder-el-3  el_after_av_textblock  el_before_av_section  avia-bg-style-scroll container_wrap sidebar_right'  ><div class='container av-section-cont-open' ><div class='template-page content  av-content-small alpha units'><div class='post-entry post-entry-type-page post-entry-2038'><div class='entry-content-wrapper clearfix'>\n\n<style type=\"text\/css\" data-created_by=\"avia_inline_auto\" id=\"style-css-av-wrujd2-695915bf20241f990dab923972e5dab6\">\n.avia-image-container.av-wrujd2-695915bf20241f990dab923972e5dab6 img.avia_image{\nbox-shadow:none;\n}\n.avia-image-container.av-wrujd2-695915bf20241f990dab923972e5dab6 .av-image-caption-overlay-center{\ncolor:#ffffff;\n}\n<\/style>\n<div  class='avia-image-container av-wrujd2-695915bf20241f990dab923972e5dab6 av-styling- avia-align-center  avia-builder-el-4  avia-builder-el-no-sibling '   itemprop=\"image\" itemscope=\"itemscope\" itemtype=\"https:\/\/schema.org\/ImageObject\" ><div class=\"avia-image-container-inner\"><div class=\"avia-image-overlay-wrap\"><img fetchpriority=\"high\" decoding=\"async\" class='wp-image-6623 avia-img-lazy-loading-not-6623 avia_image ' src=\"https:\/\/www.altei.cz\/wp_apogeedigital\/wp-content\/uploads\/2023\/04\/Apogee-Product-Family-2022-2060-sm-1030x1030.png\" alt='' title='Apogee-Product-Family-2022-2060-sm'  height=\"1030\" width=\"1030\"  itemprop=\"thumbnailUrl\" srcset=\"https:\/\/www.altei.cz\/wp_apogeedigital\/wp-content\/uploads\/2023\/04\/Apogee-Product-Family-2022-2060-sm-1030x1030.png 1030w, https:\/\/www.altei.cz\/wp_apogeedigital\/wp-content\/uploads\/2023\/04\/Apogee-Product-Family-2022-2060-sm-300x300.png 300w, https:\/\/www.altei.cz\/wp_apogeedigital\/wp-content\/uploads\/2023\/04\/Apogee-Product-Family-2022-2060-sm-80x80.png 80w, https:\/\/www.altei.cz\/wp_apogeedigital\/wp-content\/uploads\/2023\/04\/Apogee-Product-Family-2022-2060-sm-768x768.png 768w, https:\/\/www.altei.cz\/wp_apogeedigital\/wp-content\/uploads\/2023\/04\/Apogee-Product-Family-2022-2060-sm-36x36.png 36w, https:\/\/www.altei.cz\/wp_apogeedigital\/wp-content\/uploads\/2023\/04\/Apogee-Product-Family-2022-2060-sm-180x180.png 180w, https:\/\/www.altei.cz\/wp_apogeedigital\/wp-content\/uploads\/2023\/04\/Apogee-Product-Family-2022-2060-sm-705x705.png 705w, https:\/\/www.altei.cz\/wp_apogeedigital\/wp-content\/uploads\/2023\/04\/Apogee-Product-Family-2022-2060-sm.png 1200w\" sizes=\"(max-width: 1030px) 100vw, 1030px\" \/><\/div><\/div><\/div>\n<\/div><\/div><\/div><!-- close content main div --><\/div><\/div><div id='av_section_3'  class='avia-section av-31kvgm-9de24d99a5476b56a753db629cdf976d main_color avia-section-default avia-no-border-styling  avia-builder-el-5  el_after_av_section  el_before_av_heading  avia-bg-style-scroll container_wrap sidebar_right'  ><div class='container av-section-cont-open' ><div class='template-page content  av-content-small alpha units'><div class='post-entry post-entry-type-page post-entry-2038'><div class='entry-content-wrapper clearfix'>\n<div class='flex_column av-slqaw6-99b595c2470c2760e4dbac72fce36cc0 av_one_half  avia-builder-el-6  el_before_av_one_half  avia-builder-el-first  first flex_column_div '     ><section  class='av_textblock_section av-qwl32e-596ff2ad4a18bdbcb69473bd702d0eff'  itemscope=\"itemscope\" itemtype=\"https:\/\/schema.org\/CreativeWork\" ><div class='avia_textblock'  itemprop=\"text\" ><h3>P\u0159\u00edb\u011bh\u00a0Apogee<\/h3>\n<p>Spole\u010dnost Apogee si vydobyla jm\u00e9no d\u00edky speci\u00e1ln\u00edm filtr\u016fm, kter\u00e9 \u0159e\u0161ily mnoho probl\u00e9m\u016f spojen\u00fdch se\u00a0za\u010d\u00e1tky digit\u00e1ln\u00edho nahr\u00e1v\u00e1n\u00ed.\u00a0Pozd\u011bji ji\u017e s kompletn\u00edmi p\u0159evodn\u00edkov\u00fdmi syst\u00e9my Apogee posouvalo v\u00fdvoj t\u011bchto technologi\u00ed kup\u0159edu a v\u017edy bylo kl\u00ed\u010dov\u00fdm inov\u00e1torem v oblasti profesion\u00e1ln\u00edho digit\u00e1ln\u00edho nahr\u00e1v\u00e1n\u00ed. Dnes jsou p\u0159evodn\u00edky a audio rozhran\u00ed\u00a0Apogee referen\u010dn\u00edmi standardy nap\u0159\u00ed\u010d zvukov\u00fdm pr\u016fmyslem.<\/p>\n<\/div><\/section><\/div>\n<style type=\"text\/css\" data-created_by=\"avia_inline_auto\" id=\"style-css-av-2l0dp2-ace36d73bba4acb4f4aa400b58738bd4\">\n.flex_column.av-2l0dp2-ace36d73bba4acb4f4aa400b58738bd4{\n-webkit-border-radius:0px 0px 0px 0px;\n-moz-border-radius:0px 0px 0px 0px;\nborder-radius:0px 0px 0px 0px;\npadding:0px 0px 0px 0px;\n}\n<\/style>\n<div class='flex_column av-2l0dp2-ace36d73bba4acb4f4aa400b58738bd4 av_one_half  avia-builder-el-8  el_after_av_one_half  avia-builder-el-last  flex_column_div av-zero-column-padding '     ><section  class='av_textblock_section av-o4q1rq-28e24410182357dc748733edd06d91fe'  itemscope=\"itemscope\" itemtype=\"https:\/\/schema.org\/CreativeWork\" ><div class='avia_textblock'  itemprop=\"text\" ><p>Produkty jako\u00a0<a href=\"https:\/\/www.altei.cz\/wp_apogeedigital\/symphony-io-mkii\/\">Symphony I\/O<\/a>,\u00a0Big Ben,\u00a0Ensemble\u00a0a\u00a0<a href=\"http:\/\/www.altei.cz\/wp_apogeedigital\/duet-ios-mac\/\">Duet<\/a>\u00a0nastavuj\u00ed etalon, podle kter\u00e9ho se posuzuje kvalita digit\u00e1ln\u00edho nahr\u00e1v\u00e1n\u00ed.\u00a0.<\/p>\n<p>A nyn\u00ed i produkty jako\u00a0\u00a0<a href=\"http:\/\/www.altei.cz\/wp_apogeedigital\/jam96k\/\">JAM<\/a>\u00a0a\u00a0<a href=\"http:\/\/www.altei.cz\/wp_apogeedigital\/mic-96k\/\">MiC<\/a>, vytvo\u0159en\u00e9 p\u0159edev\u0161\u00edm pro\u00a0Apple iPad, iPhone a GarageBand software pokra\u010duj\u00ed v nastolen\u00e9 cest\u011b Apogee &#8211; b\u00fdt v\u017edy na \u010dele v\u00fdvoje nahr\u00e1vac\u00edch technologi\u00ed. \u00a0C\u00edlem Apogee je tvo\u0159it produkty, kter\u00e9 d\u00edky ultim\u00e1tn\u00ed zvukov\u00e9 kvalit\u011b, inovativn\u00edmu designu a odpov\u00eddaj\u00edc\u00ed cen\u011b budou pou\u017e\u00edvat tv\u016fr\u010d\u00ed hudebn\u00edci od za\u010d\u00e1te\u010dn\u00edk\u016f a\u017e po zku\u0161en\u00e9 profesion\u00e1ly.<\/p>\n<\/div><\/section><\/div>\n<\/div><\/div><\/div><!-- close content main div --><\/div><\/div><div id='after_section_3'  class='main_color av_default_container_wrap container_wrap sidebar_right'  ><div class='container av-section-cont-open' ><div class='template-page content  av-content-small alpha units'><div class='post-entry post-entry-type-page post-entry-2038'><div class='entry-content-wrapper clearfix'><\/p>\n\n<style type=\"text\/css\" data-created_by=\"avia_inline_auto\" id=\"style-css-av-n1i85i-0cd62482c4f882d62a2a7a79e7152f6f\">\n#top .av-special-heading.av-n1i85i-0cd62482c4f882d62a2a7a79e7152f6f{\npadding-bottom:10px;\nfont-size:40px;\n}\nbody .av-special-heading.av-n1i85i-0cd62482c4f882d62a2a7a79e7152f6f .av-special-heading-tag .heading-char{\nfont-size:25px;\n}\n#top #wrap_all .av-special-heading.av-n1i85i-0cd62482c4f882d62a2a7a79e7152f6f .av-special-heading-tag{\nfont-size:40px;\n}\n.av-special-heading.av-n1i85i-0cd62482c4f882d62a2a7a79e7152f6f .av-subheading{\nfont-size:15px;\n}\n\n@media only screen and (min-width: 480px) and (max-width: 767px){ \n#top #wrap_all .av-special-heading.av-n1i85i-0cd62482c4f882d62a2a7a79e7152f6f .av-special-heading-tag{\nfont-size:0.8em;\n}\n}\n\n@media only screen and (max-width: 479px){ \n#top #wrap_all .av-special-heading.av-n1i85i-0cd62482c4f882d62a2a7a79e7152f6f .av-special-heading-tag{\nfont-size:0.8em;\n}\n}\n<\/style>\n<div  class='av-special-heading av-n1i85i-0cd62482c4f882d62a2a7a79e7152f6f av-special-heading-h3 blockquote modern-quote  avia-builder-el-10  el_after_av_section  el_before_av_section  avia-builder-el-no-sibling  av-inherit-size'><h3 class='av-special-heading-tag'  itemprop=\"headline\"  >Inovace<\/h3><div class=\"special-heading-border\"><div class=\"special-heading-inner-border\"><\/div><\/div><\/div>\n<\/div><\/div><\/div><!-- close content main div --><\/div><\/div><div id='av_section_4'  class='avia-section av-l16pau-7c07a779dede4ee756313d296aabaf4a main_color avia-section-default avia-no-border-styling  avia-builder-el-11  el_after_av_heading  el_before_av_heading  avia-bg-style-scroll container_wrap sidebar_right'  ><div class='container av-section-cont-open' ><div class='template-page content  av-content-small alpha units'><div class='post-entry post-entry-type-page post-entry-2038'><div class='entry-content-wrapper clearfix'>\n<div class='flex_column av-ixxq5i-957dbaa47acbc368ca1d24478f7670c1 av_one_half  avia-builder-el-12  el_before_av_one_half  avia-builder-el-first  first flex_column_div '     ><style type=\"text\/css\" data-created_by=\"avia_inline_auto\" id=\"style-css-av-hc9ohy-09d44229930fbdc59331b2393999b7c1\">\n.avia-image-container.av-hc9ohy-09d44229930fbdc59331b2393999b7c1 img.avia_image{\nbox-shadow:none;\n}\n.avia-image-container.av-hc9ohy-09d44229930fbdc59331b2393999b7c1 .av-image-caption-overlay-center{\ncolor:#ffffff;\n}\n<\/style>\n<div  class='avia-image-container av-hc9ohy-09d44229930fbdc59331b2393999b7c1 av-styling- avia-align-center  avia-builder-el-13  avia-builder-el-no-sibling '   itemprop=\"image\" itemscope=\"itemscope\" itemtype=\"https:\/\/schema.org\/ImageObject\" ><div class=\"avia-image-container-inner\"><div class=\"avia-image-overlay-wrap\"><img decoding=\"async\" class='wp-image-2048 avia-img-lazy-loading-not-2048 avia_image ' src=\"https:\/\/www.altei.cz\/wp_apogeedigital\/wp-content\/uploads\/2015\/08\/apogee-inovation-111x300.jpg\" alt='' title='apogee-inovation'  height=\"300\" width=\"111\"  itemprop=\"thumbnailUrl\" srcset=\"https:\/\/www.altei.cz\/wp_apogeedigital\/wp-content\/uploads\/2015\/08\/apogee-inovation-111x300.jpg 111w, https:\/\/www.altei.cz\/wp_apogeedigital\/wp-content\/uploads\/2015\/08\/apogee-inovation-380x1030.jpg 380w, https:\/\/www.altei.cz\/wp_apogeedigital\/wp-content\/uploads\/2015\/08\/apogee-inovation-260x705.jpg 260w, https:\/\/www.altei.cz\/wp_apogeedigital\/wp-content\/uploads\/2015\/08\/apogee-inovation-369x999.jpg 369w, https:\/\/www.altei.cz\/wp_apogeedigital\/wp-content\/uploads\/2015\/08\/apogee-inovation.jpg 474w\" sizes=\"(max-width: 111px) 100vw, 111px\" \/><\/div><\/div><\/div><\/div><div class='flex_column av-ge242u-74f550fb12a24dc83ef141e688b3b1ad av_one_half  avia-builder-el-14  el_after_av_one_half  avia-builder-el-last  flex_column_div '     ><section  class='av_textblock_section av-e089ie-b6455dbef20cdb19f12f6ae9451c5a1d'  itemscope=\"itemscope\" itemtype=\"https:\/\/schema.org\/CreativeWork\" ><div class='avia_textblock'  itemprop=\"text\" ><p>Spole\u010dnost Apogee se zrodila z inovace, kter\u00e1 v\u00fdrazn\u011b zlep\u0161ila kvalitu zvukov\u00e9ho z\u00e1znamu.<br \/>\nV roce 1985 Apogee zakladatel\u00e9 vyvinuli technologii, kter\u00e1 \u0159e\u0161ila\u00a0zvukov\u00e9 probl\u00e9my a zkreslen\u00ed sly\u0161iteln\u00e9 na\u00a0nov\u00e9m poslechov\u00e9m m\u00e9diu t\u00e9 doby\u00a0kompaktn\u00edm disku (CD). Unik\u00e1tn\u00ed 924 a 944 anti-aliasing filtry Apogee byly pou\u017e\u00edv\u00e1ny v high-end Sony a Mitsubishi digit\u00e1ln\u00edch z\u00e1znamov\u00fdch syst\u00e9mech p\u0159edev\u0161\u00edm proto,\u00a0aby byl zvuk form\u00e1tu CD teplej\u0161\u00ed a v\u00edce se p\u0159ibli\u017eoval\u00a0analogov\u00e9mu zvuku. Tyto produkty Apogee byly d\u016fle\u017eit\u00fdmi faktory v obecn\u00e9m p\u0159ijet\u00ed a urychlen\u00e9m roz\u0161\u00ed\u0159en\u00ed ran\u00e9ho digit\u00e1ln\u00edho z\u00e1znamu na CD a nav\u017edy ud\u011blaly z\u00a0Apogee l\u00eddra v oboru.<\/p>\n<p>Apogee d\u00e1le pokra\u010duje ve v\u00fdvoji inovatrivn\u00edch\u00a0technologi\u00ed a produkt\u016f, kter\u00e9 nad\u00e1le posunuj\u00ed v\u00fdvoj kup\u0159edu. Od p\u0159evratn\u00fdch 924 a 944 filtr\u016f\u00a0p\u0159es veden\u00ed ve studiov\u00e9 kvalit\u011b a\u017e po dom\u00e1c\u00ed nahr\u00e1vac\u00ed revoluci s Duet, Ensemble, MIC a JAM, tedy k prvn\u00edm profesion\u00e1ln\u00edm produkt\u016fm pro iOS nahr\u00e1v\u00e1n\u00ed. Apogee vytv\u00e1\u0159\u00ed \u0161pi\u010dkov\u00e9 n\u00e1stroje pro um\u011blce, audio profesion\u00e1ly\u00a0i audiofily.<\/p>\n<div  class='avia-button-wrap av-d6tnxy-5d2e004eccbec36d8b5ef66f336db5fc-wrap avia-button-center  avia-builder-el-16  avia-builder-el-no-sibling '><a href='https:\/\/www.altei.cz\/wp_apogeedigital\/apogee-historie\/'  class='avia-button av-d6tnxy-5d2e004eccbec36d8b5ef66f336db5fc avia-icon_select-no avia-size-small avia-position-center avia-color-theme-color'  ><span class='avia_iconbox_title' >V\u00edce o inovac\u00edch Apogee<\/span><\/a><\/div>\n<\/div><\/section><\/div>\n<\/div><\/div><\/div><!-- close content main div --><\/div><\/div><div id='after_section_4'  class='main_color av_default_container_wrap container_wrap sidebar_right'  ><div class='container av-section-cont-open' ><div class='template-page content  av-content-small alpha units'><div class='post-entry post-entry-type-page post-entry-2038'><div class='entry-content-wrapper clearfix'>\n\n<style type=\"text\/css\" data-created_by=\"avia_inline_auto\" id=\"style-css-av-bi8dpi-18aafec6f4665e1b99ac4a7397081f04\">\n#top .av-special-heading.av-bi8dpi-18aafec6f4665e1b99ac4a7397081f04{\npadding-bottom:10px;\nfont-size:40px;\n}\nbody .av-special-heading.av-bi8dpi-18aafec6f4665e1b99ac4a7397081f04 .av-special-heading-tag .heading-char{\nfont-size:25px;\n}\n#top #wrap_all .av-special-heading.av-bi8dpi-18aafec6f4665e1b99ac4a7397081f04 .av-special-heading-tag{\nfont-size:40px;\n}\n.av-special-heading.av-bi8dpi-18aafec6f4665e1b99ac4a7397081f04 .av-subheading{\nfont-size:15px;\n}\n\n@media only screen and (min-width: 480px) and (max-width: 767px){ \n#top #wrap_all .av-special-heading.av-bi8dpi-18aafec6f4665e1b99ac4a7397081f04 .av-special-heading-tag{\nfont-size:0.8em;\n}\n}\n\n@media only screen and (max-width: 479px){ \n#top #wrap_all .av-special-heading.av-bi8dpi-18aafec6f4665e1b99ac4a7397081f04 .av-special-heading-tag{\nfont-size:0.8em;\n}\n}\n<\/style>\n<div  class='av-special-heading av-bi8dpi-18aafec6f4665e1b99ac4a7397081f04 av-special-heading-h3 blockquote modern-quote  avia-builder-el-17  el_after_av_section  el_before_av_section  avia-builder-el-no-sibling  av-inherit-size'><h3 class='av-special-heading-tag'  itemprop=\"headline\"  >Vyrobeno v U.S.A.<\/h3><div class=\"special-heading-border\"><div class=\"special-heading-inner-border\"><\/div><\/div><\/div>\n<\/div><\/div><\/div><!-- close content main div --><\/div><\/div><div id='av_section_5'  class='avia-section av-94typ2-a5421d9399a10dee0573b2b71b08aeaa main_color avia-section-default avia-no-border-styling  avia-builder-el-18  el_after_av_heading  avia-builder-el-last  avia-bg-style-scroll container_wrap sidebar_right'  ><div class='container av-section-cont-open' ><div class='template-page content  av-content-small alpha units'><div class='post-entry post-entry-type-page post-entry-2038'><div class='entry-content-wrapper clearfix'>\n<div class='flex_column av-6wwy5y-8d0e07ac78e2f8c9cc2db332d8191971 av_one_half  avia-builder-el-19  el_before_av_one_half  avia-builder-el-first  first flex_column_div '     ><style type=\"text\/css\" data-created_by=\"avia_inline_auto\" id=\"style-css-av-5jz48m-b0cd117949cf579e9c7e389047863e32\">\n.avia-image-container.av-5jz48m-b0cd117949cf579e9c7e389047863e32 img.avia_image{\nbox-shadow:none;\n}\n.avia-image-container.av-5jz48m-b0cd117949cf579e9c7e389047863e32 .av-image-caption-overlay-center{\ncolor:#ffffff;\n}\n<\/style>\n<div  class='avia-image-container av-5jz48m-b0cd117949cf579e9c7e389047863e32 av-styling- avia-align-center  avia-builder-el-20  avia-builder-el-no-sibling '   itemprop=\"image\" itemscope=\"itemscope\" itemtype=\"https:\/\/schema.org\/ImageObject\" ><div class=\"avia-image-container-inner\"><div class=\"avia-image-overlay-wrap\"><img decoding=\"async\" class='wp-image-514 avia-img-lazy-loading-not-514 avia_image ' src=\"https:\/\/www.altei.cz\/wp_apogeedigital\/wp-content\/uploads\/2015\/07\/made-in-usa-stamp-300x282.png\" alt='Vyrobeno v U.S.A.' title='made-in-usa-stamp'  height=\"282\" width=\"300\"  itemprop=\"thumbnailUrl\"  \/><\/div><\/div><\/div><\/div><div class='flex_column av-3sl3gm-f853d4d020e4ac8953937a671f9d50ac av_one_half  avia-builder-el-21  el_after_av_one_half  avia-builder-el-last  flex_column_div '     ><section  class='av_textblock_section av-2rqd46-7d977e9ef33b7dbdbcd96894febadf61'  itemscope=\"itemscope\" itemtype=\"https:\/\/schema.org\/CreativeWork\" ><div class='avia_textblock'  itemprop=\"text\" ><p>Pro spole\u010dnost Apogee je d\u016fle\u017eit\u00fdm\u00a0z\u00e1vazkem vyr\u00e1b\u011bt v\u0161echny produkty\u00a0Apogee v USA. V pr\u016fb\u011bhu\u00a03 desetilet\u00ed Apogee konstruuje a\u00a0vyr\u00e1b\u00ed sv\u00e9 p\u0159\u00edstroje\u00a0v Santa Monice v Kalifornii. Vyr\u00e1b\u011bt\u00a0produkty v USA spole\u010dnosti\u00a0umo\u017en\u00ed l\u00e9pe komunikovat s d\u016fle\u017eit\u00fdmi\u00a0v\u00fdrobn\u00edmi partnery, rychle reagovat na technologick\u00fd pokrok, a udr\u017eovat nejvy\u0161\u0161\u00ed standard kvality. Spole\u010dnost Apogee je\u00a0hrd\u00e1 na\u00a0to, \u017ee jej\u00ed\u00a0produkty podporuj\u00ed americkou ekonomiku, vytv\u00e1\u0159en\u00ed pracovn\u00edch m\u00edst a jsou p\u0159\u00edsp\u011bvkem k v\u00fdrobn\u00ed infrastruktu\u0159e zem\u011b.<\/p>\n<\/div><\/section><\/div>\n<\/div><\/div><\/div><!-- close content main div --><\/div><\/div><div id='after_section_5'  class='main_color av_default_container_wrap container_wrap sidebar_right'  ><div class='container av-section-cont-open' ><div class='template-page content  av-content-small alpha units'><div class='post-entry post-entry-type-page post-entry-2038'><div class='entry-content-wrapper clearfix'>\n","protected":false},"excerpt":{"rendered":"","protected":false},"author":1,"featured_media":0,"parent":0,"menu_order":0,"comment_status":"closed","ping_status":"open","template":"","meta":{"_bbp_topic_count":0,"_bbp_reply_count":0,"_bbp_total_topic_count":0,"_bbp_total_reply_count":0,"_bbp_voice_count":0,"_bbp_anonymous_reply_count":0,"_bbp_topic_count_hidden":0,"_bbp_reply_count_hidden":0,"_bbp_forum_subforum_count":0,"om_disable_all_campaigns":false,"_monsterinsights_skip_tracking":false,"_monsterinsights_sitenote_active":false,"_monsterinsights_sitenote_note":"","_monsterinsights_sitenote_category":0,"_wp_rev_ctl_limit":""},"aioseo_notices":[],"_links":{"self":[{"href":"https:\/\/www.altei.cz\/wp_apogeedigital\/wp-json\/wp\/v2\/pages\/2038"}],"collection":[{"href":"https:\/\/www.altei.cz\/wp_apogeedigital\/wp-json\/wp\/v2\/pages"}],"about":[{"href":"https:\/\/www.altei.cz\/wp_apogeedigital\/wp-json\/wp\/v2\/types\/page"}],"author":[{"embeddable":true,"href":"https:\/\/www.altei.cz\/wp_apogeedigital\/wp-json\/wp\/v2\/users\/1"}],"replies":[{"embeddable":true,"href":"https:\/\/www.altei.cz\/wp_apogeedigital\/wp-json\/wp\/v2\/comments?post=2038"}],"version-history":[{"count":1,"href":"https:\/\/www.altei.cz\/wp_apogeedigital\/wp-json\/wp\/v2\/pages\/2038\/revisions"}],"predecessor-version":[{"id":6624,"href":"https:\/\/www.altei.cz\/wp_apogeedigital\/wp-json\/wp\/v2\/pages\/2038\/revisions\/6624"}],"wp:attachment":[{"href":"https:\/\/www.altei.cz\/wp_apogeedigital\/wp-json\/wp\/v2\/media?parent=2038"}],"curies":[{"name":"wp","href":"https:\/\/api.w.org\/{rel}","templated":true}]}}