{"id":2081,"date":"2015-08-27T09:49:58","date_gmt":"2015-08-27T08:49:58","guid":{"rendered":"http:\/\/www.altei.cz\/wp_apogeedigital\/?page_id=2081"},"modified":"2023-03-05T17:53:12","modified_gmt":"2023-03-05T16:53:12","slug":"distributor-apogee","status":"publish","type":"page","link":"https:\/\/www.altei.cz\/wp_apogeedigital\/distributor-apogee\/","title":{"rendered":"Kontakt"},"content":{"rendered":"\n\n<style type=\"text\/css\" data-created_by=\"avia_inline_auto\" id=\"style-css-av-keayd4kl-ea2e85f8d645686ba5ab266d9c907b3e\">\n.avia-image-container.av-keayd4kl-ea2e85f8d645686ba5ab266d9c907b3e img.avia_image{\nbox-shadow:none;\n}\n.avia-image-container.av-keayd4kl-ea2e85f8d645686ba5ab266d9c907b3e .av-image-caption-overlay-center{\ncolor:#ffffff;\n}\n<\/style>\n<div  class='avia-image-container av-keayd4kl-ea2e85f8d645686ba5ab266d9c907b3e av-styling- avia-align-center  avia-builder-el-1  el_after_av_heading  el_before_av_one_third '   itemprop=\"image\" itemscope=\"itemscope\" itemtype=\"https:\/\/schema.org\/ImageObject\" ><div class=\"avia-image-container-inner\"><div class=\"avia-image-overlay-wrap\"><a href=\"https:\/\/www.google.cz\/maps\/place\/DC+Rezidence\/@50.016156,14.4489263,17z\/data=!4m18!1m9!3m8!1s0x470b915d7599e49f:0xaccac7d4b48f01df!2sDC+Rezidence!5m2!4m1!1i2!8m2!3d50.0163416!4d14.4508537!3m7!1s0x470b915d7599e49f:0xaccac7d4b48f01df!5m2!4m1!1i2!8m2!3d50.0163418!4d14.4508537\" class='avia_image' ><img fetchpriority=\"high\" decoding=\"async\" class='wp-image-6073 avia-img-lazy-loading-not-6073 avia_image ' src=\"https:\/\/www.altei.cz\/wp_apogeedigital\/wp-content\/uploads\/2020\/08\/mapa-1030x518.png\" alt='' title='mapa'  height=\"518\" width=\"1030\"  itemprop=\"thumbnailUrl\" srcset=\"https:\/\/www.altei.cz\/wp_apogeedigital\/wp-content\/uploads\/2020\/08\/mapa-1030x518.png 1030w, https:\/\/www.altei.cz\/wp_apogeedigital\/wp-content\/uploads\/2020\/08\/mapa-300x151.png 300w, https:\/\/www.altei.cz\/wp_apogeedigital\/wp-content\/uploads\/2020\/08\/mapa-768x386.png 768w, https:\/\/www.altei.cz\/wp_apogeedigital\/wp-content\/uploads\/2020\/08\/mapa-705x354.png 705w, https:\/\/www.altei.cz\/wp_apogeedigital\/wp-content\/uploads\/2020\/08\/mapa-450x226.png 450w, https:\/\/www.altei.cz\/wp_apogeedigital\/wp-content\/uploads\/2020\/08\/mapa.png 1184w\" sizes=\"(max-width: 1030px) 100vw, 1030px\" \/><\/a><\/div><\/div><\/div>\n<div class='flex_column av-ky1bjl-5155db05e5bf50f59d5d21ee88694af6 av_one_third  avia-builder-el-2  el_after_av_image  el_before_av_one_third  first flex_column_div '     ><section  class='av_textblock_section av-jrqwg1-33f9be9b0dd139a3676fc59df32c634c'  itemscope=\"itemscope\" itemtype=\"https:\/\/schema.org\/CreativeWork\" ><div class='avia_textblock'  itemprop=\"text\" ><div id=\"stacks_out_5224_page23\" class=\"stacks_out\">\n<div id=\"stacks_in_5224_page23\" class=\"stacks_in\">\n<div class=\"stacks_div stacks_left\">\n<div id=\"stacks_out_5226_page23\" class=\"stacks_out\">\n<div id=\"stacks_in_5226_page23\" class=\"stacks_in\">\n<p>Tel : (+420)\u00a0731 012 941<\/p>\n<p>e-mail : info@altei.cz<\/p>\n<p><a href=\"https:\/\/www.altei.cz\">https:\/\/www.altei.cz<\/a><\/p>\n<p><a href=\"https:\/\/www.apogeedigital.cz\">https:\/\/www.apogeedigital.cz<\/a><\/p>\n<\/div>\n<\/div>\n<\/div>\n<div class=\"stacks_div stacks_middle\"><\/div>\n<div class=\"stacks_clearer\"><\/div>\n<div class=\"stacks_clearer\"><\/div>\n<\/div>\n<\/div>\n<div id=\"stacks_out_5234_page23\" class=\"stacks_out\"><\/div>\n<\/div><\/section><\/div><div class='flex_column av-s2253l-307bd94b45949cb38a5583b159ce490d av_one_third  avia-builder-el-4  el_after_av_one_third  el_before_av_one_third  flex_column_div '     ><section  class='av_textblock_section av-pdgchd-51aeee56b2ad5fa92434be5c30a67c5e'  itemscope=\"itemscope\" itemtype=\"https:\/\/schema.org\/CreativeWork\" ><div class='avia_textblock'  itemprop=\"text\" ><div id=\"stacks_out_5224_page23\" class=\"stacks_out\">\n<div id=\"stacks_in_5224_page23\" class=\"stacks_in\">\n<div class=\"stacks_div stacks_left\">\n<div id=\"stacks_out_5226_page23\" class=\"stacks_out\">\n<div id=\"stacks_in_5226_page23\" class=\"stacks_in\">\n<p>Provozovna:<\/p>\n<p><strong>ALTEI spol. s r. o.<\/strong><\/p>\n<p>DC Rezidence<\/p>\n<p>Novodvorsk\u00e1 1061\/10<\/p>\n<p>142 00 Praha 4 &#8211; Lhotka<\/p>\n<p>Czech Republic<\/p>\n<p>Otev\u0159eno : Po \u2013 P\u00e1 , 9:00 a\u017e 17:00 nebo dle p\u0159edchoz\u00ed dohody<\/p>\n<\/div>\n<\/div>\n<\/div>\n<div class=\"stacks_div stacks_middle\"><\/div>\n<div class=\"stacks_clearer\"><\/div>\n<div class=\"stacks_clearer\"><\/div>\n<\/div>\n<\/div>\n<div id=\"stacks_out_5234_page23\" class=\"stacks_out\"><\/div>\n<\/div><\/section><\/div><\/p>\n<div class='flex_column av-nzk09t-b5a28d07a3ee9c5b0abc17c7fbccda8d av_one_third  avia-builder-el-6  el_after_av_one_third  el_before_av_heading  flex_column_div '     ><section  class='av_textblock_section av-lx5935-b2539529bf141d999e20be946aac56d0'  itemscope=\"itemscope\" itemtype=\"https:\/\/schema.org\/CreativeWork\" ><div class='avia_textblock'  itemprop=\"text\" ><div id=\"stacks_out_5224_page23\" class=\"stacks_out\">\n<div id=\"stacks_in_5224_page23\" class=\"stacks_in\">\n<div class=\"stacks_div stacks_left\">\n<div id=\"stacks_out_5226_page23\" class=\"stacks_out\">\n<div id=\"stacks_in_5226_page23\" class=\"stacks_in\">\n<p>Faktura\u010dn\u00ed adresa:<\/p>\n<p><strong>ALTEI spol. s r. o.<\/strong><\/p>\n<p>P\u0159emyslovsk\u00e1 7<br \/>\nCZ 130 00 Praha 3<br \/>\nCzech Republic<\/p>\n<p><strong>I\u010c : 25637274\u00a0<\/strong><\/p>\n<p><strong>DI\u010c : CZ25637274<\/strong><\/p>\n<p>Altei spol. s r.o. je registrov\u00e1na v obchodn\u00edm rejst\u0159\u00edku veden\u00e9m u M\u011bstsk\u00e9ho soudu v Praze, odd\u00edl C, vlo\u017eka 56913.<\/p>\n<\/div>\n<\/div>\n<\/div>\n<div class=\"stacks_div stacks_middle\"><\/div>\n<div class=\"stacks_clearer\"><\/div>\n<div class=\"stacks_clearer\"><\/div>\n<\/div>\n<\/div>\n<div id=\"stacks_out_5234_page23\" class=\"stacks_out\"><\/div>\n<\/div><\/section><\/div>\n\n<style type=\"text\/css\" data-created_by=\"avia_inline_auto\" id=\"style-css-av-2hsn29-e1c639facc1f79e2975e02bd68a51cfb\">\n#top .av-special-heading.av-2hsn29-e1c639facc1f79e2975e02bd68a51cfb{\npadding-bottom:10px;\n}\nbody .av-special-heading.av-2hsn29-e1c639facc1f79e2975e02bd68a51cfb .av-special-heading-tag .heading-char{\nfont-size:25px;\n}\n.av-special-heading.av-2hsn29-e1c639facc1f79e2975e02bd68a51cfb .av-subheading{\nfont-size:10px;\n}\n<\/style>\n<div  class='av-special-heading av-2hsn29-e1c639facc1f79e2975e02bd68a51cfb av-special-heading-h3 blockquote modern-quote  avia-builder-el-8  el_after_av_one_third  avia-builder-el-last '><h3 class='av-special-heading-tag'  itemprop=\"headline\"  >M\u00e1te-li z\u00e1jem st\u00e1t se autorizovan\u00fdm prodejcem produkt\u016f Apogee napi\u0161te n\u00e1m: info@altei.cz<\/h3><div class=\"special-heading-border\"><div class=\"special-heading-inner-border\"><\/div><\/div><\/div>\n","protected":false},"excerpt":{"rendered":"","protected":false},"author":1,"featured_media":0,"parent":0,"menu_order":0,"comment_status":"closed","ping_status":"open","template":"","meta":{"_bbp_topic_count":0,"_bbp_reply_count":0,"_bbp_total_topic_count":0,"_bbp_total_reply_count":0,"_bbp_voice_count":0,"_bbp_anonymous_reply_count":0,"_bbp_topic_count_hidden":0,"_bbp_reply_count_hidden":0,"_bbp_forum_subforum_count":0,"om_disable_all_campaigns":false,"_monsterinsights_skip_tracking":false,"_monsterinsights_sitenote_active":false,"_monsterinsights_sitenote_note":"","_monsterinsights_sitenote_category":0,"_wp_rev_ctl_limit":""},"aioseo_notices":[],"_links":{"self":[{"href":"https:\/\/www.altei.cz\/wp_apogeedigital\/wp-json\/wp\/v2\/pages\/2081"}],"collection":[{"href":"https:\/\/www.altei.cz\/wp_apogeedigital\/wp-json\/wp\/v2\/pages"}],"about":[{"href":"https:\/\/www.altei.cz\/wp_apogeedigital\/wp-json\/wp\/v2\/types\/page"}],"author":[{"embeddable":true,"href":"https:\/\/www.altei.cz\/wp_apogeedigital\/wp-json\/wp\/v2\/users\/1"}],"replies":[{"embeddable":true,"href":"https:\/\/www.altei.cz\/wp_apogeedigital\/wp-json\/wp\/v2\/comments?post=2081"}],"version-history":[{"count":2,"href":"https:\/\/www.altei.cz\/wp_apogeedigital\/wp-json\/wp\/v2\/pages\/2081\/revisions"}],"predecessor-version":[{"id":6570,"href":"https:\/\/www.altei.cz\/wp_apogeedigital\/wp-json\/wp\/v2\/pages\/2081\/revisions\/6570"}],"wp:attachment":[{"href":"https:\/\/www.altei.cz\/wp_apogeedigital\/wp-json\/wp\/v2\/media?parent=2081"}],"curies":[{"name":"wp","href":"https:\/\/api.w.org\/{rel}","templated":true}]}}