{"id":2824,"date":"2016-03-03T14:01:22","date_gmt":"2016-03-03T13:01:22","guid":{"rendered":"https:\/\/www.altei.cz\/wp_apogeedigital\/?page_id=2824"},"modified":"2016-03-03T14:04:13","modified_gmt":"2016-03-03T13:04:13","slug":"dealer-slovakia","status":"publish","type":"page","link":"https:\/\/www.altei.cz\/wp_apogeedigital\/dealer-slovakia\/","title":{"rendered":"Napi\u0161te n\u00e1m"},"content":{"rendered":"\n<style type=\"text\/css\" data-created_by=\"avia_inline_auto\" id=\"style-css-av-av_section-777bf751b591f84d430807e4cb495044\">\n.avia-section.av-av_section-777bf751b591f84d430807e4cb495044{\nbackground-color:#e8e8e8;\nbackground-image:url(https:\/\/www.altei.cz\/wp_apogeedigital\/wp-content\/uploads\/2015\/08\/Unknown-1-1030x162.jpeg);\nbackground-repeat:no-repeat;\nbackground-position:0% 50%;\nbackground-attachment:scroll;\n}\n<\/style>\n<div id='av_section_1'  class='avia-section av-av_section-777bf751b591f84d430807e4cb495044 main_color avia-section-no-padding avia-no-border-styling  avia-builder-el-0  el_before_av_textblock  avia-builder-el-first  avia-full-stretch avia-bg-style-scroll av-minimum-height av-minimum-height-custom  container_wrap sidebar_right'  data-section-bg-repeat='stretch' data-av_minimum_height_px='170'><div class='container av-section-cont-open' style='height:170px'><main  role=\"main\" itemprop=\"mainContentOfPage\"  class='template-page content  av-content-small alpha units'><div class='post-entry post-entry-type-page post-entry-2824'><div class='entry-content-wrapper clearfix'>\n<div class='flex_column av-av_one_full-2a9015ff38129c418a3f2eafba3e9512 av_one_full  avia-builder-el-1  avia-builder-el-no-sibling  first flex_column_div '     ><style type=\"text\/css\" data-created_by=\"avia_inline_auto\" id=\"style-css-av-av_heading-200b39271b49a043fa62a83ddff5e5e4\">\n#top .av-special-heading.av-av_heading-200b39271b49a043fa62a83ddff5e5e4{\npadding-bottom:15px;\ncolor:#000000;\nfont-size:40px;\n}\nbody .av-special-heading.av-av_heading-200b39271b49a043fa62a83ddff5e5e4 .av-special-heading-tag .heading-char{\nfont-size:25px;\n}\n#top #wrap_all .av-special-heading.av-av_heading-200b39271b49a043fa62a83ddff5e5e4 .av-special-heading-tag{\nfont-size:40px;\n}\n.av-special-heading.av-av_heading-200b39271b49a043fa62a83ddff5e5e4 .special-heading-inner-border{\nborder-color:#000000;\n}\n.av-special-heading.av-av_heading-200b39271b49a043fa62a83ddff5e5e4 .av-subheading{\nfont-size:15px;\n}\n\n@media only screen and (min-width: 480px) and (max-width: 767px){ \n#top #wrap_all .av-special-heading.av-av_heading-200b39271b49a043fa62a83ddff5e5e4 .av-special-heading-tag{\nfont-size:0.8em;\n}\n}\n\n@media only screen and (max-width: 479px){ \n#top #wrap_all .av-special-heading.av-av_heading-200b39271b49a043fa62a83ddff5e5e4 .av-special-heading-tag{\nfont-size:0.8em;\n}\n}\n<\/style>\n<div  class='av-special-heading av-av_heading-200b39271b49a043fa62a83ddff5e5e4 av-special-heading-h3 custom-color-heading blockquote modern-quote  avia-builder-el-2  avia-builder-el-no-sibling  av-inherit-size'><h3 class='av-special-heading-tag'  itemprop=\"headline\"  >Napi\u0161te n\u00e1m<\/h3><div class=\"special-heading-border\"><div class=\"special-heading-inner-border\"><\/div><\/div><\/div><\/div>\n<\/div><\/div><\/main><!-- close content main element --><\/div><\/div><div id='after_section_1'  class='main_color av_default_container_wrap container_wrap sidebar_right'  ><div class='container av-section-cont-open' ><div class='template-page content  av-content-small alpha units'><div class='post-entry post-entry-type-page post-entry-2824'><div class='entry-content-wrapper clearfix'>\n\n<style type=\"text\/css\" data-created_by=\"avia_inline_auto\" id=\"style-css-av-av_textblock-a3d07da1591937de2eda3e3fe781d371\">\n#top .av_textblock_section.av-av_textblock-a3d07da1591937de2eda3e3fe781d371 .avia_textblock{\nfont-size:20px;\n}\n<\/style>\n<section  class='av_textblock_section av-av_textblock-a3d07da1591937de2eda3e3fe781d371'  itemscope=\"itemscope\" itemtype=\"https:\/\/schema.org\/CreativeWork\" ><div class='avia_textblock'  itemprop=\"text\" ><h3>M\u00e1te-li z\u00e1jem st\u00e1t se autorizovan\u00fdm prodejcem\u00a0produkt\u016f Apogee ve Slovensk\u00e9 republice napi\u0161te n\u00e1m kr\u00e1tkou zpr\u00e1vu.<\/h3>\n<\/div><\/section>\n<section  class='av_textblock_section av-av_textblock-0366cc7376be6c9e82a3e9cc8987b64f'  itemscope=\"itemscope\" itemtype=\"https:\/\/schema.org\/CreativeWork\" ><div class='avia_textblock'  itemprop=\"text\" ><p>Pol\u00ed\u010dka ozna\u010den\u00e1 * jsou povinn\u00e1<\/p>\n<\/div><\/section>\n<form action=\"https:\/\/www.altei.cz\/wp_apogeedigital\/dealer-slovakia\/\" method=\"post\"  class=\"avia_ajax_form av-form-labels-visible   avia-builder-el-5  el_after_av_textblock  avia-builder-el-last   \" data-avia-form-id=\"1\" data-avia-redirect='' ><fieldset><p class='  first_form  form_element form_element_half' id='element_avia_1_1'><label for=\"avia_1_1\">N\u00e1zev spole\u010dnosti <abbr class=\"required\" title=\"required\">*<\/abbr><\/label> <input name=\"avia_1_1\" class=\"text_input is_empty\" type=\"text\" id=\"avia_1_1\" value=\"\" \/><\/p><p class='  form_element form_element_half' id='element_avia_2_1'><label for=\"avia_2_1\">Adresa <abbr class=\"required\" title=\"required\">*<\/abbr><\/label> <input name=\"avia_2_1\" class=\"text_input is_empty\" type=\"text\" id=\"avia_2_1\" value=\"\" \/><\/p><p class='  first_form  form_element form_element_third' id='element_avia_3_1'><label for=\"avia_3_1\">Jm\u00e9no <abbr class=\"required\" title=\"required\">*<\/abbr><\/label> <input name=\"avia_3_1\" class=\"text_input is_empty\" type=\"text\" id=\"avia_3_1\" value=\"\" \/><\/p><p class='  form_element form_element_third' id='element_avia_4_1'><label for=\"avia_4_1\">P\u0159\u00edjmen\u00ed <abbr class=\"required\" title=\"required\">*<\/abbr><\/label> <input name=\"avia_4_1\" class=\"text_input is_empty\" type=\"text\" id=\"avia_4_1\" value=\"\" \/><\/p><p class='  form_element form_element_third' id='element_avia_5_1'><label for=\"avia_5_1\">E-Mail <abbr class=\"required\" title=\"required\">*<\/abbr><\/label> <input name=\"avia_5_1\" class=\"text_input is_email\" type=\"text\" id=\"avia_5_1\" value=\"\" \/><\/p><p class='  first_form  form_element form_element_two_third' id='element_avia_6_1'><label for=\"avia_6_1\" class=\"textare_label hidden textare_label_avia_6_1\">Va\u0161e zpr\u00e1va:<\/label><textarea  name=\"avia_6_1\" class=\"text_area \" cols=\"40\" rows=\"7\" id=\"avia_6_1\" ><\/textarea><\/p><p class='  form_element form_element_third av-last-visible-form-element' id='element_avia_7_1'><label for=\"avia_7_1\">Telefon <abbr class=\"required\" title=\"required\">*<\/abbr><\/label> <input name=\"avia_7_1\" class=\"text_input is_phone\" type=\"text\" id=\"avia_7_1\" value=\"\" \/><\/p><p class=\"hidden\"><input type=\"text\" name=\"avia_8_1\" class=\"hidden \" id=\"avia_8_1\" value=\"\" \/><\/p><p class=\"form_element \"><input type=\"hidden\" value=\"1\" name=\"avia_generated_form1\" \/><input type=\"submit\" value=\"Odeslat\" class=\"button\"  data-sending-label=\"Sending\"\/><\/p><\/fieldset><\/form><div id=\"ajaxresponse_1\" class=\"ajaxresponse ajaxresponse_1 hidden\"><\/div>\n","protected":false},"excerpt":{"rendered":"","protected":false},"author":1,"featured_media":0,"parent":0,"menu_order":0,"comment_status":"closed","ping_status":"open","template":"","meta":{"_bbp_topic_count":0,"_bbp_reply_count":0,"_bbp_total_topic_count":0,"_bbp_total_reply_count":0,"_bbp_voice_count":0,"_bbp_anonymous_reply_count":0,"_bbp_topic_count_hidden":0,"_bbp_reply_count_hidden":0,"_bbp_forum_subforum_count":0,"om_disable_all_campaigns":false,"_monsterinsights_skip_tracking":false,"_monsterinsights_sitenote_active":false,"_monsterinsights_sitenote_note":"","_monsterinsights_sitenote_category":0,"_wp_rev_ctl_limit":""},"aioseo_notices":[],"_links":{"self":[{"href":"https:\/\/www.altei.cz\/wp_apogeedigital\/wp-json\/wp\/v2\/pages\/2824"}],"collection":[{"href":"https:\/\/www.altei.cz\/wp_apogeedigital\/wp-json\/wp\/v2\/pages"}],"about":[{"href":"https:\/\/www.altei.cz\/wp_apogeedigital\/wp-json\/wp\/v2\/types\/page"}],"author":[{"embeddable":true,"href":"https:\/\/www.altei.cz\/wp_apogeedigital\/wp-json\/wp\/v2\/users\/1"}],"replies":[{"embeddable":true,"href":"https:\/\/www.altei.cz\/wp_apogeedigital\/wp-json\/wp\/v2\/comments?post=2824"}],"version-history":[{"count":0,"href":"https:\/\/www.altei.cz\/wp_apogeedigital\/wp-json\/wp\/v2\/pages\/2824\/revisions"}],"wp:attachment":[{"href":"https:\/\/www.altei.cz\/wp_apogeedigital\/wp-json\/wp\/v2\/media?parent=2824"}],"curies":[{"name":"wp","href":"https:\/\/api.w.org\/{rel}","templated":true}]}}