{"id":3763,"date":"2017-05-02T11:15:09","date_gmt":"2017-05-02T10:15:09","guid":{"rendered":"https:\/\/www.altei.cz\/wp_apogeedigital\/?page_id=3763"},"modified":"2017-11-21T11:34:20","modified_gmt":"2017-11-21T10:34:20","slug":"recenze-element46","status":"publish","type":"page","link":"https:\/\/www.altei.cz\/wp_apogeedigital\/recenze-element46\/","title":{"rendered":"Element-recenze"},"content":{"rendered":"<div id='layer_slider_1'  class='avia-layerslider main_color avia-shadow  avia-builder-el-0  el_before_av_submenu  avia-builder-el-first  container_wrap sidebar_right'  style='height: 201px;'  ><\/div>\n<div class='clear'><\/div><div id='sub_menu1'  class='av-submenu-container av-av_submenu-489773d496585b0fafc703dd59caa665 main_color  avia-builder-el-1  el_after_av_layerslider  el_before_av_section  av-sticky-submenu submenu-not-first container_wrap sidebar_right' style='z-index:301' ><div class='container av-menu-mobile-disabled av-submenu-pos-center'><ul id=\"menu-element-submenu\" class=\"av-subnav-menu\"><li role=\"menuitem\" id=\"menu-item-3241\" class=\"menu-item menu-item-type-post_type menu-item-object-page menu-item-top-level menu-item-top-level-1\"><a href=\"https:\/\/www.altei.cz\/wp_apogeedigital\/element\/\" itemprop=\"url\" tabindex=\"0\"><span class=\"avia-bullet\"><\/span><span class=\"avia-menu-text\">P\u0159ehled<\/span><span class=\"avia-menu-fx\"><span class=\"avia-arrow-wrap\"><span class=\"avia-arrow\"><\/span><\/span><\/span><\/a><\/li>\n<li role=\"menuitem\" id=\"menu-item-3245\" class=\"menu-item menu-item-type-post_type menu-item-object-page menu-item-top-level menu-item-top-level-2\"><a href=\"https:\/\/www.altei.cz\/wp_apogeedigital\/element-24\/\" itemprop=\"url\" tabindex=\"0\"><span class=\"avia-bullet\"><\/span><span class=\"avia-menu-text\">Element 24<\/span><span class=\"avia-menu-fx\"><span class=\"avia-arrow-wrap\"><span class=\"avia-arrow\"><\/span><\/span><\/span><\/a><\/li>\n<li role=\"menuitem\" id=\"menu-item-3244\" class=\"menu-item menu-item-type-post_type menu-item-object-page menu-item-top-level menu-item-top-level-3\"><a href=\"https:\/\/www.altei.cz\/wp_apogeedigital\/element-46\/\" itemprop=\"url\" tabindex=\"0\"><span class=\"avia-bullet\"><\/span><span class=\"avia-menu-text\">Element 46<\/span><span class=\"avia-menu-fx\"><span class=\"avia-arrow-wrap\"><span class=\"avia-arrow\"><\/span><\/span><\/span><\/a><\/li>\n<li role=\"menuitem\" id=\"menu-item-3240\" class=\"menu-item menu-item-type-post_type menu-item-object-page menu-item-top-level menu-item-top-level-4\"><a href=\"https:\/\/www.altei.cz\/wp_apogeedigital\/element-88\/\" itemprop=\"url\" tabindex=\"0\"><span class=\"avia-bullet\"><\/span><span class=\"avia-menu-text\">Element 88<\/span><span class=\"avia-menu-fx\"><span class=\"avia-arrow-wrap\"><span class=\"avia-arrow\"><\/span><\/span><\/span><\/a><\/li>\n<li role=\"menuitem\" id=\"menu-item-3243\" class=\"menu-item menu-item-type-post_type menu-item-object-page menu-item-top-level menu-item-top-level-5\"><a href=\"https:\/\/www.altei.cz\/wp_apogeedigital\/element\/control\/\" itemprop=\"url\" tabindex=\"0\"><span class=\"avia-bullet\"><\/span><span class=\"avia-menu-text\">Control<\/span><span class=\"avia-menu-fx\"><span class=\"avia-arrow-wrap\"><span class=\"avia-arrow\"><\/span><\/span><\/span><\/a><\/li>\n<li role=\"menuitem\" id=\"menu-item-3242\" class=\"menu-item menu-item-type-post_type menu-item-object-page menu-item-top-level menu-item-top-level-6\"><a href=\"https:\/\/www.altei.cz\/wp_apogeedigital\/element\/element-specifikace\/\" itemprop=\"url\" tabindex=\"0\"><span class=\"avia-bullet\"><\/span><span class=\"avia-menu-text\">Specifikace<\/span><span class=\"avia-menu-fx\"><span class=\"avia-arrow-wrap\"><span class=\"avia-arrow\"><\/span><\/span><\/span><\/a><\/li>\n<li role=\"menuitem\" id=\"menu-item-3288\" class=\"menu-item menu-item-type-custom menu-item-object-custom menu-item-top-level menu-item-top-level-7\"><a href=\"http:\/\/www.altei.cz\/wp_apogeedigital\/element\/#galerie-element\" itemprop=\"url\" tabindex=\"0\"><span class=\"avia-bullet\"><\/span><span class=\"avia-menu-text\">Galerie<\/span><span class=\"avia-menu-fx\"><span class=\"avia-arrow-wrap\"><span class=\"avia-arrow\"><\/span><\/span><\/span><\/a><\/li>\n<li role=\"menuitem\" id=\"menu-item-3780\" class=\"menu-item menu-item-type-post_type menu-item-object-page menu-item-top-level menu-item-top-level-8\"><a href=\"https:\/\/www.altei.cz\/wp_apogeedigital\/recenze-element46\/\" itemprop=\"url\" tabindex=\"0\"><span class=\"avia-bullet\"><\/span><span class=\"avia-menu-text\">Recenze<\/span><span class=\"avia-menu-fx\"><span class=\"avia-arrow-wrap\"><span class=\"avia-arrow\"><\/span><\/span><\/span><\/a><\/li>\n<li role=\"menuitem\" id=\"menu-item-3289\" class=\"menu-item menu-item-type-post_type menu-item-object-page av-menu-button av-menu-button-colored menu-item-top-level menu-item-top-level-9\"><a href=\"https:\/\/www.altei.cz\/wp_apogeedigital\/dealer-locator\/\" itemprop=\"url\" tabindex=\"0\"><span class=\"avia-bullet\"><\/span><span class=\"avia-menu-text\">Prodejci<\/span><span class=\"avia-menu-fx\"><span class=\"avia-arrow-wrap\"><span class=\"avia-arrow\"><\/span><\/span><\/span><\/a><\/li>\n<\/ul><\/div><\/div><div class='sticky_placeholder'><\/div>\n\n<style type=\"text\/css\" data-created_by=\"avia_inline_auto\" id=\"style-css-av-av_section-5e0bfc324a1f7af8d5117cce6d257410\">\n.avia-section.av-av_section-5e0bfc324a1f7af8d5117cce6d257410{\nbackground-repeat:no-repeat;\nbackground-image:url(https:\/\/www.altei.cz\/wp_apogeedigital\/wp-content\/uploads\/2015\/07\/bkg-gradation-f2-1030x445.jpeg);\nbackground-position:50% 50%;\nbackground-attachment:scroll;\n}\n<\/style>\n<div id='gallerie-duet'  class='avia-section av-av_section-5e0bfc324a1f7af8d5117cce6d257410 main_color avia-section-large avia-no-shadow  avia-builder-el-2  el_after_av_submenu  el_before_av_section  avia-full-stretch avia-bg-style-scroll container_wrap sidebar_right'  data-section-bg-repeat='stretch'><div class='container av-section-cont-open' ><div class='template-page content  av-content-small alpha units'><div class='post-entry post-entry-type-page post-entry-3763'><div class='entry-content-wrapper clearfix'>\n\n<style type=\"text\/css\" data-created_by=\"avia_inline_auto\" id=\"style-css-av-av_heading-6c1fa51aa6bd81c173928d7248523b07\">\n#top .av-special-heading.av-av_heading-6c1fa51aa6bd81c173928d7248523b07{\npadding-bottom:10px;\n}\nbody .av-special-heading.av-av_heading-6c1fa51aa6bd81c173928d7248523b07 .av-special-heading-tag .heading-char{\nfont-size:25px;\n}\n.av-special-heading.av-av_heading-6c1fa51aa6bd81c173928d7248523b07 .av-subheading{\nfont-size:15px;\n}\n<\/style>\n<div  class='av-special-heading av-av_heading-6c1fa51aa6bd81c173928d7248523b07 av-special-heading-h2 meta-heading  avia-builder-el-3  el_before_av_one_full  avia-builder-el-first '><h2 class='av-special-heading-tag'  itemprop=\"headline\"  > Apogee Element<\/h2><div class=\"special-heading-border\"><div class=\"special-heading-inner-border\"><\/div><\/div><\/div>\n\n<style type=\"text\/css\" data-created_by=\"avia_inline_auto\" id=\"style-css-av-av_one_full-9497bbf8bff73ea4c6992cc17fa9ec36\">\n.flex_column.av-av_one_full-9497bbf8bff73ea4c6992cc17fa9ec36{\n-webkit-border-radius:0px 0px 0px 0px;\n-moz-border-radius:0px 0px 0px 0px;\nborder-radius:0px 0px 0px 0px;\npadding:0px 0px 0px 0px;\n}\n<\/style>\n<div class='flex_column av-av_one_full-9497bbf8bff73ea4c6992cc17fa9ec36 av_one_full  avia-builder-el-4  el_after_av_heading  el_before_av_button  first flex_column_div av-zero-column-padding '     ><section  class='av_textblock_section av-av_textblock-0366cc7376be6c9e82a3e9cc8987b64f'  itemscope=\"itemscope\" itemtype=\"https:\/\/schema.org\/CreativeWork\" ><div class='avia_textblock'  itemprop=\"text\" ><h3><span class=\"podnadpisek\">Nov\u00e1 \u0159ada zvukov\u00fdch rozhran\u00ed pro po\u010d\u00edta\u010de Apple.<\/span><\/h3>\n<p>Renomovan\u00fd v\u00fdrobce Apogee Electronics Corp., zn\u00e1m\u00fd sv\u00fdmi hi-end p\u0159evodn\u00edky, ale tak\u00e9 variantami zvukov\u00fdch rozhran\u00ed dostupn\u011bj\u0161\u00edmi b\u011b\u017en\u00fdm u\u017eivatel\u016fm, p\u0159ich\u00e1z\u00ed s novou \u0159adou Element. Ta svoj\u00ed v\u00fdbavou slibuje to nejlep\u0161\u00ed z vlajkov\u00e9 lodi Symphony I\/O Mk II \u010di o stup\u00ednek ni\u017e\u0161\u00edho modelu Ensemble, cenovkou pak jdou je\u0161t\u011b n\u00ed\u017ee \u2013 testovan\u00fd model Element 46 spad\u00e1 zhruba mezi Duet a Quartet. Poj\u010fme si p\u0159edstavit nejprve celou \u0159adu Element a pak se pod\u00edv\u00e1me, jak se pracuje s prost\u0159edn\u00edm modelem.<\/p>\n<p><span class=\"bold\">Popis \u0159ady<\/span><\/p>\n<p>Nejprve fakta: \u0159ada Element je nab\u00edzena ve t\u0159ech variant\u00e1ch, a to Element 24, 46 a 88. \u010c\u00edseln\u00e9 ozna\u010den\u00ed napov\u00ed, kolik m\u00e1 kter\u00fd model analogov\u00fdch vstup\u016f a v\u00fdstup\u016f. Krom\u011b nich je u v\u0161ech t\u0159\u00ed variant tak\u00e9 ADAT I\/O, co\u017e nab\u00edz\u00ed v z\u00e1kladn\u00edm re\u017eimu dal\u0161\u00edch 8 vstup\u016f a v\u00fdstup\u016f digit\u00e1ln\u011b. Do celkov\u00e9ho po\u010dtu analogov\u00fdch v\u00fdstup\u016f jsou zahrnuty i sluch\u00e1tkov\u00e9 v\u00fdstupy, tak\u017ee rovnice vych\u00e1z\u00ed jednodu\u0161e: Element 24 nab\u00edz\u00ed 2 univerz\u00e1ln\u00ed vstupy (viz d\u00e1le), 2 hlavn\u00ed symetrick\u00e9 v\u00fdstupy (stereofonn\u00ed p\u00e1r) a jeden stereofonn\u00ed sluch\u00e1tkov\u00fd v\u00fdstup. Element 46 m\u00e1 4 vstupy, jeden hlavn\u00ed v\u00fdstup a dvojici sluch\u00e1tkov\u00fdch zd\u00ed\u0159ek. Nakonec Element 88 m\u00e1 8 analogov\u00fdch vstup\u016f (prvn\u00ed 4 mikrofonn\u00ed \u010di linkov\u00e9 s mo\u017enost\u00ed volby Hi-Z pro n\u00e1stroje, dal\u0161\u00ed \u010dty\u0159i pouze Mic\/Line), dva p\u00e1ry v\u00fdstup\u016f (dv\u011b sterea) ozna\u010den\u00e9 Main a Alt a op\u011bt dvojici sluch\u00e1tkov\u00fdch v\u00fdstup\u016f.<\/p>\n<p>Zvukov\u00e1 kvalita v\u0161ech \u010dlen\u016f rodiny rozhran\u00ed Element je shodn\u00e1 s modelem Ensemble. Stejn\u00e9 p\u0159edzesilova\u010de a A\/D i D\/A p\u0159evodn\u00edky zaru\u010duj\u00ed kvalitu, kter\u00e1 je osv\u011bd\u010den\u00e1 a kone\u010dn\u011b tak\u00e9 dostupn\u011bj\u0161\u00ed. Rozhran\u00ed Element se d\u00e1le chlub\u00ed dosa\u017eitelnou kruhovou latenc\u00ed (round-trip), tedy zpo\u017ed\u011bn\u00edm sign\u00e1lu mezi vstupem a v\u00fdstupem (p\u0159es DAW aplikaci), s hodnotou 1.41 ms p\u0159i vzorkovac\u00ed frekvenci 96 kHz a nastaven\u00ed bufferu na 32 vzork\u016f. Kdy\u017e hovo\u0159\u00edme o vzorkovac\u00ed frekvenci, maxim\u00e1ln\u00ed podporovan\u00e1 hodnota je 192 kHz. <a href=\"https:\/\/www.audiozone.cz\/recenze\/apogee-element-46-t24548.html\">Pokra\u010dov\u00e1n\u00ed<\/a><\/p>\n<\/div><\/section><br \/>\n\n<style type=\"text\/css\" data-created_by=\"avia_inline_auto\" id=\"style-css-av-av_image-0678b29e74952d634c49103efdada633\">\n.avia-image-container.av-av_image-0678b29e74952d634c49103efdada633 img.avia_image{\nbox-shadow:none;\n}\n.avia-image-container.av-av_image-0678b29e74952d634c49103efdada633 .av-image-caption-overlay-center{\ncolor:#ffffff;\n}\n<\/style>\n<div  class='avia-image-container av-av_image-0678b29e74952d634c49103efdada633 av-styling- avia-align-center  avia-builder-el-6  el_after_av_textblock  avia-builder-el-last '   itemprop=\"image\" itemscope=\"itemscope\" itemtype=\"https:\/\/schema.org\/ImageObject\" ><div class=\"avia-image-container-inner\"><div class=\"avia-image-overlay-wrap\"><img fetchpriority=\"high\" decoding=\"async\" class='wp-image-3246 avia-img-lazy-loading-not-3246 avia_image ' src=\"https:\/\/www.altei.cz\/wp_apogeedigital\/wp-content\/uploads\/2016\/09\/Element-24-46-88-Stacked-3-Quarters-300x205.png\" alt='' title='element-24-46-88-stacked-3-quarters-300x205'  height=\"205\" width=\"300\"  itemprop=\"thumbnailUrl\"  \/><\/div><\/div><\/div><\/p><\/div><div  class='avia-button-wrap av-av_button-f81b30f855977543a4370798b2b71cce-wrap avia-button-center  avia-builder-el-7  el_after_av_one_full  el_before_av_textblock '><a href='https:\/\/www.audiozone.cz\/recenze\/apogee-element-46-t24548.html'  class='avia-button av-av_button-f81b30f855977543a4370798b2b71cce avia-icon_select-no avia-size-small avia-position-center avia-color-theme-color'  ><span class='avia_iconbox_title' >Celou recenzi si p\u0159e\u010dt\u011bte na audiozone.cz<\/span><\/a><\/div>\n<section  class='av_textblock_section av-av_textblock-0366cc7376be6c9e82a3e9cc8987b64f'  itemscope=\"itemscope\" itemtype=\"https:\/\/schema.org\/CreativeWork\" ><div class='avia_textblock'  itemprop=\"text\" ><h3><span class=\"bold\">Z\u00e1v\u011br<\/span><\/h3>\n<p>Apogee Element 46 je kompaktn\u00ed, dostupn\u00e9 a podle mne v dan\u00e9 cenov\u00e9 skupin\u011b ojedin\u011bl\u00e9 rozhran\u00ed pro nahr\u00e1v\u00e1n\u00ed a p\u0159ehr\u00e1v\u00e1n\u00ed zvuku na po\u010d\u00edta\u010d\u00edch Apple Mac. Sv\u00e9 uplatn\u011bn\u00ed ur\u010dit\u011b najde jak v mobiln\u00edm nahr\u00e1vac\u00edm syst\u00e9mu, tak se neztrat\u00ed ani v mal\u00e9m dom\u00e1c\u00edm studiu a to nejen hudebn\u00edm. Na sv\u00e9 si p\u0159ijdou t\u0159eba i mal\u00e1 masteringov\u00e1 \u010di postproduk\u010dn\u00ed studia. P\u0159\u00edstroj samotn\u00fd je prost\u00fd zbyte\u010dn\u00fdch &#8222;hejbl\u00e1tek&#8220;, tak\u017ee se u\u017eivatel nemus\u00ed b\u00e1t, kde se co ulom\u00ed. Na p\u0159\u00edstroji nen\u00ed tak\u00e9 \u017e\u00e1dn\u00fd display, v\u0161e se zobrazuje a \u0159\u00edd\u00ed pouze pomoc\u00ed ovl\u00e1dac\u00ed aplikace. Trochu mi zpo\u010d\u00e1tku chyb\u011bly alespo\u0148 metry vybuzen\u00ed p\u0159\u00edmo na p\u0159\u00edstroji, ale d\u00e1 se zvyknout i na to. Element 46 a ostatn\u00ed sourozenci t\u00e9to \u0159ady jsou prost\u011b p\u0159\u00edstrojem \u010dist\u00e9ho zvuku a vzhledu, kter\u00e9 nemus\u00ed b\u00fdt vid\u011bt. Spolehnete-li se na sv\u016fj sluch, zapomenete, kde v\u00e1\u0161 Element le\u017e\u00ed \u010di jak vypad\u00e1, a to je dob\u0159e \u2013 je-li co poslouchat, dostanete to v opravdu kvalitn\u00ed podob\u011b, bez zbyte\u010dnost\u00ed, blika\u010dek a \u010dudl\u00edk\u016f a dal\u0161\u00edch pou\u0165ov\u00fdch atrakc\u00ed.<\/p>\n<p>Mal\u00e1 pozn\u00e1mka na z\u00e1v\u011br: Thunderbolt kabel si mus\u00edte op\u011bt dokoupit, pokud se v\u00e1m ji\u017e doma jeden &#8222;nev\u00e1l\u00ed&#8220;.<\/p>\n<p><span style=\"font-size: 16px; line-height: 1.5;\">Pro <\/span><a style=\"font-size: 16px; line-height: 1.5;\" href=\"http:\/\/www.audiozone.cz\">www.audiozone.cz<\/a><span style=\"font-size: 16px; line-height: 1.5;\">\u00a0 MGA. ING OND\u0158EJ URBAN PH.D.<\/span><\/p>\n<\/div><\/section>\n<\/div><\/div><\/div><!-- close content main div --><\/div><\/div>\n<style type=\"text\/css\" data-created_by=\"avia_inline_auto\" id=\"style-css-av-av_section-dce8581cb2fdaa0a517fb3aa1bdf7de6\">\n.avia-section.av-av_section-dce8581cb2fdaa0a517fb3aa1bdf7de6{\nbackground-repeat:no-repeat;\nbackground-image:url(https:\/\/www.altei.cz\/wp_apogeedigital\/wp-content\/uploads\/2015\/07\/bkg-gradation-f2-1030x445.jpeg);\nbackground-position:50% 50%;\nbackground-attachment:scroll;\n}\n<\/style>\n<div id='av_section_2'  class='avia-section av-av_section-dce8581cb2fdaa0a517fb3aa1bdf7de6 main_color avia-section-large avia-no-shadow  avia-builder-el-9  el_after_av_section  el_before_av_section  avia-full-stretch avia-bg-style-scroll container_wrap sidebar_right'  data-section-bg-repeat='stretch'><div class='container av-section-cont-open' ><div class='template-page content  av-content-small alpha units'><div class='post-entry post-entry-type-page post-entry-3763'><div class='entry-content-wrapper clearfix'>\n\n<style type=\"text\/css\" data-created_by=\"avia_inline_auto\" id=\"style-css-av-av_one_half-9497bbf8bff73ea4c6992cc17fa9ec36\">\n.flex_column.av-av_one_half-9497bbf8bff73ea4c6992cc17fa9ec36{\n-webkit-border-radius:0px 0px 0px 0px;\n-moz-border-radius:0px 0px 0px 0px;\nborder-radius:0px 0px 0px 0px;\npadding:0px 0px 0px 0px;\n}\n<\/style>\n<div class='flex_column av-av_one_half-9497bbf8bff73ea4c6992cc17fa9ec36 av_one_half  avia-builder-el-10  el_before_av_one_half  avia-builder-el-first  first flex_column_div av-zero-column-padding '     ><style type=\"text\/css\" data-created_by=\"avia_inline_auto\" id=\"style-css-av-av_image-2871c80e7ee1c79b3a45a50ce23df1f0\">\n.avia-image-container.av-av_image-2871c80e7ee1c79b3a45a50ce23df1f0 img.avia_image{\nbox-shadow:none;\n}\n.avia-image-container.av-av_image-2871c80e7ee1c79b3a45a50ce23df1f0 .av-image-caption-overlay-center{\ncolor:#ffffff;\n}\n<\/style>\n<div  class='avia-image-container av-av_image-2871c80e7ee1c79b3a45a50ce23df1f0 av-styling- avia-align-right  avia-builder-el-11  avia-builder-el-no-sibling '   itemprop=\"image\" itemscope=\"itemscope\" itemtype=\"https:\/\/schema.org\/ImageObject\" ><div class=\"avia-image-container-inner\"><div class=\"avia-image-overlay-wrap\"><img fetchpriority=\"high\" decoding=\"async\" class='wp-image-3246 avia-img-lazy-loading-not-3246 avia_image ' src=\"https:\/\/www.altei.cz\/wp_apogeedigital\/wp-content\/uploads\/2016\/09\/Element-24-46-88-Stacked-3-Quarters-300x205.png\" alt='' title='element-24-46-88-stacked-3-quarters-300x205'  height=\"205\" width=\"300\"  itemprop=\"thumbnailUrl\"  \/><\/div><\/div><\/div><\/div>\n<style type=\"text\/css\" data-created_by=\"avia_inline_auto\" id=\"style-css-av-av_one_half-9c1d454dc06f7247226bc4e8f931daae\">\n.flex_column.av-av_one_half-9c1d454dc06f7247226bc4e8f931daae{\n-webkit-border-radius:0px 0px 0px 0px;\n-moz-border-radius:0px 0px 0px 0px;\nborder-radius:0px 0px 0px 0px;\npadding:0px 0px 0px 0px;\n}\n<\/style>\n<div class='flex_column av-av_one_half-9c1d454dc06f7247226bc4e8f931daae av_one_half  avia-builder-el-12  el_after_av_one_half  avia-builder-el-last  flex_column_div av-zero-column-padding '     ><section  class='av_textblock_section av-av_textblock-0366cc7376be6c9e82a3e9cc8987b64f'  itemscope=\"itemscope\" itemtype=\"https:\/\/schema.org\/CreativeWork\" ><div class='avia_textblock'  itemprop=\"text\" ><h3>V\u00edce o\u00a0Element<\/h3>\n<ul>\n<li><a href=\"https:\/\/www.altei.cz\/wp_apogeedigital\/element\/\">P\u0159ehled<\/a><\/li>\n<li><a href=\"https:\/\/www.altei.cz\/wp_apogeedigital\/element-24\/\">Element 24<\/a><\/li>\n<li><a href=\"https:\/\/www.altei.cz\/wp_apogeedigital\/element-46\/\">Element 46<\/a><\/li>\n<li><a href=\"https:\/\/www.altei.cz\/wp_apogeedigital\/element-88\/\">Element 88<\/a><\/li>\n<li><a href=\"https:\/\/www.altei.cz\/wp_apogeedigital\/element\/control\/\">Control<\/a><\/li>\n<li><a href=\"https:\/\/www.altei.cz\/wp_apogeedigital\/element\/element-specifikace\/\">Specifikace<\/a><\/li>\n<li>Videa<\/li>\n<li><a href=\"https:\/\/www.altei.cz\/wp_apogeedigital\/element\/#galerie-element\">Galerie<\/a><\/li>\n<li><a href=\"https:\/\/www.altei.cz\/wp_apogeedigital\/dealer-locator\/\">Prodejci<\/a><\/li>\n<\/ul>\n<\/div><\/section><\/div>\n<\/p>\n<\/div><\/div><\/div><!-- close content main div --><\/div><\/div>\n<style type=\"text\/css\" data-created_by=\"avia_inline_auto\" id=\"style-css-av-av_section-dce8581cb2fdaa0a517fb3aa1bdf7de6\">\n.avia-section.av-av_section-dce8581cb2fdaa0a517fb3aa1bdf7de6{\nbackground-repeat:no-repeat;\nbackground-image:url(https:\/\/www.altei.cz\/wp_apogeedigital\/wp-content\/uploads\/2015\/07\/bkg-gradation-f2-1030x445.jpeg);\nbackground-position:50% 50%;\nbackground-attachment:scroll;\n}\n<\/style>\n<div id='av_section_3'  class='avia-section av-av_section-dce8581cb2fdaa0a517fb3aa1bdf7de6 main_color avia-section-large avia-no-shadow  avia-builder-el-14  el_after_av_section  el_before_av_button  avia-full-stretch avia-bg-style-scroll container_wrap sidebar_right'  data-section-bg-repeat='stretch'><div class='container av-section-cont-open' ><div class='template-page content  av-content-small alpha units'><div class='post-entry post-entry-type-page post-entry-3763'><div class='entry-content-wrapper clearfix'>\n<div class='flex_column av-av_one_fourth-2a9015ff38129c418a3f2eafba3e9512 av_one_fourth  avia-builder-el-15  el_before_av_one_fourth  avia-builder-el-first  first flex_column_div '     ><article  class='iconbox iconbox_top av-av_icon_box-b36386a972e03ff63c98d82cd5c85d28  avia-builder-el-16  avia-builder-el-no-sibling  main_color'  itemscope=\"itemscope\" itemtype=\"https:\/\/schema.org\/CreativeWork\" ><div class=\"iconbox_content\"><header class=\"entry-content-header\"><a href='http:\/\/www.apogeedigital.com\/knowledgebase\/' title='' target=\"_blank\" rel=\"noopener noreferrer\" class=\"iconbox_icon heading-color\" aria-hidden='true' data-av_icon='\ue81c' data-av_iconfont='entypo-fontello'><\/a><\/header><div class='iconbox_content_container '  itemprop=\"text\" ><p>Ot\u00e1zky a odpov\u011bdi (angl.)<\/p>\n<\/div><\/div><footer class=\"entry-footer\"><\/footer><\/article><\/div>\n<style type=\"text\/css\" data-created_by=\"avia_inline_auto\" id=\"style-css-av-av_one_fourth-9c1d454dc06f7247226bc4e8f931daae\">\n.flex_column.av-av_one_fourth-9c1d454dc06f7247226bc4e8f931daae{\n-webkit-border-radius:0px 0px 0px 0px;\n-moz-border-radius:0px 0px 0px 0px;\nborder-radius:0px 0px 0px 0px;\npadding:0px 0px 0px 0px;\n}\n<\/style>\n<div class='flex_column av-av_one_fourth-9c1d454dc06f7247226bc4e8f931daae av_one_fourth  avia-builder-el-17  el_after_av_one_fourth  el_before_av_one_fourth  flex_column_div av-zero-column-padding '     ><article  class='iconbox iconbox_top av-av_icon_box-43d84e0b1e230c0be8804d49e8aa295a  avia-builder-el-18  avia-builder-el-no-sibling  main_color'  itemscope=\"itemscope\" itemtype=\"https:\/\/schema.org\/CreativeWork\" ><div class=\"iconbox_content\"><header class=\"entry-content-header\"><a href='https:\/\/www.altei.cz\/wp_apogeedigital\/message\/' title=''  class=\"iconbox_icon heading-color\" aria-hidden='true' data-av_icon='\ue805' data-av_iconfont='entypo-fontello'><\/a><\/header><div class='iconbox_content_container '  itemprop=\"text\" ><p>M\u00e1te dotaz? Napi\u0161te n\u00e1m.<\/p>\n<\/div><\/div><footer class=\"entry-footer\"><\/footer><\/article><\/div>\n<style type=\"text\/css\" data-created_by=\"avia_inline_auto\" id=\"style-css-av-av_one_fourth-9c1d454dc06f7247226bc4e8f931daae\">\n.flex_column.av-av_one_fourth-9c1d454dc06f7247226bc4e8f931daae{\n-webkit-border-radius:0px 0px 0px 0px;\n-moz-border-radius:0px 0px 0px 0px;\nborder-radius:0px 0px 0px 0px;\npadding:0px 0px 0px 0px;\n}\n<\/style>\n<div class='flex_column av-av_one_fourth-9c1d454dc06f7247226bc4e8f931daae av_one_fourth  avia-builder-el-19  el_after_av_one_fourth  el_before_av_one_fourth  flex_column_div av-zero-column-padding '     ><article  class='iconbox iconbox_top av-av_icon_box-4d8b88e5da44c73ec7f1917647b17527  avia-builder-el-20  avia-builder-el-no-sibling  main_color'  itemscope=\"itemscope\" itemtype=\"https:\/\/schema.org\/CreativeWork\" ><div class=\"iconbox_content\"><header class=\"entry-content-header\"><a href='https:\/\/www.altei.cz\/wp_apogeedigital\/dealer-locator\/' title=''  target=\"_blank\"  rel=\"noopener noreferrer\" class=\"iconbox_icon heading-color\" aria-hidden='true' data-av_icon='\ue803' data-av_iconfont='entypo-fontello'><\/a><\/header><div class='iconbox_content_container '  itemprop=\"text\" ><p>Kde koupit ?<\/p>\n<\/div><\/div><footer class=\"entry-footer\"><\/footer><\/article><\/div>\n<style type=\"text\/css\" data-created_by=\"avia_inline_auto\" id=\"style-css-av-av_one_fourth-9c1d454dc06f7247226bc4e8f931daae\">\n.flex_column.av-av_one_fourth-9c1d454dc06f7247226bc4e8f931daae{\n-webkit-border-radius:0px 0px 0px 0px;\n-moz-border-radius:0px 0px 0px 0px;\nborder-radius:0px 0px 0px 0px;\npadding:0px 0px 0px 0px;\n}\n<\/style>\n<div class='flex_column av-av_one_fourth-9c1d454dc06f7247226bc4e8f931daae av_one_fourth  avia-builder-el-21  el_after_av_one_fourth  avia-builder-el-last  flex_column_div av-zero-column-padding '     ><article  class='iconbox iconbox_top av-av_icon_box-74e5e363f41078a97d00ffc4fbbb0b2d  avia-builder-el-22  avia-builder-el-no-sibling  main_color'  itemscope=\"itemscope\" itemtype=\"https:\/\/schema.org\/CreativeWork\" ><div class=\"iconbox_content\"><header class=\"entry-content-header\"><a href='http:\/\/www.altei.cz\/brand\/apogee\/' title=''  class=\"iconbox_icon heading-color\" aria-hidden='true' data-av_icon='\ue859' data-av_iconfont='entypo-fontello'><\/a><\/header><div class='iconbox_content_container '  itemprop=\"text\" ><p>Koupit Apogee produkty a p\u0159\u00edslu\u0161enstv\u00ed<\/p>\n<\/div><\/div><footer class=\"entry-footer\"><\/footer><\/article><\/div>\n<\/div><\/div><\/div><!-- close content main div --><\/div><\/div><div id='after_section_3'  class='main_color av_default_container_wrap container_wrap sidebar_right'  ><div class='container av-section-cont-open' ><div class='template-page content  av-content-small alpha units'><div class='post-entry post-entry-type-page post-entry-3763'><div class='entry-content-wrapper clearfix'>\n<div  class='avia-button-wrap av-av_button-ec22a0ea1a6560bae3dc24b607bb950d-wrap avia-button-center  avia-builder-el-23  el_after_av_section  avia-builder-el-no-sibling '><a href=''  class='avia-button av-av_button-ec22a0ea1a6560bae3dc24b607bb950d avia-icon_select-yes-left-icon avia-size-small avia-position-center avia-color-theme-color'  ><span class='avia_button_icon avia_button_icon_left' aria-hidden='true' data-av_icon='' data-av_iconfont='entypo-fontello'><\/span><span class='avia_iconbox_title' >Click me<\/span><\/a><\/div>\n","protected":false},"excerpt":{"rendered":"","protected":false},"author":1,"featured_media":0,"parent":0,"menu_order":0,"comment_status":"closed","ping_status":"open","template":"","meta":{"_bbp_topic_count":0,"_bbp_reply_count":0,"_bbp_total_topic_count":0,"_bbp_total_reply_count":0,"_bbp_voice_count":0,"_bbp_anonymous_reply_count":0,"_bbp_topic_count_hidden":0,"_bbp_reply_count_hidden":0,"_bbp_forum_subforum_count":0,"om_disable_all_campaigns":false,"_monsterinsights_skip_tracking":false,"_monsterinsights_sitenote_active":false,"_monsterinsights_sitenote_note":"","_monsterinsights_sitenote_category":0,"_wp_rev_ctl_limit":""},"aioseo_notices":[],"_links":{"self":[{"href":"https:\/\/www.altei.cz\/wp_apogeedigital\/wp-json\/wp\/v2\/pages\/3763"}],"collection":[{"href":"https:\/\/www.altei.cz\/wp_apogeedigital\/wp-json\/wp\/v2\/pages"}],"about":[{"href":"https:\/\/www.altei.cz\/wp_apogeedigital\/wp-json\/wp\/v2\/types\/page"}],"author":[{"embeddable":true,"href":"https:\/\/www.altei.cz\/wp_apogeedigital\/wp-json\/wp\/v2\/users\/1"}],"replies":[{"embeddable":true,"href":"https:\/\/www.altei.cz\/wp_apogeedigital\/wp-json\/wp\/v2\/comments?post=3763"}],"version-history":[{"count":0,"href":"https:\/\/www.altei.cz\/wp_apogeedigital\/wp-json\/wp\/v2\/pages\/3763\/revisions"}],"wp:attachment":[{"href":"https:\/\/www.altei.cz\/wp_apogeedigital\/wp-json\/wp\/v2\/media?parent=3763"}],"curies":[{"name":"wp","href":"https:\/\/api.w.org\/{rel}","templated":true}]}}