{"id":4227,"date":"2017-11-16T14:04:47","date_gmt":"2017-11-16T13:04:47","guid":{"rendered":"https:\/\/www.altei.cz\/wp_apogeedigital\/?page_id=4227"},"modified":"2017-11-20T14:32:19","modified_gmt":"2017-11-20T13:32:19","slug":"mic-plus-nahravky","status":"publish","type":"page","link":"https:\/\/www.altei.cz\/wp_apogeedigital\/mic-plus-nahravky\/","title":{"rendered":"MIC Plus-nahr\u00e1vky"},"content":{"rendered":"<div class='clear'><\/div><div id='sub_menu1'  class='av-submenu-container av-av_submenu-bdb46e59cc1386da0db62075d69e1ab7 main_color  avia-builder-el-0  el_before_av_layerslider  avia-builder-el-first  av-sticky-submenu container_wrap sidebar_right' style='z-index:301' ><div class='container av-menu-mobile-disabled av-submenu-pos-center'><ul id=\"menu-micplus-submenu\" class=\"av-subnav-menu\"><li role=\"menuitem\" id=\"menu-item-4235\" class=\"menu-item menu-item-type-post_type menu-item-object-page menu-item-top-level menu-item-top-level-1\"><a href=\"https:\/\/www.altei.cz\/wp_apogeedigital\/mic-plus\/\" itemprop=\"url\" tabindex=\"0\"><span class=\"avia-bullet\"><\/span><span class=\"avia-menu-text\">P\u0159ehled<\/span><span class=\"avia-menu-fx\"><span class=\"avia-arrow-wrap\"><span class=\"avia-arrow\"><\/span><\/span><\/span><\/a><\/li>\n<li role=\"menuitem\" id=\"menu-item-4234\" class=\"menu-item menu-item-type-post_type menu-item-object-page menu-item-top-level menu-item-top-level-2\"><a href=\"https:\/\/www.altei.cz\/wp_apogeedigital\/mic-plus-specifikace\/\" itemprop=\"url\" tabindex=\"0\"><span class=\"avia-bullet\"><\/span><span class=\"avia-menu-text\">Specifikace<\/span><span class=\"avia-menu-fx\"><span class=\"avia-arrow-wrap\"><span class=\"avia-arrow\"><\/span><\/span><\/span><\/a><\/li>\n<li role=\"menuitem\" id=\"menu-item-4232\" class=\"menu-item menu-item-type-post_type menu-item-object-page menu-item-top-level menu-item-top-level-3\"><a href=\"https:\/\/www.altei.cz\/wp_apogeedigital\/mic-plus-nahravky\/\" itemprop=\"url\" tabindex=\"0\"><span class=\"avia-bullet\"><\/span><span class=\"avia-menu-text\">Nahr\u00e1vky<\/span><span class=\"avia-menu-fx\"><span class=\"avia-arrow-wrap\"><span class=\"avia-arrow\"><\/span><\/span><\/span><\/a><\/li>\n<li role=\"menuitem\" id=\"menu-item-4233\" class=\"menu-item menu-item-type-post_type menu-item-object-page menu-item-top-level menu-item-top-level-4\"><a href=\"https:\/\/www.altei.cz\/wp_apogeedigital\/mic-plus-galerie\/\" itemprop=\"url\" tabindex=\"0\"><span class=\"avia-bullet\"><\/span><span class=\"avia-menu-text\">Galerie<\/span><span class=\"avia-menu-fx\"><span class=\"avia-arrow-wrap\"><span class=\"avia-arrow\"><\/span><\/span><\/span><\/a><\/li>\n<li role=\"menuitem\" id=\"menu-item-4248\" class=\"menu-item menu-item-type-custom menu-item-object-custom menu-item-top-level menu-item-top-level-5\"><a href=\"https:\/\/www.altei.cz\/altei-shop\/mic-plus\/\" itemprop=\"url\" tabindex=\"0\"><span class=\"avia-bullet\"><\/span><span class=\"avia-menu-text\">Koupit<\/span><span class=\"avia-menu-fx\"><span class=\"avia-arrow-wrap\"><span class=\"avia-arrow\"><\/span><\/span><\/span><\/a><\/li>\n<\/ul><\/div><\/div><div class='sticky_placeholder'><\/div>\n<div id='layer_slider_1'  class='avia-layerslider main_color avia-shadow  avia-builder-el-1  el_after_av_submenu  el_before_av_section  slider-not-first container_wrap sidebar_right'  style='height: 201px;'  ><\/div>\n\n<style type=\"text\/css\" data-created_by=\"avia_inline_auto\" id=\"style-css-av-av_section-5e0bfc324a1f7af8d5117cce6d257410\">\n.avia-section.av-av_section-5e0bfc324a1f7af8d5117cce6d257410{\nbackground-repeat:no-repeat;\nbackground-image:url(https:\/\/www.altei.cz\/wp_apogeedigital\/wp-content\/uploads\/2015\/07\/bkg-gradation-f2-1030x445.jpeg);\nbackground-position:50% 50%;\nbackground-attachment:scroll;\n}\n<\/style>\n<div id='gallerie-duet'  class='avia-section av-av_section-5e0bfc324a1f7af8d5117cce6d257410 main_color avia-section-large avia-no-shadow  avia-builder-el-2  el_after_av_layerslider  el_before_av_section  avia-full-stretch avia-bg-style-scroll container_wrap sidebar_right'  data-section-bg-repeat='stretch'><div class='container av-section-cont-open' ><div class='template-page content  av-content-small alpha units'><div class='post-entry post-entry-type-page post-entry-4227'><div class='entry-content-wrapper clearfix'>\n\n<\/div><\/div><\/div><!-- close content main div --><\/div><\/div>\n<style type=\"text\/css\" data-created_by=\"avia_inline_auto\" id=\"style-css-av-av_section-dce8581cb2fdaa0a517fb3aa1bdf7de6\">\n.avia-section.av-av_section-dce8581cb2fdaa0a517fb3aa1bdf7de6{\nbackground-repeat:no-repeat;\nbackground-image:url(https:\/\/www.altei.cz\/wp_apogeedigital\/wp-content\/uploads\/2015\/07\/bkg-gradation-f2-1030x445.jpeg);\nbackground-position:50% 50%;\nbackground-attachment:scroll;\n}\n<\/style>\n<div id='av_section_2'  class='avia-section av-av_section-dce8581cb2fdaa0a517fb3aa1bdf7de6 main_color avia-section-large avia-no-shadow  avia-builder-el-4  el_after_av_section  el_before_av_section  avia-full-stretch avia-bg-style-scroll container_wrap sidebar_right'  data-section-bg-repeat='stretch'><div class='container av-section-cont-open' ><div class='template-page content  av-content-small alpha units'><div class='post-entry post-entry-type-page post-entry-4227'><div class='entry-content-wrapper clearfix'>\n<div class='flex_column av-av_one_fourth-2a9015ff38129c418a3f2eafba3e9512 av_one_fourth  avia-builder-el-5  el_before_av_one_fourth  avia-builder-el-first  first flex_column_div '     ><\/div>\n<style type=\"text\/css\" data-created_by=\"avia_inline_auto\" id=\"style-css-av-av_one_fourth-9c1d454dc06f7247226bc4e8f931daae\">\n.flex_column.av-av_one_fourth-9c1d454dc06f7247226bc4e8f931daae{\n-webkit-border-radius:0px 0px 0px 0px;\n-moz-border-radius:0px 0px 0px 0px;\nborder-radius:0px 0px 0px 0px;\npadding:0px 0px 0px 0px;\n}\n<\/style>\n<div class='flex_column av-av_one_fourth-9c1d454dc06f7247226bc4e8f931daae av_one_fourth  avia-builder-el-6  el_after_av_one_fourth  el_before_av_one_fourth  flex_column_div av-zero-column-padding '     ><style type=\"text\/css\" data-created_by=\"avia_inline_auto\" id=\"style-css-av-av_image-64c9582f6ee77d9b5510d3a546239714\">\n.avia-image-container.av-av_image-64c9582f6ee77d9b5510d3a546239714 img.avia_image{\nbox-shadow:none;\n}\n.avia-image-container.av-av_image-64c9582f6ee77d9b5510d3a546239714 .av-image-caption-overlay-center{\ncolor:#ffffff;\n}\n<\/style>\n<div  class='avia-image-container av-av_image-64c9582f6ee77d9b5510d3a546239714 av-styling- avia-align-center  avia-builder-el-7  avia-builder-el-no-sibling '   itemprop=\"image\" itemscope=\"itemscope\" itemtype=\"https:\/\/schema.org\/ImageObject\" ><div class=\"avia-image-container-inner\"><div class=\"avia-image-overlay-wrap\"><img decoding=\"async\" class='wp-image-4187 avia-img-lazy-loading-not-4187 avia_image ' src=\"https:\/\/www.altei.cz\/wp_apogeedigital\/wp-content\/uploads\/2017\/11\/Apogee-MiC-Plus-Front-Main-Green-Lights-325-2.png\" alt='' title='Apogee-MiC-Plus-Front-Main-Green-Lights-325-2'  height=\"325\" width=\"107\"  itemprop=\"thumbnailUrl\" srcset=\"https:\/\/www.altei.cz\/wp_apogeedigital\/wp-content\/uploads\/2017\/11\/Apogee-MiC-Plus-Front-Main-Green-Lights-325-2.png 107w, https:\/\/www.altei.cz\/wp_apogeedigital\/wp-content\/uploads\/2017\/11\/Apogee-MiC-Plus-Front-Main-Green-Lights-325-2-99x300.png 99w\" sizes=\"(max-width: 107px) 100vw, 107px\" \/><\/div><\/div><\/div><\/div>\n<style type=\"text\/css\" data-created_by=\"avia_inline_auto\" id=\"style-css-av-av_one_fourth-9c1d454dc06f7247226bc4e8f931daae\">\n.flex_column.av-av_one_fourth-9c1d454dc06f7247226bc4e8f931daae{\n-webkit-border-radius:0px 0px 0px 0px;\n-moz-border-radius:0px 0px 0px 0px;\nborder-radius:0px 0px 0px 0px;\npadding:0px 0px 0px 0px;\n}\n<\/style>\n<div class='flex_column av-av_one_fourth-9c1d454dc06f7247226bc4e8f931daae av_one_fourth  avia-builder-el-8  el_after_av_one_fourth  el_before_av_one_fourth  flex_column_div av-zero-column-padding '     ><section  class='av_textblock_section av-av_textblock-0366cc7376be6c9e82a3e9cc8987b64f'  itemscope=\"itemscope\" itemtype=\"https:\/\/schema.org\/CreativeWork\" ><div class='avia_textblock'  itemprop=\"text\" ><h3>V\u00edce o MIC+<\/h3>\n<ul>\n<li><a href=\"https:\/\/www.altei.cz\/wp_apogeedigital\/mic-plus\/\">P\u0159ehled<\/a><\/li>\n<li><a href=\"https:\/\/www.altei.cz\/wp_apogeedigital\/mic-plus-specifikace\/\">Specifikace<\/a><\/li>\n<li>Videa<\/li>\n<li><a href=\"https:\/\/www.altei.cz\/wp_apogeedigital\/mic-plus-galerie\/\">Galerie<\/a><\/li>\n<li><a href=\"https:\/\/www.altei.cz\/wp_apogeedigital\/mic-plus-nahravky\/\">Nahr\u00e1vky<\/a><\/li>\n<li>Recenze<\/li>\n<\/ul>\n<\/div><\/section><\/div>\n<style type=\"text\/css\" data-created_by=\"avia_inline_auto\" id=\"style-css-av-av_one_fourth-9c1d454dc06f7247226bc4e8f931daae\">\n.flex_column.av-av_one_fourth-9c1d454dc06f7247226bc4e8f931daae{\n-webkit-border-radius:0px 0px 0px 0px;\n-moz-border-radius:0px 0px 0px 0px;\nborder-radius:0px 0px 0px 0px;\npadding:0px 0px 0px 0px;\n}\n<\/style>\n<div class='flex_column av-av_one_fourth-9c1d454dc06f7247226bc4e8f931daae av_one_fourth  avia-builder-el-10  el_after_av_one_fourth  avia-builder-el-last  flex_column_div av-zero-column-padding '     ><\/div><\/div><\/div><\/div><!-- close content main div --><\/div><\/div>\n<style type=\"text\/css\" data-created_by=\"avia_inline_auto\" id=\"style-css-av-av_section-dce8581cb2fdaa0a517fb3aa1bdf7de6\">\n.avia-section.av-av_section-dce8581cb2fdaa0a517fb3aa1bdf7de6{\nbackground-repeat:no-repeat;\nbackground-image:url(https:\/\/www.altei.cz\/wp_apogeedigital\/wp-content\/uploads\/2015\/07\/bkg-gradation-f2-1030x445.jpeg);\nbackground-position:50% 50%;\nbackground-attachment:scroll;\n}\n<\/style>\n<div id='av_section_3'  class='avia-section av-av_section-dce8581cb2fdaa0a517fb3aa1bdf7de6 main_color avia-section-large avia-no-shadow  avia-builder-el-11  el_after_av_section  el_before_av_three_fourth  avia-full-stretch avia-bg-style-scroll container_wrap sidebar_right'  data-section-bg-repeat='stretch'><div class='container av-section-cont-open' ><div class='template-page content  av-content-small alpha units'><div class='post-entry post-entry-type-page post-entry-4227'><div class='entry-content-wrapper clearfix'>\n<div class='flex_column av-av_one_fourth-2a9015ff38129c418a3f2eafba3e9512 av_one_fourth  avia-builder-el-12  el_before_av_one_fourth  avia-builder-el-first  first flex_column_div '     ><article  class='iconbox iconbox_top av-av_icon_box-b36386a972e03ff63c98d82cd5c85d28  avia-builder-el-13  avia-builder-el-no-sibling  main_color'  itemscope=\"itemscope\" itemtype=\"https:\/\/schema.org\/CreativeWork\" ><div class=\"iconbox_content\"><header class=\"entry-content-header\"><a href='http:\/\/www.apogeedigital.com\/knowledgebase\/' title='' target=\"_blank\" rel=\"noopener noreferrer\" class=\"iconbox_icon heading-color\" aria-hidden='true' data-av_icon='\ue81c' data-av_iconfont='entypo-fontello'><\/a><\/header><div class='iconbox_content_container '  itemprop=\"text\" ><p>Ot\u00e1zky a odpov\u011bdi (angl.)<\/p>\n<\/div><\/div><footer class=\"entry-footer\"><\/footer><\/article><\/div>\n<style type=\"text\/css\" data-created_by=\"avia_inline_auto\" id=\"style-css-av-av_one_fourth-9c1d454dc06f7247226bc4e8f931daae\">\n.flex_column.av-av_one_fourth-9c1d454dc06f7247226bc4e8f931daae{\n-webkit-border-radius:0px 0px 0px 0px;\n-moz-border-radius:0px 0px 0px 0px;\nborder-radius:0px 0px 0px 0px;\npadding:0px 0px 0px 0px;\n}\n<\/style>\n<div class='flex_column av-av_one_fourth-9c1d454dc06f7247226bc4e8f931daae av_one_fourth  avia-builder-el-14  el_after_av_one_fourth  el_before_av_one_fourth  flex_column_div av-zero-column-padding '     ><article  class='iconbox iconbox_top av-av_icon_box-43d84e0b1e230c0be8804d49e8aa295a  avia-builder-el-15  avia-builder-el-no-sibling  main_color'  itemscope=\"itemscope\" itemtype=\"https:\/\/schema.org\/CreativeWork\" ><div class=\"iconbox_content\"><header class=\"entry-content-header\"><a href='https:\/\/www.altei.cz\/wp_apogeedigital\/message\/' title=''  class=\"iconbox_icon heading-color\" aria-hidden='true' data-av_icon='\ue805' data-av_iconfont='entypo-fontello'><\/a><\/header><div class='iconbox_content_container '  itemprop=\"text\" ><p>M\u00e1te dotaz? Napi\u0161te n\u00e1m.<\/p>\n<\/div><\/div><footer class=\"entry-footer\"><\/footer><\/article><\/div>\n<style type=\"text\/css\" data-created_by=\"avia_inline_auto\" id=\"style-css-av-av_one_fourth-9c1d454dc06f7247226bc4e8f931daae\">\n.flex_column.av-av_one_fourth-9c1d454dc06f7247226bc4e8f931daae{\n-webkit-border-radius:0px 0px 0px 0px;\n-moz-border-radius:0px 0px 0px 0px;\nborder-radius:0px 0px 0px 0px;\npadding:0px 0px 0px 0px;\n}\n<\/style>\n<div class='flex_column av-av_one_fourth-9c1d454dc06f7247226bc4e8f931daae av_one_fourth  avia-builder-el-16  el_after_av_one_fourth  el_before_av_one_fourth  flex_column_div av-zero-column-padding '     ><article  class='iconbox iconbox_top av-av_icon_box-4d8b88e5da44c73ec7f1917647b17527  avia-builder-el-17  avia-builder-el-no-sibling  main_color'  itemscope=\"itemscope\" itemtype=\"https:\/\/schema.org\/CreativeWork\" ><div class=\"iconbox_content\"><header class=\"entry-content-header\"><a href='https:\/\/www.altei.cz\/wp_apogeedigital\/dealer-locator\/' title=''  target=\"_blank\"  rel=\"noopener noreferrer\" class=\"iconbox_icon heading-color\" aria-hidden='true' data-av_icon='\ue803' data-av_iconfont='entypo-fontello'><\/a><\/header><div class='iconbox_content_container '  itemprop=\"text\" ><p>Kde koupit ?<\/p>\n<\/div><\/div><footer class=\"entry-footer\"><\/footer><\/article><\/div>\n<style type=\"text\/css\" data-created_by=\"avia_inline_auto\" id=\"style-css-av-av_one_fourth-9c1d454dc06f7247226bc4e8f931daae\">\n.flex_column.av-av_one_fourth-9c1d454dc06f7247226bc4e8f931daae{\n-webkit-border-radius:0px 0px 0px 0px;\n-moz-border-radius:0px 0px 0px 0px;\nborder-radius:0px 0px 0px 0px;\npadding:0px 0px 0px 0px;\n}\n<\/style>\n<div class='flex_column av-av_one_fourth-9c1d454dc06f7247226bc4e8f931daae av_one_fourth  avia-builder-el-18  el_after_av_one_fourth  avia-builder-el-last  flex_column_div av-zero-column-padding '     ><article  class='iconbox iconbox_top av-av_icon_box-74e5e363f41078a97d00ffc4fbbb0b2d  avia-builder-el-19  avia-builder-el-no-sibling  main_color'  itemscope=\"itemscope\" itemtype=\"https:\/\/schema.org\/CreativeWork\" ><div class=\"iconbox_content\"><header class=\"entry-content-header\"><a href='http:\/\/www.altei.cz\/brand\/apogee\/' title=''  class=\"iconbox_icon heading-color\" aria-hidden='true' data-av_icon='\ue859' data-av_iconfont='entypo-fontello'><\/a><\/header><div class='iconbox_content_container '  itemprop=\"text\" ><p>Koupit Apogee produkty a p\u0159\u00edslu\u0161enstv\u00ed<\/p>\n<\/div><\/div><footer class=\"entry-footer\"><\/footer><\/article><\/div>\n<\/div><\/div><\/div><!-- close content main div --><\/div><\/div><div id='after_section_3'  class='main_color av_default_container_wrap container_wrap sidebar_right'  ><div class='container av-section-cont-open' ><div class='template-page content  av-content-small alpha units'><div class='post-entry post-entry-type-page post-entry-4227'><div class='entry-content-wrapper clearfix'><\/p>\n\n<style type=\"text\/css\" data-created_by=\"avia_inline_auto\" id=\"style-css-av-av_three_fourth-9497bbf8bff73ea4c6992cc17fa9ec36\">\n.flex_column.av-av_three_fourth-9497bbf8bff73ea4c6992cc17fa9ec36{\n-webkit-border-radius:0px 0px 0px 0px;\n-moz-border-radius:0px 0px 0px 0px;\nborder-radius:0px 0px 0px 0px;\npadding:0px 0px 0px 0px;\n}\n<\/style>\n<div class='flex_column av-av_three_fourth-9497bbf8bff73ea4c6992cc17fa9ec36 av_three_fourth  avia-builder-el-20  el_after_av_section  avia-builder-el-no-sibling  first flex_column_div av-zero-column-padding '     ><\/div>\n","protected":false},"excerpt":{"rendered":"","protected":false},"author":1,"featured_media":0,"parent":0,"menu_order":0,"comment_status":"closed","ping_status":"open","template":"","meta":{"_bbp_topic_count":0,"_bbp_reply_count":0,"_bbp_total_topic_count":0,"_bbp_total_reply_count":0,"_bbp_voice_count":0,"_bbp_anonymous_reply_count":0,"_bbp_topic_count_hidden":0,"_bbp_reply_count_hidden":0,"_bbp_forum_subforum_count":0,"om_disable_all_campaigns":false,"_monsterinsights_skip_tracking":false,"_monsterinsights_sitenote_active":false,"_monsterinsights_sitenote_note":"","_monsterinsights_sitenote_category":0,"_wp_rev_ctl_limit":""},"aioseo_notices":[],"_links":{"self":[{"href":"https:\/\/www.altei.cz\/wp_apogeedigital\/wp-json\/wp\/v2\/pages\/4227"}],"collection":[{"href":"https:\/\/www.altei.cz\/wp_apogeedigital\/wp-json\/wp\/v2\/pages"}],"about":[{"href":"https:\/\/www.altei.cz\/wp_apogeedigital\/wp-json\/wp\/v2\/types\/page"}],"author":[{"embeddable":true,"href":"https:\/\/www.altei.cz\/wp_apogeedigital\/wp-json\/wp\/v2\/users\/1"}],"replies":[{"embeddable":true,"href":"https:\/\/www.altei.cz\/wp_apogeedigital\/wp-json\/wp\/v2\/comments?post=4227"}],"version-history":[{"count":0,"href":"https:\/\/www.altei.cz\/wp_apogeedigital\/wp-json\/wp\/v2\/pages\/4227\/revisions"}],"wp:attachment":[{"href":"https:\/\/www.altei.cz\/wp_apogeedigital\/wp-json\/wp\/v2\/media?parent=4227"}],"curies":[{"name":"wp","href":"https:\/\/api.w.org\/{rel}","templated":true}]}}