{"id":5201,"date":"2019-01-29T16:14:54","date_gmt":"2019-01-29T15:14:54","guid":{"rendered":"https:\/\/www.altei.cz\/wp_apogeedigital\/?page_id=5201"},"modified":"2019-01-29T18:14:33","modified_gmt":"2019-01-29T17:14:33","slug":"hypemic-specifikace","status":"publish","type":"page","link":"https:\/\/www.altei.cz\/wp_apogeedigital\/hypemic-specifikace\/","title":{"rendered":"HypeMIC-specifikace"},"content":{"rendered":"<div id='layer_slider_1'  class='avia-layerslider main_color avia-shadow  avia-builder-el-0  el_before_av_submenu  avia-builder-el-first  container_wrap sidebar_right'  style='height: 201px;'  ><\/div>\n<div class='clear'><\/div><div id='sub_menu1'  class='av-submenu-container av-av_submenu-0ea46dff8983e641713121364a84d59d main_color  avia-builder-el-1  el_after_av_layerslider  el_before_av_tab_container  av-sticky-submenu submenu-not-first container_wrap sidebar_right' style='z-index:301' ><div class='container av-menu-mobile-disabled av-submenu-pos-center'><ul id=\"menu-hypemic-submenu\" class=\"av-subnav-menu\"><li role=\"menuitem\" id=\"menu-item-5239\" class=\"menu-item menu-item-type-post_type menu-item-object-page menu-item-top-level menu-item-top-level-1\"><a href=\"https:\/\/www.altei.cz\/wp_apogeedigital\/hypemic\/\" itemprop=\"url\" tabindex=\"0\"><span class=\"avia-bullet\"><\/span><span class=\"avia-menu-text\">P\u0159ehled<\/span><span class=\"avia-menu-fx\"><span class=\"avia-arrow-wrap\"><span class=\"avia-arrow\"><\/span><\/span><\/span><\/a><\/li>\n<li role=\"menuitem\" id=\"menu-item-5240\" class=\"menu-item menu-item-type-custom menu-item-object-custom menu-item-top-level menu-item-top-level-2\"><a href=\"https:\/\/www.altei.cz\/wp_apogeedigital\/hypemic\/#hypemic-prohlidka\" itemprop=\"url\" tabindex=\"0\"><span class=\"avia-bullet\"><\/span><span class=\"avia-menu-text\">Prohl\u00eddka<\/span><span class=\"avia-menu-fx\"><span class=\"avia-arrow-wrap\"><span class=\"avia-arrow\"><\/span><\/span><\/span><\/a><\/li>\n<li role=\"menuitem\" id=\"menu-item-5237\" class=\"menu-item menu-item-type-post_type menu-item-object-page menu-item-top-level menu-item-top-level-3\"><a href=\"https:\/\/www.altei.cz\/wp_apogeedigital\/hypemic-galerie\/\" itemprop=\"url\" tabindex=\"0\"><span class=\"avia-bullet\"><\/span><span class=\"avia-menu-text\">Galerie<\/span><span class=\"avia-menu-fx\"><span class=\"avia-arrow-wrap\"><span class=\"avia-arrow\"><\/span><\/span><\/span><\/a><\/li>\n<li role=\"menuitem\" id=\"menu-item-5236\" class=\"menu-item menu-item-type-post_type menu-item-object-page menu-item-top-level menu-item-top-level-4\"><a href=\"https:\/\/www.altei.cz\/wp_apogeedigital\/hypemic-video\/\" itemprop=\"url\" tabindex=\"0\"><span class=\"avia-bullet\"><\/span><span class=\"avia-menu-text\">Videa<\/span><span class=\"avia-menu-fx\"><span class=\"avia-arrow-wrap\"><span class=\"avia-arrow\"><\/span><\/span><\/span><\/a><\/li>\n<li role=\"menuitem\" id=\"menu-item-5238\" class=\"menu-item menu-item-type-post_type menu-item-object-page menu-item-top-level menu-item-top-level-5\"><a href=\"https:\/\/www.altei.cz\/wp_apogeedigital\/hypemic-specifikace\/\" itemprop=\"url\" tabindex=\"0\"><span class=\"avia-bullet\"><\/span><span class=\"avia-menu-text\">Specifikace<\/span><span class=\"avia-menu-fx\"><span class=\"avia-arrow-wrap\"><span class=\"avia-arrow\"><\/span><\/span><\/span><\/a><\/li>\n<li role=\"menuitem\" id=\"menu-item-5235\" class=\"menu-item menu-item-type-post_type menu-item-object-page menu-item-top-level menu-item-top-level-6\"><a href=\"https:\/\/www.altei.cz\/wp_apogeedigital\/hypemic-recenze\/\" itemprop=\"url\" tabindex=\"0\"><span class=\"avia-bullet\"><\/span><span class=\"avia-menu-text\">Recenze<\/span><span class=\"avia-menu-fx\"><span class=\"avia-arrow-wrap\"><span class=\"avia-arrow\"><\/span><\/span><\/span><\/a><\/li>\n<li role=\"menuitem\" id=\"menu-item-5244\" class=\"menu-item menu-item-type-custom menu-item-object-custom av-menu-button av-menu-button-colored menu-item-top-level menu-item-top-level-7\"><a href=\"https:\/\/www.altei.cz\/altei-shop\/hypemic\/\" itemprop=\"url\" tabindex=\"0\"><span class=\"avia-bullet\"><\/span><span class=\"avia-menu-text\">Koupit<\/span><span class=\"avia-menu-fx\"><span class=\"avia-arrow-wrap\"><span class=\"avia-arrow\"><\/span><\/span><\/span><\/a><\/li>\n<\/ul><\/div><\/div><div class='sticky_placeholder'><\/div><div id='after_submenu_1'  class='main_color av_default_container_wrap container_wrap sidebar_right'  ><div class='container av-section-cont-open' ><div class='template-page content  av-content-small alpha units'><div class='post-entry post-entry-type-page post-entry-5201'><div class='entry-content-wrapper clearfix'>\n<div  class='tabcontainer av-av_tab_container-0bacd910096d11a3cec6dfb538798966 top_tab  avia-builder-el-2  el_after_av_submenu  el_before_av_section  avia-builder-el-no-sibling ' role='tablist'>\n<section class='av_tab_section av_tab_section av-av_tab-ede40028b5bda72a2b22edbd4addcd76'  itemscope=\"itemscope\" itemtype=\"https:\/\/schema.org\/CreativeWork\" ><div class='tab active_tab' role='tab' tabindex='0' data-fake-id='#tab-id-1' aria-controls='tab-id-1-content'  itemprop=\"headline\" >HypeMiC<\/div><div id='tab-id-1-content' class='tab_content active_tab_content' aria-hidden=\"false\"><div class='tab_inner_content invers-color'  itemprop=\"text\" ><p><img fetchpriority=\"high\" decoding=\"async\" class=\"size-full wp-image-5195 aligncenter\" src=\"https:\/\/www.altei.cz\/wp_apogeedigital\/wp-content\/uploads\/2019\/01\/hypemic-box-3d-220x300.png\" alt=\"\" width=\"220\" height=\"300\" \/><\/p>\n<div class='flex_column av-av_one_half-2a9015ff38129c418a3f2eafba3e9512 av_one_half  avia-builder-el-3  el_before_av_one_half  avia-builder-el-first  first flex_column_div '     ><h3><strong>Syst\u00e9mov\u00e9 po\u017eadavky Mac OS 10.9 a vy\u0161\u0161\u00ed<\/strong><\/h3>\n<ul>\n<li>Po\u010d\u00edta\u010d: Mac s Intel procesorem<\/li>\n<li>Pam\u011b\u0165: 2 GB minimum RAM<\/li>\n<li>OS: 10.9.5 nebo vy\u0161\u0161\u00ed<\/li>\n<li>P\u0159ipojen\u00ed a nap\u00e1jen\u00ed: USB<\/li>\n<\/ul>\n<h3><strong>Syst\u00e9mov\u00e9 po\u017eadavky Windows 10<\/strong><\/h3>\n<ul>\n<li>Po\u010d\u00edta\u010d: Windows PC s Intel\/AMD x86-64 procesorem<\/li>\n<li>Pam\u011b\u0165: 4 GB minimum RAM<\/li>\n<li>OS: Windows 10 nebo vy\u0161\u0161\u00ed<\/li>\n<li>P\u0159ipojen\u00ed a nap\u00e1jen\u00ed: USB<\/li>\n<\/ul>\n<h3><strong>Syst\u00e9mov\u00e9 po\u017eadavky iOS 9 a vy\u0161\u0161\u00ed<\/strong><\/h3>\n<ul>\n<li>Podporovan\u00e1 za\u0159\u00edzen\u00ed: iPad Pro, iPad (2. gen), iPad Air, iPad Air2, iPad (5. gen), iPad (4. gen),\u00a0iPad Mini 4,\u00a0iPad Mini 3,\u00a0iPad Mini 2, iPad Mini 4, iPhone 7, iPhone SE, iPhone 6, iPhone 6 Plus, iPhone 5, iPhone 5S, iPhone 5C a iPod touch (5. gen)<\/li>\n<li>iOS verze: 9 nebo vy\u0161\u0161\u00ed<\/li>\n<li>P\u0159ipojen\u00ed a nap\u00e1jen\u00ed: Lightning port<\/li>\n<li>Software: Kompatibiln\u00ed s\u00a0jakoukoliv iOS Core Audio kompatibiln\u00ed aplikac\u00ed<\/li>\n<\/ul>\n<h3>Balen\u00ed obsahuje<\/h3>\n<ul>\n<li>HypeMIC<\/li>\n<li>Lightning iOS kabel<\/li>\n<li>USB kabel (Typ C)<\/li>\n<li>USB kabel (Typ A)<\/li>\n<li>Quick start guide<\/li>\n<li>Pr\u00e9miov\u00fd stoln\u00ed mikr. stoj\u00e1nek<\/li>\n<li>Adapt\u00e9r na mikr. stojan<\/li>\n<li>Pop filtr<\/li>\n<li>Pouzdro na mikrofon a p\u0159\u00edslu\u0161enstv\u00ed<\/li>\n<\/ul><\/div><br \/>\n<div class='flex_column av-av_one_half-ea1495e58cc6a27bef30bc61d6147362 av_one_half  avia-builder-el-4  el_after_av_one_half  el_before_av_one_half  flex_column_div '     ><h3>Vlastnosti<\/h3>\n<ul class=\"disc\">\n<li>Analogov\u00fd kompresor ve studiov\u00e9 kvalit\u011b<\/li>\n<li>Profesion\u00e1ln\u00ed kondenz\u00e1torov\u00fd mikrofon s ledvinovou charakteristikou<\/li>\n<li>PureDIGITAL vstup zaji\u0161\u0165uje excelentn\u00ed zvuk s\u00a0AD p\u0159evodn\u00edkem\u00a0a\u017e 96 kHz, 24 bit<\/li>\n<li>Digit\u00e1ln\u011b ovl\u00e1dan\u00fd mikrofonn\u00ed p\u0159edzesilova\u010d se ziskem a\u017e 46 dB<\/li>\n<li>V\u00fdkonn\u00fd sluch\u00e1tkov\u00fd v\u00fdstup s funkc\u00ed Blend pro nulovou latenci<\/li>\n<li>\u017d\u00e1dn\u00e1 instalace software nebo konfigurace<\/li>\n<li>P\u0159ipojen\u00ed pomoc\u00ed dod\u00e1van\u00e9ho kabelu k iPad, iPhone a iPod touch dock konektoru, Lightning konektoru nebo USB portu na Macu nebo PC Win 10<\/li>\n<li>Pr\u00e9miov\u00e9 p\u0159\u00edslu\u0161enstv\u00ed<\/li>\n<li>Je nap\u00e1jen z iPhone, iPadu nebo po\u010d\u00edta\u010de nepot\u0159ebuje extern\u00ed nap\u00e1jen\u00ed<\/li>\n<li>Vyrobeno v U.S.A<\/li>\n<\/ul>\n<h3>Technick\u00e9 specifikace<\/h3>\n<ul class=\"disc\">\n<li>Vstupn\u00ed konektor na mikrofonu: Mikro USB<\/li>\n<li>P\u0159ipojen\u00ed:\u00a0Lightning, USB (Typ-C), USB (Typ-A)<\/li>\n<li>Rozm\u011bry:\n<ul>\n<li>d\u00e9lka 124 mm<\/li>\n<li>\u0161\u00ed\u0159ka 38 mm<\/li>\n<li>hloubka 38 mm<\/li>\n<\/ul>\n<\/li>\n<li>Hmotnost: 0,20 Kg<\/li>\n<\/ul>\n<p><strong>Sm\u011brov\u00e1 charakteristika<\/strong><\/p>\n<p><img decoding=\"async\" class=\"alignleft size-full wp-image-1403\" src=\"https:\/\/www.altei.cz\/wp_apogeedigital\/wp-content\/uploads\/2015\/08\/mic-polar-patern.png\" alt=\"mic-polar-patern\" width=\"200\" height=\"200\" srcset=\"https:\/\/www.altei.cz\/wp_apogeedigital\/wp-content\/uploads\/2015\/08\/mic-polar-patern.png 200w, https:\/\/www.altei.cz\/wp_apogeedigital\/wp-content\/uploads\/2015\/08\/mic-polar-patern-80x80.png 80w, https:\/\/www.altei.cz\/wp_apogeedigital\/wp-content\/uploads\/2015\/08\/mic-polar-patern-36x36.png 36w, https:\/\/www.altei.cz\/wp_apogeedigital\/wp-content\/uploads\/2015\/08\/mic-polar-patern-180x180.png 180w, https:\/\/www.altei.cz\/wp_apogeedigital\/wp-content\/uploads\/2015\/08\/mic-polar-patern-120x120.png 120w\" sizes=\"(max-width: 200px) 100vw, 200px\" \/><\/p>\n<h3><\/h3>\n<p><img decoding=\"async\" class=\"alignleft size-full wp-image-4113\" src=\"https:\/\/www.altei.cz\/wp_apogeedigital\/wp-content\/uploads\/2015\/08\/compatibility-logos-mac-windows-ios-300x55.jpg\" alt=\"\" width=\"300\" height=\"55\" \/><\/p><\/div><\/p>\n<\/div><\/div><\/section>\n<section class='av_tab_section av_tab_section av-av_tab-6e26ecd3cc6150042dd16726fa83ef43'  itemscope=\"itemscope\" itemtype=\"https:\/\/schema.org\/CreativeWork\" ><div class='tab' role='tab' tabindex='0' data-fake-id='#tab-id-2' aria-controls='tab-id-2-content'  itemprop=\"headline\" >MiC+<\/div><div id='tab-id-2-content' class='tab_content' aria-hidden=\"true\"><div class='tab_inner_content invers-color'  itemprop=\"text\" ><p><img loading=\"lazy\" decoding=\"async\" class=\"size-full wp-image-4093 aligncenter\" src=\"https:\/\/www.altei.cz\/wp_apogeedigital\/wp-content\/uploads\/2016\/08\/mic-plus-3d-box-1-220x300.png\" alt=\"\" width=\"220\" height=\"300\" \/><\/p>\n<div class='flex_column av-av_one_half-2a9015ff38129c418a3f2eafba3e9512 av_one_half  avia-builder-el-5  el_after_av_one_half  el_before_av_one_half  first flex_column_div column-top-margin'     ><h3><strong>Syst\u00e9mov\u00e9 po\u017eadavky Mac OS 10.9 a vy\u0161\u0161\u00ed<\/strong><\/h3>\n<ul>\n<li>Po\u010d\u00edta\u010d: Mac s Intel procesorem<\/li>\n<li>Pam\u011b\u0165: 2 GB minimum RAM<\/li>\n<li>OS: 10.9.5 nebo vy\u0161\u0161\u00ed<\/li>\n<li>P\u0159ipojen\u00ed a nap\u00e1jen\u00ed: USB<\/li>\n<\/ul>\n<h3><strong>Syst\u00e9mov\u00e9 po\u017eadavky Windows 10<\/strong><\/h3>\n<ul>\n<li>Po\u010d\u00edta\u010d: Windows PC s Intel\/AMD x86-64 procesorem<\/li>\n<li>Pam\u011b\u0165: 4 GB minimum RAM<\/li>\n<li>OS: Windows 10 nebo vy\u0161\u0161\u00ed<\/li>\n<li>P\u0159ipojen\u00ed a nap\u00e1jen\u00ed: USB<\/li>\n<\/ul>\n<h3><strong>Syst\u00e9mov\u00e9 po\u017eadavky iOS 9 a vy\u0161\u0161\u00ed<\/strong><\/h3>\n<ul>\n<li>Podporovan\u00e1 za\u0159\u00edzen\u00ed: iPad Pro, iPad (2. gen), iPad Air, iPad Air2, iPad (5. gen), iPad (4. gen),\u00a0iPad Mini 4,\u00a0iPad Mini 3,\u00a0iPad Mini 2, iPad Mini 4, iPhone 7, iPhone SE, iPhone 6, iPhone 6 Plus, iPhone 5, iPhone 5S, iPhone 5C a iPod touch (5. gen)<\/li>\n<li>iOS verze: 9 nebo vy\u0161\u0161\u00ed<\/li>\n<li>P\u0159ipojen\u00ed a nap\u00e1jen\u00ed: Lightning port<\/li>\n<li>Software: Kompatibiln\u00ed s\u00a0jakoukoliv iOS Core Audio kompatibiln\u00ed aplikac\u00ed<\/li>\n<\/ul>\n<h3>Balen\u00ed obsahuje<\/h3>\n<ul>\n<li>MIC+<\/li>\n<li>Lightning iOS kabel<\/li>\n<li>USB kabel (Typ C)<\/li>\n<li>USB kabel (Typ A)<\/li>\n<li>Quick start guide<\/li>\n<li>Stoln\u00ed mikr. stoj\u00e1nek<\/li>\n<li>Adapt\u00e9r na mikr. stojan<\/li>\n<\/ul><\/div><br \/>\n<div class='flex_column av-av_one_half-ea1495e58cc6a27bef30bc61d6147362 av_one_half  avia-builder-el-6  el_after_av_one_half  avia-builder-el-last  flex_column_div column-top-margin'     ><h3>Vlastnosti<\/h3>\n<ul class=\"disc\">\n<li>Profesion\u00e1ln\u00ed kondenz\u00e1torov\u00fd mikrofon s ledvinovou charakteristikou<\/li>\n<li>PureDIGITAL vstup zaji\u0161\u0165uje excelentn\u00ed zvuk s\u00a0AD p\u0159evodn\u00edkem\u00a0a\u017e 96 kHz, 24 bit<\/li>\n<li>Digit\u00e1ln\u011b ovl\u00e1dan\u00fd mikrofonn\u00ed p\u0159edzesilova\u010d se ziskem a\u017e 46 dB<\/li>\n<li>V\u00fdkonn\u00fd sluch\u00e1tkov\u00fd v\u00fdstup s funkc\u00ed Blend pro nulovou latenci<\/li>\n<li>\u017d\u00e1dn\u00e1 instalace software nebo konfigurace<\/li>\n<li>P\u0159ipojen\u00ed pomoc\u00ed dod\u00e1van\u00e9ho kabelu k iPad, iPhone a iPod touch dock konektoru, Lightning konektoru nebo USB portu na Macu nebo PC Win 10<\/li>\n<li>Je nap\u00e1jen z iPhone, iPadu nebo po\u010d\u00edta\u010de nepot\u0159ebuje extern\u00ed nap\u00e1jen\u00ed<\/li>\n<li>Vyrobeno v U.S.A<\/li>\n<\/ul>\n<h3>Technick\u00e9 specifikace<\/h3>\n<ul class=\"disc\">\n<li>Vstupn\u00ed konektor na mikrofonu: Mikro USB<\/li>\n<li>P\u0159ipojen\u00ed:\u00a0Lightning, USB (Typ-C), USB (Typ-A)<\/li>\n<li>Rozm\u011bry:\n<ul>\n<li>d\u00e9lka 124 mm<\/li>\n<li>\u0161\u00ed\u0159ka 38 mm<\/li>\n<li>hloubka 38 mm<\/li>\n<\/ul>\n<\/li>\n<li>Hmotnost: 0,20 Kg<\/li>\n<\/ul>\n<p><strong>Sm\u011brov\u00e1 charakteristika<\/strong><\/p>\n<p><img decoding=\"async\" class=\"alignleft size-full wp-image-1403\" src=\"https:\/\/www.altei.cz\/wp_apogeedigital\/wp-content\/uploads\/2015\/08\/mic-polar-patern.png\" alt=\"mic-polar-patern\" width=\"200\" height=\"200\" srcset=\"https:\/\/www.altei.cz\/wp_apogeedigital\/wp-content\/uploads\/2015\/08\/mic-polar-patern.png 200w, https:\/\/www.altei.cz\/wp_apogeedigital\/wp-content\/uploads\/2015\/08\/mic-polar-patern-80x80.png 80w, https:\/\/www.altei.cz\/wp_apogeedigital\/wp-content\/uploads\/2015\/08\/mic-polar-patern-36x36.png 36w, https:\/\/www.altei.cz\/wp_apogeedigital\/wp-content\/uploads\/2015\/08\/mic-polar-patern-180x180.png 180w, https:\/\/www.altei.cz\/wp_apogeedigital\/wp-content\/uploads\/2015\/08\/mic-polar-patern-120x120.png 120w\" sizes=\"(max-width: 200px) 100vw, 200px\" \/><\/p>\n<h3><\/h3>\n<p><img decoding=\"async\" class=\"alignleft size-full wp-image-4113\" src=\"https:\/\/www.altei.cz\/wp_apogeedigital\/wp-content\/uploads\/2015\/08\/compatibility-logos-mac-windows-ios-300x55.jpg\" alt=\"\" width=\"300\" height=\"55\" \/><\/p><\/div><\/p>\n<\/div><\/div><\/section>\n<\/div>\n<\/div><\/div><\/div><!-- close content main div --><\/div><\/div>\n<style type=\"text\/css\" data-created_by=\"avia_inline_auto\" id=\"style-css-av-av_section-dce8581cb2fdaa0a517fb3aa1bdf7de6\">\n.avia-section.av-av_section-dce8581cb2fdaa0a517fb3aa1bdf7de6{\nbackground-repeat:no-repeat;\nbackground-image:url(https:\/\/www.altei.cz\/wp_apogeedigital\/wp-content\/uploads\/2015\/07\/bkg-gradation-f2-1030x445.jpeg);\nbackground-position:50% 50%;\nbackground-attachment:scroll;\n}\n<\/style>\n<div id='av_section_1'  class='avia-section av-av_section-dce8581cb2fdaa0a517fb3aa1bdf7de6 main_color avia-section-large avia-no-shadow  avia-builder-el-7  el_after_av_tab_container  el_before_av_section  avia-full-stretch avia-bg-style-scroll container_wrap sidebar_right'  data-section-bg-repeat='stretch'><div class='container av-section-cont-open' ><div class='template-page content  av-content-small alpha units'><div class='post-entry post-entry-type-page post-entry-5201'><div class='entry-content-wrapper clearfix'>\n<div class='flex_column av-av_one_fourth-2a9015ff38129c418a3f2eafba3e9512 av_one_fourth  avia-builder-el-8  el_before_av_one_fourth  avia-builder-el-first  first flex_column_div '     ><\/div>\n<style type=\"text\/css\" data-created_by=\"avia_inline_auto\" id=\"style-css-av-av_one_fourth-9c1d454dc06f7247226bc4e8f931daae\">\n.flex_column.av-av_one_fourth-9c1d454dc06f7247226bc4e8f931daae{\n-webkit-border-radius:0px 0px 0px 0px;\n-moz-border-radius:0px 0px 0px 0px;\nborder-radius:0px 0px 0px 0px;\npadding:0px 0px 0px 0px;\n}\n<\/style>\n<div class='flex_column av-av_one_fourth-9c1d454dc06f7247226bc4e8f931daae av_one_fourth  avia-builder-el-9  el_after_av_one_fourth  el_before_av_one_fourth  flex_column_div av-zero-column-padding '     ><style type=\"text\/css\" data-created_by=\"avia_inline_auto\" id=\"style-css-av-av_image-ee6e1ee85539f92ce6f2580ac8cb9796\">\n.avia-image-container.av-av_image-ee6e1ee85539f92ce6f2580ac8cb9796 img.avia_image{\nbox-shadow:none;\n}\n.avia-image-container.av-av_image-ee6e1ee85539f92ce6f2580ac8cb9796 .av-image-caption-overlay-center{\ncolor:#ffffff;\n}\n<\/style>\n<div  class='avia-image-container av-av_image-ee6e1ee85539f92ce6f2580ac8cb9796 av-styling- avia-align-center  avia-builder-el-10  avia-builder-el-no-sibling '   itemprop=\"image\" itemscope=\"itemscope\" itemtype=\"https:\/\/schema.org\/ImageObject\" ><div class=\"avia-image-container-inner\"><div class=\"avia-image-overlay-wrap\"><img loading=\"lazy\" decoding=\"async\" class='wp-image-5227 avia-img-lazy-loading-not-5227 avia_image ' src=\"https:\/\/www.altei.cz\/wp_apogeedigital\/wp-content\/uploads\/2019\/01\/Apogee-HypeMiC-Front-Main-106x300.png\" alt='' title='Apogee-HypeMiC-Front-Main-106x300'  height=\"300\" width=\"106\"  itemprop=\"thumbnailUrl\"  \/><\/div><\/div><\/div><\/div>\n<style type=\"text\/css\" data-created_by=\"avia_inline_auto\" id=\"style-css-av-av_one_fourth-9c1d454dc06f7247226bc4e8f931daae\">\n.flex_column.av-av_one_fourth-9c1d454dc06f7247226bc4e8f931daae{\n-webkit-border-radius:0px 0px 0px 0px;\n-moz-border-radius:0px 0px 0px 0px;\nborder-radius:0px 0px 0px 0px;\npadding:0px 0px 0px 0px;\n}\n<\/style>\n<div class='flex_column av-av_one_fourth-9c1d454dc06f7247226bc4e8f931daae av_one_fourth  avia-builder-el-11  el_after_av_one_fourth  el_before_av_one_fourth  flex_column_div av-zero-column-padding '     ><section  class='av_textblock_section av-av_textblock-2de302bf1aa3cf4c9157dbe6f50ac7eb'  itemscope=\"itemscope\" itemtype=\"https:\/\/schema.org\/CreativeWork\" ><div class='avia_textblock'  itemprop=\"text\" ><h3>V\u00edce o HypeMIC<\/h3>\n<ul>\n<li><a href=\"https:\/\/www.altei.cz\/wp_apogeedigital\/hype-mic\/\">P\u0159ehled<\/a><\/li>\n<li><a href=\"https:\/\/www.altei.cz\/wp_apogeedigital\/hypemic-specifikace\/\">Specifikace<\/a><\/li>\n<li><a href=\"https:\/\/www.altei.cz\/wp_apogeedigital\/hypemic-video\/\">Videa<\/a><\/li>\n<li><a href=\"https:\/\/www.altei.cz\/wp_apogeedigital\/hypemic-galerie\/\">Galerie<\/a><\/li>\n<li><a href=\"https:\/\/www.altei.cz\/wp_apogeedigital\/mic-plus-nahravky\/\">Nahr\u00e1vky<\/a><\/li>\n<li><a href=\"https:\/\/www.altei.cz\/wp_apogeedigital\/hypemic-recenze\/\">Recenze<\/a><\/li>\n<\/ul>\n<\/div><\/section><\/div>\n<style type=\"text\/css\" data-created_by=\"avia_inline_auto\" id=\"style-css-av-av_one_fourth-9c1d454dc06f7247226bc4e8f931daae\">\n.flex_column.av-av_one_fourth-9c1d454dc06f7247226bc4e8f931daae{\n-webkit-border-radius:0px 0px 0px 0px;\n-moz-border-radius:0px 0px 0px 0px;\nborder-radius:0px 0px 0px 0px;\npadding:0px 0px 0px 0px;\n}\n<\/style>\n<div class='flex_column av-av_one_fourth-9c1d454dc06f7247226bc4e8f931daae av_one_fourth  avia-builder-el-13  el_after_av_one_fourth  avia-builder-el-last  flex_column_div av-zero-column-padding '     ><\/div>\n\n<\/div><\/div><\/div><!-- close content main div --><\/div><\/div>\n<style type=\"text\/css\" data-created_by=\"avia_inline_auto\" id=\"style-css-av-av_section-dce8581cb2fdaa0a517fb3aa1bdf7de6\">\n.avia-section.av-av_section-dce8581cb2fdaa0a517fb3aa1bdf7de6{\nbackground-repeat:no-repeat;\nbackground-image:url(https:\/\/www.altei.cz\/wp_apogeedigital\/wp-content\/uploads\/2015\/07\/bkg-gradation-f2-1030x445.jpeg);\nbackground-position:50% 50%;\nbackground-attachment:scroll;\n}\n<\/style>\n<div id='av_section_2'  class='avia-section av-av_section-dce8581cb2fdaa0a517fb3aa1bdf7de6 main_color avia-section-large avia-no-shadow  avia-builder-el-14  el_after_av_section  avia-builder-el-last  avia-full-stretch avia-bg-style-scroll container_wrap sidebar_right'  data-section-bg-repeat='stretch'><div class='container av-section-cont-open' ><div class='template-page content  av-content-small alpha units'><div class='post-entry post-entry-type-page post-entry-5201'><div class='entry-content-wrapper clearfix'>\n<div class='flex_column av-av_one_fourth-2a9015ff38129c418a3f2eafba3e9512 av_one_fourth  avia-builder-el-15  el_before_av_one_fourth  avia-builder-el-first  first flex_column_div '     ><article  class='iconbox iconbox_top av-av_icon_box-b36386a972e03ff63c98d82cd5c85d28  avia-builder-el-16  avia-builder-el-no-sibling  main_color'  itemscope=\"itemscope\" itemtype=\"https:\/\/schema.org\/CreativeWork\" ><div class=\"iconbox_content\"><header class=\"entry-content-header\"><a href='http:\/\/www.apogeedigital.com\/knowledgebase\/' title='' target=\"_blank\" rel=\"noopener noreferrer\" class=\"iconbox_icon heading-color\" aria-hidden='true' data-av_icon='\ue81c' data-av_iconfont='entypo-fontello'><\/a><\/header><div class='iconbox_content_container '  itemprop=\"text\" ><p>Ot\u00e1zky a odpov\u011bdi (angl.)<\/p>\n<\/div><\/div><footer class=\"entry-footer\"><\/footer><\/article><\/div>\n<style type=\"text\/css\" data-created_by=\"avia_inline_auto\" id=\"style-css-av-av_one_fourth-9c1d454dc06f7247226bc4e8f931daae\">\n.flex_column.av-av_one_fourth-9c1d454dc06f7247226bc4e8f931daae{\n-webkit-border-radius:0px 0px 0px 0px;\n-moz-border-radius:0px 0px 0px 0px;\nborder-radius:0px 0px 0px 0px;\npadding:0px 0px 0px 0px;\n}\n<\/style>\n<div class='flex_column av-av_one_fourth-9c1d454dc06f7247226bc4e8f931daae av_one_fourth  avia-builder-el-17  el_after_av_one_fourth  el_before_av_one_fourth  flex_column_div av-zero-column-padding '     ><article  class='iconbox iconbox_top av-av_icon_box-43d84e0b1e230c0be8804d49e8aa295a  avia-builder-el-18  avia-builder-el-no-sibling  main_color'  itemscope=\"itemscope\" itemtype=\"https:\/\/schema.org\/CreativeWork\" ><div class=\"iconbox_content\"><header class=\"entry-content-header\"><a href='https:\/\/www.altei.cz\/wp_apogeedigital\/message\/' title=''  class=\"iconbox_icon heading-color\" aria-hidden='true' data-av_icon='\ue805' data-av_iconfont='entypo-fontello'><\/a><\/header><div class='iconbox_content_container '  itemprop=\"text\" ><p>M\u00e1te dotaz? Napi\u0161te n\u00e1m.<\/p>\n<\/div><\/div><footer class=\"entry-footer\"><\/footer><\/article><\/div>\n<style type=\"text\/css\" data-created_by=\"avia_inline_auto\" id=\"style-css-av-av_one_fourth-9c1d454dc06f7247226bc4e8f931daae\">\n.flex_column.av-av_one_fourth-9c1d454dc06f7247226bc4e8f931daae{\n-webkit-border-radius:0px 0px 0px 0px;\n-moz-border-radius:0px 0px 0px 0px;\nborder-radius:0px 0px 0px 0px;\npadding:0px 0px 0px 0px;\n}\n<\/style>\n<div class='flex_column av-av_one_fourth-9c1d454dc06f7247226bc4e8f931daae av_one_fourth  avia-builder-el-19  el_after_av_one_fourth  el_before_av_one_fourth  flex_column_div av-zero-column-padding '     ><article  class='iconbox iconbox_top av-av_icon_box-4d8b88e5da44c73ec7f1917647b17527  avia-builder-el-20  avia-builder-el-no-sibling  main_color'  itemscope=\"itemscope\" itemtype=\"https:\/\/schema.org\/CreativeWork\" ><div class=\"iconbox_content\"><header class=\"entry-content-header\"><a href='https:\/\/www.altei.cz\/wp_apogeedigital\/dealer-locator\/' title=''  target=\"_blank\"  rel=\"noopener noreferrer\" class=\"iconbox_icon heading-color\" aria-hidden='true' data-av_icon='\ue803' data-av_iconfont='entypo-fontello'><\/a><\/header><div class='iconbox_content_container '  itemprop=\"text\" ><p>Kde koupit ?<\/p>\n<\/div><\/div><footer class=\"entry-footer\"><\/footer><\/article><\/div>\n<style type=\"text\/css\" data-created_by=\"avia_inline_auto\" id=\"style-css-av-av_one_fourth-9c1d454dc06f7247226bc4e8f931daae\">\n.flex_column.av-av_one_fourth-9c1d454dc06f7247226bc4e8f931daae{\n-webkit-border-radius:0px 0px 0px 0px;\n-moz-border-radius:0px 0px 0px 0px;\nborder-radius:0px 0px 0px 0px;\npadding:0px 0px 0px 0px;\n}\n<\/style>\n<div class='flex_column av-av_one_fourth-9c1d454dc06f7247226bc4e8f931daae av_one_fourth  avia-builder-el-21  el_after_av_one_fourth  avia-builder-el-last  flex_column_div av-zero-column-padding '     ><article  class='iconbox iconbox_top av-av_icon_box-74e5e363f41078a97d00ffc4fbbb0b2d  avia-builder-el-22  avia-builder-el-no-sibling  main_color'  itemscope=\"itemscope\" itemtype=\"https:\/\/schema.org\/CreativeWork\" ><div class=\"iconbox_content\"><header class=\"entry-content-header\"><a href='http:\/\/www.altei.cz\/brand\/apogee\/' title=''  class=\"iconbox_icon heading-color\" aria-hidden='true' data-av_icon='\ue859' data-av_iconfont='entypo-fontello'><\/a><\/header><div class='iconbox_content_container '  itemprop=\"text\" ><p>Koupit Apogee produkty a p\u0159\u00edslu\u0161enstv\u00ed<\/p>\n<\/div><\/div><footer class=\"entry-footer\"><\/footer><\/article><\/div>\n<\/div><\/div><\/div><!-- close content main div --><\/div><\/div><div id='after_section_2'  class='main_color av_default_container_wrap container_wrap sidebar_right'  ><div class='container av-section-cont-open' ><div class='template-page content  av-content-small alpha units'><div class='post-entry post-entry-type-page post-entry-5201'><div class='entry-content-wrapper clearfix'>\n","protected":false},"excerpt":{"rendered":"","protected":false},"author":1,"featured_media":0,"parent":0,"menu_order":0,"comment_status":"closed","ping_status":"open","template":"","meta":{"_bbp_topic_count":0,"_bbp_reply_count":0,"_bbp_total_topic_count":0,"_bbp_total_reply_count":0,"_bbp_voice_count":0,"_bbp_anonymous_reply_count":0,"_bbp_topic_count_hidden":0,"_bbp_reply_count_hidden":0,"_bbp_forum_subforum_count":0,"om_disable_all_campaigns":false,"_monsterinsights_skip_tracking":false,"_monsterinsights_sitenote_active":false,"_monsterinsights_sitenote_note":"","_monsterinsights_sitenote_category":0,"_wp_rev_ctl_limit":""},"aioseo_notices":[],"_links":{"self":[{"href":"https:\/\/www.altei.cz\/wp_apogeedigital\/wp-json\/wp\/v2\/pages\/5201"}],"collection":[{"href":"https:\/\/www.altei.cz\/wp_apogeedigital\/wp-json\/wp\/v2\/pages"}],"about":[{"href":"https:\/\/www.altei.cz\/wp_apogeedigital\/wp-json\/wp\/v2\/types\/page"}],"author":[{"embeddable":true,"href":"https:\/\/www.altei.cz\/wp_apogeedigital\/wp-json\/wp\/v2\/users\/1"}],"replies":[{"embeddable":true,"href":"https:\/\/www.altei.cz\/wp_apogeedigital\/wp-json\/wp\/v2\/comments?post=5201"}],"version-history":[{"count":0,"href":"https:\/\/www.altei.cz\/wp_apogeedigital\/wp-json\/wp\/v2\/pages\/5201\/revisions"}],"wp:attachment":[{"href":"https:\/\/www.altei.cz\/wp_apogeedigital\/wp-json\/wp\/v2\/media?parent=5201"}],"curies":[{"name":"wp","href":"https:\/\/api.w.org\/{rel}","templated":true}]}}