{"id":5209,"date":"2019-01-29T16:52:36","date_gmt":"2019-01-29T15:52:36","guid":{"rendered":"https:\/\/www.altei.cz\/wp_apogeedigital\/?page_id=5209"},"modified":"2019-01-29T18:06:54","modified_gmt":"2019-01-29T17:06:54","slug":"hypemic-galerie","status":"publish","type":"page","link":"https:\/\/www.altei.cz\/wp_apogeedigital\/hypemic-galerie\/","title":{"rendered":"HypeMIC-galerie"},"content":{"rendered":"<div id='layer_slider_1'  class='avia-layerslider main_color avia-shadow  avia-builder-el-0  el_before_av_submenu  avia-builder-el-first  container_wrap sidebar_right'  style='height: 201px;'  ><\/div>\n<div class='clear'><\/div><div id='sub_menu1'  class='av-submenu-container av-av_submenu-0ea46dff8983e641713121364a84d59d main_color  avia-builder-el-1  el_after_av_layerslider  el_before_av_section  av-sticky-submenu submenu-not-first container_wrap sidebar_right' style='z-index:301' ><div class='container av-menu-mobile-disabled av-submenu-pos-center'><ul id=\"menu-hypemic-submenu\" class=\"av-subnav-menu\"><li role=\"menuitem\" id=\"menu-item-5239\" class=\"menu-item menu-item-type-post_type menu-item-object-page menu-item-top-level menu-item-top-level-1\"><a href=\"https:\/\/www.altei.cz\/wp_apogeedigital\/hypemic\/\" itemprop=\"url\" tabindex=\"0\"><span class=\"avia-bullet\"><\/span><span class=\"avia-menu-text\">P\u0159ehled<\/span><span class=\"avia-menu-fx\"><span class=\"avia-arrow-wrap\"><span class=\"avia-arrow\"><\/span><\/span><\/span><\/a><\/li>\n<li role=\"menuitem\" id=\"menu-item-5240\" class=\"menu-item menu-item-type-custom menu-item-object-custom menu-item-top-level menu-item-top-level-2\"><a href=\"https:\/\/www.altei.cz\/wp_apogeedigital\/hypemic\/#hypemic-prohlidka\" itemprop=\"url\" tabindex=\"0\"><span class=\"avia-bullet\"><\/span><span class=\"avia-menu-text\">Prohl\u00eddka<\/span><span class=\"avia-menu-fx\"><span class=\"avia-arrow-wrap\"><span class=\"avia-arrow\"><\/span><\/span><\/span><\/a><\/li>\n<li role=\"menuitem\" id=\"menu-item-5237\" class=\"menu-item menu-item-type-post_type menu-item-object-page menu-item-top-level menu-item-top-level-3\"><a href=\"https:\/\/www.altei.cz\/wp_apogeedigital\/hypemic-galerie\/\" itemprop=\"url\" tabindex=\"0\"><span class=\"avia-bullet\"><\/span><span class=\"avia-menu-text\">Galerie<\/span><span class=\"avia-menu-fx\"><span class=\"avia-arrow-wrap\"><span class=\"avia-arrow\"><\/span><\/span><\/span><\/a><\/li>\n<li role=\"menuitem\" id=\"menu-item-5236\" class=\"menu-item menu-item-type-post_type menu-item-object-page menu-item-top-level menu-item-top-level-4\"><a href=\"https:\/\/www.altei.cz\/wp_apogeedigital\/hypemic-video\/\" itemprop=\"url\" tabindex=\"0\"><span class=\"avia-bullet\"><\/span><span class=\"avia-menu-text\">Videa<\/span><span class=\"avia-menu-fx\"><span class=\"avia-arrow-wrap\"><span class=\"avia-arrow\"><\/span><\/span><\/span><\/a><\/li>\n<li role=\"menuitem\" id=\"menu-item-5238\" class=\"menu-item menu-item-type-post_type menu-item-object-page menu-item-top-level menu-item-top-level-5\"><a href=\"https:\/\/www.altei.cz\/wp_apogeedigital\/hypemic-specifikace\/\" itemprop=\"url\" tabindex=\"0\"><span class=\"avia-bullet\"><\/span><span class=\"avia-menu-text\">Specifikace<\/span><span class=\"avia-menu-fx\"><span class=\"avia-arrow-wrap\"><span class=\"avia-arrow\"><\/span><\/span><\/span><\/a><\/li>\n<li role=\"menuitem\" id=\"menu-item-5235\" class=\"menu-item menu-item-type-post_type menu-item-object-page menu-item-top-level menu-item-top-level-6\"><a href=\"https:\/\/www.altei.cz\/wp_apogeedigital\/hypemic-recenze\/\" itemprop=\"url\" tabindex=\"0\"><span class=\"avia-bullet\"><\/span><span class=\"avia-menu-text\">Recenze<\/span><span class=\"avia-menu-fx\"><span class=\"avia-arrow-wrap\"><span class=\"avia-arrow\"><\/span><\/span><\/span><\/a><\/li>\n<li role=\"menuitem\" id=\"menu-item-5244\" class=\"menu-item menu-item-type-custom menu-item-object-custom av-menu-button av-menu-button-colored menu-item-top-level menu-item-top-level-7\"><a href=\"https:\/\/www.altei.cz\/altei-shop\/hypemic\/\" itemprop=\"url\" tabindex=\"0\"><span class=\"avia-bullet\"><\/span><span class=\"avia-menu-text\">Koupit<\/span><span class=\"avia-menu-fx\"><span class=\"avia-arrow-wrap\"><span class=\"avia-arrow\"><\/span><\/span><\/span><\/a><\/li>\n<\/ul><\/div><\/div><div class='sticky_placeholder'><\/div>\n\n<style type=\"text\/css\" data-created_by=\"avia_inline_auto\" id=\"style-css-av-av_section-5e0bfc324a1f7af8d5117cce6d257410\">\n.avia-section.av-av_section-5e0bfc324a1f7af8d5117cce6d257410{\nbackground-repeat:no-repeat;\nbackground-image:url(https:\/\/www.altei.cz\/wp_apogeedigital\/wp-content\/uploads\/2015\/07\/bkg-gradation-f2-1030x445.jpeg);\nbackground-position:50% 50%;\nbackground-attachment:scroll;\n}\n<\/style>\n<div id='gallerie-duet'  class='avia-section av-av_section-5e0bfc324a1f7af8d5117cce6d257410 main_color avia-section-large avia-no-shadow  avia-builder-el-2  el_after_av_submenu  el_before_av_section  avia-full-stretch avia-bg-style-scroll container_wrap sidebar_right'  data-section-bg-repeat='stretch'><div class='container av-section-cont-open' ><div class='template-page content  av-content-small alpha units'><div class='post-entry post-entry-type-page post-entry-5209'><div class='entry-content-wrapper clearfix'>\n\n<style type=\"text\/css\" data-created_by=\"avia_inline_auto\" id=\"style-css-av-av_partner-c7ba3b2c91be72158dced9b46d8e9c85\">\n.avia-logo-element-container.av-av_partner-c7ba3b2c91be72158dced9b46d8e9c85 .av-partner-fake-img{\nbackground-size:cover;\n}\n<\/style>\n<div  class='avia-logo-element-container av-av_partner-c7ba3b2c91be72158dced9b46d8e9c85 avia-logo-grid avia-content-slider avia-smallarrow-slider avia-content-grid-active noHover avia-content-slider-even  avia-builder-el-3  avia-builder-el-no-sibling  avia-content-slider1' ><div class='avia-smallarrow-slider-heading  no-logo-slider-heading '><\/div><div class=\"avia-content-slider-inner\"><div class=\"slide-entry-wrap\"><div  class='slide-entry av-av_partner_logo-282bf60d699321847ccf1b5f76611b59 flex_column no_margin av_one_fourth real-thumbnail post-entry slide-entry-overview slide-loop-1 slide-parity-odd  first'><a href=\"https:\/\/www.altei.cz\/wp_apogeedigital\/wp-content\/uploads\/2019\/01\/Apogee-HypeMiC-3-Quarters-Left-Pop-Filter-IMG_0002-1000.jpg\" data-srcset=\"https:\/\/www.altei.cz\/wp_apogeedigital\/wp-content\/uploads\/2019\/01\/Apogee-HypeMiC-3-Quarters-Left-Pop-Filter-IMG_0002-1000.jpg 1000w, https:\/\/www.altei.cz\/wp_apogeedigital\/wp-content\/uploads\/2019\/01\/Apogee-HypeMiC-3-Quarters-Left-Pop-Filter-IMG_0002-1000-300x200.jpg 300w, https:\/\/www.altei.cz\/wp_apogeedigital\/wp-content\/uploads\/2019\/01\/Apogee-HypeMiC-3-Quarters-Left-Pop-Filter-IMG_0002-1000-768x512.jpg 768w, https:\/\/www.altei.cz\/wp_apogeedigital\/wp-content\/uploads\/2019\/01\/Apogee-HypeMiC-3-Quarters-Left-Pop-Filter-IMG_0002-1000-705x470.jpg 705w, https:\/\/www.altei.cz\/wp_apogeedigital\/wp-content\/uploads\/2019\/01\/Apogee-HypeMiC-3-Quarters-Left-Pop-Filter-IMG_0002-1000-600x400.jpg 600w\" data-sizes=\"(max-width: 1000px) 100vw, 1000px\" data-rel='slide-1' class='slide-image' title='' ><span class='av-partner-fake-img' style='padding-bottom:80.8080808081%; background-image:url(https:\/\/www.altei.cz\/wp_apogeedigital\/wp-content\/uploads\/2019\/01\/Apogee-HypeMiC-3-Quarters-Left-Pop-Filter-IMG_0002-1000-495x400.jpg);'><\/span><\/a><\/div><div  class='slide-entry av-av_partner_logo-11420fd99ca93b010e02229e2276f8b8 flex_column no_margin av_one_fourth real-thumbnail post-entry slide-entry-overview slide-loop-2 slide-parity-even  '><span class='av-partner-fake-img' style='padding-bottom:80.8080808081%; background-image:url(https:\/\/www.altei.cz\/wp_apogeedigital\/wp-content\/uploads\/2019\/01\/Apogee-HypeMiC-Front-IMG_0010-1000-495x400.jpg);'><\/span><\/div><div  class='slide-entry av-av_partner_logo-d86d196e3b67ffdf59fcda1149f67455 flex_column no_margin av_one_fourth real-thumbnail post-entry slide-entry-overview slide-loop-3 slide-parity-odd  '><span class='av-partner-fake-img' style='padding-bottom:80.8080808081%; background-image:url(https:\/\/www.altei.cz\/wp_apogeedigital\/wp-content\/uploads\/2019\/01\/Apogee-HypeMiC-3-Quarters-Right-IMG_0011-1000-495x400.jpg);'><\/span><\/div><div  class='slide-entry av-av_partner_logo-035ee9d3b2aa6a47adc1bb45c6eb9fcf flex_column no_margin av_one_fourth real-thumbnail post-entry slide-entry-overview slide-loop-4 slide-parity-even  '><span class='av-partner-fake-img' style='padding-bottom:80.8080808081%; background-image:url(https:\/\/www.altei.cz\/wp_apogeedigital\/wp-content\/uploads\/2019\/01\/Apogee-HypeMiC-Facing-Right-495x400.jpg);'><\/span><\/div><\/div><div class=\"slide-entry-wrap\"><div  class='slide-entry av-av_partner_logo-3880113652fb6799e7959b4f06ea8bbd flex_column no_margin av_one_fourth real-thumbnail post-entry slide-entry-overview slide-loop-5 slide-parity-odd  first'><span class='av-partner-fake-img' style='padding-bottom:80.8080808081%; background-image:url(https:\/\/www.altei.cz\/wp_apogeedigital\/wp-content\/uploads\/2019\/01\/Apogee-HypeMiC-Back-495x400.jpg);'><\/span><\/div><div  class='slide-entry av-av_partner_logo-5a6d5250f0777f1b4f5831bd93bda31e flex_column no_margin av_one_fourth real-thumbnail post-entry slide-entry-overview slide-loop-6 slide-parity-even  '><span class='av-partner-fake-img' style='padding-bottom:80.8080808081%; background-image:url(https:\/\/www.altei.cz\/wp_apogeedigital\/wp-content\/uploads\/2019\/01\/Apogee-HypeMiC-Laying-Down-Perspective-Left-IMG_0048-1000-495x400.jpg);'><\/span><\/div><div  class='slide-entry av-av_partner_logo-62e983310d5dc4e54420415cbf8e10ec flex_column no_margin av_one_fourth real-thumbnail post-entry slide-entry-overview slide-loop-7 slide-parity-odd  '><span class='av-partner-fake-img' style='padding-bottom:80.8080808081%; background-image:url(https:\/\/www.altei.cz\/wp_apogeedigital\/wp-content\/uploads\/2019\/01\/Apogee-HypeMiC-Bottom-495x400.jpg);'><\/span><\/div><div  class='slide-entry av-av_partner_logo-a188c69e67610f6c3651076011988e09 flex_column no_margin av_one_fourth real-thumbnail post-entry slide-entry-overview slide-loop-8 slide-parity-even  '><span class='av-partner-fake-img' style='padding-bottom:80.8080808081%; background-image:url(https:\/\/www.altei.cz\/wp_apogeedigital\/wp-content\/uploads\/2019\/01\/Apogee-HypeMiC-Top-IMG_0031-1000-495x400.jpg);'><\/span><\/div><\/div><div class=\"slide-entry-wrap\"><div  class='slide-entry av-av_partner_logo-0a36331d352d6b76d5c6805e96221eec flex_column no_margin av_one_fourth real-thumbnail post-entry slide-entry-overview slide-loop-9 slide-parity-odd  first'><span class='av-partner-fake-img' style='padding-bottom:80.8080808081%; background-image:url(https:\/\/www.altei.cz\/wp_apogeedigital\/wp-content\/uploads\/2019\/01\/Apogee-MiC-Plus-HypeMiC-Perspective-1V0A7730-1000-495x400.jpg);'><\/span><\/div><div  class='slide-entry av-av_partner_logo-14f630d0554dd8f1a755dca4abc6c4c9 flex_column no_margin av_one_fourth real-thumbnail post-entry slide-entry-overview slide-loop-10 slide-parity-even  '><span class='av-partner-fake-img' style='padding-bottom:80.8080808081%; background-image:url(https:\/\/www.altei.cz\/wp_apogeedigital\/wp-content\/uploads\/2019\/01\/Apogee-HypeMiC-MiC-Plus-1V0A7743-1000-495x400.jpg);'><\/span><\/div><div  class='slide-entry av-av_partner_logo-d2604094c22d73e7effc34a18658fc4e flex_column no_margin av_one_fourth real-thumbnail post-entry slide-entry-overview slide-loop-11 slide-parity-odd  '><span class='av-partner-fake-img' style='padding-bottom:80.8080808081%; background-image:url(https:\/\/www.altei.cz\/wp_apogeedigital\/wp-content\/uploads\/2019\/01\/Apogee-HypeMiC-MacBook-Headphones-IMG_0059_1-New-Tripod-1000-495x400.jpg);'><\/span><\/div><div  class='slide-entry av-av_partner_logo-0b0fa06a2437ac47f5e1abec1761725e flex_column no_margin av_one_fourth real-thumbnail post-entry slide-entry-overview slide-loop-12 slide-parity-even  '><span class='av-partner-fake-img' style='padding-bottom:80.8080808081%; background-image:url(https:\/\/www.altei.cz\/wp_apogeedigital\/wp-content\/uploads\/2019\/01\/Apogee-HypeMiC-SurfacePro-Headphones-Live-Tripod-IMG_0028_1-1000-495x400.jpg);'><\/span><\/div><\/div><div class=\"slide-entry-wrap\"><div  class='slide-entry av-av_partner_logo-53573d864d39e4766d3101da6cd19369 flex_column no_margin av_one_fourth real-thumbnail post-entry slide-entry-overview slide-loop-13 slide-parity-odd  first'><span class='av-partner-fake-img' style='padding-bottom:80.8080808081%; background-image:url(https:\/\/www.altei.cz\/wp_apogeedigital\/wp-content\/uploads\/2019\/01\/Apogee-HypeMiC-Tripod-3-Pop-Filter-Quarters-iPad-Headphones-IMG_0013_1-1000-495x400.jpg);'><\/span><\/div><div  class='slide-entry av-av_partner_logo-775f5f7d8e277a33682885df788e9eb2 flex_column no_margin av_one_fourth real-thumbnail post-entry slide-entry-overview slide-loop-14 slide-parity-even  '><span class='av-partner-fake-img' style='padding-bottom:80.8080808081%; background-image:url(https:\/\/www.altei.cz\/wp_apogeedigital\/wp-content\/uploads\/2019\/01\/Apogee-HypeMiC-3-Quarters-Tripod-iPhone-Headphones-case-1000-495x400.jpg);'><\/span><\/div><div  class='slide-entry av-av_partner_logo-b85fc60290df5f71708d867e4f985041 flex_column no_margin av_one_fourth real-thumbnail post-entry slide-entry-overview slide-loop-15 slide-parity-odd  '><span class='av-partner-fake-img' style='padding-bottom:80.8080808081%; background-image:url(https:\/\/www.altei.cz\/wp_apogeedigital\/wp-content\/uploads\/2019\/01\/HypeMiC-In-Case-IMG_0032_1-1000-495x400.jpg);'><\/span><\/div><div  class='slide-entry av-av_partner_logo-7440cbfe2ca1148028bd445ea41b760f flex_column no_margin av_one_fourth real-thumbnail post-entry slide-entry-overview slide-loop-16 slide-parity-even post-entry-last '><span class='av-partner-fake-img' style='padding-bottom:80.8080808081%; background-image:url(https:\/\/www.altei.cz\/wp_apogeedigital\/wp-content\/uploads\/2019\/01\/HypeMiC-case-and-accessories-IMG_0033_1-495x400.png);'><\/span><\/div><\/div><\/div><\/div>\n\n<\/div><\/div><\/div><!-- close content main div --><\/div><\/div>\n<style type=\"text\/css\" data-created_by=\"avia_inline_auto\" id=\"style-css-av-av_section-dce8581cb2fdaa0a517fb3aa1bdf7de6\">\n.avia-section.av-av_section-dce8581cb2fdaa0a517fb3aa1bdf7de6{\nbackground-repeat:no-repeat;\nbackground-image:url(https:\/\/www.altei.cz\/wp_apogeedigital\/wp-content\/uploads\/2015\/07\/bkg-gradation-f2-1030x445.jpeg);\nbackground-position:50% 50%;\nbackground-attachment:scroll;\n}\n<\/style>\n<div id='av_section_2'  class='avia-section av-av_section-dce8581cb2fdaa0a517fb3aa1bdf7de6 main_color avia-section-large avia-no-shadow  avia-builder-el-4  el_after_av_section  el_before_av_section  avia-full-stretch avia-bg-style-scroll container_wrap sidebar_right'  data-section-bg-repeat='stretch'><div class='container av-section-cont-open' ><div class='template-page content  av-content-small alpha units'><div class='post-entry post-entry-type-page post-entry-5209'><div class='entry-content-wrapper clearfix'>\n<div class='flex_column av-av_one_fourth-2a9015ff38129c418a3f2eafba3e9512 av_one_fourth  avia-builder-el-5  el_before_av_one_fourth  avia-builder-el-first  first flex_column_div '     ><\/div>\n<style type=\"text\/css\" data-created_by=\"avia_inline_auto\" id=\"style-css-av-av_one_fourth-9c1d454dc06f7247226bc4e8f931daae\">\n.flex_column.av-av_one_fourth-9c1d454dc06f7247226bc4e8f931daae{\n-webkit-border-radius:0px 0px 0px 0px;\n-moz-border-radius:0px 0px 0px 0px;\nborder-radius:0px 0px 0px 0px;\npadding:0px 0px 0px 0px;\n}\n<\/style>\n<div class='flex_column av-av_one_fourth-9c1d454dc06f7247226bc4e8f931daae av_one_fourth  avia-builder-el-6  el_after_av_one_fourth  el_before_av_one_fourth  flex_column_div av-zero-column-padding '     ><style type=\"text\/css\" data-created_by=\"avia_inline_auto\" id=\"style-css-av-av_image-ee6e1ee85539f92ce6f2580ac8cb9796\">\n.avia-image-container.av-av_image-ee6e1ee85539f92ce6f2580ac8cb9796 img.avia_image{\nbox-shadow:none;\n}\n.avia-image-container.av-av_image-ee6e1ee85539f92ce6f2580ac8cb9796 .av-image-caption-overlay-center{\ncolor:#ffffff;\n}\n<\/style>\n<div  class='avia-image-container av-av_image-ee6e1ee85539f92ce6f2580ac8cb9796 av-styling- avia-align-center  avia-builder-el-7  avia-builder-el-no-sibling '   itemprop=\"image\" itemscope=\"itemscope\" itemtype=\"https:\/\/schema.org\/ImageObject\" ><div class=\"avia-image-container-inner\"><div class=\"avia-image-overlay-wrap\"><img decoding=\"async\" class='wp-image-5227 avia-img-lazy-loading-not-5227 avia_image ' src=\"https:\/\/www.altei.cz\/wp_apogeedigital\/wp-content\/uploads\/2019\/01\/Apogee-HypeMiC-Front-Main-106x300.png\" alt='' title='Apogee-HypeMiC-Front-Main-106x300'  height=\"300\" width=\"106\"  itemprop=\"thumbnailUrl\"  \/><\/div><\/div><\/div><\/div>\n<style type=\"text\/css\" data-created_by=\"avia_inline_auto\" id=\"style-css-av-av_one_fourth-9c1d454dc06f7247226bc4e8f931daae\">\n.flex_column.av-av_one_fourth-9c1d454dc06f7247226bc4e8f931daae{\n-webkit-border-radius:0px 0px 0px 0px;\n-moz-border-radius:0px 0px 0px 0px;\nborder-radius:0px 0px 0px 0px;\npadding:0px 0px 0px 0px;\n}\n<\/style>\n<div class='flex_column av-av_one_fourth-9c1d454dc06f7247226bc4e8f931daae av_one_fourth  avia-builder-el-8  el_after_av_one_fourth  el_before_av_one_fourth  flex_column_div av-zero-column-padding '     ><section  class='av_textblock_section av-av_textblock-2de302bf1aa3cf4c9157dbe6f50ac7eb'  itemscope=\"itemscope\" itemtype=\"https:\/\/schema.org\/CreativeWork\" ><div class='avia_textblock'  itemprop=\"text\" ><h3>V\u00edce o HypeMIC<\/h3>\n<ul>\n<li><a href=\"https:\/\/www.altei.cz\/wp_apogeedigital\/hype-mic\/\">P\u0159ehled<\/a><\/li>\n<li><a href=\"https:\/\/www.altei.cz\/wp_apogeedigital\/hypemic-specifikace\/\">Specifikace<\/a><\/li>\n<li><a href=\"https:\/\/www.altei.cz\/wp_apogeedigital\/hypemic-video\/\">Videa<\/a><\/li>\n<li><a href=\"https:\/\/www.altei.cz\/wp_apogeedigital\/hypemic-galerie\/\">Galerie<\/a><\/li>\n<li><a href=\"https:\/\/www.altei.cz\/wp_apogeedigital\/mic-plus-nahravky\/\">Nahr\u00e1vky<\/a><\/li>\n<li><a href=\"https:\/\/www.altei.cz\/wp_apogeedigital\/hypemic-recenze\/\">Recenze<\/a><\/li>\n<\/ul>\n<\/div><\/section><\/div>\n<style type=\"text\/css\" data-created_by=\"avia_inline_auto\" id=\"style-css-av-av_one_fourth-9c1d454dc06f7247226bc4e8f931daae\">\n.flex_column.av-av_one_fourth-9c1d454dc06f7247226bc4e8f931daae{\n-webkit-border-radius:0px 0px 0px 0px;\n-moz-border-radius:0px 0px 0px 0px;\nborder-radius:0px 0px 0px 0px;\npadding:0px 0px 0px 0px;\n}\n<\/style>\n<div class='flex_column av-av_one_fourth-9c1d454dc06f7247226bc4e8f931daae av_one_fourth  avia-builder-el-10  el_after_av_one_fourth  avia-builder-el-last  flex_column_div av-zero-column-padding '     ><\/div>\n\n<\/div><\/div><\/div><!-- close content main div --><\/div><\/div>\n<style type=\"text\/css\" data-created_by=\"avia_inline_auto\" id=\"style-css-av-av_section-dce8581cb2fdaa0a517fb3aa1bdf7de6\">\n.avia-section.av-av_section-dce8581cb2fdaa0a517fb3aa1bdf7de6{\nbackground-repeat:no-repeat;\nbackground-image:url(https:\/\/www.altei.cz\/wp_apogeedigital\/wp-content\/uploads\/2015\/07\/bkg-gradation-f2-1030x445.jpeg);\nbackground-position:50% 50%;\nbackground-attachment:scroll;\n}\n<\/style>\n<div id='av_section_3'  class='avia-section av-av_section-dce8581cb2fdaa0a517fb3aa1bdf7de6 main_color avia-section-large avia-no-shadow  avia-builder-el-11  el_after_av_section  avia-builder-el-last  avia-full-stretch avia-bg-style-scroll container_wrap sidebar_right'  data-section-bg-repeat='stretch'><div class='container av-section-cont-open' ><div class='template-page content  av-content-small alpha units'><div class='post-entry post-entry-type-page post-entry-5209'><div class='entry-content-wrapper clearfix'>\n<div class='flex_column av-av_one_fourth-2a9015ff38129c418a3f2eafba3e9512 av_one_fourth  avia-builder-el-12  el_before_av_one_fourth  avia-builder-el-first  first flex_column_div '     ><article  class='iconbox iconbox_top av-av_icon_box-b36386a972e03ff63c98d82cd5c85d28  avia-builder-el-13  avia-builder-el-no-sibling  main_color'  itemscope=\"itemscope\" itemtype=\"https:\/\/schema.org\/CreativeWork\" ><div class=\"iconbox_content\"><header class=\"entry-content-header\"><a href='http:\/\/www.apogeedigital.com\/knowledgebase\/' title='' target=\"_blank\" rel=\"noopener noreferrer\" class=\"iconbox_icon heading-color\" aria-hidden='true' data-av_icon='\ue81c' data-av_iconfont='entypo-fontello'><\/a><\/header><div class='iconbox_content_container '  itemprop=\"text\" ><p>Ot\u00e1zky a odpov\u011bdi (angl.)<\/p>\n<\/div><\/div><footer class=\"entry-footer\"><\/footer><\/article><\/div>\n<style type=\"text\/css\" data-created_by=\"avia_inline_auto\" id=\"style-css-av-av_one_fourth-9c1d454dc06f7247226bc4e8f931daae\">\n.flex_column.av-av_one_fourth-9c1d454dc06f7247226bc4e8f931daae{\n-webkit-border-radius:0px 0px 0px 0px;\n-moz-border-radius:0px 0px 0px 0px;\nborder-radius:0px 0px 0px 0px;\npadding:0px 0px 0px 0px;\n}\n<\/style>\n<div class='flex_column av-av_one_fourth-9c1d454dc06f7247226bc4e8f931daae av_one_fourth  avia-builder-el-14  el_after_av_one_fourth  el_before_av_one_fourth  flex_column_div av-zero-column-padding '     ><article  class='iconbox iconbox_top av-av_icon_box-43d84e0b1e230c0be8804d49e8aa295a  avia-builder-el-15  avia-builder-el-no-sibling  main_color'  itemscope=\"itemscope\" itemtype=\"https:\/\/schema.org\/CreativeWork\" ><div class=\"iconbox_content\"><header class=\"entry-content-header\"><a href='https:\/\/www.altei.cz\/wp_apogeedigital\/message\/' title=''  class=\"iconbox_icon heading-color\" aria-hidden='true' data-av_icon='\ue805' data-av_iconfont='entypo-fontello'><\/a><\/header><div class='iconbox_content_container '  itemprop=\"text\" ><p>M\u00e1te dotaz? Napi\u0161te n\u00e1m.<\/p>\n<\/div><\/div><footer class=\"entry-footer\"><\/footer><\/article><\/div>\n<style type=\"text\/css\" data-created_by=\"avia_inline_auto\" id=\"style-css-av-av_one_fourth-9c1d454dc06f7247226bc4e8f931daae\">\n.flex_column.av-av_one_fourth-9c1d454dc06f7247226bc4e8f931daae{\n-webkit-border-radius:0px 0px 0px 0px;\n-moz-border-radius:0px 0px 0px 0px;\nborder-radius:0px 0px 0px 0px;\npadding:0px 0px 0px 0px;\n}\n<\/style>\n<div class='flex_column av-av_one_fourth-9c1d454dc06f7247226bc4e8f931daae av_one_fourth  avia-builder-el-16  el_after_av_one_fourth  el_before_av_one_fourth  flex_column_div av-zero-column-padding '     ><article  class='iconbox iconbox_top av-av_icon_box-4d8b88e5da44c73ec7f1917647b17527  avia-builder-el-17  avia-builder-el-no-sibling  main_color'  itemscope=\"itemscope\" itemtype=\"https:\/\/schema.org\/CreativeWork\" ><div class=\"iconbox_content\"><header class=\"entry-content-header\"><a href='https:\/\/www.altei.cz\/wp_apogeedigital\/dealer-locator\/' title=''  target=\"_blank\"  rel=\"noopener noreferrer\" class=\"iconbox_icon heading-color\" aria-hidden='true' data-av_icon='\ue803' data-av_iconfont='entypo-fontello'><\/a><\/header><div class='iconbox_content_container '  itemprop=\"text\" ><p>Kde koupit ?<\/p>\n<\/div><\/div><footer class=\"entry-footer\"><\/footer><\/article><\/div>\n<style type=\"text\/css\" data-created_by=\"avia_inline_auto\" id=\"style-css-av-av_one_fourth-9c1d454dc06f7247226bc4e8f931daae\">\n.flex_column.av-av_one_fourth-9c1d454dc06f7247226bc4e8f931daae{\n-webkit-border-radius:0px 0px 0px 0px;\n-moz-border-radius:0px 0px 0px 0px;\nborder-radius:0px 0px 0px 0px;\npadding:0px 0px 0px 0px;\n}\n<\/style>\n<div class='flex_column av-av_one_fourth-9c1d454dc06f7247226bc4e8f931daae av_one_fourth  avia-builder-el-18  el_after_av_one_fourth  avia-builder-el-last  flex_column_div av-zero-column-padding '     ><article  class='iconbox iconbox_top av-av_icon_box-74e5e363f41078a97d00ffc4fbbb0b2d  avia-builder-el-19  avia-builder-el-no-sibling  main_color'  itemscope=\"itemscope\" itemtype=\"https:\/\/schema.org\/CreativeWork\" ><div class=\"iconbox_content\"><header class=\"entry-content-header\"><a href='http:\/\/www.altei.cz\/brand\/apogee\/' title=''  class=\"iconbox_icon heading-color\" aria-hidden='true' data-av_icon='\ue859' data-av_iconfont='entypo-fontello'><\/a><\/header><div class='iconbox_content_container '  itemprop=\"text\" ><p>Koupit Apogee produkty a p\u0159\u00edslu\u0161enstv\u00ed<\/p>\n<\/div><\/div><footer class=\"entry-footer\"><\/footer><\/article><\/div>\n<\/div><\/div><\/div><!-- close content main div --><\/div><\/div><div id='after_section_3'  class='main_color av_default_container_wrap container_wrap sidebar_right'  ><div class='container av-section-cont-open' ><div class='template-page content  av-content-small alpha units'><div class='post-entry post-entry-type-page post-entry-5209'><div class='entry-content-wrapper clearfix'>\n","protected":false},"excerpt":{"rendered":"","protected":false},"author":1,"featured_media":0,"parent":0,"menu_order":0,"comment_status":"closed","ping_status":"open","template":"","meta":{"_bbp_topic_count":0,"_bbp_reply_count":0,"_bbp_total_topic_count":0,"_bbp_total_reply_count":0,"_bbp_voice_count":0,"_bbp_anonymous_reply_count":0,"_bbp_topic_count_hidden":0,"_bbp_reply_count_hidden":0,"_bbp_forum_subforum_count":0,"om_disable_all_campaigns":false,"_monsterinsights_skip_tracking":false,"_monsterinsights_sitenote_active":false,"_monsterinsights_sitenote_note":"","_monsterinsights_sitenote_category":0,"_wp_rev_ctl_limit":""},"aioseo_notices":[],"_links":{"self":[{"href":"https:\/\/www.altei.cz\/wp_apogeedigital\/wp-json\/wp\/v2\/pages\/5209"}],"collection":[{"href":"https:\/\/www.altei.cz\/wp_apogeedigital\/wp-json\/wp\/v2\/pages"}],"about":[{"href":"https:\/\/www.altei.cz\/wp_apogeedigital\/wp-json\/wp\/v2\/types\/page"}],"author":[{"embeddable":true,"href":"https:\/\/www.altei.cz\/wp_apogeedigital\/wp-json\/wp\/v2\/users\/1"}],"replies":[{"embeddable":true,"href":"https:\/\/www.altei.cz\/wp_apogeedigital\/wp-json\/wp\/v2\/comments?post=5209"}],"version-history":[{"count":0,"href":"https:\/\/www.altei.cz\/wp_apogeedigital\/wp-json\/wp\/v2\/pages\/5209\/revisions"}],"wp:attachment":[{"href":"https:\/\/www.altei.cz\/wp_apogeedigital\/wp-json\/wp\/v2\/media?parent=5209"}],"curies":[{"name":"wp","href":"https:\/\/api.w.org\/{rel}","templated":true}]}}