{"id":5257,"date":"2019-01-30T11:12:42","date_gmt":"2019-01-30T10:12:42","guid":{"rendered":"https:\/\/www.altei.cz\/wp_apogeedigital\/?page_id=5257"},"modified":"2019-01-30T15:48:42","modified_gmt":"2019-01-30T14:48:42","slug":"clipmic-digital","status":"publish","type":"page","link":"https:\/\/www.altei.cz\/wp_apogeedigital\/clipmic-digital\/","title":{"rendered":"ClipMIC Digital"},"content":{"rendered":"<div id='layer_slider_1'  class='avia-layerslider main_color avia-shadow  avia-builder-el-0  el_before_av_submenu  avia-builder-el-first  container_wrap sidebar_right'  style='height: 471px;'  ><\/div>\n<div class='clear'><\/div><div id='sub_menu1'  class='av-submenu-container av-av_submenu-6d622566ef9036c63ae8f896280be31d main_color  avia-builder-el-1  el_after_av_layerslider  el_before_av_hr  av-sticky-submenu submenu-not-first container_wrap sidebar_right' style='z-index:301' ><div class='container av-menu-mobile-disabled av-submenu-pos-center'><ul id=\"menu-clipmic-submenu\" class=\"av-subnav-menu\"><li role=\"menuitem\" id=\"menu-item-5264\" class=\"menu-item menu-item-type-post_type menu-item-object-page menu-item-top-level menu-item-top-level-1\"><a href=\"https:\/\/www.altei.cz\/wp_apogeedigital\/clipmic-digital\/\" itemprop=\"url\" tabindex=\"0\"><span class=\"avia-bullet\"><\/span><span class=\"avia-menu-text\">P\u0159ehled<\/span><span class=\"avia-menu-fx\"><span class=\"avia-arrow-wrap\"><span class=\"avia-arrow\"><\/span><\/span><\/span><\/a><\/li>\n<li role=\"menuitem\" id=\"menu-item-5270\" class=\"menu-item menu-item-type-custom menu-item-object-custom menu-item-top-level menu-item-top-level-2\"><a href=\"#clipmic-parameters\" itemprop=\"url\" tabindex=\"0\"><span class=\"avia-bullet\"><\/span><span class=\"avia-menu-text\">Specifikace<\/span><span class=\"avia-menu-fx\"><span class=\"avia-arrow-wrap\"><span class=\"avia-arrow\"><\/span><\/span><\/span><\/a><\/li>\n<li role=\"menuitem\" id=\"menu-item-5269\" class=\"menu-item menu-item-type-custom menu-item-object-custom menu-item-top-level menu-item-top-level-3\"><a href=\"#clipmic-video\" itemprop=\"url\" tabindex=\"0\"><span class=\"avia-bullet\"><\/span><span class=\"avia-menu-text\">Video<\/span><span class=\"avia-menu-fx\"><span class=\"avia-arrow-wrap\"><span class=\"avia-arrow\"><\/span><\/span><\/span><\/a><\/li>\n<li role=\"menuitem\" id=\"menu-item-5267\" class=\"menu-item menu-item-type-custom menu-item-object-custom av-menu-button av-menu-button-colored menu-item-top-level menu-item-top-level-4\"><a href=\"https:\/\/www.altei.cz\/altei-shop\/clipmic-digital\/\" itemprop=\"url\" tabindex=\"0\"><span class=\"avia-bullet\"><\/span><span class=\"avia-menu-text\">Koupit<\/span><span class=\"avia-menu-fx\"><span class=\"avia-arrow-wrap\"><span class=\"avia-arrow\"><\/span><\/span><\/span><\/a><\/li>\n<\/ul><\/div><\/div><div class='sticky_placeholder'><\/div><div id='after_submenu_1'  class='main_color av_default_container_wrap container_wrap sidebar_right'  ><div class='container av-section-cont-open' ><div class='template-page content  av-content-small alpha units'><div class='post-entry post-entry-type-page post-entry-5257'><div class='entry-content-wrapper clearfix'>\n\n<style type=\"text\/css\" data-created_by=\"avia_inline_auto\" id=\"style-css-av-av_hr-424df346aac155d00a7e2b10567e62cd\">\n#top .hr.hr-invisible.av-av_hr-424df346aac155d00a7e2b10567e62cd{\nheight:50px;\n}\n<\/style>\n<div  class='hr av-av_hr-424df346aac155d00a7e2b10567e62cd hr-invisible  avia-builder-el-2  el_after_av_submenu  el_before_av_three_fifth  avia-builder-el-first '><span class='hr-inner '><span class=\"hr-inner-style\"><\/span><\/span><\/div>\n<div class='flex_column av-av_three_fifth-2a9015ff38129c418a3f2eafba3e9512 av_three_fifth  avia-builder-el-3  el_after_av_hr  el_before_av_two_fifth  first flex_column_div '     ><section  class='av_textblock_section av-av_textblock-2de302bf1aa3cf4c9157dbe6f50ac7eb'  itemscope=\"itemscope\" itemtype=\"https:\/\/schema.org\/CreativeWork\" ><div class='avia_textblock'  itemprop=\"text\" ><div id=\"stacks_out_1190_page90\" class=\"stacks_out\">\n<h3 id=\"stacks_in_1190_page90\" class=\"stacks_in\">Objevte kouzlo mobiln\u00edho nahr\u00e1v\u00e1n\u00ed ClipMiC Digital<\/h3>\n<p>ClipMic Digital je vysoce kvalitn\u00ed klopov\u00fd mikrofon pro iPad\u00ae, iPod\u00ae nebo iPhone\u00ae a spojuje digit\u00e1ln\u00ed p\u0159evodn\u00edk Apogee se Sennheiser mikrofonn\u00ed kapsl\u00ed. Slou\u017e\u00ed k z\u00e1znamu a editaci rozhovor\u016f, prezentac\u00ed, p\u0159edn\u00e1\u0161ek nebo i pro nahr\u00e1n\u00ed zp\u011bvu va\u0161eho potomka. Pro zaru\u010den\u00ed maxim\u00e1ln\u00ed zvukov\u00e9 kvality je mikrofon je p\u0159ipojen p\u0159es p\u0159evodn\u00edk Apogee p\u0159\u00edmo do Lighting portu. V prost\u0159ed\u00ed aplikace Apogee <a href=\"https:\/\/www.altei.cz\/wp_apogeedigital\/metarecorder\/\">MetaRecorder<\/a> m\u016f\u017eete na sv\u00e9m iPhonu nebo iPadu upravovat z\u00e1znam v\u010detn\u011b z\u00e1pisu zna\u010dek pro pozd\u011bj\u0161\u00ed zpracov\u00e1n\u00ed (metadata).<\/p>\n<\/div>\n<div id=\"stacks_out_1194_page90\" class=\"stacks_out\"><\/div>\n<\/div><\/section><br \/>\n<section  class='av_textblock_section av-av_textblock-2de302bf1aa3cf4c9157dbe6f50ac7eb'  itemscope=\"itemscope\" itemtype=\"https:\/\/schema.org\/CreativeWork\" ><div class='avia_textblock'  itemprop=\"text\" ><h3>Co um\u00ed ?<\/h3>\n<ul class=\"disc\">\n<li>Klopov\u00fd mikrofon s kulovou charakteristikou<\/li>\n<li>Lightning vstup s AD p\u0159evodn\u00edkem a\u017e 24 bit\/96k<\/li>\n<li>Vyrobeno v U.S.A.<\/li>\n<\/ul>\n<\/div><\/section><\/p><\/div>\n\n<style type=\"text\/css\" data-created_by=\"avia_inline_auto\" id=\"style-css-av-av_two_fifth-9c1d454dc06f7247226bc4e8f931daae\">\n.flex_column.av-av_two_fifth-9c1d454dc06f7247226bc4e8f931daae{\n-webkit-border-radius:0px 0px 0px 0px;\n-moz-border-radius:0px 0px 0px 0px;\nborder-radius:0px 0px 0px 0px;\npadding:0px 0px 0px 0px;\n}\n<\/style>\n<div class='flex_column av-av_two_fifth-9c1d454dc06f7247226bc4e8f931daae av_two_fifth  avia-builder-el-6  el_after_av_three_fifth  el_before_av_section  avia-builder-el-last  flex_column_div av-zero-column-padding '     ><p>\n<style type=\"text\/css\" data-created_by=\"avia_inline_auto\" id=\"style-css-av-av_image-3e811c5d389222199c079de113ade5e6\">\n.avia-image-container.av-av_image-3e811c5d389222199c079de113ade5e6 img.avia_image{\nbox-shadow:none;\n}\n.avia-image-container.av-av_image-3e811c5d389222199c079de113ade5e6 .av-image-caption-overlay-center{\ncolor:#ffffff;\n}\n<\/style>\n<div  class='avia-image-container av-av_image-3e811c5d389222199c079de113ade5e6 av-styling- avia-align-center  avia-builder-el-7  el_before_av_textblock  avia-builder-el-first '   itemprop=\"image\" itemscope=\"itemscope\" itemtype=\"https:\/\/schema.org\/ImageObject\" ><div class=\"avia-image-container-inner\"><div class=\"avia-image-overlay-wrap\"><img fetchpriority=\"high\" decoding=\"async\" class='wp-image-5260 avia-img-lazy-loading-not-5260 avia_image ' src=\"https:\/\/www.altei.cz\/wp_apogeedigital\/wp-content\/uploads\/2019\/01\/ClipMic-3quarters-1030x686-1030x686.jpg\" alt='' title='ClipMic-3quarters-1030x686'  height=\"686\" width=\"1030\"  itemprop=\"thumbnailUrl\" srcset=\"https:\/\/www.altei.cz\/wp_apogeedigital\/wp-content\/uploads\/2019\/01\/ClipMic-3quarters-1030x686.jpg 1030w, https:\/\/www.altei.cz\/wp_apogeedigital\/wp-content\/uploads\/2019\/01\/ClipMic-3quarters-1030x686-300x200.jpg 300w, https:\/\/www.altei.cz\/wp_apogeedigital\/wp-content\/uploads\/2019\/01\/ClipMic-3quarters-1030x686-768x512.jpg 768w, https:\/\/www.altei.cz\/wp_apogeedigital\/wp-content\/uploads\/2019\/01\/ClipMic-3quarters-1030x686-705x470.jpg 705w, https:\/\/www.altei.cz\/wp_apogeedigital\/wp-content\/uploads\/2019\/01\/ClipMic-3quarters-1030x686-600x400.jpg 600w\" sizes=\"(max-width: 1030px) 100vw, 1030px\" \/><\/div><\/div><\/div><br \/>\n\n<style type=\"text\/css\" data-created_by=\"avia_inline_auto\" id=\"style-css-av-av_textblock-6c4e1785a8f9bdc54e3d7bcb70f1c1bc\">\n#top .av_textblock_section.av-av_textblock-6c4e1785a8f9bdc54e3d7bcb70f1c1bc .avia_textblock{\nfont-size:10px;\n}\n<\/style>\n<section  class='av_textblock_section av-av_textblock-6c4e1785a8f9bdc54e3d7bcb70f1c1bc'  itemscope=\"itemscope\" itemtype=\"https:\/\/schema.org\/CreativeWork\" ><div class='avia_textblock'  itemprop=\"text\" ><div id=\"stacks_out_1190_page90\" class=\"stacks_out\">\n<p id=\"stacks_in_1190_page90\" class=\"stacks_in\">*Apogee produkty\u00a0jsou vyr\u00e1b\u011bny v U.S.A. s pou\u017eit\u00edm dom\u00e1c\u00edch a dov\u00e1\u017een\u00fdch komponent\u016f.<\/p>\n<\/div>\n<div id=\"stacks_out_1194_page90\" class=\"stacks_out\"><\/div>\n<\/div><\/section><\/p><\/div>\n<\/div><\/div><\/div><!-- close content main div --><\/div><\/div>\n<style type=\"text\/css\" data-created_by=\"avia_inline_auto\" id=\"style-css-av-av_section-25663b34eb997d0b2e00c5a1dccc003e\">\n.avia-section.av-av_section-25663b34eb997d0b2e00c5a1dccc003e{\nbackground-repeat:repeat-x;\nbackground-image:url(https:\/\/www.altei.cz\/wp_apogeedigital\/wp-content\/uploads\/2019\/01\/Unknown.jpeg);\nbackground-position:50% 0%;\nbackground-attachment:scroll;\n}\n<\/style>\n<div id='clipmic-video'  class='avia-section av-av_section-25663b34eb997d0b2e00c5a1dccc003e main_color avia-section-no-padding avia-no-border-styling  avia-builder-el-9  el_after_av_two_fifth  el_before_av_section  avia-bg-style-scroll container_wrap sidebar_right'  data-section-bg-repeat='repeat-x'><div class='container av-section-cont-open' ><div class='template-page content  av-content-small alpha units'><div class='post-entry post-entry-type-page post-entry-5257'><div class='entry-content-wrapper clearfix'>\n\n<style type=\"text\/css\" data-created_by=\"avia_inline_auto\" id=\"style-css-av-av_hr-5f4b0b9b6adcabf7b6f2a17e5ec2cc62\">\n#top .hr.hr-invisible.av-av_hr-5f4b0b9b6adcabf7b6f2a17e5ec2cc62{\nheight:25px;\n}\n<\/style>\n<div  class='hr av-av_hr-5f4b0b9b6adcabf7b6f2a17e5ec2cc62 hr-invisible  avia-builder-el-10  el_before_av_heading  avia-builder-el-first '><span class='hr-inner '><span class=\"hr-inner-style\"><\/span><\/span><\/div>\n\n<style type=\"text\/css\" data-created_by=\"avia_inline_auto\" id=\"style-css-av-av_heading-9467e2c3a8d91999ed58458a58687a48\">\n#top .av-special-heading.av-av_heading-9467e2c3a8d91999ed58458a58687a48{\npadding-bottom:36px;\nfont-size:36px;\n}\nbody .av-special-heading.av-av_heading-9467e2c3a8d91999ed58458a58687a48 .av-special-heading-tag .heading-char{\nfont-size:25px;\n}\n#top #wrap_all .av-special-heading.av-av_heading-9467e2c3a8d91999ed58458a58687a48 .av-special-heading-tag{\nfont-size:36px;\n}\n.av-special-heading.av-av_heading-9467e2c3a8d91999ed58458a58687a48 .av-subheading{\nfont-size:15px;\n}\n\n@media only screen and (min-width: 480px) and (max-width: 767px){ \n#top #wrap_all .av-special-heading.av-av_heading-9467e2c3a8d91999ed58458a58687a48 .av-special-heading-tag{\nfont-size:0.8em;\n}\n}\n\n@media only screen and (max-width: 479px){ \n#top #wrap_all .av-special-heading.av-av_heading-9467e2c3a8d91999ed58458a58687a48 .av-special-heading-tag{\nfont-size:0.8em;\n}\n}\n<\/style>\n<div  class='av-special-heading av-av_heading-9467e2c3a8d91999ed58458a58687a48 av-special-heading-h4 blockquote modern-quote modern-centered  avia-builder-el-11  el_after_av_hr  el_before_av_video  av-inherit-size'><h4 class='av-special-heading-tag'  itemprop=\"headline\"  >ClipMiC Digital video<\/h4><div class=\"special-heading-border\"><div class=\"special-heading-inner-border\"><\/div><\/div><\/div>\n<div  class='avia-video av-av_video-98d427cc5e8e98cbcb94a0428219c6a5 avia-video-16-9 av-no-preview-image avia-video-load-always av-lazyload-immediate av-lazyload-video-embed'  itemprop=\"video\" itemtype=\"https:\/\/schema.org\/VideoObject\"  data-original_url='https:\/\/vimeo.com\/132380942'><script type='text\/html' class='av-video-tmpl'><div class='avia-iframe-wrap'><iframe title=\"Sennheiser MKE 2 digital &amp;amp; ClipMic digital Introduction\" src=\"https:\/\/player.vimeo.com\/video\/132380942?dnt=1&amp;app_id=122963&autoplay=0&loop=0&controls=1&muted=0\" width=\"1500\" height=\"844\" frameborder=\"0\" allow=\"autoplay; fullscreen; picture-in-picture\" allowfullscreen><\/iframe><\/div><\/script><div class='av-click-to-play-overlay'><div class=\"avia_playpause_icon\"><\/div><\/div><\/div>\n\n<\/div><\/div><\/div><!-- close content main div --><\/div><\/div>\n<style type=\"text\/css\" data-created_by=\"avia_inline_auto\" id=\"style-css-av-av_section-c4af52136ad7b8b2a793c262180edaa0\">\n.avia-section.av-av_section-c4af52136ad7b8b2a793c262180edaa0{\nbackground-repeat:repeat-x;\nbackground-image:url(https:\/\/www.altei.cz\/wp_apogeedigital\/wp-content\/uploads\/2019\/01\/Unknown.jpeg);\nbackground-position:50% 0%;\nbackground-attachment:scroll;\n}\n<\/style>\n<div id='clipmic-parameters'  class='avia-section av-av_section-c4af52136ad7b8b2a793c262180edaa0 main_color avia-section-no-padding avia-no-border-styling  avia-builder-el-13  el_after_av_section  el_before_av_layerslider  avia-bg-style-scroll container_wrap sidebar_right'  data-section-bg-repeat='repeat-x'><div class='container av-section-cont-open' ><div class='template-page content  av-content-small alpha units'><div class='post-entry post-entry-type-page post-entry-5257'><div class='entry-content-wrapper clearfix'>\n\n<style type=\"text\/css\" data-created_by=\"avia_inline_auto\" id=\"style-css-av-av_hr-5f4b0b9b6adcabf7b6f2a17e5ec2cc62\">\n#top .hr.hr-invisible.av-av_hr-5f4b0b9b6adcabf7b6f2a17e5ec2cc62{\nheight:25px;\n}\n<\/style>\n<div  class='hr av-av_hr-5f4b0b9b6adcabf7b6f2a17e5ec2cc62 hr-invisible  avia-builder-el-14  el_before_av_heading  avia-builder-el-first '><span class='hr-inner '><span class=\"hr-inner-style\"><\/span><\/span><\/div>\n\n<style type=\"text\/css\" data-created_by=\"avia_inline_auto\" id=\"style-css-av-av_heading-3384a7fbf91001eae13b0b2e1392af60\">\n#top .av-special-heading.av-av_heading-3384a7fbf91001eae13b0b2e1392af60{\npadding-bottom:36px;\nfont-size:36px;\n}\nbody .av-special-heading.av-av_heading-3384a7fbf91001eae13b0b2e1392af60 .av-special-heading-tag .heading-char{\nfont-size:25px;\n}\n#top #wrap_all .av-special-heading.av-av_heading-3384a7fbf91001eae13b0b2e1392af60 .av-special-heading-tag{\nfont-size:36px;\n}\n.av-special-heading.av-av_heading-3384a7fbf91001eae13b0b2e1392af60 .av-subheading{\nfont-size:15px;\n}\n\n@media only screen and (min-width: 480px) and (max-width: 767px){ \n#top #wrap_all .av-special-heading.av-av_heading-3384a7fbf91001eae13b0b2e1392af60 .av-special-heading-tag{\nfont-size:0.8em;\n}\n}\n\n@media only screen and (max-width: 479px){ \n#top #wrap_all .av-special-heading.av-av_heading-3384a7fbf91001eae13b0b2e1392af60 .av-special-heading-tag{\nfont-size:0.8em;\n}\n}\n<\/style>\n<div  class='av-special-heading av-av_heading-3384a7fbf91001eae13b0b2e1392af60 av-special-heading-h4 blockquote modern-quote modern-centered  avia-builder-el-15  el_after_av_hr  el_before_av_one_half  av-inherit-size'><h4 class='av-special-heading-tag'  itemprop=\"headline\"  >ClipMiC Parametry<\/h4><div class=\"special-heading-border\"><div class=\"special-heading-inner-border\"><\/div><\/div><\/div>\n\n<style type=\"text\/css\" data-created_by=\"avia_inline_auto\" id=\"style-css-av-av_one_half-826c1c0ca2001783299b013bb6b50dff\">\n.flex_column.av-av_one_half-826c1c0ca2001783299b013bb6b50dff{\n-webkit-border-radius:0px 0px 0px 0px;\n-moz-border-radius:0px 0px 0px 0px;\nborder-radius:0px 0px 0px 0px;\npadding:0px 0px 0px 0px;\n}\n<\/style>\n<div class='flex_column av-av_one_half-826c1c0ca2001783299b013bb6b50dff av_one_half  avia-builder-el-16  el_after_av_heading  el_before_av_one_half  first flex_column_div av-zero-column-padding '     ><section  class='av_textblock_section av-av_textblock-2de302bf1aa3cf4c9157dbe6f50ac7eb'  itemscope=\"itemscope\" itemtype=\"https:\/\/schema.org\/CreativeWork\" ><div class='avia_textblock'  itemprop=\"text\" ><p>Mikrofonn\u00ed syst\u00e9m: elektretov\u00fd kondenz\u00e1torov\u00fd<\/p>\n<p>Sm\u011brov\u00e1 charakteristika: kulov\u00e1 (v\u0161esm\u011brov\u00e1)<\/p>\n<p>Frekven\u010dn\u00ed rozsah: 30Hz- 20kHz<\/p>\n<p>Citlivost: minim\u00e1ln\u00ed -46 dBFS, maxim\u00e1ln\u00ed\u00a0 -11 dBFS<\/p>\n<p>Zisk: 0 &#8211; 35 dB<\/p>\n<p>Akustick\u00fd tlak (SPL): min. zisk 126dB , max. zisk 91 dB<\/p>\n<p>\u00darove\u0148 \u0161umu: min. 90 -dBFS maxim\u00e1ln\u00ed -57 dBFS<\/p>\n<p>Pr\u016fm\u011br kapsle: 6,5 mm<\/p>\n<p>D\u00e9lka kabelu: 1,6 m<\/p>\n<\/div><\/section><\/div>\n<style type=\"text\/css\" data-created_by=\"avia_inline_auto\" id=\"style-css-av-av_one_half-cec70c55ab5422a5a5af58e3f87bd87b\">\n.flex_column.av-av_one_half-cec70c55ab5422a5a5af58e3f87bd87b{\n-webkit-border-radius:0px 0px 0px 0px;\n-moz-border-radius:0px 0px 0px 0px;\nborder-radius:0px 0px 0px 0px;\npadding:0px 0px 0px 0px;\n}\n<\/style>\n<div class='flex_column av-av_one_half-cec70c55ab5422a5a5af58e3f87bd87b av_one_half  avia-builder-el-18  el_after_av_one_half  avia-builder-el-last  flex_column_div av-zero-column-padding '     ><section  class='av_textblock_section av-av_textblock-2de302bf1aa3cf4c9157dbe6f50ac7eb'  itemscope=\"itemscope\" itemtype=\"https:\/\/schema.org\/CreativeWork\" ><div class='avia_textblock'  itemprop=\"text\" ><p>Bitrate: 16 Bit, 24 Bit<\/p>\n<p>Vzorkovac\u00ed kmito\u010dty:\u00a0 44,1 \/ 48 \/ 88,2 \/ 96 kHz<\/p>\n<p>AD p\u0159evodn\u00edk: multibit DeltaSigma<\/p>\n<p>Digit\u00e1ln\u00ed zpracov\u00e1n\u00ed: kompresor, EQ (nastaviteln\u00e9 v Apogee Maestro aplikaci)<\/p>\n<p>Nap\u00e1jen\u00ed: iOS za\u0159\u00edzen\u00ed<\/p>\n<p>Pracuje p\u0159i teplot\u011b: 0 a\u017e +50\u00b0C<\/p>\n<p>P\u0159ipojen\u00ed: konektor Lighting (Apple MFi certifikovan\u00fd)<\/p>\n<p>Hmotnost: 24 g<\/p>\n<\/div><\/section><\/div>\n\n<\/div><\/div><\/div><!-- close content main div --><\/div><\/div><div id='layer_slider_2'  class='avia-layerslider main_color avia-shadow  avia-builder-el-20  el_after_av_section  el_before_av_section  slider-not-first container_wrap sidebar_right'  style='height: 111px;'  ><\/div>\n\n<style type=\"text\/css\" data-created_by=\"avia_inline_auto\" id=\"style-css-av-av_section-dce8581cb2fdaa0a517fb3aa1bdf7de6\">\n.avia-section.av-av_section-dce8581cb2fdaa0a517fb3aa1bdf7de6{\nbackground-repeat:no-repeat;\nbackground-image:url(https:\/\/www.altei.cz\/wp_apogeedigital\/wp-content\/uploads\/2015\/07\/bkg-gradation-f2-1030x445.jpeg);\nbackground-position:50% 50%;\nbackground-attachment:scroll;\n}\n<\/style>\n<div id='av_section_3'  class='avia-section av-av_section-dce8581cb2fdaa0a517fb3aa1bdf7de6 main_color avia-section-large avia-no-shadow  avia-builder-el-21  el_after_av_layerslider  avia-builder-el-last  avia-full-stretch avia-bg-style-scroll container_wrap sidebar_right'  data-section-bg-repeat='stretch'><div class='container av-section-cont-open' ><div class='template-page content  av-content-small alpha units'><div class='post-entry post-entry-type-page post-entry-5257'><div class='entry-content-wrapper clearfix'>\n<div class='flex_column av-av_one_fourth-2a9015ff38129c418a3f2eafba3e9512 av_one_fourth  avia-builder-el-22  el_before_av_one_fourth  avia-builder-el-first  first flex_column_div '     ><article  class='iconbox iconbox_top av-av_icon_box-b36386a972e03ff63c98d82cd5c85d28  avia-builder-el-23  avia-builder-el-no-sibling  main_color'  itemscope=\"itemscope\" itemtype=\"https:\/\/schema.org\/CreativeWork\" ><div class=\"iconbox_content\"><header class=\"entry-content-header\"><a href='http:\/\/www.apogeedigital.com\/knowledgebase\/' title='' target=\"_blank\" rel=\"noopener noreferrer\" class=\"iconbox_icon heading-color\" aria-hidden='true' data-av_icon='\ue81c' data-av_iconfont='entypo-fontello'><\/a><\/header><div class='iconbox_content_container '  itemprop=\"text\" ><p>Ot\u00e1zky a odpov\u011bdi (angl.)<\/p>\n<\/div><\/div><footer class=\"entry-footer\"><\/footer><\/article><\/div>\n<style type=\"text\/css\" data-created_by=\"avia_inline_auto\" id=\"style-css-av-av_one_fourth-9c1d454dc06f7247226bc4e8f931daae\">\n.flex_column.av-av_one_fourth-9c1d454dc06f7247226bc4e8f931daae{\n-webkit-border-radius:0px 0px 0px 0px;\n-moz-border-radius:0px 0px 0px 0px;\nborder-radius:0px 0px 0px 0px;\npadding:0px 0px 0px 0px;\n}\n<\/style>\n<div class='flex_column av-av_one_fourth-9c1d454dc06f7247226bc4e8f931daae av_one_fourth  avia-builder-el-24  el_after_av_one_fourth  el_before_av_one_fourth  flex_column_div av-zero-column-padding '     ><article  class='iconbox iconbox_top av-av_icon_box-43d84e0b1e230c0be8804d49e8aa295a  avia-builder-el-25  avia-builder-el-no-sibling  main_color'  itemscope=\"itemscope\" itemtype=\"https:\/\/schema.org\/CreativeWork\" ><div class=\"iconbox_content\"><header class=\"entry-content-header\"><a href='https:\/\/www.altei.cz\/wp_apogeedigital\/message\/' title=''  class=\"iconbox_icon heading-color\" aria-hidden='true' data-av_icon='\ue805' data-av_iconfont='entypo-fontello'><\/a><\/header><div class='iconbox_content_container '  itemprop=\"text\" ><p>M\u00e1te dotaz? Napi\u0161te n\u00e1m.<\/p>\n<\/div><\/div><footer class=\"entry-footer\"><\/footer><\/article><\/div>\n<style type=\"text\/css\" data-created_by=\"avia_inline_auto\" id=\"style-css-av-av_one_fourth-9c1d454dc06f7247226bc4e8f931daae\">\n.flex_column.av-av_one_fourth-9c1d454dc06f7247226bc4e8f931daae{\n-webkit-border-radius:0px 0px 0px 0px;\n-moz-border-radius:0px 0px 0px 0px;\nborder-radius:0px 0px 0px 0px;\npadding:0px 0px 0px 0px;\n}\n<\/style>\n<div class='flex_column av-av_one_fourth-9c1d454dc06f7247226bc4e8f931daae av_one_fourth  avia-builder-el-26  el_after_av_one_fourth  el_before_av_one_fourth  flex_column_div av-zero-column-padding '     ><article  class='iconbox iconbox_top av-av_icon_box-4d8b88e5da44c73ec7f1917647b17527  avia-builder-el-27  avia-builder-el-no-sibling  main_color'  itemscope=\"itemscope\" itemtype=\"https:\/\/schema.org\/CreativeWork\" ><div class=\"iconbox_content\"><header class=\"entry-content-header\"><a href='https:\/\/www.altei.cz\/wp_apogeedigital\/dealer-locator\/' title=''  target=\"_blank\"  rel=\"noopener noreferrer\" class=\"iconbox_icon heading-color\" aria-hidden='true' data-av_icon='\ue803' data-av_iconfont='entypo-fontello'><\/a><\/header><div class='iconbox_content_container '  itemprop=\"text\" ><p>Kde koupit ?<\/p>\n<\/div><\/div><footer class=\"entry-footer\"><\/footer><\/article><\/div>\n<style type=\"text\/css\" data-created_by=\"avia_inline_auto\" id=\"style-css-av-av_one_fourth-9c1d454dc06f7247226bc4e8f931daae\">\n.flex_column.av-av_one_fourth-9c1d454dc06f7247226bc4e8f931daae{\n-webkit-border-radius:0px 0px 0px 0px;\n-moz-border-radius:0px 0px 0px 0px;\nborder-radius:0px 0px 0px 0px;\npadding:0px 0px 0px 0px;\n}\n<\/style>\n<div class='flex_column av-av_one_fourth-9c1d454dc06f7247226bc4e8f931daae av_one_fourth  avia-builder-el-28  el_after_av_one_fourth  avia-builder-el-last  flex_column_div av-zero-column-padding '     ><article  class='iconbox iconbox_top av-av_icon_box-74e5e363f41078a97d00ffc4fbbb0b2d  avia-builder-el-29  avia-builder-el-no-sibling  main_color'  itemscope=\"itemscope\" itemtype=\"https:\/\/schema.org\/CreativeWork\" ><div class=\"iconbox_content\"><header class=\"entry-content-header\"><a href='http:\/\/www.altei.cz\/brand\/apogee\/' title=''  class=\"iconbox_icon heading-color\" aria-hidden='true' data-av_icon='\ue859' data-av_iconfont='entypo-fontello'><\/a><\/header><div class='iconbox_content_container '  itemprop=\"text\" ><p>Koupit Apogee produkty a p\u0159\u00edslu\u0161enstv\u00ed<\/p>\n<\/div><\/div><footer class=\"entry-footer\"><\/footer><\/article><\/div>\n<\/div><\/div><\/div><!-- close content main div --><\/div><\/div><div id='after_section_3'  class='main_color av_default_container_wrap container_wrap sidebar_right'  ><div class='container av-section-cont-open' ><div class='template-page content  av-content-small alpha units'><div class='post-entry post-entry-type-page post-entry-5257'><div class='entry-content-wrapper clearfix'>\n","protected":false},"excerpt":{"rendered":"","protected":false},"author":1,"featured_media":0,"parent":0,"menu_order":0,"comment_status":"closed","ping_status":"open","template":"","meta":{"_bbp_topic_count":0,"_bbp_reply_count":0,"_bbp_total_topic_count":0,"_bbp_total_reply_count":0,"_bbp_voice_count":0,"_bbp_anonymous_reply_count":0,"_bbp_topic_count_hidden":0,"_bbp_reply_count_hidden":0,"_bbp_forum_subforum_count":0,"om_disable_all_campaigns":false,"_monsterinsights_skip_tracking":false,"_monsterinsights_sitenote_active":false,"_monsterinsights_sitenote_note":"","_monsterinsights_sitenote_category":0,"_wp_rev_ctl_limit":""},"aioseo_notices":[],"_links":{"self":[{"href":"https:\/\/www.altei.cz\/wp_apogeedigital\/wp-json\/wp\/v2\/pages\/5257"}],"collection":[{"href":"https:\/\/www.altei.cz\/wp_apogeedigital\/wp-json\/wp\/v2\/pages"}],"about":[{"href":"https:\/\/www.altei.cz\/wp_apogeedigital\/wp-json\/wp\/v2\/types\/page"}],"author":[{"embeddable":true,"href":"https:\/\/www.altei.cz\/wp_apogeedigital\/wp-json\/wp\/v2\/users\/1"}],"replies":[{"embeddable":true,"href":"https:\/\/www.altei.cz\/wp_apogeedigital\/wp-json\/wp\/v2\/comments?post=5257"}],"version-history":[{"count":0,"href":"https:\/\/www.altei.cz\/wp_apogeedigital\/wp-json\/wp\/v2\/pages\/5257\/revisions"}],"wp:attachment":[{"href":"https:\/\/www.altei.cz\/wp_apogeedigital\/wp-json\/wp\/v2\/media?parent=5257"}],"curies":[{"name":"wp","href":"https:\/\/api.w.org\/{rel}","templated":true}]}}