{"id":945,"date":"2015-07-29T15:59:34","date_gmt":"2015-07-29T14:59:34","guid":{"rendered":"http:\/\/www.altei.cz\/wp_apogeedigital\/?page_id=945"},"modified":"2018-05-03T09:23:46","modified_gmt":"2018-05-03T08:23:46","slug":"one-specifikace","status":"publish","type":"page","link":"https:\/\/www.altei.cz\/wp_apogeedigital\/one-specifikace\/","title":{"rendered":"One specifikace"},"content":{"rendered":"<div id='layer_slider_1'  class='avia-layerslider main_color avia-shadow  avia-builder-el-0  el_before_av_submenu  avia-builder-el-first  container_wrap sidebar_right'  style='height: 201px;'  ><\/div>\n<div class='clear'><\/div><div id='sub_menu1'  class='av-submenu-container av-av_submenu-4defbf8a9a9eefa6cf7aa6ddf7f6993e main_color  avia-builder-el-1  el_after_av_layerslider  el_before_av_tab_container  av-sticky-submenu submenu-not-first container_wrap sidebar_right' style='z-index:301' ><div class='container av-menu-mobile-disabled av-submenu-pos-center'><ul id=\"menu-one-submenu\" class=\"av-subnav-menu\"><li role=\"menuitem\" id=\"menu-item-2991\" class=\"menu-item menu-item-type-post_type menu-item-object-page menu-item-top-level menu-item-top-level-1\"><a href=\"https:\/\/www.altei.cz\/wp_apogeedigital\/one-mac-win\/\" itemprop=\"url\" tabindex=\"0\"><span class=\"avia-bullet\"><\/span><span class=\"avia-menu-text\">P\u0159ehled<\/span><span class=\"avia-menu-fx\"><span class=\"avia-arrow-wrap\"><span class=\"avia-arrow\"><\/span><\/span><\/span><\/a><\/li>\n<li role=\"menuitem\" id=\"menu-item-883\" class=\"menu-item menu-item-type-post_type menu-item-object-page menu-item-top-level menu-item-top-level-2\"><a href=\"https:\/\/www.altei.cz\/wp_apogeedigital\/one-ios-mac\/\" itemprop=\"url\" tabindex=\"0\"><span class=\"avia-bullet\"><\/span><span class=\"avia-menu-text\">ONE pro iPad &#038; Mac<\/span><span class=\"avia-menu-fx\"><span class=\"avia-arrow-wrap\"><span class=\"avia-arrow\"><\/span><\/span><\/span><\/a><\/li>\n<li role=\"menuitem\" id=\"menu-item-972\" class=\"menu-item menu-item-type-post_type menu-item-object-page menu-item-top-level menu-item-top-level-3\"><a href=\"https:\/\/www.altei.cz\/wp_apogeedigital\/one-specifikace\/\" itemprop=\"url\" tabindex=\"0\"><span class=\"avia-bullet\"><\/span><span class=\"avia-menu-text\">Specifikace<\/span><span class=\"avia-menu-fx\"><span class=\"avia-arrow-wrap\"><span class=\"avia-arrow\"><\/span><\/span><\/span><\/a><\/li>\n<li role=\"menuitem\" id=\"menu-item-971\" class=\"menu-item menu-item-type-post_type menu-item-object-page menu-item-top-level menu-item-top-level-4\"><a href=\"https:\/\/www.altei.cz\/wp_apogeedigital\/one-galerie\/\" itemprop=\"url\" tabindex=\"0\"><span class=\"avia-bullet\"><\/span><span class=\"avia-menu-text\">Galerie<\/span><span class=\"avia-menu-fx\"><span class=\"avia-arrow-wrap\"><span class=\"avia-arrow\"><\/span><\/span><\/span><\/a><\/li>\n<li role=\"menuitem\" id=\"menu-item-980\" class=\"menu-item menu-item-type-custom menu-item-object-custom av-menu-button av-menu-button-colored menu-item-top-level menu-item-top-level-5\"><a href=\"http:\/\/www.altei.cz\/produkt\/one-ios-mac\" itemprop=\"url\" tabindex=\"0\"><span class=\"avia-bullet\"><\/span><span class=\"avia-menu-text\">Koupit<\/span><span class=\"avia-menu-fx\"><span class=\"avia-arrow-wrap\"><span class=\"avia-arrow\"><\/span><\/span><\/span><\/a><\/li>\n<\/ul><\/div><\/div><div class='sticky_placeholder'><\/div><div id='after_submenu_1'  class='main_color av_default_container_wrap container_wrap sidebar_right'  ><div class='container av-section-cont-open' ><div class='template-page content  av-content-small alpha units'><div class='post-entry post-entry-type-page post-entry-945'><div class='entry-content-wrapper clearfix'>\n<div  class='tabcontainer av-av_tab_container-0bacd910096d11a3cec6dfb538798966 top_tab  avia-builder-el-2  el_after_av_submenu  el_before_av_section  avia-builder-el-no-sibling ' role='tablist'>\n<section class='av_tab_section av_tab_section av-av_tab-0b77e99237dbd8eedc8807e028d3978e'  itemscope=\"itemscope\" itemtype=\"https:\/\/schema.org\/CreativeWork\" ><div class='tab active_tab' role='tab' tabindex='0' data-fake-id='#tab-id-1' aria-controls='tab-id-1-content'  itemprop=\"headline\" >ONE pro Mac<\/div><div id='tab-id-1-content' class='tab_content active_tab_content' aria-hidden=\"false\"><div class='tab_inner_content invers-color'  itemprop=\"text\" ><p><img fetchpriority=\"high\" decoding=\"async\" class=\"alignleft size-medium wp-image-2938\" src=\"https:\/\/www.altei.cz\/wp_apogeedigital\/wp-content\/uploads\/2016\/04\/ONE-for-Mac-Product-Images-34-710-300x243.jpg\" alt=\"ONE-for-Mac-Product-Images-34-710\" width=\"300\" height=\"243\" srcset=\"https:\/\/www.altei.cz\/wp_apogeedigital\/wp-content\/uploads\/2016\/04\/ONE-for-Mac-Product-Images-34-710-300x243.jpg 300w, https:\/\/www.altei.cz\/wp_apogeedigital\/wp-content\/uploads\/2016\/04\/ONE-for-Mac-Product-Images-34-710-495x400.jpg 495w, https:\/\/www.altei.cz\/wp_apogeedigital\/wp-content\/uploads\/2016\/04\/ONE-for-Mac-Product-Images-34-710-705x571.jpg 705w, https:\/\/www.altei.cz\/wp_apogeedigital\/wp-content\/uploads\/2016\/04\/ONE-for-Mac-Product-Images-34-710-450x364.jpg 450w, https:\/\/www.altei.cz\/wp_apogeedigital\/wp-content\/uploads\/2016\/04\/ONE-for-Mac-Product-Images-34-710.jpg 710w\" sizes=\"(max-width: 300px) 100vw, 300px\" \/><br \/>\n<div class='flex_column av-av_one_half-2a9015ff38129c418a3f2eafba3e9512 av_one_half  avia-builder-el-3  el_before_av_one_half  avia-builder-el-first  first flex_column_div '     ><h3>Syst\u00e9mov\u00e9 po\u017eadavky Mac OS<\/h3>\n<ul class=\"disc\">\n<li>Po\u010d\u00edta\u010d: Mac s Intel procesorem 1.5 GHz a vy\u0161\u0161\u00edm<\/li>\n<li>Pam\u011b\u0165: 2 GB minimum RAM, 4 GB doporu\u010deno<\/li>\n<li>OS: 10.6.8 nebo vy\u0161\u0161\u00ed<\/li>\n<li>P\u0159ipojen\u00ed: USB<\/li>\n<li>Nap\u00e1jen\u00ed: USB nebo extern\u00ed nap\u00e1jec\u00ed zdroj (mo\u017eno dokoupit)<\/li>\n<\/ul>\n<h3>Kompatibiln\u00ed Software<\/h3>\n<p>Mac OS &#8211; ONE\u00a0\u00a0je kompatibiln\u00ed s jakoukoli Core Audio aplikac\u00ed v\u010detn\u011b:<\/p>\n<ul>\n<li>Logic<\/li>\n<li>Logic Pro X<\/li>\n<li>GarageBand<\/li>\n<li>MainStage<\/li>\n<li>Soundtrack Pro<\/li>\n<li>Pro Tools 9, Pro Tools 10, Pro Tools 11\/12<\/li>\n<li>Albeton Live<\/li>\n<li>Cubase<\/li>\n<li>Nuendo<\/li>\n<li>Digital Performer<\/li>\n<\/ul>\n<h3>Syst\u00e9mov\u00e9 po\u017eadavky Windows<\/h3>\n<ul class=\"disc\">\n<li>Po\u010d\u00edta\u010d: Windows PC s Intel procesorem Core i3 \u00a0a vy\u0161\u0161\u00edm<\/li>\n<li>Pam\u011b\u0165: 4 GB minimum RAM, 8 GB doporu\u010deno<\/li>\n<li>OS: Windows 10 Enterprise, Pro nebo Home (64-bit) nebo vy\u0161\u0161\u00ed<\/li>\n<li>P\u0159ipojen\u00ed: USB<\/li>\n<li>Nap\u00e1jen\u00ed: USB nebo extern\u00ed nap\u00e1jec\u00ed zdroj (mo\u017eno dokoupit)<\/li>\n<\/ul>\n<h3>Kompatibiln\u00ed Software<\/h3>\n<p>WIN &#8211; ONE\u00a0\u00a0je kompatibiln\u00ed s jakoukoli ASIO aplikac\u00ed v\u010detn\u011b:<\/p>\n<p>Ableton Live, Pro Tools, Studio One, Cubase<\/p><\/div><br \/>\n<div class='flex_column av-av_one_half-ea1495e58cc6a27bef30bc61d6147362 av_one_half  avia-builder-el-4  el_after_av_one_half  el_before_av_one_half  flex_column_div '     ><h3>Vlastnosti<\/h3>\n<ul class=\"disc\">\n<li>P\u0159ipojen\u00ed USB 2.0<\/li>\n<li>Mac OS<\/li>\n<li>2\u00a0analogov\u00e9 vstupy kombinovan\u00e9 (konektor XLR\/Jack na breakout kabelu): extern\u00ed mikrofon\/n\u00e1stroj (Mikrofonn\u00ed p\u0159edzesilova\u010d s citlivost\u00ed a\u017e 63\u00a0dB)<\/li>\n<li>Fantomov\u00e9 nap\u00e1jen\u00ed softwarov\u011b voliteln\u00e9<\/li>\n<li>2 simult\u00e1nn\u00ed\u00a0vstupy (n\u00e1stroj + vestav\u011bn\u00fd nebo\u00a0extern\u00ed mikrofon)<\/li>\n<li>1 x vestav\u011bn\u00fd kondenz\u00e1torov\u00fd mikrofon<\/li>\n<li>1 stereo v\u00fdstup<\/li>\n<li>AD\/DA p\u0159evodn\u00edky 24 bit\/a\u017e\u00a096 kHz<\/li>\n<li>LED indikace<\/li>\n<li>Oto\u010dn\u00fd ovlada\u010d<\/li>\n<li>Ovl\u00e1d\u00e1n\u00ed p\u0159\u00edmo z aplikac\u00ed Apple &#8211; Logic, Garageband<\/li>\n<li>Apogee Maestro software<\/li>\n<li>Vyrobeno v U.S.A.<\/li>\n<\/ul>\n<p><strong>Balen\u00ed obsahuje<\/strong><\/p>\n<ul class=\"disc\">\n<li>ONE<\/li>\n<li>USB kabel<\/li>\n<li>Breakout kabel s 1 XLR mikr vstupem a 1 jack n\u00e1strojov\u00fdm vstupem<\/li>\n<li>Mikrofonn\u00ed dr\u017e\u00e1k na stojan<\/li>\n<li>Quick Start Guide<\/li>\n<li>Software pro download a n\u00e1vod k instalaci<\/li>\n<\/ul>\n<h3>Mic Pre:<\/h3>\n<ul>\n<li>0 a\u017e 63 dB citlivost<\/li>\n<li>Max input level: +14dBu<\/li>\n<\/ul>\n<h3>Hi-Z:<\/h3>\n<ul>\n<li>Max input level 14 dBu<\/li>\n<li>0 a\u017e 45dB citlivost<\/li>\n<\/ul><\/div><\/p>\n<\/div><\/div><\/section>\n<section class='av_tab_section av_tab_section av-av_tab-01cb97d6c3a506a4c71d2369051d296f'  itemscope=\"itemscope\" itemtype=\"https:\/\/schema.org\/CreativeWork\" ><div class='tab' role='tab' tabindex='0' data-fake-id='#tab-id-2' aria-controls='tab-id-2-content'  itemprop=\"headline\" >ONE pro iPad &amp; Mac<\/div><div id='tab-id-2-content' class='tab_content' aria-hidden=\"true\"><div class='tab_inner_content invers-color'  itemprop=\"text\" ><p><img decoding=\"async\" class=\"alignleft size-full wp-image-2947\" src=\"https:\/\/www.altei.cz\/wp_apogeedigital\/wp-content\/uploads\/2016\/04\/one-ios-mac-3qtr-shadow.jpg\" alt=\"one-ios-mac-3qtr-shadow\" width=\"152\" height=\"300\" \/><\/p>\n<div class='flex_column av-av_one_half-2a9015ff38129c418a3f2eafba3e9512 av_one_half  avia-builder-el-5  el_after_av_one_half  el_before_av_one_half  first flex_column_div column-top-margin'     ><h3>Syst\u00e9mov\u00e9 po\u017eadavky Mac OS<\/h3>\n<ul class=\"disc\">\n<li>Po\u010d\u00edta\u010d: Mac s Intel procesorem 1.5 GHz a vy\u0161\u0161\u00edm<\/li>\n<li>Pam\u011b\u0165: 2 GB minimum RAM, 4 GB doporu\u010deno<\/li>\n<li>OS: 10.6.8 nebo vy\u0161\u0161\u00ed<\/li>\n<li>P\u0159ipojen\u00ed: USB<\/li>\n<li>Nap\u00e1jen\u00ed: USB nebo extern\u00ed nap\u00e1jec\u00ed zdroj (dod\u00e1v\u00e1n)<\/li>\n<\/ul>\n<h3>Syst\u00e9mov\u00e9 po\u017eadavky iOS<\/h3>\n<ul class=\"disc\">\n<li>iOS: 6.0\u00a0nebo vy\u0161\u0161\u00ed<\/li>\n<li>P\u0159ipojen\u00ed: 30 pin dock konektor nebo lightning konektor (kabely se dod\u00e1vaj\u00ed zvl\u00e1\u0161\u0165)<\/li>\n<li>\u00a0Nap\u00e1jen\u00ed: extern\u00ed nap\u00e1jec\u00ed zdroj<\/li>\n<\/ul>\n<h3>Kompatibiln\u00ed Software<\/h3>\n<p>Mac OS &#8211; ONE\u00a0\u00a0je kompatibiln\u00ed s jakoukoli Core Audio aplikac\u00ed v\u010detn\u011b:<\/p>\n<ul>\n<li>Logic<\/li>\n<li>Logic Pro X<\/li>\n<li>GarageBand<\/li>\n<li>MainStage<\/li>\n<li>Soundtrack Pro<\/li>\n<li>Pro Tools 9, Pro Tools 10, Pro Tools 11\/12<\/li>\n<li>Albeton Live<\/li>\n<li>Cubase<\/li>\n<li>Nuendo<\/li>\n<li>Digital Performer<\/li>\n<\/ul>\n<ul class=\"disc\">\n<li>iPod touch* (5. generace)<\/li>\n<li>iPhone 6,6Plus, 5, 5S, 5C*<\/li>\n<li>iPad* Air2, Air, iPad (4. generace),iPad (3. generace)<\/li>\n<\/ul>\n<ul class=\"disc\">\n<li>iPad mini3,\u00a0iPad mini2,\u00a0iPad mini*<\/li>\n<\/ul>\n<p>* Nutn\u00fd\u00a0Lightning nebo 30 pin kabel. Nen\u00ed\u00a0sou\u010d\u00e1st\u00ed balen\u00ed.<\/p>\n<h3>Syst\u00e9mov\u00e9 po\u017eadavky Windows<\/h3>\n<ul class=\"disc\">\n<li>Po\u010d\u00edta\u010d: Windows PC s Intel procesorem Core i3 \u00a0a vy\u0161\u0161\u00edm<\/li>\n<li>Pam\u011b\u0165: 4 GB minimum RAM, 8 GB doporu\u010deno<\/li>\n<li>OS: Windows 10 Enterprise, Pro nebo Home (64-bit) nebo vy\u0161\u0161\u00ed<\/li>\n<li>P\u0159ipojen\u00ed: USB<\/li>\n<li>Nap\u00e1jen\u00ed: USB nebo extern\u00ed nap\u00e1jec\u00ed zdroj (mo\u017eno dokoupit)<\/li>\n<\/ul>\n<h3>Kompatibiln\u00ed Software<\/h3>\n<p>WIN \u2013 ONE\u00a0\u00a0je kompatibiln\u00ed s jakoukoli ASIO aplikac\u00ed v\u010detn\u011b:<\/p>\n<p>Ableton Live, Pro Tools, Studio One, Cubase<\/p><\/div><br \/>\n<div class='flex_column av-av_one_half-ea1495e58cc6a27bef30bc61d6147362 av_one_half  avia-builder-el-6  el_after_av_one_half  avia-builder-el-last  flex_column_div column-top-margin'     ><h3>Vlastnosti<\/h3>\n<ul class=\"disc\">\n<li>P\u0159ipojen\u00ed USB 2.0<\/li>\n<li>Mac OS i iOS<\/li>\n<li>2\u00a0analogov\u00e9 vstupy kombinovan\u00e9 (konektor XLR\/Jack na breakout kabelu): extern\u00ed mikrofon\/n\u00e1stroj (Mikrofonn\u00ed p\u0159edzesilova\u010d s citlivost\u00ed a\u017e 63\u00a0dB)<\/li>\n<li>Fantomov\u00e9 nap\u00e1jen\u00ed softwarov\u011b voliteln\u00e9<\/li>\n<li>P\u0159\u00edm\u00e9 digit\u00e1ln\u00ed p\u0159ipojen\u00ed k\u00a0\u00a0iPod touch, iPhone, iPad<\/li>\n<li>2 simult\u00e1nn\u00ed\u00a0vstupy (n\u00e1stroj + vestav\u011bn\u00fd nebo\u00a0extern\u00ed mikrofon)<\/li>\n<li>1 x vestav\u011bn\u00fd kondenz\u00e1torov\u00fd mikrofon<\/li>\n<li>1 stereo v\u00fdstup<\/li>\n<li>AD\/DA p\u0159evodn\u00edky 24 bit\/a\u017e\u00a096 kHz<\/li>\n<li>LED indikace<\/li>\n<li>Oto\u010dn\u00fd ovlada\u010d<\/li>\n<li>Ovl\u00e1d\u00e1n\u00ed p\u0159\u00edmo z aplikac\u00ed Apple &#8211; Logic, Garageband<\/li>\n<li>Nab\u00edj\u00ed iOS za\u0159\u00edzen\u00ed je li p\u0159ipojen k s\u00ed\u0165ov\u00e9mu adapt\u00e9ru<\/li>\n<li>Mo\u017enost nap\u00e1jen\u00ed dv\u011bma AA \u010dl\u00e1nky<\/li>\n<li>Apogee Maestro software<\/li>\n<li>Vyrobeno v U.S.A.<\/li>\n<\/ul>\n<p><strong>Balen\u00ed obsahuje<\/strong><\/p>\n<ul class=\"disc\">\n<li>ONE<\/li>\n<li>USB kabel (\u00a0Lightning kabel a\u00a030-pin kabel se dod\u00e1vaj\u00ed zvl\u00e1\u0161\u0165)<\/li>\n<li>Univerz\u00e1ln\u00ed nap\u00e1je\u010d 220 V<\/li>\n<li>Mikrofonn\u00ed dr\u017e\u00e1k na stojan<\/li>\n<li>Quick Start Guide<\/li>\n<li>Software pro download a n\u00e1vod k instalaci<\/li>\n<\/ul>\n<h3>Mic Pre:<\/h3>\n<ul>\n<li>0 a\u017e 63 dB citlivost<\/li>\n<li>Max input level: +14dBu<\/li>\n<\/ul>\n<h3>Hi-Z:<\/h3>\n<ul>\n<li>Max input level 14 dBu<\/li>\n<li>0 a\u017e 45dB citlivost<\/li>\n<\/ul><\/div><\/p>\n<\/div><\/div><\/section>\n<\/div>\n<\/div><\/div><\/div><!-- close content main div --><\/div><\/div>\n<style type=\"text\/css\" data-created_by=\"avia_inline_auto\" id=\"style-css-av-av_section-dce8581cb2fdaa0a517fb3aa1bdf7de6\">\n.avia-section.av-av_section-dce8581cb2fdaa0a517fb3aa1bdf7de6{\nbackground-repeat:no-repeat;\nbackground-image:url(https:\/\/www.altei.cz\/wp_apogeedigital\/wp-content\/uploads\/2015\/07\/bkg-gradation-f2-1030x445.jpeg);\nbackground-position:50% 50%;\nbackground-attachment:scroll;\n}\n<\/style>\n<div id='av_section_1'  class='avia-section av-av_section-dce8581cb2fdaa0a517fb3aa1bdf7de6 main_color avia-section-large avia-no-shadow  avia-builder-el-7  el_after_av_tab_container  el_before_av_section  avia-full-stretch avia-bg-style-scroll container_wrap sidebar_right'  data-section-bg-repeat='stretch'><div class='container av-section-cont-open' ><div class='template-page content  av-content-small alpha units'><div class='post-entry post-entry-type-page post-entry-945'><div class='entry-content-wrapper clearfix'>\n<div class='flex_column av-av_one_fourth-2a9015ff38129c418a3f2eafba3e9512 av_one_fourth  avia-builder-el-8  el_before_av_one_fourth  avia-builder-el-first  first flex_column_div '     ><\/div>\n<style type=\"text\/css\" data-created_by=\"avia_inline_auto\" id=\"style-css-av-av_one_fourth-9c1d454dc06f7247226bc4e8f931daae\">\n.flex_column.av-av_one_fourth-9c1d454dc06f7247226bc4e8f931daae{\n-webkit-border-radius:0px 0px 0px 0px;\n-moz-border-radius:0px 0px 0px 0px;\nborder-radius:0px 0px 0px 0px;\npadding:0px 0px 0px 0px;\n}\n<\/style>\n<div class='flex_column av-av_one_fourth-9c1d454dc06f7247226bc4e8f931daae av_one_fourth  avia-builder-el-9  el_after_av_one_fourth  el_before_av_one_fourth  flex_column_div av-zero-column-padding '     ><style type=\"text\/css\" data-created_by=\"avia_inline_auto\" id=\"style-css-av-av_image-9779b4a8782ee51a275db96d06830010\">\n.avia-image-container.av-av_image-9779b4a8782ee51a275db96d06830010 img.avia_image{\nbox-shadow:none;\n}\n.avia-image-container.av-av_image-9779b4a8782ee51a275db96d06830010 .av-image-caption-overlay-center{\ncolor:#ffffff;\n}\n<\/style>\n<div  class='avia-image-container av-av_image-9779b4a8782ee51a275db96d06830010 av-styling- avia-align-center  avia-builder-el-10  avia-builder-el-no-sibling '   itemprop=\"image\" itemscope=\"itemscope\" itemtype=\"https:\/\/schema.org\/ImageObject\" ><div class=\"avia-image-container-inner\"><div class=\"avia-image-overlay-wrap\"><img decoding=\"async\" class='wp-image-2961 avia-img-lazy-loading-not-2961 avia_image ' src=\"https:\/\/www.altei.cz\/wp_apogeedigital\/wp-content\/uploads\/2016\/04\/Silver-Black-Together-web-1000.png\" alt='' title='Silver-Black-Together-web-1000'  height=\"1000\" width=\"840\"  itemprop=\"thumbnailUrl\" srcset=\"https:\/\/www.altei.cz\/wp_apogeedigital\/wp-content\/uploads\/2016\/04\/Silver-Black-Together-web-1000.png 840w, https:\/\/www.altei.cz\/wp_apogeedigital\/wp-content\/uploads\/2016\/04\/Silver-Black-Together-web-1000-252x300.png 252w, https:\/\/www.altei.cz\/wp_apogeedigital\/wp-content\/uploads\/2016\/04\/Silver-Black-Together-web-1000-768x914.png 768w, https:\/\/www.altei.cz\/wp_apogeedigital\/wp-content\/uploads\/2016\/04\/Silver-Black-Together-web-1000-592x705.png 592w, https:\/\/www.altei.cz\/wp_apogeedigital\/wp-content\/uploads\/2016\/04\/Silver-Black-Together-web-1000-450x536.png 450w\" sizes=\"(max-width: 840px) 100vw, 840px\" \/><\/div><\/div><\/div><\/div>\n<style type=\"text\/css\" data-created_by=\"avia_inline_auto\" id=\"style-css-av-av_one_fourth-9c1d454dc06f7247226bc4e8f931daae\">\n.flex_column.av-av_one_fourth-9c1d454dc06f7247226bc4e8f931daae{\n-webkit-border-radius:0px 0px 0px 0px;\n-moz-border-radius:0px 0px 0px 0px;\nborder-radius:0px 0px 0px 0px;\npadding:0px 0px 0px 0px;\n}\n<\/style>\n<div class='flex_column av-av_one_fourth-9c1d454dc06f7247226bc4e8f931daae av_one_fourth  avia-builder-el-11  el_after_av_one_fourth  el_before_av_one_fourth  flex_column_div av-zero-column-padding '     ><section  class='av_textblock_section av-av_textblock-0366cc7376be6c9e82a3e9cc8987b64f'  itemscope=\"itemscope\" itemtype=\"https:\/\/schema.org\/CreativeWork\" ><div class='avia_textblock'  itemprop=\"text\" ><h3>V\u00edce o Apogee ONE.<\/h3>\n<ul>\n<li><a href=\"https:\/\/www.altei.cz\/wp_apogeedigital\/one\/\">P\u0159ehled<\/a><\/li>\n<li><a href=\"https:\/\/www.altei.cz\/wp_apogeedigital\/one-mac-new\/\">ONE pro Mac<\/a><\/li>\n<li><a href=\"https:\/\/www.altei.cz\/wp_apogeedigital\/one-ios-mac\/\">ONE pro iPad &amp; Mac<\/a><\/li>\n<li><a href=\"http:\/\/www.altei.cz\/wp_apogeedigital\/one-prohlidka\/\">Prohl\u00eddka produktu<\/a><\/li>\n<li><a href=\"http:\/\/www.altei.cz\/wp_apogeedigital\/duet-specifikace\/\">Specifikace<\/a><\/li>\n<li>Videa<\/li>\n<li><a href=\"http:\/\/www.altei.cz\/wp_apogeedigital\/one-galerie\/\">Galerie<\/a><\/li>\n<li>Um\u011blci<\/li>\n<li>Recenze<\/li>\n<\/ul>\n<\/div><\/section><\/div>\n<style type=\"text\/css\" data-created_by=\"avia_inline_auto\" id=\"style-css-av-av_one_fourth-9c1d454dc06f7247226bc4e8f931daae\">\n.flex_column.av-av_one_fourth-9c1d454dc06f7247226bc4e8f931daae{\n-webkit-border-radius:0px 0px 0px 0px;\n-moz-border-radius:0px 0px 0px 0px;\nborder-radius:0px 0px 0px 0px;\npadding:0px 0px 0px 0px;\n}\n<\/style>\n<div class='flex_column av-av_one_fourth-9c1d454dc06f7247226bc4e8f931daae av_one_fourth  avia-builder-el-13  el_after_av_one_fourth  avia-builder-el-last  flex_column_div av-zero-column-padding '     ><\/div>\n\n<\/div><\/div><\/div><!-- close content main div --><\/div><\/div>\n<style type=\"text\/css\" data-created_by=\"avia_inline_auto\" id=\"style-css-av-av_section-dce8581cb2fdaa0a517fb3aa1bdf7de6\">\n.avia-section.av-av_section-dce8581cb2fdaa0a517fb3aa1bdf7de6{\nbackground-repeat:no-repeat;\nbackground-image:url(https:\/\/www.altei.cz\/wp_apogeedigital\/wp-content\/uploads\/2015\/07\/bkg-gradation-f2-1030x445.jpeg);\nbackground-position:50% 50%;\nbackground-attachment:scroll;\n}\n<\/style>\n<div id='av_section_2'  class='avia-section av-av_section-dce8581cb2fdaa0a517fb3aa1bdf7de6 main_color avia-section-large avia-no-shadow  avia-builder-el-14  el_after_av_section  el_before_av_image  avia-full-stretch avia-bg-style-scroll container_wrap sidebar_right'  data-section-bg-repeat='stretch'><div class='container av-section-cont-open' ><div class='template-page content  av-content-small alpha units'><div class='post-entry post-entry-type-page post-entry-945'><div class='entry-content-wrapper clearfix'>\n<div class='flex_column av-av_one_fourth-2a9015ff38129c418a3f2eafba3e9512 av_one_fourth  avia-builder-el-15  el_before_av_one_fourth  avia-builder-el-first  first flex_column_div '     ><article  class='iconbox iconbox_top av-av_icon_box-b36386a972e03ff63c98d82cd5c85d28  avia-builder-el-16  avia-builder-el-no-sibling  main_color'  itemscope=\"itemscope\" itemtype=\"https:\/\/schema.org\/CreativeWork\" ><div class=\"iconbox_content\"><header class=\"entry-content-header\"><a href='http:\/\/www.apogeedigital.com\/knowledgebase\/' title='' target=\"_blank\" rel=\"noopener noreferrer\" class=\"iconbox_icon heading-color\" aria-hidden='true' data-av_icon='\ue81c' data-av_iconfont='entypo-fontello'><\/a><\/header><div class='iconbox_content_container '  itemprop=\"text\" ><p>Ot\u00e1zky a odpov\u011bdi (angl.)<\/p>\n<\/div><\/div><footer class=\"entry-footer\"><\/footer><\/article><\/div>\n<style type=\"text\/css\" data-created_by=\"avia_inline_auto\" id=\"style-css-av-av_one_fourth-9c1d454dc06f7247226bc4e8f931daae\">\n.flex_column.av-av_one_fourth-9c1d454dc06f7247226bc4e8f931daae{\n-webkit-border-radius:0px 0px 0px 0px;\n-moz-border-radius:0px 0px 0px 0px;\nborder-radius:0px 0px 0px 0px;\npadding:0px 0px 0px 0px;\n}\n<\/style>\n<div class='flex_column av-av_one_fourth-9c1d454dc06f7247226bc4e8f931daae av_one_fourth  avia-builder-el-17  el_after_av_one_fourth  el_before_av_one_fourth  flex_column_div av-zero-column-padding '     ><article  class='iconbox iconbox_top av-av_icon_box-43d84e0b1e230c0be8804d49e8aa295a  avia-builder-el-18  avia-builder-el-no-sibling  main_color'  itemscope=\"itemscope\" itemtype=\"https:\/\/schema.org\/CreativeWork\" ><div class=\"iconbox_content\"><header class=\"entry-content-header\"><a href='https:\/\/www.altei.cz\/wp_apogeedigital\/message\/' title=''  class=\"iconbox_icon heading-color\" aria-hidden='true' data-av_icon='\ue805' data-av_iconfont='entypo-fontello'><\/a><\/header><div class='iconbox_content_container '  itemprop=\"text\" ><p>M\u00e1te dotaz? Napi\u0161te n\u00e1m.<\/p>\n<\/div><\/div><footer class=\"entry-footer\"><\/footer><\/article><\/div>\n<style type=\"text\/css\" data-created_by=\"avia_inline_auto\" id=\"style-css-av-av_one_fourth-9c1d454dc06f7247226bc4e8f931daae\">\n.flex_column.av-av_one_fourth-9c1d454dc06f7247226bc4e8f931daae{\n-webkit-border-radius:0px 0px 0px 0px;\n-moz-border-radius:0px 0px 0px 0px;\nborder-radius:0px 0px 0px 0px;\npadding:0px 0px 0px 0px;\n}\n<\/style>\n<div class='flex_column av-av_one_fourth-9c1d454dc06f7247226bc4e8f931daae av_one_fourth  avia-builder-el-19  el_after_av_one_fourth  el_before_av_one_fourth  flex_column_div av-zero-column-padding '     ><article  class='iconbox iconbox_top av-av_icon_box-4d8b88e5da44c73ec7f1917647b17527  avia-builder-el-20  avia-builder-el-no-sibling  main_color'  itemscope=\"itemscope\" itemtype=\"https:\/\/schema.org\/CreativeWork\" ><div class=\"iconbox_content\"><header class=\"entry-content-header\"><a href='https:\/\/www.altei.cz\/wp_apogeedigital\/dealer-locator\/' title=''  target=\"_blank\"  rel=\"noopener noreferrer\" class=\"iconbox_icon heading-color\" aria-hidden='true' data-av_icon='\ue803' data-av_iconfont='entypo-fontello'><\/a><\/header><div class='iconbox_content_container '  itemprop=\"text\" ><p>Kde koupit ?<\/p>\n<\/div><\/div><footer class=\"entry-footer\"><\/footer><\/article><\/div>\n<style type=\"text\/css\" data-created_by=\"avia_inline_auto\" id=\"style-css-av-av_one_fourth-9c1d454dc06f7247226bc4e8f931daae\">\n.flex_column.av-av_one_fourth-9c1d454dc06f7247226bc4e8f931daae{\n-webkit-border-radius:0px 0px 0px 0px;\n-moz-border-radius:0px 0px 0px 0px;\nborder-radius:0px 0px 0px 0px;\npadding:0px 0px 0px 0px;\n}\n<\/style>\n<div class='flex_column av-av_one_fourth-9c1d454dc06f7247226bc4e8f931daae av_one_fourth  avia-builder-el-21  el_after_av_one_fourth  avia-builder-el-last  flex_column_div av-zero-column-padding '     ><article  class='iconbox iconbox_top av-av_icon_box-74e5e363f41078a97d00ffc4fbbb0b2d  avia-builder-el-22  avia-builder-el-no-sibling  main_color'  itemscope=\"itemscope\" itemtype=\"https:\/\/schema.org\/CreativeWork\" ><div class=\"iconbox_content\"><header class=\"entry-content-header\"><a href='http:\/\/www.altei.cz\/brand\/apogee\/' title=''  class=\"iconbox_icon heading-color\" aria-hidden='true' data-av_icon='\ue859' data-av_iconfont='entypo-fontello'><\/a><\/header><div class='iconbox_content_container '  itemprop=\"text\" ><p>Koupit Apogee produkty a p\u0159\u00edslu\u0161enstv\u00ed<\/p>\n<\/div><\/div><footer class=\"entry-footer\"><\/footer><\/article><\/div>\n<\/div><\/div><\/div><!-- close content main div --><\/div><\/div><div id='after_section_2'  class='main_color av_default_container_wrap container_wrap sidebar_right'  ><div class='container av-section-cont-open' ><div class='template-page content  av-content-small alpha units'><div class='post-entry post-entry-type-page post-entry-945'><div class='entry-content-wrapper clearfix'>\n\n<style type=\"text\/css\" data-created_by=\"avia_inline_auto\" id=\"style-css-av-av_image-8ae30a74aa9a0223b2fb86c20cd27489\">\n.avia-image-container.av-av_image-8ae30a74aa9a0223b2fb86c20cd27489 img.avia_image{\nbox-shadow:none;\n}\n.avia-image-container.av-av_image-8ae30a74aa9a0223b2fb86c20cd27489 .av-image-caption-overlay-center{\ncolor:#ffffff;\n}\n<\/style>\n<div  class='avia-image-container av-av_image-8ae30a74aa9a0223b2fb86c20cd27489 av-styling- avia-align-center  avia-builder-el-23  el_after_av_section  avia-builder-el-no-sibling '   itemprop=\"image\" itemscope=\"itemscope\" itemtype=\"https:\/\/schema.org\/ImageObject\" ><div class=\"avia-image-container-inner\"><div class=\"avia-image-overlay-wrap\"><img decoding=\"async\" class='wp-image- avia-img-lazy-loading-not- avia_image ' src=\"https:\/\/www.altei.cz\/wp_apogeedigital\/wp-content\/themes\/enfold\/config-templatebuilder\/avia-template-builder\/images\/placeholder.jpg\" alt='' title=''   itemprop=\"thumbnailUrl\"  \/><\/div><\/div><\/div>\n","protected":false},"excerpt":{"rendered":"","protected":false},"author":1,"featured_media":0,"parent":0,"menu_order":0,"comment_status":"closed","ping_status":"open","template":"","meta":{"_bbp_topic_count":0,"_bbp_reply_count":0,"_bbp_total_topic_count":0,"_bbp_total_reply_count":0,"_bbp_voice_count":0,"_bbp_anonymous_reply_count":0,"_bbp_topic_count_hidden":0,"_bbp_reply_count_hidden":0,"_bbp_forum_subforum_count":0,"om_disable_all_campaigns":false,"_monsterinsights_skip_tracking":false,"_monsterinsights_sitenote_active":false,"_monsterinsights_sitenote_note":"","_monsterinsights_sitenote_category":0,"_wp_rev_ctl_limit":""},"aioseo_notices":[],"_links":{"self":[{"href":"https:\/\/www.altei.cz\/wp_apogeedigital\/wp-json\/wp\/v2\/pages\/945"}],"collection":[{"href":"https:\/\/www.altei.cz\/wp_apogeedigital\/wp-json\/wp\/v2\/pages"}],"about":[{"href":"https:\/\/www.altei.cz\/wp_apogeedigital\/wp-json\/wp\/v2\/types\/page"}],"author":[{"embeddable":true,"href":"https:\/\/www.altei.cz\/wp_apogeedigital\/wp-json\/wp\/v2\/users\/1"}],"replies":[{"embeddable":true,"href":"https:\/\/www.altei.cz\/wp_apogeedigital\/wp-json\/wp\/v2\/comments?post=945"}],"version-history":[{"count":0,"href":"https:\/\/www.altei.cz\/wp_apogeedigital\/wp-json\/wp\/v2\/pages\/945\/revisions"}],"wp:attachment":[{"href":"https:\/\/www.altei.cz\/wp_apogeedigital\/wp-json\/wp\/v2\/media?parent=945"}],"curies":[{"name":"wp","href":"https:\/\/api.w.org\/{rel}","templated":true}]}}