{"id":959,"date":"2015-07-29T16:26:42","date_gmt":"2015-07-29T15:26:42","guid":{"rendered":"http:\/\/www.altei.cz\/wp_apogeedigital\/?page_id=959"},"modified":"2016-02-17T09:58:08","modified_gmt":"2016-02-17T08:58:08","slug":"one-prohlidka","status":"publish","type":"page","link":"https:\/\/www.altei.cz\/wp_apogeedigital\/one-prohlidka\/","title":{"rendered":"One-prohl\u00eddka"},"content":{"rendered":"<div id='layer_slider_1'  class='avia-layerslider main_color avia-shadow  avia-builder-el-0  el_before_av_submenu  avia-builder-el-first  container_wrap sidebar_right'  style='height: 201px;'  ><\/div>\n<div class='clear'><\/div><div id='sub_menu1'  class='av-submenu-container av-av_submenu-4defbf8a9a9eefa6cf7aa6ddf7f6993e main_color  avia-builder-el-1  el_after_av_layerslider  el_before_av_hr  av-sticky-submenu submenu-not-first container_wrap sidebar_right' style='z-index:301' ><div class='container av-menu-mobile-disabled av-submenu-pos-center'><ul id=\"menu-one-submenu\" class=\"av-subnav-menu\"><li role=\"menuitem\" id=\"menu-item-2991\" class=\"menu-item menu-item-type-post_type menu-item-object-page menu-item-top-level menu-item-top-level-1\"><a href=\"https:\/\/www.altei.cz\/wp_apogeedigital\/one-mac-win\/\" itemprop=\"url\" tabindex=\"0\"><span class=\"avia-bullet\"><\/span><span class=\"avia-menu-text\">P\u0159ehled<\/span><span class=\"avia-menu-fx\"><span class=\"avia-arrow-wrap\"><span class=\"avia-arrow\"><\/span><\/span><\/span><\/a><\/li>\n<li role=\"menuitem\" id=\"menu-item-883\" class=\"menu-item menu-item-type-post_type menu-item-object-page menu-item-top-level menu-item-top-level-2\"><a href=\"https:\/\/www.altei.cz\/wp_apogeedigital\/one-ios-mac\/\" itemprop=\"url\" tabindex=\"0\"><span class=\"avia-bullet\"><\/span><span class=\"avia-menu-text\">ONE pro iPad &#038; Mac<\/span><span class=\"avia-menu-fx\"><span class=\"avia-arrow-wrap\"><span class=\"avia-arrow\"><\/span><\/span><\/span><\/a><\/li>\n<li role=\"menuitem\" id=\"menu-item-972\" class=\"menu-item menu-item-type-post_type menu-item-object-page menu-item-top-level menu-item-top-level-3\"><a href=\"https:\/\/www.altei.cz\/wp_apogeedigital\/one-specifikace\/\" itemprop=\"url\" tabindex=\"0\"><span class=\"avia-bullet\"><\/span><span class=\"avia-menu-text\">Specifikace<\/span><span class=\"avia-menu-fx\"><span class=\"avia-arrow-wrap\"><span class=\"avia-arrow\"><\/span><\/span><\/span><\/a><\/li>\n<li role=\"menuitem\" id=\"menu-item-971\" class=\"menu-item menu-item-type-post_type menu-item-object-page menu-item-top-level menu-item-top-level-4\"><a href=\"https:\/\/www.altei.cz\/wp_apogeedigital\/one-galerie\/\" itemprop=\"url\" tabindex=\"0\"><span class=\"avia-bullet\"><\/span><span class=\"avia-menu-text\">Galerie<\/span><span class=\"avia-menu-fx\"><span class=\"avia-arrow-wrap\"><span class=\"avia-arrow\"><\/span><\/span><\/span><\/a><\/li>\n<li role=\"menuitem\" id=\"menu-item-980\" class=\"menu-item menu-item-type-custom menu-item-object-custom av-menu-button av-menu-button-colored menu-item-top-level menu-item-top-level-5\"><a href=\"http:\/\/www.altei.cz\/produkt\/one-ios-mac\" itemprop=\"url\" tabindex=\"0\"><span class=\"avia-bullet\"><\/span><span class=\"avia-menu-text\">Koupit<\/span><span class=\"avia-menu-fx\"><span class=\"avia-arrow-wrap\"><span class=\"avia-arrow\"><\/span><\/span><\/span><\/a><\/li>\n<\/ul><\/div><\/div><div class='sticky_placeholder'><\/div><div id='after_submenu_1'  class='main_color av_default_container_wrap container_wrap sidebar_right'  ><div class='container av-section-cont-open' ><div class='template-page content  av-content-small alpha units'><div class='post-entry post-entry-type-page post-entry-959'><div class='entry-content-wrapper clearfix'>\n\n<style type=\"text\/css\" data-created_by=\"avia_inline_auto\" id=\"style-css-av-av_hr-424df346aac155d00a7e2b10567e62cd\">\n#top .hr.hr-invisible.av-av_hr-424df346aac155d00a7e2b10567e62cd{\nheight:50px;\n}\n<\/style>\n<div  class='hr av-av_hr-424df346aac155d00a7e2b10567e62cd hr-invisible  avia-builder-el-2  el_after_av_submenu  el_before_av_heading  avia-builder-el-first '><span class='hr-inner '><span class=\"hr-inner-style\"><\/span><\/span><\/div>\n\n<style type=\"text\/css\" data-created_by=\"avia_inline_auto\" id=\"style-css-av-av_heading-dc68aa525d85ca638167dd5201019eb7\">\n#top .av-special-heading.av-av_heading-dc68aa525d85ca638167dd5201019eb7{\npadding-bottom:1px;\nfont-size:49px;\n}\nbody .av-special-heading.av-av_heading-dc68aa525d85ca638167dd5201019eb7 .av-special-heading-tag .heading-char{\nfont-size:25px;\n}\n#top #wrap_all .av-special-heading.av-av_heading-dc68aa525d85ca638167dd5201019eb7 .av-special-heading-tag{\nfont-size:49px;\n}\n.av-special-heading.av-av_heading-dc68aa525d85ca638167dd5201019eb7 .av-subheading{\nfont-size:15px;\n}\n\n@media only screen and (min-width: 480px) and (max-width: 767px){ \n#top #wrap_all .av-special-heading.av-av_heading-dc68aa525d85ca638167dd5201019eb7 .av-special-heading-tag{\nfont-size:0.8em;\n}\n}\n\n@media only screen and (max-width: 479px){ \n#top #wrap_all .av-special-heading.av-av_heading-dc68aa525d85ca638167dd5201019eb7 .av-special-heading-tag{\nfont-size:0.8em;\n}\n}\n<\/style>\n<div  class='av-special-heading av-av_heading-dc68aa525d85ca638167dd5201019eb7 av-special-heading-h6 blockquote modern-quote modern-centered  avia-builder-el-3  el_after_av_hr  el_before_av_one_full  av-inherit-size'><h6 class='av-special-heading-tag'  itemprop=\"headline\"  >Apogee ONE prohl\u00eddka<\/h6><div class=\"special-heading-border\"><div class=\"special-heading-inner-border\"><\/div><\/div><\/div>\n<div class='flex_column av-av_one_full-2a9015ff38129c418a3f2eafba3e9512 av_one_full  avia-builder-el-4  el_after_av_heading  el_before_av_hr  first flex_column_div '     ><style type=\"text\/css\" data-created_by=\"avia_inline_auto\" id=\"style-css-av-av_image-a172dc6ba710660f7bd6f5a45456e025\">\n.avia-image-container.av-av_image-a172dc6ba710660f7bd6f5a45456e025 img.avia_image{\nbox-shadow:none;\n}\n.avia-image-container.av-av_image-a172dc6ba710660f7bd6f5a45456e025 .av-image-caption-overlay-center{\ncolor:#ffffff;\n}\n<\/style>\n<div  class='avia-image-container av-av_image-a172dc6ba710660f7bd6f5a45456e025 av-styling- avia-align-center  avia-builder-el-5  avia-builder-el-no-sibling '   itemprop=\"image\" itemscope=\"itemscope\" itemtype=\"https:\/\/schema.org\/ImageObject\" ><div class=\"avia-image-container-inner\"><div class=\"avia-image-overlay-wrap\"><img fetchpriority=\"high\" decoding=\"async\" class='wp-image-906 avia-img-lazy-loading-not-906 avia_image ' src=\"https:\/\/www.altei.cz\/wp_apogeedigital\/wp-content\/uploads\/2015\/07\/Apogee_ONE_iOS_popis_1.png\" alt='' title='Apogee_ONE_iOS_popis_1'  height=\"561\" width=\"880\"  itemprop=\"thumbnailUrl\" srcset=\"https:\/\/www.altei.cz\/wp_apogeedigital\/wp-content\/uploads\/2015\/07\/Apogee_ONE_iOS_popis_1.png 880w, https:\/\/www.altei.cz\/wp_apogeedigital\/wp-content\/uploads\/2015\/07\/Apogee_ONE_iOS_popis_1-300x191.png 300w, https:\/\/www.altei.cz\/wp_apogeedigital\/wp-content\/uploads\/2015\/07\/Apogee_ONE_iOS_popis_1-705x449.png 705w, https:\/\/www.altei.cz\/wp_apogeedigital\/wp-content\/uploads\/2015\/07\/Apogee_ONE_iOS_popis_1-450x287.png 450w\" sizes=\"(max-width: 880px) 100vw, 880px\" \/><\/div><\/div><\/div><\/div>\n\n<style type=\"text\/css\" data-created_by=\"avia_inline_auto\" id=\"style-css-av-av_hr-424df346aac155d00a7e2b10567e62cd\">\n#top .hr.hr-invisible.av-av_hr-424df346aac155d00a7e2b10567e62cd{\nheight:50px;\n}\n<\/style>\n<div  class='hr av-av_hr-424df346aac155d00a7e2b10567e62cd hr-invisible  avia-builder-el-6  el_after_av_one_full  el_before_av_section  avia-builder-el-last '><span class='hr-inner '><span class=\"hr-inner-style\"><\/span><\/span><\/div>\n<\/div><\/div><\/div><!-- close content main div --><\/div><\/div>\n<style type=\"text\/css\" data-created_by=\"avia_inline_auto\" id=\"style-css-av-av_section-5cbb0e09234d7290c59e5b198f7cbc3b\">\n.avia-section.av-av_section-5cbb0e09234d7290c59e5b198f7cbc3b{\nbackground-repeat:no-repeat;\nbackground-image:url(https:\/\/www.altei.cz\/wp_apogeedigital\/wp-content\/uploads\/2015\/07\/bkg-gradation-f2-1030x445.jpeg);\nbackground-position:0% 0%;\nbackground-attachment:scroll;\n}\n<\/style>\n<div id='av_section_1'  class='avia-section av-av_section-5cbb0e09234d7290c59e5b198f7cbc3b main_color avia-section-default avia-no-shadow  avia-builder-el-7  el_after_av_hr  el_before_av_section  avia-bg-style-scroll container_wrap sidebar_right'  data-section-bg-repeat='no-repeat'><div class='container av-section-cont-open' ><div class='template-page content  av-content-small alpha units'><div class='post-entry post-entry-type-page post-entry-959'><div class='entry-content-wrapper clearfix'>\n<div class='flex_column av-av_one_half-2a9015ff38129c418a3f2eafba3e9512 av_one_half  avia-builder-el-8  el_before_av_one_half  avia-builder-el-first  first flex_column_div '     ><p>\n<style type=\"text\/css\" data-created_by=\"avia_inline_auto\" id=\"style-css-av-av_image-276163394412b6e1199f6d8e2ed9934a\">\n.avia-image-container.av-av_image-276163394412b6e1199f6d8e2ed9934a img.avia_image{\nbox-shadow:none;\n}\n.avia-image-container.av-av_image-276163394412b6e1199f6d8e2ed9934a .av-image-caption-overlay-center{\ncolor:#ffffff;\n}\n<\/style>\n<div  class='avia-image-container av-av_image-276163394412b6e1199f6d8e2ed9934a av-styling- avia-align-center  avia-builder-el-9  el_before_av_textblock  avia-builder-el-first '   itemprop=\"image\" itemscope=\"itemscope\" itemtype=\"https:\/\/schema.org\/ImageObject\" ><div class=\"avia-image-container-inner\"><div class=\"avia-image-overlay-wrap\"><img decoding=\"async\" class='wp-image-896 avia-img-lazy-loading-not-896 avia_image ' src=\"https:\/\/www.altei.cz\/wp_apogeedigital\/wp-content\/uploads\/2015\/07\/one-singer-microphone-300x169.jpg\" alt='' title='one-singer-microphone'  height=\"169\" width=\"300\"  itemprop=\"thumbnailUrl\" srcset=\"https:\/\/www.altei.cz\/wp_apogeedigital\/wp-content\/uploads\/2015\/07\/one-singer-microphone-300x169.jpg 300w, https:\/\/www.altei.cz\/wp_apogeedigital\/wp-content\/uploads\/2015\/07\/one-singer-microphone-705x396.jpg 705w, https:\/\/www.altei.cz\/wp_apogeedigital\/wp-content\/uploads\/2015\/07\/one-singer-microphone-450x253.jpg 450w, https:\/\/www.altei.cz\/wp_apogeedigital\/wp-content\/uploads\/2015\/07\/one-singer-microphone.jpg 1000w\" sizes=\"(max-width: 300px) 100vw, 300px\" \/><\/div><\/div><\/div><br \/>\n<section  class='av_textblock_section av-av_textblock-0366cc7376be6c9e82a3e9cc8987b64f'  itemscope=\"itemscope\" itemtype=\"https:\/\/schema.org\/CreativeWork\" ><div class='avia_textblock'  itemprop=\"text\" ><h3>One je zvukov\u00e1 karta<\/h3>\n<p>K va\u0161emu ONE p\u0159ipoj\u00edte mikrofon, kytaru nebo baskytaru \u010di kl\u00e1vesy.<br \/>\nPomoc\u00ed p\u0159ibalen\u00e9ho breakout kabelu p\u0159ipoj\u00edte k ONE iOS mikrofon do XLR vstupu a dal\u0161\u00ed vstup pou\u017eijete pro n\u00e1stroj (kytaru, baskytaru, kl\u00e1vesy a pod.). One iOs m\u00e1 dva vstupy narozd\u00edl od sv\u00e9ho p\u0159edch\u016fdce.<\/p>\n<\/div><\/section><br \/>\n\n<style type=\"text\/css\" data-created_by=\"avia_inline_auto\" id=\"style-css-av-av_image-fccf0b26a10d158a91773227e00cfe50\">\n.avia-image-container.av-av_image-fccf0b26a10d158a91773227e00cfe50 img.avia_image{\nbox-shadow:none;\n}\n.avia-image-container.av-av_image-fccf0b26a10d158a91773227e00cfe50 .av-image-caption-overlay-center{\ncolor:#ffffff;\n}\n<\/style>\n<div  class='avia-image-container av-av_image-fccf0b26a10d158a91773227e00cfe50 av-styling- avia-align-center  avia-builder-el-11  el_after_av_textblock  avia-builder-el-last '   itemprop=\"image\" itemscope=\"itemscope\" itemtype=\"https:\/\/schema.org\/ImageObject\" ><div class=\"avia-image-container-inner\"><div class=\"avia-image-overlay-wrap\"><img decoding=\"async\" class='wp-image-894 avia-img-lazy-loading-not-894 avia_image ' src=\"https:\/\/www.altei.cz\/wp_apogeedigital\/wp-content\/uploads\/2015\/07\/ONE-iPad-Headphones-DAC-710-300x243.jpg\" alt='' title='ONE-iPad-Headphones-DAC-710'  height=\"243\" width=\"300\"  itemprop=\"thumbnailUrl\" srcset=\"https:\/\/www.altei.cz\/wp_apogeedigital\/wp-content\/uploads\/2015\/07\/ONE-iPad-Headphones-DAC-710-300x243.jpg 300w, https:\/\/www.altei.cz\/wp_apogeedigital\/wp-content\/uploads\/2015\/07\/ONE-iPad-Headphones-DAC-710-495x400.jpg 495w, https:\/\/www.altei.cz\/wp_apogeedigital\/wp-content\/uploads\/2015\/07\/ONE-iPad-Headphones-DAC-710-705x571.jpg 705w, https:\/\/www.altei.cz\/wp_apogeedigital\/wp-content\/uploads\/2015\/07\/ONE-iPad-Headphones-DAC-710-450x364.jpg 450w, https:\/\/www.altei.cz\/wp_apogeedigital\/wp-content\/uploads\/2015\/07\/ONE-iPad-Headphones-DAC-710.jpg 710w\" sizes=\"(max-width: 300px) 100vw, 300px\" \/><\/div><\/div><\/div><\/p><\/div><div class='flex_column av-av_one_half-f78fb3c186c5ceb3cf0bf54353219056 av_one_half  avia-builder-el-12  el_after_av_one_half  avia-builder-el-last  flex_column_div '     ><section  class='av_textblock_section av-av_textblock-0366cc7376be6c9e82a3e9cc8987b64f'  itemscope=\"itemscope\" itemtype=\"https:\/\/schema.org\/CreativeWork\" ><div class='avia_textblock'  itemprop=\"text\" ><h3>One je mikrofon<\/h3>\n<p>ONE m\u00e1 vestav\u011bn\u00fd kondenz\u00e1torov\u00fd mikrofon pro okam\u017eit\u00e9 pou\u017eit\u00ed.\u00a0D\u00edky p\u0159ibalen\u00e9mu dr\u017e\u00e1ku ONE iOS na mikrofonn\u00ed stojan je snadn\u00e9 uchycen\u00ed One do stojanu a jeho p\u0159esn\u00e9 mastaven\u00ed pro sn\u00edm\u00e1n\u00ed vestav\u011bn\u00fdm mikrofonem.<\/p>\n<\/div><\/section><br \/>\n\n<style type=\"text\/css\" data-created_by=\"avia_inline_auto\" id=\"style-css-av-av_image-5fd776ab25cebbef705018d4cc476b86\">\n.avia-image-container.av-av_image-5fd776ab25cebbef705018d4cc476b86 img.avia_image{\nbox-shadow:none;\n}\n.avia-image-container.av-av_image-5fd776ab25cebbef705018d4cc476b86 .av-image-caption-overlay-center{\ncolor:#ffffff;\n}\n<\/style>\n<div  class='avia-image-container av-av_image-5fd776ab25cebbef705018d4cc476b86 av-styling- avia-align-center  avia-builder-el-14  el_after_av_textblock  el_before_av_textblock '   itemprop=\"image\" itemscope=\"itemscope\" itemtype=\"https:\/\/schema.org\/ImageObject\" ><div class=\"avia-image-container-inner\"><div class=\"avia-image-overlay-wrap\"><img loading=\"lazy\" decoding=\"async\" class='wp-image-895 avia-img-lazy-loading-not-895 avia_image ' src=\"https:\/\/www.altei.cz\/wp_apogeedigital\/wp-content\/uploads\/2015\/07\/ONE_mic-guitar-710-300x243.jpg\" alt='' title='ONE_mic-guitar-710'  height=\"243\" width=\"300\"  itemprop=\"thumbnailUrl\" srcset=\"https:\/\/www.altei.cz\/wp_apogeedigital\/wp-content\/uploads\/2015\/07\/ONE_mic-guitar-710-300x243.jpg 300w, https:\/\/www.altei.cz\/wp_apogeedigital\/wp-content\/uploads\/2015\/07\/ONE_mic-guitar-710-495x400.jpg 495w, https:\/\/www.altei.cz\/wp_apogeedigital\/wp-content\/uploads\/2015\/07\/ONE_mic-guitar-710-705x571.jpg 705w, https:\/\/www.altei.cz\/wp_apogeedigital\/wp-content\/uploads\/2015\/07\/ONE_mic-guitar-710-450x364.jpg 450w, https:\/\/www.altei.cz\/wp_apogeedigital\/wp-content\/uploads\/2015\/07\/ONE_mic-guitar-710.jpg 710w\" sizes=\"(max-width: 300px) 100vw, 300px\" \/><\/div><\/div><\/div><br \/>\n<section  class='av_textblock_section av-av_textblock-0366cc7376be6c9e82a3e9cc8987b64f'  itemscope=\"itemscope\" itemtype=\"https:\/\/schema.org\/CreativeWork\" ><div class='avia_textblock'  itemprop=\"text\" ><h3>One je sluch\u00e1tkov\u00fd zesilova\u010d\u00a0a DA p\u0159evodn\u00edk<\/h3>\n<p>P\u0159ipoj\u00edte sluch\u00e1tka nebo aktivn\u00ed monitory<\/p>\n<p>Stereo v\u00fdstup ONE iOS nab\u00edz\u00ed audiofilskou zvukovou kvalitu pro v\u00fdstup z va\u0161eho iPhone, iPadu nebo Maca. Vyu\u017eijte tuto kvalitu p\u0159i va\u0161\u00ed pr\u00e1ci, nebo jen pro poslech z va\u0161\u00ed obl\u00edben\u00e9 aplikace.<\/p>\n<\/div><\/section><\/p><\/div>\n\n<\/div><\/div><\/div><!-- close content main div --><\/div><\/div>\n<style type=\"text\/css\" data-created_by=\"avia_inline_auto\" id=\"style-css-av-av_section-dce8581cb2fdaa0a517fb3aa1bdf7de6\">\n.avia-section.av-av_section-dce8581cb2fdaa0a517fb3aa1bdf7de6{\nbackground-repeat:no-repeat;\nbackground-image:url(https:\/\/www.altei.cz\/wp_apogeedigital\/wp-content\/uploads\/2015\/07\/bkg-gradation-f2-1030x445.jpeg);\nbackground-position:50% 50%;\nbackground-attachment:scroll;\n}\n<\/style>\n<div id='av_section_2'  class='avia-section av-av_section-dce8581cb2fdaa0a517fb3aa1bdf7de6 main_color avia-section-large avia-no-shadow  avia-builder-el-16  el_after_av_section  el_before_av_section  avia-full-stretch avia-bg-style-scroll container_wrap sidebar_right'  data-section-bg-repeat='stretch'><div class='container av-section-cont-open' ><div class='template-page content  av-content-small alpha units'><div class='post-entry post-entry-type-page post-entry-959'><div class='entry-content-wrapper clearfix'>\n<div class='flex_column av-av_one_fourth-2a9015ff38129c418a3f2eafba3e9512 av_one_fourth  avia-builder-el-17  el_before_av_one_fourth  avia-builder-el-first  first flex_column_div '     ><\/div><div class='flex_column av-av_one_fourth-f78fb3c186c5ceb3cf0bf54353219056 av_one_fourth  avia-builder-el-18  el_after_av_one_fourth  el_before_av_one_fourth  flex_column_div '     ><style type=\"text\/css\" data-created_by=\"avia_inline_auto\" id=\"style-css-av-av_image-228ab6f853cfb98d634b6ec10a1622f2\">\n.avia-image-container.av-av_image-228ab6f853cfb98d634b6ec10a1622f2 img.avia_image{\nbox-shadow:none;\n}\n.avia-image-container.av-av_image-228ab6f853cfb98d634b6ec10a1622f2 .av-image-caption-overlay-center{\ncolor:#ffffff;\n}\n<\/style>\n<div  class='avia-image-container av-av_image-228ab6f853cfb98d634b6ec10a1622f2 av-styling- avia-align-center  avia-builder-el-19  avia-builder-el-no-sibling '   itemprop=\"image\" itemscope=\"itemscope\" itemtype=\"https:\/\/schema.org\/ImageObject\" ><div class=\"avia-image-container-inner\"><div class=\"avia-image-overlay-wrap\"><img loading=\"lazy\" decoding=\"async\" class='wp-image-881 avia-img-lazy-loading-not-881 avia_image ' src=\"https:\/\/www.altei.cz\/wp_apogeedigital\/wp-content\/uploads\/2015\/07\/ONE-3-Quarters-Standing-Feb-2013-1000-e1438101333851.png\" alt='' title='ONE-3-Quarters-Standing-Feb-2013-430'  height=\"430\" width=\"273\"  itemprop=\"thumbnailUrl\"  \/><\/div><\/div><\/div><\/div><div class='flex_column av-av_one_fourth-f78fb3c186c5ceb3cf0bf54353219056 av_one_fourth  avia-builder-el-20  el_after_av_one_fourth  el_before_av_one_fourth  flex_column_div '     ><section  class='av_textblock_section av-av_textblock-0366cc7376be6c9e82a3e9cc8987b64f'  itemscope=\"itemscope\" itemtype=\"https:\/\/schema.org\/CreativeWork\" ><div class='avia_textblock'  itemprop=\"text\" ><h3>V\u00edce o Apogee ONE.<\/h3>\n<ul>\n<li><a href=\"http:\/\/www.altei.cz\/wp_apogeedigital\/duet-ios-mac\/\">P\u0159ehled<\/a><\/li>\n<li><a href=\"http:\/\/www.altei.cz\/wp_apogeedigital\/duet-product-tour\/\">Prohl\u00eddka produktu<\/a><\/li>\n<li><a href=\"http:\/\/www.altei.cz\/wp_apogeedigital\/duet-specifikace\/\">Specifikace<\/a><\/li>\n<li>Videa<\/li>\n<li>Galerie<\/li>\n<li>Um\u011blci<\/li>\n<li>Recenze<\/li>\n<\/ul>\n<\/div><\/section><\/div><div class='flex_column av-av_one_fourth-f78fb3c186c5ceb3cf0bf54353219056 av_one_fourth  avia-builder-el-22  el_after_av_one_fourth  avia-builder-el-last  flex_column_div '     ><\/div>\n\n<\/div><\/div><\/div><!-- close content main div --><\/div><\/div>\n<style type=\"text\/css\" data-created_by=\"avia_inline_auto\" id=\"style-css-av-av_section-dce8581cb2fdaa0a517fb3aa1bdf7de6\">\n.avia-section.av-av_section-dce8581cb2fdaa0a517fb3aa1bdf7de6{\nbackground-repeat:no-repeat;\nbackground-image:url(https:\/\/www.altei.cz\/wp_apogeedigital\/wp-content\/uploads\/2015\/07\/bkg-gradation-f2-1030x445.jpeg);\nbackground-position:50% 50%;\nbackground-attachment:scroll;\n}\n<\/style>\n<div id='av_section_3'  class='avia-section av-av_section-dce8581cb2fdaa0a517fb3aa1bdf7de6 main_color avia-section-large avia-no-shadow  avia-builder-el-23  el_after_av_section  avia-builder-el-last  avia-full-stretch avia-bg-style-scroll container_wrap sidebar_right'  data-section-bg-repeat='stretch'><div class='container av-section-cont-open' ><div class='template-page content  av-content-small alpha units'><div class='post-entry post-entry-type-page post-entry-959'><div class='entry-content-wrapper clearfix'>\n<div class='flex_column av-av_one_fourth-2a9015ff38129c418a3f2eafba3e9512 av_one_fourth  avia-builder-el-24  el_before_av_one_fourth  avia-builder-el-first  first flex_column_div '     ><article  class='iconbox iconbox_top av-av_icon_box-b36386a972e03ff63c98d82cd5c85d28  avia-builder-el-25  avia-builder-el-no-sibling  main_color'  itemscope=\"itemscope\" itemtype=\"https:\/\/schema.org\/CreativeWork\" ><div class=\"iconbox_content\"><header class=\"entry-content-header\"><a href='http:\/\/www.apogeedigital.com\/knowledgebase\/' title='' target=\"_blank\" rel=\"noopener noreferrer\" class=\"iconbox_icon heading-color\" aria-hidden='true' data-av_icon='\ue81c' data-av_iconfont='entypo-fontello'><\/a><\/header><div class='iconbox_content_container '  itemprop=\"text\" ><p>Ot\u00e1zky a odpov\u011bdi (angl.)<\/p>\n<\/div><\/div><footer class=\"entry-footer\"><\/footer><\/article><\/div>\n<style type=\"text\/css\" data-created_by=\"avia_inline_auto\" id=\"style-css-av-av_one_fourth-9c1d454dc06f7247226bc4e8f931daae\">\n.flex_column.av-av_one_fourth-9c1d454dc06f7247226bc4e8f931daae{\n-webkit-border-radius:0px 0px 0px 0px;\n-moz-border-radius:0px 0px 0px 0px;\nborder-radius:0px 0px 0px 0px;\npadding:0px 0px 0px 0px;\n}\n<\/style>\n<div class='flex_column av-av_one_fourth-9c1d454dc06f7247226bc4e8f931daae av_one_fourth  avia-builder-el-26  el_after_av_one_fourth  el_before_av_one_fourth  flex_column_div av-zero-column-padding '     ><article  class='iconbox iconbox_top av-av_icon_box-43d84e0b1e230c0be8804d49e8aa295a  avia-builder-el-27  avia-builder-el-no-sibling  main_color'  itemscope=\"itemscope\" itemtype=\"https:\/\/schema.org\/CreativeWork\" ><div class=\"iconbox_content\"><header class=\"entry-content-header\"><a href='https:\/\/www.altei.cz\/wp_apogeedigital\/message\/' title=''  class=\"iconbox_icon heading-color\" aria-hidden='true' data-av_icon='\ue805' data-av_iconfont='entypo-fontello'><\/a><\/header><div class='iconbox_content_container '  itemprop=\"text\" ><p>M\u00e1te dotaz? Napi\u0161te n\u00e1m.<\/p>\n<\/div><\/div><footer class=\"entry-footer\"><\/footer><\/article><\/div>\n<style type=\"text\/css\" data-created_by=\"avia_inline_auto\" id=\"style-css-av-av_one_fourth-9c1d454dc06f7247226bc4e8f931daae\">\n.flex_column.av-av_one_fourth-9c1d454dc06f7247226bc4e8f931daae{\n-webkit-border-radius:0px 0px 0px 0px;\n-moz-border-radius:0px 0px 0px 0px;\nborder-radius:0px 0px 0px 0px;\npadding:0px 0px 0px 0px;\n}\n<\/style>\n<div class='flex_column av-av_one_fourth-9c1d454dc06f7247226bc4e8f931daae av_one_fourth  avia-builder-el-28  el_after_av_one_fourth  el_before_av_one_fourth  flex_column_div av-zero-column-padding '     ><article  class='iconbox iconbox_top av-av_icon_box-4d8b88e5da44c73ec7f1917647b17527  avia-builder-el-29  avia-builder-el-no-sibling  main_color'  itemscope=\"itemscope\" itemtype=\"https:\/\/schema.org\/CreativeWork\" ><div class=\"iconbox_content\"><header class=\"entry-content-header\"><a href='https:\/\/www.altei.cz\/wp_apogeedigital\/dealer-locator\/' title=''  target=\"_blank\"  rel=\"noopener noreferrer\" class=\"iconbox_icon heading-color\" aria-hidden='true' data-av_icon='\ue803' data-av_iconfont='entypo-fontello'><\/a><\/header><div class='iconbox_content_container '  itemprop=\"text\" ><p>Kde koupit ?<\/p>\n<\/div><\/div><footer class=\"entry-footer\"><\/footer><\/article><\/div>\n<style type=\"text\/css\" data-created_by=\"avia_inline_auto\" id=\"style-css-av-av_one_fourth-9c1d454dc06f7247226bc4e8f931daae\">\n.flex_column.av-av_one_fourth-9c1d454dc06f7247226bc4e8f931daae{\n-webkit-border-radius:0px 0px 0px 0px;\n-moz-border-radius:0px 0px 0px 0px;\nborder-radius:0px 0px 0px 0px;\npadding:0px 0px 0px 0px;\n}\n<\/style>\n<div class='flex_column av-av_one_fourth-9c1d454dc06f7247226bc4e8f931daae av_one_fourth  avia-builder-el-30  el_after_av_one_fourth  avia-builder-el-last  flex_column_div av-zero-column-padding '     ><article  class='iconbox iconbox_top av-av_icon_box-74e5e363f41078a97d00ffc4fbbb0b2d  avia-builder-el-31  avia-builder-el-no-sibling  main_color'  itemscope=\"itemscope\" itemtype=\"https:\/\/schema.org\/CreativeWork\" ><div class=\"iconbox_content\"><header class=\"entry-content-header\"><a href='http:\/\/www.altei.cz\/brand\/apogee\/' title=''  class=\"iconbox_icon heading-color\" aria-hidden='true' data-av_icon='\ue859' data-av_iconfont='entypo-fontello'><\/a><\/header><div class='iconbox_content_container '  itemprop=\"text\" ><p>Koupit Apogee produkty a p\u0159\u00edslu\u0161enstv\u00ed<\/p>\n<\/div><\/div><footer class=\"entry-footer\"><\/footer><\/article><\/div>\n<\/div><\/div><\/div><!-- close content main div --><\/div><\/div><div id='after_section_3'  class='main_color av_default_container_wrap container_wrap sidebar_right'  ><div class='container av-section-cont-open' ><div class='template-page content  av-content-small alpha units'><div class='post-entry post-entry-type-page post-entry-959'><div class='entry-content-wrapper clearfix'>\n","protected":false},"excerpt":{"rendered":"","protected":false},"author":1,"featured_media":0,"parent":0,"menu_order":0,"comment_status":"closed","ping_status":"open","template":"","meta":{"_bbp_topic_count":0,"_bbp_reply_count":0,"_bbp_total_topic_count":0,"_bbp_total_reply_count":0,"_bbp_voice_count":0,"_bbp_anonymous_reply_count":0,"_bbp_topic_count_hidden":0,"_bbp_reply_count_hidden":0,"_bbp_forum_subforum_count":0,"om_disable_all_campaigns":false,"_monsterinsights_skip_tracking":false,"_monsterinsights_sitenote_active":false,"_monsterinsights_sitenote_note":"","_monsterinsights_sitenote_category":0,"_wp_rev_ctl_limit":""},"aioseo_notices":[],"_links":{"self":[{"href":"https:\/\/www.altei.cz\/wp_apogeedigital\/wp-json\/wp\/v2\/pages\/959"}],"collection":[{"href":"https:\/\/www.altei.cz\/wp_apogeedigital\/wp-json\/wp\/v2\/pages"}],"about":[{"href":"https:\/\/www.altei.cz\/wp_apogeedigital\/wp-json\/wp\/v2\/types\/page"}],"author":[{"embeddable":true,"href":"https:\/\/www.altei.cz\/wp_apogeedigital\/wp-json\/wp\/v2\/users\/1"}],"replies":[{"embeddable":true,"href":"https:\/\/www.altei.cz\/wp_apogeedigital\/wp-json\/wp\/v2\/comments?post=959"}],"version-history":[{"count":0,"href":"https:\/\/www.altei.cz\/wp_apogeedigital\/wp-json\/wp\/v2\/pages\/959\/revisions"}],"wp:attachment":[{"href":"https:\/\/www.altei.cz\/wp_apogeedigital\/wp-json\/wp\/v2\/media?parent=959"}],"curies":[{"name":"wp","href":"https:\/\/api.w.org\/{rel}","templated":true}]}}